{"id":10003,"date":"2026-04-29T13:31:39","date_gmt":"2026-04-29T11:31:39","guid":{"rendered":"https:\/\/jubiler-bomar.eu\/sklep\/?post_type=product&#038;p=10003"},"modified":"2026-04-29T13:47:49","modified_gmt":"2026-04-29T11:47:49","slug":"bransoletka-dla-dziewczynki-aniolek-srebro-925-pozlacane-bialy-sznurek-b71","status":"publish","type":"product","link":"https:\/\/jubiler-bomar.eu\/sklep\/produkt\/bransoletka-dla-dziewczynki-aniolek-srebro-925-pozlacane-bialy-sznurek-b71\/","title":{"rendered":"Bransoletka dla dziewczynki Anio\u0142ek Srebro 925 poz\u0142acane bia\u0142y sznurek B71"},"content":{"rendered":"<p>Grawer na odwrocie GRATIS (np. imi\u0119, data, kr\u00f3tka dedykacja)<\/p>\n","protected":false},"excerpt":{"rendered":"<p>Ta subtelna bransoletka z <b>anio\u0142kiem<\/b> to pi\u0119kna pami\u0105tka dla dziewczynki na <b>Komuni\u0119 \u015awi\u0119t\u0105<\/b>, Dzie\u0144 Dziecka, bierzmowanie, chrzest,<b> urodziny<\/b> lub inn\u0105 wyj\u0105tkow\u0105 okazj\u0119.<\/p>\n","protected":false},"featured_media":10004,"menu_order":0,"template":"","meta":{"_et_pb_use_builder":"","_et_pb_old_content":"","_et_gb_content_width":""},"product_brand":[],"product_cat":[820,832],"product_tag":[],"class_list":{"0":"post-10003","1":"product","2":"type-product","3":"status-publish","4":"has-post-thumbnail","6":"product_cat-dzien-dziecka","7":"product_cat-i-komunia-swieta","8":"pa_kolor-bialy","9":"pa_material-srebro-pozlacane","10":"pa_proba-87","11":"pa_producent-bomar","12":"pa_szerokosc-92","13":"pa_termin-realizacji-1-dzien-roboczy","14":"pa_wysokosc-975","16":"first","17":"instock","18":"taxable","19":"shipping-taxable","20":"purchasable","21":"product-type-simple"},"yoast_head":"<!-- This site is optimized with the Yoast SEO plugin v27.6 - https:\/\/yoast.com\/product\/yoast-seo-wordpress\/ -->\n<title>Bransoletka dla dziewczynki Anio\u0142ek Srebro 925 poz\u0142acane bia\u0142y sznurek B71 - Jubiler Bomar<\/title>\n<meta name=\"robots\" content=\"index, follow, max-snippet:-1, max-image-preview:large, max-video-preview:-1\" \/>\n<link rel=\"canonical\" href=\"https:\/\/jubiler-bomar.eu\/sklep\/produkt\/bransoletka-dla-dziewczynki-aniolek-srebro-925-pozlacane-bialy-sznurek-b71\/\" \/>\n<meta property=\"og:locale\" content=\"pl_PL\" \/>\n<meta property=\"og:type\" content=\"article\" \/>\n<meta property=\"og:title\" content=\"Bransoletka dla dziewczynki Anio\u0142ek Srebro 925 poz\u0142acane bia\u0142y sznurek B71 - Jubiler Bomar\" \/>\n<meta property=\"og:description\" content=\"Ta subtelna bransoletka z anio\u0142kiem to pi\u0119kna pami\u0105tka dla dziewczynki na Komuni\u0119 \u015awi\u0119t\u0105, Dzie\u0144 Dziecka, bierzmowanie, chrzest, urodziny lub inn\u0105 wyj\u0105tkow\u0105 okazj\u0119.\" \/>\n<meta property=\"og:url\" content=\"https:\/\/jubiler-bomar.eu\/sklep\/produkt\/bransoletka-dla-dziewczynki-aniolek-srebro-925-pozlacane-bialy-sznurek-b71\/\" \/>\n<meta property=\"og:site_name\" content=\"Jubiler Bomar\" \/>\n<meta property=\"article:publisher\" content=\"https:\/\/www.facebook.com\/BomarJewellery\" \/>\n<meta property=\"article:modified_time\" content=\"2026-04-29T11:47:49+00:00\" \/>\n<meta property=\"og:image\" content=\"https:\/\/jubiler-bomar.eu\/sklep\/wp-content\/uploads\/2026\/04\/Bransoletka-na-bialym-sznurku-zlocona-aniolek.jpg\" \/>\n\t<meta property=\"og:image:width\" content=\"1024\" \/>\n\t<meta property=\"og:image:height\" content=\"1024\" \/>\n\t<meta property=\"og:image:type\" content=\"image\/jpeg\" \/>\n<meta name=\"twitter:card\" content=\"summary_large_image\" \/>\n<meta name=\"twitter:label1\" content=\"Szacowany czas czytania\" \/>\n\t<meta name=\"twitter:data1\" content=\"1 minuta\" \/>\n<script type=\"application\/ld+json\" class=\"yoast-schema-graph\">{\"@context\":\"https:\\\/\\\/schema.org\",\"@graph\":[{\"@type\":\"WebPage\",\"@id\":\"https:\\\/\\\/jubiler-bomar.eu\\\/sklep\\\/produkt\\\/bransoletka-dla-dziewczynki-aniolek-srebro-925-pozlacane-bialy-sznurek-b71\\\/\",\"url\":\"https:\\\/\\\/jubiler-bomar.eu\\\/sklep\\\/produkt\\\/bransoletka-dla-dziewczynki-aniolek-srebro-925-pozlacane-bialy-sznurek-b71\\\/\",\"name\":\"Bransoletka dla dziewczynki Anio\u0142ek Srebro 925 poz\u0142acane bia\u0142y sznurek B71 - Jubiler Bomar\",\"isPartOf\":{\"@id\":\"https:\\\/\\\/jubiler-bomar.eu\\\/sklep\\\/#website\"},\"primaryImageOfPage\":{\"@id\":\"https:\\\/\\\/jubiler-bomar.eu\\\/sklep\\\/produkt\\\/bransoletka-dla-dziewczynki-aniolek-srebro-925-pozlacane-bialy-sznurek-b71\\\/#primaryimage\"},\"image\":{\"@id\":\"https:\\\/\\\/jubiler-bomar.eu\\\/sklep\\\/produkt\\\/bransoletka-dla-dziewczynki-aniolek-srebro-925-pozlacane-bialy-sznurek-b71\\\/#primaryimage\"},\"thumbnailUrl\":\"https:\\\/\\\/jubiler-bomar.eu\\\/sklep\\\/wp-content\\\/uploads\\\/2026\\\/04\\\/Bransoletka-na-bialym-sznurku-zlocona-aniolek.jpg\",\"datePublished\":\"2026-04-29T11:31:39+00:00\",\"dateModified\":\"2026-04-29T11:47:49+00:00\",\"breadcrumb\":{\"@id\":\"https:\\\/\\\/jubiler-bomar.eu\\\/sklep\\\/produkt\\\/bransoletka-dla-dziewczynki-aniolek-srebro-925-pozlacane-bialy-sznurek-b71\\\/#breadcrumb\"},\"inLanguage\":\"pl-PL\",\"potentialAction\":[{\"@type\":\"ReadAction\",\"target\":[\"https:\\\/\\\/jubiler-bomar.eu\\\/sklep\\\/produkt\\\/bransoletka-dla-dziewczynki-aniolek-srebro-925-pozlacane-bialy-sznurek-b71\\\/\"]}]},{\"@type\":\"ImageObject\",\"inLanguage\":\"pl-PL\",\"@id\":\"https:\\\/\\\/jubiler-bomar.eu\\\/sklep\\\/produkt\\\/bransoletka-dla-dziewczynki-aniolek-srebro-925-pozlacane-bialy-sznurek-b71\\\/#primaryimage\",\"url\":\"https:\\\/\\\/jubiler-bomar.eu\\\/sklep\\\/wp-content\\\/uploads\\\/2026\\\/04\\\/Bransoletka-na-bialym-sznurku-zlocona-aniolek.jpg\",\"contentUrl\":\"https:\\\/\\\/jubiler-bomar.eu\\\/sklep\\\/wp-content\\\/uploads\\\/2026\\\/04\\\/Bransoletka-na-bialym-sznurku-zlocona-aniolek.jpg\",\"width\":1024,\"height\":1024},{\"@type\":\"BreadcrumbList\",\"@id\":\"https:\\\/\\\/jubiler-bomar.eu\\\/sklep\\\/produkt\\\/bransoletka-dla-dziewczynki-aniolek-srebro-925-pozlacane-bialy-sznurek-b71\\\/#breadcrumb\",\"itemListElement\":[{\"@type\":\"ListItem\",\"position\":1,\"name\":\"Strona g\u0142\u00f3wna\",\"item\":\"https:\\\/\\\/jubiler-bomar.eu\\\/sklep\\\/\"},{\"@type\":\"ListItem\",\"position\":2,\"name\":\"Sklep\",\"item\":\"https:\\\/\\\/jubiler-bomar.eu\\\/sklep\\\/sklep\\\/\"},{\"@type\":\"ListItem\",\"position\":3,\"name\":\"Bransoletka dla dziewczynki Anio\u0142ek Srebro 925 poz\u0142acane bia\u0142y sznurek B71\"}]},{\"@type\":\"WebSite\",\"@id\":\"https:\\\/\\\/jubiler-bomar.eu\\\/sklep\\\/#website\",\"url\":\"https:\\\/\\\/jubiler-bomar.eu\\\/sklep\\\/\",\"name\":\"Jubiler BOMAR\",\"description\":\"\",\"publisher\":{\"@id\":\"https:\\\/\\\/jubiler-bomar.eu\\\/sklep\\\/#organization\"},\"potentialAction\":[{\"@type\":\"SearchAction\",\"target\":{\"@type\":\"EntryPoint\",\"urlTemplate\":\"https:\\\/\\\/jubiler-bomar.eu\\\/sklep\\\/?s={search_term_string}\"},\"query-input\":{\"@type\":\"PropertyValueSpecification\",\"valueRequired\":true,\"valueName\":\"search_term_string\"}}],\"inLanguage\":\"pl-PL\"},{\"@type\":\"Organization\",\"@id\":\"https:\\\/\\\/jubiler-bomar.eu\\\/sklep\\\/#organization\",\"name\":\"Jubiler Bomar\",\"url\":\"https:\\\/\\\/jubiler-bomar.eu\\\/sklep\\\/\",\"logo\":{\"@type\":\"ImageObject\",\"inLanguage\":\"pl-PL\",\"@id\":\"https:\\\/\\\/jubiler-bomar.eu\\\/sklep\\\/#\\\/schema\\\/logo\\\/image\\\/\",\"url\":\"https:\\\/\\\/jubiler-bomar.eu\\\/sklep\\\/wp-content\\\/uploads\\\/2023\\\/02\\\/bomar-jubiler-logo-1.jpg\",\"contentUrl\":\"https:\\\/\\\/jubiler-bomar.eu\\\/sklep\\\/wp-content\\\/uploads\\\/2023\\\/02\\\/bomar-jubiler-logo-1.jpg\",\"width\":500,\"height\":156,\"caption\":\"Jubiler Bomar\"},\"image\":{\"@id\":\"https:\\\/\\\/jubiler-bomar.eu\\\/sklep\\\/#\\\/schema\\\/logo\\\/image\\\/\"},\"sameAs\":[\"https:\\\/\\\/www.facebook.com\\\/BomarJewellery\"]}]}<\/script>\n<!-- \/ Yoast SEO plugin. -->","yoast_head_json":{"title":"Bransoletka dla dziewczynki Anio\u0142ek Srebro 925 poz\u0142acane bia\u0142y sznurek B71 - Jubiler Bomar","robots":{"index":"index","follow":"follow","max-snippet":"max-snippet:-1","max-image-preview":"max-image-preview:large","max-video-preview":"max-video-preview:-1"},"canonical":"https:\/\/jubiler-bomar.eu\/sklep\/produkt\/bransoletka-dla-dziewczynki-aniolek-srebro-925-pozlacane-bialy-sznurek-b71\/","og_locale":"pl_PL","og_type":"article","og_title":"Bransoletka dla dziewczynki Anio\u0142ek Srebro 925 poz\u0142acane bia\u0142y sznurek B71 - Jubiler Bomar","og_description":"Ta subtelna bransoletka z anio\u0142kiem to pi\u0119kna pami\u0105tka dla dziewczynki na Komuni\u0119 \u015awi\u0119t\u0105, Dzie\u0144 Dziecka, bierzmowanie, chrzest, urodziny lub inn\u0105 wyj\u0105tkow\u0105 okazj\u0119.","og_url":"https:\/\/jubiler-bomar.eu\/sklep\/produkt\/bransoletka-dla-dziewczynki-aniolek-srebro-925-pozlacane-bialy-sznurek-b71\/","og_site_name":"Jubiler Bomar","article_publisher":"https:\/\/www.facebook.com\/BomarJewellery","article_modified_time":"2026-04-29T11:47:49+00:00","og_image":[{"width":1024,"height":1024,"url":"https:\/\/jubiler-bomar.eu\/sklep\/wp-content\/uploads\/2026\/04\/Bransoletka-na-bialym-sznurku-zlocona-aniolek.jpg","type":"image\/jpeg"}],"twitter_card":"summary_large_image","twitter_misc":{"Szacowany czas czytania":"1 minuta"},"schema":{"@context":"https:\/\/schema.org","@graph":[{"@type":"WebPage","@id":"https:\/\/jubiler-bomar.eu\/sklep\/produkt\/bransoletka-dla-dziewczynki-aniolek-srebro-925-pozlacane-bialy-sznurek-b71\/","url":"https:\/\/jubiler-bomar.eu\/sklep\/produkt\/bransoletka-dla-dziewczynki-aniolek-srebro-925-pozlacane-bialy-sznurek-b71\/","name":"Bransoletka dla dziewczynki Anio\u0142ek Srebro 925 poz\u0142acane bia\u0142y sznurek B71 - Jubiler Bomar","isPartOf":{"@id":"https:\/\/jubiler-bomar.eu\/sklep\/#website"},"primaryImageOfPage":{"@id":"https:\/\/jubiler-bomar.eu\/sklep\/produkt\/bransoletka-dla-dziewczynki-aniolek-srebro-925-pozlacane-bialy-sznurek-b71\/#primaryimage"},"image":{"@id":"https:\/\/jubiler-bomar.eu\/sklep\/produkt\/bransoletka-dla-dziewczynki-aniolek-srebro-925-pozlacane-bialy-sznurek-b71\/#primaryimage"},"thumbnailUrl":"https:\/\/jubiler-bomar.eu\/sklep\/wp-content\/uploads\/2026\/04\/Bransoletka-na-bialym-sznurku-zlocona-aniolek.jpg","datePublished":"2026-04-29T11:31:39+00:00","dateModified":"2026-04-29T11:47:49+00:00","breadcrumb":{"@id":"https:\/\/jubiler-bomar.eu\/sklep\/produkt\/bransoletka-dla-dziewczynki-aniolek-srebro-925-pozlacane-bialy-sznurek-b71\/#breadcrumb"},"inLanguage":"pl-PL","potentialAction":[{"@type":"ReadAction","target":["https:\/\/jubiler-bomar.eu\/sklep\/produkt\/bransoletka-dla-dziewczynki-aniolek-srebro-925-pozlacane-bialy-sznurek-b71\/"]}]},{"@type":"ImageObject","inLanguage":"pl-PL","@id":"https:\/\/jubiler-bomar.eu\/sklep\/produkt\/bransoletka-dla-dziewczynki-aniolek-srebro-925-pozlacane-bialy-sznurek-b71\/#primaryimage","url":"https:\/\/jubiler-bomar.eu\/sklep\/wp-content\/uploads\/2026\/04\/Bransoletka-na-bialym-sznurku-zlocona-aniolek.jpg","contentUrl":"https:\/\/jubiler-bomar.eu\/sklep\/wp-content\/uploads\/2026\/04\/Bransoletka-na-bialym-sznurku-zlocona-aniolek.jpg","width":1024,"height":1024},{"@type":"BreadcrumbList","@id":"https:\/\/jubiler-bomar.eu\/sklep\/produkt\/bransoletka-dla-dziewczynki-aniolek-srebro-925-pozlacane-bialy-sznurek-b71\/#breadcrumb","itemListElement":[{"@type":"ListItem","position":1,"name":"Strona g\u0142\u00f3wna","item":"https:\/\/jubiler-bomar.eu\/sklep\/"},{"@type":"ListItem","position":2,"name":"Sklep","item":"https:\/\/jubiler-bomar.eu\/sklep\/sklep\/"},{"@type":"ListItem","position":3,"name":"Bransoletka dla dziewczynki Anio\u0142ek Srebro 925 poz\u0142acane bia\u0142y sznurek B71"}]},{"@type":"WebSite","@id":"https:\/\/jubiler-bomar.eu\/sklep\/#website","url":"https:\/\/jubiler-bomar.eu\/sklep\/","name":"Jubiler BOMAR","description":"","publisher":{"@id":"https:\/\/jubiler-bomar.eu\/sklep\/#organization"},"potentialAction":[{"@type":"SearchAction","target":{"@type":"EntryPoint","urlTemplate":"https:\/\/jubiler-bomar.eu\/sklep\/?s={search_term_string}"},"query-input":{"@type":"PropertyValueSpecification","valueRequired":true,"valueName":"search_term_string"}}],"inLanguage":"pl-PL"},{"@type":"Organization","@id":"https:\/\/jubiler-bomar.eu\/sklep\/#organization","name":"Jubiler Bomar","url":"https:\/\/jubiler-bomar.eu\/sklep\/","logo":{"@type":"ImageObject","inLanguage":"pl-PL","@id":"https:\/\/jubiler-bomar.eu\/sklep\/#\/schema\/logo\/image\/","url":"https:\/\/jubiler-bomar.eu\/sklep\/wp-content\/uploads\/2023\/02\/bomar-jubiler-logo-1.jpg","contentUrl":"https:\/\/jubiler-bomar.eu\/sklep\/wp-content\/uploads\/2023\/02\/bomar-jubiler-logo-1.jpg","width":500,"height":156,"caption":"Jubiler Bomar"},"image":{"@id":"https:\/\/jubiler-bomar.eu\/sklep\/#\/schema\/logo\/image\/"},"sameAs":["https:\/\/www.facebook.com\/BomarJewellery"]}]}},"_links":{"self":[{"href":"https:\/\/jubiler-bomar.eu\/sklep\/wp-json\/wp\/v2\/product\/10003","targetHints":{"allow":["GET"]}}],"collection":[{"href":"https:\/\/jubiler-bomar.eu\/sklep\/wp-json\/wp\/v2\/product"}],"about":[{"href":"https:\/\/jubiler-bomar.eu\/sklep\/wp-json\/wp\/v2\/types\/product"}],"wp:featuredmedia":[{"embeddable":true,"href":"https:\/\/jubiler-bomar.eu\/sklep\/wp-json\/wp\/v2\/media\/10004"}],"wp:attachment":[{"href":"https:\/\/jubiler-bomar.eu\/sklep\/wp-json\/wp\/v2\/media?parent=10003"}],"wp:term":[{"taxonomy":"product_brand","embeddable":true,"href":"https:\/\/jubiler-bomar.eu\/sklep\/wp-json\/wp\/v2\/product_brand?post=10003"},{"taxonomy":"product_cat","embeddable":true,"href":"https:\/\/jubiler-bomar.eu\/sklep\/wp-json\/wp\/v2\/product_cat?post=10003"},{"taxonomy":"product_tag","embeddable":true,"href":"https:\/\/jubiler-bomar.eu\/sklep\/wp-json\/wp\/v2\/product_tag?post=10003"}],"curies":[{"name":"wp","href":"https:\/\/api.w.org\/{rel}","templated":true}]}}