{"id":2202,"date":"2023-06-09T13:36:29","date_gmt":"2023-06-09T11:36:29","guid":{"rendered":"https:\/\/jubiler-bomar.eu\/sklep\/?post_type=product&#038;p=2202"},"modified":"2024-04-22T11:50:56","modified_gmt":"2024-04-22T09:50:56","slug":"srebrny-lancuszek-ankier-diamentowany-l01","status":"publish","type":"product","link":"https:\/\/jubiler-bomar.eu\/sklep\/produkt\/srebrny-lancuszek-ankier-diamentowany-l01\/","title":{"rendered":"Srebrny \u0142a\u0144cuszek ankier diamentowany \u014101"},"content":{"rendered":"","protected":false},"excerpt":{"rendered":"<p><b>\u0141a\u0144cuszek typu Ankier<\/b> tworz\u0105 owalne lub prostok\u0105tne ogniwa.<\/p>\n<p>Subtelny, cieniutki i delikatny \u0142a\u0144cuszek ankier jest najcz\u0119\u015bciej wybierany do tworzenia modnych naszyjnik\u00f3w typu celebrytka oraz standardowych fason\u00f3w z wisiorkami.<\/p>\n<p>\u0141a\u0144cuszki o tym wzorze s\u0105 mi\u0119kkie i dobrze si\u0119 uk\u0142adaj\u0105.<\/p>\n<p>Diamentowane ogniwka delikatnie mieni\u0105 si\u0119 dodaj\u0105c mu blasku.<\/p>\n","protected":false},"featured_media":3796,"template":"","meta":{"_et_pb_use_builder":"","_et_pb_old_content":"","_et_gb_content_width":""},"product_brand":[],"product_cat":[606],"product_tag":[],"class_list":{"0":"post-2202","1":"product","2":"type-product","3":"status-publish","4":"has-post-thumbnail","6":"product_cat-naszyjniki","7":"pa_dlugosc-cm-109","8":"pa_dlugosc-cm-przedluzka-300","9":"pa_kolor-srebrny","10":"pa_material-srebro","11":"pa_proba-87","12":"pa_producent-bomar","13":"pa_rodzaj-lancuszka-ankier","14":"pa_rodzaj-zapiecia-federing","15":"pa_szerokosc-387","16":"pa_termin-realizacji-1-dzien-roboczy","18":"first","19":"instock","20":"taxable","21":"shipping-taxable","22":"purchasable","23":"product-type-simple"},"yoast_head":"<!-- This site is optimized with the Yoast SEO plugin v27.4 - https:\/\/yoast.com\/product\/yoast-seo-wordpress\/ -->\n<title>Srebrny \u0142a\u0144cuszek ankier diamentowany \u014101 - Jubiler Bomar<\/title>\n<meta name=\"robots\" content=\"index, follow, max-snippet:-1, max-image-preview:large, max-video-preview:-1\" \/>\n<link rel=\"canonical\" href=\"https:\/\/jubiler-bomar.eu\/sklep\/produkt\/srebrny-lancuszek-ankier-diamentowany-l01\/\" \/>\n<meta property=\"og:locale\" content=\"pl_PL\" \/>\n<meta property=\"og:type\" content=\"article\" \/>\n<meta property=\"og:title\" content=\"Srebrny \u0142a\u0144cuszek ankier diamentowany \u014101 - Jubiler Bomar\" \/>\n<meta property=\"og:description\" content=\"\u0141a\u0144cuszek typu Ankier tworz\u0105 owalne lub prostok\u0105tne ogniwa.  Subtelny, cieniutki i delikatny \u0142a\u0144cuszek ankier jest najcz\u0119\u015bciej wybierany do tworzenia modnych naszyjnik\u00f3w typu celebrytka oraz standardowych fason\u00f3w z wisiorkami.  \u0141a\u0144cuszki o tym wzorze s\u0105 mi\u0119kkie i dobrze si\u0119 uk\u0142adaj\u0105.  Diamentowane ogniwka delikatnie mieni\u0105 si\u0119 dodaj\u0105c mu blasku.\" \/>\n<meta property=\"og:url\" content=\"https:\/\/jubiler-bomar.eu\/sklep\/produkt\/srebrny-lancuszek-ankier-diamentowany-l01\/\" \/>\n<meta property=\"og:site_name\" content=\"Jubiler Bomar\" \/>\n<meta property=\"article:publisher\" content=\"https:\/\/www.facebook.com\/BomarJewellery\" \/>\n<meta property=\"article:modified_time\" content=\"2024-04-22T09:50:56+00:00\" \/>\n<meta property=\"og:image\" content=\"https:\/\/jubiler-bomar.eu\/sklep\/wp-content\/uploads\/2023\/06\/lancuszek-srebrny-ankier-001e-a.jpg\" \/>\n\t<meta property=\"og:image:width\" content=\"1200\" \/>\n\t<meta property=\"og:image:height\" content=\"1200\" \/>\n\t<meta property=\"og:image:type\" content=\"image\/jpeg\" \/>\n<meta name=\"twitter:card\" content=\"summary_large_image\" \/>\n<script type=\"application\/ld+json\" class=\"yoast-schema-graph\">{\"@context\":\"https:\\\/\\\/schema.org\",\"@graph\":[{\"@type\":\"WebPage\",\"@id\":\"https:\\\/\\\/jubiler-bomar.eu\\\/sklep\\\/produkt\\\/srebrny-lancuszek-ankier-diamentowany-l01\\\/\",\"url\":\"https:\\\/\\\/jubiler-bomar.eu\\\/sklep\\\/produkt\\\/srebrny-lancuszek-ankier-diamentowany-l01\\\/\",\"name\":\"Srebrny \u0142a\u0144cuszek ankier diamentowany \u014101 - Jubiler Bomar\",\"isPartOf\":{\"@id\":\"https:\\\/\\\/jubiler-bomar.eu\\\/sklep\\\/#website\"},\"primaryImageOfPage\":{\"@id\":\"https:\\\/\\\/jubiler-bomar.eu\\\/sklep\\\/produkt\\\/srebrny-lancuszek-ankier-diamentowany-l01\\\/#primaryimage\"},\"image\":{\"@id\":\"https:\\\/\\\/jubiler-bomar.eu\\\/sklep\\\/produkt\\\/srebrny-lancuszek-ankier-diamentowany-l01\\\/#primaryimage\"},\"thumbnailUrl\":\"https:\\\/\\\/jubiler-bomar.eu\\\/sklep\\\/wp-content\\\/uploads\\\/2023\\\/06\\\/lancuszek-srebrny-ankier-001e-a.jpg\",\"datePublished\":\"2023-06-09T11:36:29+00:00\",\"dateModified\":\"2024-04-22T09:50:56+00:00\",\"breadcrumb\":{\"@id\":\"https:\\\/\\\/jubiler-bomar.eu\\\/sklep\\\/produkt\\\/srebrny-lancuszek-ankier-diamentowany-l01\\\/#breadcrumb\"},\"inLanguage\":\"pl-PL\",\"potentialAction\":[{\"@type\":\"ReadAction\",\"target\":[\"https:\\\/\\\/jubiler-bomar.eu\\\/sklep\\\/produkt\\\/srebrny-lancuszek-ankier-diamentowany-l01\\\/\"]}]},{\"@type\":\"ImageObject\",\"inLanguage\":\"pl-PL\",\"@id\":\"https:\\\/\\\/jubiler-bomar.eu\\\/sklep\\\/produkt\\\/srebrny-lancuszek-ankier-diamentowany-l01\\\/#primaryimage\",\"url\":\"https:\\\/\\\/jubiler-bomar.eu\\\/sklep\\\/wp-content\\\/uploads\\\/2023\\\/06\\\/lancuszek-srebrny-ankier-001e-a.jpg\",\"contentUrl\":\"https:\\\/\\\/jubiler-bomar.eu\\\/sklep\\\/wp-content\\\/uploads\\\/2023\\\/06\\\/lancuszek-srebrny-ankier-001e-a.jpg\",\"width\":1200,\"height\":1200},{\"@type\":\"BreadcrumbList\",\"@id\":\"https:\\\/\\\/jubiler-bomar.eu\\\/sklep\\\/produkt\\\/srebrny-lancuszek-ankier-diamentowany-l01\\\/#breadcrumb\",\"itemListElement\":[{\"@type\":\"ListItem\",\"position\":1,\"name\":\"Strona g\u0142\u00f3wna\",\"item\":\"https:\\\/\\\/jubiler-bomar.eu\\\/sklep\\\/\"},{\"@type\":\"ListItem\",\"position\":2,\"name\":\"Sklep\",\"item\":\"https:\\\/\\\/jubiler-bomar.eu\\\/sklep\\\/sklep\\\/\"},{\"@type\":\"ListItem\",\"position\":3,\"name\":\"Srebrny \u0142a\u0144cuszek ankier diamentowany \u014101\"}]},{\"@type\":\"WebSite\",\"@id\":\"https:\\\/\\\/jubiler-bomar.eu\\\/sklep\\\/#website\",\"url\":\"https:\\\/\\\/jubiler-bomar.eu\\\/sklep\\\/\",\"name\":\"Jubiler BOMAR\",\"description\":\"\",\"publisher\":{\"@id\":\"https:\\\/\\\/jubiler-bomar.eu\\\/sklep\\\/#organization\"},\"potentialAction\":[{\"@type\":\"SearchAction\",\"target\":{\"@type\":\"EntryPoint\",\"urlTemplate\":\"https:\\\/\\\/jubiler-bomar.eu\\\/sklep\\\/?s={search_term_string}\"},\"query-input\":{\"@type\":\"PropertyValueSpecification\",\"valueRequired\":true,\"valueName\":\"search_term_string\"}}],\"inLanguage\":\"pl-PL\"},{\"@type\":\"Organization\",\"@id\":\"https:\\\/\\\/jubiler-bomar.eu\\\/sklep\\\/#organization\",\"name\":\"Jubiler Bomar\",\"url\":\"https:\\\/\\\/jubiler-bomar.eu\\\/sklep\\\/\",\"logo\":{\"@type\":\"ImageObject\",\"inLanguage\":\"pl-PL\",\"@id\":\"https:\\\/\\\/jubiler-bomar.eu\\\/sklep\\\/#\\\/schema\\\/logo\\\/image\\\/\",\"url\":\"https:\\\/\\\/jubiler-bomar.eu\\\/sklep\\\/wp-content\\\/uploads\\\/2023\\\/02\\\/bomar-jubiler-logo-1.jpg\",\"contentUrl\":\"https:\\\/\\\/jubiler-bomar.eu\\\/sklep\\\/wp-content\\\/uploads\\\/2023\\\/02\\\/bomar-jubiler-logo-1.jpg\",\"width\":500,\"height\":156,\"caption\":\"Jubiler Bomar\"},\"image\":{\"@id\":\"https:\\\/\\\/jubiler-bomar.eu\\\/sklep\\\/#\\\/schema\\\/logo\\\/image\\\/\"},\"sameAs\":[\"https:\\\/\\\/www.facebook.com\\\/BomarJewellery\"]}]}<\/script>\n<!-- \/ Yoast SEO plugin. -->","yoast_head_json":{"title":"Srebrny \u0142a\u0144cuszek ankier diamentowany \u014101 - Jubiler Bomar","robots":{"index":"index","follow":"follow","max-snippet":"max-snippet:-1","max-image-preview":"max-image-preview:large","max-video-preview":"max-video-preview:-1"},"canonical":"https:\/\/jubiler-bomar.eu\/sklep\/produkt\/srebrny-lancuszek-ankier-diamentowany-l01\/","og_locale":"pl_PL","og_type":"article","og_title":"Srebrny \u0142a\u0144cuszek ankier diamentowany \u014101 - Jubiler Bomar","og_description":"\u0141a\u0144cuszek typu Ankier tworz\u0105 owalne lub prostok\u0105tne ogniwa.  Subtelny, cieniutki i delikatny \u0142a\u0144cuszek ankier jest najcz\u0119\u015bciej wybierany do tworzenia modnych naszyjnik\u00f3w typu celebrytka oraz standardowych fason\u00f3w z wisiorkami.  \u0141a\u0144cuszki o tym wzorze s\u0105 mi\u0119kkie i dobrze si\u0119 uk\u0142adaj\u0105.  Diamentowane ogniwka delikatnie mieni\u0105 si\u0119 dodaj\u0105c mu blasku.","og_url":"https:\/\/jubiler-bomar.eu\/sklep\/produkt\/srebrny-lancuszek-ankier-diamentowany-l01\/","og_site_name":"Jubiler Bomar","article_publisher":"https:\/\/www.facebook.com\/BomarJewellery","article_modified_time":"2024-04-22T09:50:56+00:00","og_image":[{"width":1200,"height":1200,"url":"https:\/\/jubiler-bomar.eu\/sklep\/wp-content\/uploads\/2023\/06\/lancuszek-srebrny-ankier-001e-a.jpg","type":"image\/jpeg"}],"twitter_card":"summary_large_image","schema":{"@context":"https:\/\/schema.org","@graph":[{"@type":"WebPage","@id":"https:\/\/jubiler-bomar.eu\/sklep\/produkt\/srebrny-lancuszek-ankier-diamentowany-l01\/","url":"https:\/\/jubiler-bomar.eu\/sklep\/produkt\/srebrny-lancuszek-ankier-diamentowany-l01\/","name":"Srebrny \u0142a\u0144cuszek ankier diamentowany \u014101 - Jubiler Bomar","isPartOf":{"@id":"https:\/\/jubiler-bomar.eu\/sklep\/#website"},"primaryImageOfPage":{"@id":"https:\/\/jubiler-bomar.eu\/sklep\/produkt\/srebrny-lancuszek-ankier-diamentowany-l01\/#primaryimage"},"image":{"@id":"https:\/\/jubiler-bomar.eu\/sklep\/produkt\/srebrny-lancuszek-ankier-diamentowany-l01\/#primaryimage"},"thumbnailUrl":"https:\/\/jubiler-bomar.eu\/sklep\/wp-content\/uploads\/2023\/06\/lancuszek-srebrny-ankier-001e-a.jpg","datePublished":"2023-06-09T11:36:29+00:00","dateModified":"2024-04-22T09:50:56+00:00","breadcrumb":{"@id":"https:\/\/jubiler-bomar.eu\/sklep\/produkt\/srebrny-lancuszek-ankier-diamentowany-l01\/#breadcrumb"},"inLanguage":"pl-PL","potentialAction":[{"@type":"ReadAction","target":["https:\/\/jubiler-bomar.eu\/sklep\/produkt\/srebrny-lancuszek-ankier-diamentowany-l01\/"]}]},{"@type":"ImageObject","inLanguage":"pl-PL","@id":"https:\/\/jubiler-bomar.eu\/sklep\/produkt\/srebrny-lancuszek-ankier-diamentowany-l01\/#primaryimage","url":"https:\/\/jubiler-bomar.eu\/sklep\/wp-content\/uploads\/2023\/06\/lancuszek-srebrny-ankier-001e-a.jpg","contentUrl":"https:\/\/jubiler-bomar.eu\/sklep\/wp-content\/uploads\/2023\/06\/lancuszek-srebrny-ankier-001e-a.jpg","width":1200,"height":1200},{"@type":"BreadcrumbList","@id":"https:\/\/jubiler-bomar.eu\/sklep\/produkt\/srebrny-lancuszek-ankier-diamentowany-l01\/#breadcrumb","itemListElement":[{"@type":"ListItem","position":1,"name":"Strona g\u0142\u00f3wna","item":"https:\/\/jubiler-bomar.eu\/sklep\/"},{"@type":"ListItem","position":2,"name":"Sklep","item":"https:\/\/jubiler-bomar.eu\/sklep\/sklep\/"},{"@type":"ListItem","position":3,"name":"Srebrny \u0142a\u0144cuszek ankier diamentowany \u014101"}]},{"@type":"WebSite","@id":"https:\/\/jubiler-bomar.eu\/sklep\/#website","url":"https:\/\/jubiler-bomar.eu\/sklep\/","name":"Jubiler BOMAR","description":"","publisher":{"@id":"https:\/\/jubiler-bomar.eu\/sklep\/#organization"},"potentialAction":[{"@type":"SearchAction","target":{"@type":"EntryPoint","urlTemplate":"https:\/\/jubiler-bomar.eu\/sklep\/?s={search_term_string}"},"query-input":{"@type":"PropertyValueSpecification","valueRequired":true,"valueName":"search_term_string"}}],"inLanguage":"pl-PL"},{"@type":"Organization","@id":"https:\/\/jubiler-bomar.eu\/sklep\/#organization","name":"Jubiler Bomar","url":"https:\/\/jubiler-bomar.eu\/sklep\/","logo":{"@type":"ImageObject","inLanguage":"pl-PL","@id":"https:\/\/jubiler-bomar.eu\/sklep\/#\/schema\/logo\/image\/","url":"https:\/\/jubiler-bomar.eu\/sklep\/wp-content\/uploads\/2023\/02\/bomar-jubiler-logo-1.jpg","contentUrl":"https:\/\/jubiler-bomar.eu\/sklep\/wp-content\/uploads\/2023\/02\/bomar-jubiler-logo-1.jpg","width":500,"height":156,"caption":"Jubiler Bomar"},"image":{"@id":"https:\/\/jubiler-bomar.eu\/sklep\/#\/schema\/logo\/image\/"},"sameAs":["https:\/\/www.facebook.com\/BomarJewellery"]}]}},"_links":{"self":[{"href":"https:\/\/jubiler-bomar.eu\/sklep\/wp-json\/wp\/v2\/product\/2202","targetHints":{"allow":["GET"]}}],"collection":[{"href":"https:\/\/jubiler-bomar.eu\/sklep\/wp-json\/wp\/v2\/product"}],"about":[{"href":"https:\/\/jubiler-bomar.eu\/sklep\/wp-json\/wp\/v2\/types\/product"}],"wp:featuredmedia":[{"embeddable":true,"href":"https:\/\/jubiler-bomar.eu\/sklep\/wp-json\/wp\/v2\/media\/3796"}],"wp:attachment":[{"href":"https:\/\/jubiler-bomar.eu\/sklep\/wp-json\/wp\/v2\/media?parent=2202"}],"wp:term":[{"taxonomy":"product_brand","embeddable":true,"href":"https:\/\/jubiler-bomar.eu\/sklep\/wp-json\/wp\/v2\/product_brand?post=2202"},{"taxonomy":"product_cat","embeddable":true,"href":"https:\/\/jubiler-bomar.eu\/sklep\/wp-json\/wp\/v2\/product_cat?post=2202"},{"taxonomy":"product_tag","embeddable":true,"href":"https:\/\/jubiler-bomar.eu\/sklep\/wp-json\/wp\/v2\/product_tag?post=2202"}],"curies":[{"name":"wp","href":"https:\/\/api.w.org\/{rel}","templated":true}]}}