{"id":2268,"date":"2023-06-23T09:23:17","date_gmt":"2023-06-23T07:23:17","guid":{"rendered":"https:\/\/jubiler-bomar.eu\/sklep\/?post_type=product&#038;p=2268"},"modified":"2024-01-27T14:55:41","modified_gmt":"2024-01-27T13:55:41","slug":"bransoletka-srebrna-azurowa-bs18","status":"publish","type":"product","link":"https:\/\/jubiler-bomar.eu\/sklep\/produkt\/bransoletka-srebrna-azurowa-bs18\/","title":{"rendered":"Bransoletka srebrna a\u017curowa BS18"},"content":{"rendered":"","protected":false},"excerpt":{"rendered":"<p>Prezentowana bransoletka jest idealnym prezentem dla kobiet, kt\u00f3re ceni\u0105 sobie elegancje i styl.<\/p>\n","protected":false},"featured_media":2269,"template":"","meta":{"_et_pb_use_builder":"","_et_pb_old_content":"","_et_gb_content_width":""},"product_brand":[],"product_cat":[607],"product_tag":[],"class_list":{"0":"post-2268","1":"product","2":"type-product","3":"status-publish","4":"has-post-thumbnail","6":"product_cat-bransoletki","7":"pa_dlugosc-cm-398","8":"pa_kolor-srebrny","9":"pa_material-srebro","10":"pa_proba-87","11":"pa_producent-bomar","12":"pa_rodzaj-lancuszka-rurka","13":"pa_rodzaj-zapiecia-karabinczyk","14":"pa_szerokosc-425","15":"pa_szerokosc-element-ozdobny","16":"pa_termin-realizacji-1-dzien-roboczy","17":"pa_wysokosc-424","19":"first","20":"instock","21":"taxable","22":"shipping-taxable","23":"purchasable","24":"product-type-simple"},"yoast_head":"<!-- This site is optimized with the Yoast SEO plugin v27.4 - https:\/\/yoast.com\/product\/yoast-seo-wordpress\/ -->\n<title>Bransoletka srebrna a\u017curowa BS18 - Jubiler Bomar<\/title>\n<meta name=\"robots\" content=\"index, follow, max-snippet:-1, max-image-preview:large, max-video-preview:-1\" \/>\n<link rel=\"canonical\" href=\"https:\/\/jubiler-bomar.eu\/sklep\/produkt\/bransoletka-srebrna-azurowa-bs18\/\" \/>\n<meta property=\"og:locale\" content=\"pl_PL\" \/>\n<meta property=\"og:type\" content=\"article\" \/>\n<meta property=\"og:title\" content=\"Bransoletka srebrna a\u017curowa BS18 - Jubiler Bomar\" \/>\n<meta property=\"og:description\" content=\"Prezentowana bransoletka jest idealnym prezentem dla kobiet, kt\u00f3re ceni\u0105 sobie elegancje i styl.\" \/>\n<meta property=\"og:url\" content=\"https:\/\/jubiler-bomar.eu\/sklep\/produkt\/bransoletka-srebrna-azurowa-bs18\/\" \/>\n<meta property=\"og:site_name\" content=\"Jubiler Bomar\" \/>\n<meta property=\"article:publisher\" content=\"https:\/\/www.facebook.com\/BomarJewellery\" \/>\n<meta property=\"article:modified_time\" content=\"2024-01-27T13:55:41+00:00\" \/>\n<meta property=\"og:image\" content=\"https:\/\/jubiler-bomar.eu\/sklep\/wp-content\/uploads\/2023\/06\/L1100130-PhotoRoom.jpg\" \/>\n\t<meta property=\"og:image:width\" content=\"1869\" \/>\n\t<meta property=\"og:image:height\" content=\"1920\" \/>\n\t<meta property=\"og:image:type\" content=\"image\/jpeg\" \/>\n<meta name=\"twitter:card\" content=\"summary_large_image\" \/>\n<meta name=\"twitter:label1\" content=\"Szacowany czas czytania\" \/>\n\t<meta name=\"twitter:data1\" content=\"1 minuta\" \/>\n<script type=\"application\/ld+json\" class=\"yoast-schema-graph\">{\"@context\":\"https:\\\/\\\/schema.org\",\"@graph\":[{\"@type\":\"WebPage\",\"@id\":\"https:\\\/\\\/jubiler-bomar.eu\\\/sklep\\\/produkt\\\/bransoletka-srebrna-azurowa-bs18\\\/\",\"url\":\"https:\\\/\\\/jubiler-bomar.eu\\\/sklep\\\/produkt\\\/bransoletka-srebrna-azurowa-bs18\\\/\",\"name\":\"Bransoletka srebrna a\u017curowa BS18 - Jubiler Bomar\",\"isPartOf\":{\"@id\":\"https:\\\/\\\/jubiler-bomar.eu\\\/sklep\\\/#website\"},\"primaryImageOfPage\":{\"@id\":\"https:\\\/\\\/jubiler-bomar.eu\\\/sklep\\\/produkt\\\/bransoletka-srebrna-azurowa-bs18\\\/#primaryimage\"},\"image\":{\"@id\":\"https:\\\/\\\/jubiler-bomar.eu\\\/sklep\\\/produkt\\\/bransoletka-srebrna-azurowa-bs18\\\/#primaryimage\"},\"thumbnailUrl\":\"https:\\\/\\\/jubiler-bomar.eu\\\/sklep\\\/wp-content\\\/uploads\\\/2023\\\/06\\\/L1100130-PhotoRoom.jpg\",\"datePublished\":\"2023-06-23T07:23:17+00:00\",\"dateModified\":\"2024-01-27T13:55:41+00:00\",\"breadcrumb\":{\"@id\":\"https:\\\/\\\/jubiler-bomar.eu\\\/sklep\\\/produkt\\\/bransoletka-srebrna-azurowa-bs18\\\/#breadcrumb\"},\"inLanguage\":\"pl-PL\",\"potentialAction\":[{\"@type\":\"ReadAction\",\"target\":[\"https:\\\/\\\/jubiler-bomar.eu\\\/sklep\\\/produkt\\\/bransoletka-srebrna-azurowa-bs18\\\/\"]}]},{\"@type\":\"ImageObject\",\"inLanguage\":\"pl-PL\",\"@id\":\"https:\\\/\\\/jubiler-bomar.eu\\\/sklep\\\/produkt\\\/bransoletka-srebrna-azurowa-bs18\\\/#primaryimage\",\"url\":\"https:\\\/\\\/jubiler-bomar.eu\\\/sklep\\\/wp-content\\\/uploads\\\/2023\\\/06\\\/L1100130-PhotoRoom.jpg\",\"contentUrl\":\"https:\\\/\\\/jubiler-bomar.eu\\\/sklep\\\/wp-content\\\/uploads\\\/2023\\\/06\\\/L1100130-PhotoRoom.jpg\",\"width\":1869,\"height\":1920},{\"@type\":\"BreadcrumbList\",\"@id\":\"https:\\\/\\\/jubiler-bomar.eu\\\/sklep\\\/produkt\\\/bransoletka-srebrna-azurowa-bs18\\\/#breadcrumb\",\"itemListElement\":[{\"@type\":\"ListItem\",\"position\":1,\"name\":\"Strona g\u0142\u00f3wna\",\"item\":\"https:\\\/\\\/jubiler-bomar.eu\\\/sklep\\\/\"},{\"@type\":\"ListItem\",\"position\":2,\"name\":\"Sklep\",\"item\":\"https:\\\/\\\/jubiler-bomar.eu\\\/sklep\\\/sklep\\\/\"},{\"@type\":\"ListItem\",\"position\":3,\"name\":\"Bransoletka srebrna a\u017curowa BS18\"}]},{\"@type\":\"WebSite\",\"@id\":\"https:\\\/\\\/jubiler-bomar.eu\\\/sklep\\\/#website\",\"url\":\"https:\\\/\\\/jubiler-bomar.eu\\\/sklep\\\/\",\"name\":\"Jubiler BOMAR\",\"description\":\"\",\"publisher\":{\"@id\":\"https:\\\/\\\/jubiler-bomar.eu\\\/sklep\\\/#organization\"},\"potentialAction\":[{\"@type\":\"SearchAction\",\"target\":{\"@type\":\"EntryPoint\",\"urlTemplate\":\"https:\\\/\\\/jubiler-bomar.eu\\\/sklep\\\/?s={search_term_string}\"},\"query-input\":{\"@type\":\"PropertyValueSpecification\",\"valueRequired\":true,\"valueName\":\"search_term_string\"}}],\"inLanguage\":\"pl-PL\"},{\"@type\":\"Organization\",\"@id\":\"https:\\\/\\\/jubiler-bomar.eu\\\/sklep\\\/#organization\",\"name\":\"Jubiler Bomar\",\"url\":\"https:\\\/\\\/jubiler-bomar.eu\\\/sklep\\\/\",\"logo\":{\"@type\":\"ImageObject\",\"inLanguage\":\"pl-PL\",\"@id\":\"https:\\\/\\\/jubiler-bomar.eu\\\/sklep\\\/#\\\/schema\\\/logo\\\/image\\\/\",\"url\":\"https:\\\/\\\/jubiler-bomar.eu\\\/sklep\\\/wp-content\\\/uploads\\\/2023\\\/02\\\/bomar-jubiler-logo-1.jpg\",\"contentUrl\":\"https:\\\/\\\/jubiler-bomar.eu\\\/sklep\\\/wp-content\\\/uploads\\\/2023\\\/02\\\/bomar-jubiler-logo-1.jpg\",\"width\":500,\"height\":156,\"caption\":\"Jubiler Bomar\"},\"image\":{\"@id\":\"https:\\\/\\\/jubiler-bomar.eu\\\/sklep\\\/#\\\/schema\\\/logo\\\/image\\\/\"},\"sameAs\":[\"https:\\\/\\\/www.facebook.com\\\/BomarJewellery\"]}]}<\/script>\n<!-- \/ Yoast SEO plugin. -->","yoast_head_json":{"title":"Bransoletka srebrna a\u017curowa BS18 - Jubiler Bomar","robots":{"index":"index","follow":"follow","max-snippet":"max-snippet:-1","max-image-preview":"max-image-preview:large","max-video-preview":"max-video-preview:-1"},"canonical":"https:\/\/jubiler-bomar.eu\/sklep\/produkt\/bransoletka-srebrna-azurowa-bs18\/","og_locale":"pl_PL","og_type":"article","og_title":"Bransoletka srebrna a\u017curowa BS18 - Jubiler Bomar","og_description":"Prezentowana bransoletka jest idealnym prezentem dla kobiet, kt\u00f3re ceni\u0105 sobie elegancje i styl.","og_url":"https:\/\/jubiler-bomar.eu\/sklep\/produkt\/bransoletka-srebrna-azurowa-bs18\/","og_site_name":"Jubiler Bomar","article_publisher":"https:\/\/www.facebook.com\/BomarJewellery","article_modified_time":"2024-01-27T13:55:41+00:00","og_image":[{"width":1869,"height":1920,"url":"https:\/\/jubiler-bomar.eu\/sklep\/wp-content\/uploads\/2023\/06\/L1100130-PhotoRoom.jpg","type":"image\/jpeg"}],"twitter_card":"summary_large_image","twitter_misc":{"Szacowany czas czytania":"1 minuta"},"schema":{"@context":"https:\/\/schema.org","@graph":[{"@type":"WebPage","@id":"https:\/\/jubiler-bomar.eu\/sklep\/produkt\/bransoletka-srebrna-azurowa-bs18\/","url":"https:\/\/jubiler-bomar.eu\/sklep\/produkt\/bransoletka-srebrna-azurowa-bs18\/","name":"Bransoletka srebrna a\u017curowa BS18 - Jubiler Bomar","isPartOf":{"@id":"https:\/\/jubiler-bomar.eu\/sklep\/#website"},"primaryImageOfPage":{"@id":"https:\/\/jubiler-bomar.eu\/sklep\/produkt\/bransoletka-srebrna-azurowa-bs18\/#primaryimage"},"image":{"@id":"https:\/\/jubiler-bomar.eu\/sklep\/produkt\/bransoletka-srebrna-azurowa-bs18\/#primaryimage"},"thumbnailUrl":"https:\/\/jubiler-bomar.eu\/sklep\/wp-content\/uploads\/2023\/06\/L1100130-PhotoRoom.jpg","datePublished":"2023-06-23T07:23:17+00:00","dateModified":"2024-01-27T13:55:41+00:00","breadcrumb":{"@id":"https:\/\/jubiler-bomar.eu\/sklep\/produkt\/bransoletka-srebrna-azurowa-bs18\/#breadcrumb"},"inLanguage":"pl-PL","potentialAction":[{"@type":"ReadAction","target":["https:\/\/jubiler-bomar.eu\/sklep\/produkt\/bransoletka-srebrna-azurowa-bs18\/"]}]},{"@type":"ImageObject","inLanguage":"pl-PL","@id":"https:\/\/jubiler-bomar.eu\/sklep\/produkt\/bransoletka-srebrna-azurowa-bs18\/#primaryimage","url":"https:\/\/jubiler-bomar.eu\/sklep\/wp-content\/uploads\/2023\/06\/L1100130-PhotoRoom.jpg","contentUrl":"https:\/\/jubiler-bomar.eu\/sklep\/wp-content\/uploads\/2023\/06\/L1100130-PhotoRoom.jpg","width":1869,"height":1920},{"@type":"BreadcrumbList","@id":"https:\/\/jubiler-bomar.eu\/sklep\/produkt\/bransoletka-srebrna-azurowa-bs18\/#breadcrumb","itemListElement":[{"@type":"ListItem","position":1,"name":"Strona g\u0142\u00f3wna","item":"https:\/\/jubiler-bomar.eu\/sklep\/"},{"@type":"ListItem","position":2,"name":"Sklep","item":"https:\/\/jubiler-bomar.eu\/sklep\/sklep\/"},{"@type":"ListItem","position":3,"name":"Bransoletka srebrna a\u017curowa BS18"}]},{"@type":"WebSite","@id":"https:\/\/jubiler-bomar.eu\/sklep\/#website","url":"https:\/\/jubiler-bomar.eu\/sklep\/","name":"Jubiler BOMAR","description":"","publisher":{"@id":"https:\/\/jubiler-bomar.eu\/sklep\/#organization"},"potentialAction":[{"@type":"SearchAction","target":{"@type":"EntryPoint","urlTemplate":"https:\/\/jubiler-bomar.eu\/sklep\/?s={search_term_string}"},"query-input":{"@type":"PropertyValueSpecification","valueRequired":true,"valueName":"search_term_string"}}],"inLanguage":"pl-PL"},{"@type":"Organization","@id":"https:\/\/jubiler-bomar.eu\/sklep\/#organization","name":"Jubiler Bomar","url":"https:\/\/jubiler-bomar.eu\/sklep\/","logo":{"@type":"ImageObject","inLanguage":"pl-PL","@id":"https:\/\/jubiler-bomar.eu\/sklep\/#\/schema\/logo\/image\/","url":"https:\/\/jubiler-bomar.eu\/sklep\/wp-content\/uploads\/2023\/02\/bomar-jubiler-logo-1.jpg","contentUrl":"https:\/\/jubiler-bomar.eu\/sklep\/wp-content\/uploads\/2023\/02\/bomar-jubiler-logo-1.jpg","width":500,"height":156,"caption":"Jubiler Bomar"},"image":{"@id":"https:\/\/jubiler-bomar.eu\/sklep\/#\/schema\/logo\/image\/"},"sameAs":["https:\/\/www.facebook.com\/BomarJewellery"]}]}},"_links":{"self":[{"href":"https:\/\/jubiler-bomar.eu\/sklep\/wp-json\/wp\/v2\/product\/2268","targetHints":{"allow":["GET"]}}],"collection":[{"href":"https:\/\/jubiler-bomar.eu\/sklep\/wp-json\/wp\/v2\/product"}],"about":[{"href":"https:\/\/jubiler-bomar.eu\/sklep\/wp-json\/wp\/v2\/types\/product"}],"wp:featuredmedia":[{"embeddable":true,"href":"https:\/\/jubiler-bomar.eu\/sklep\/wp-json\/wp\/v2\/media\/2269"}],"wp:attachment":[{"href":"https:\/\/jubiler-bomar.eu\/sklep\/wp-json\/wp\/v2\/media?parent=2268"}],"wp:term":[{"taxonomy":"product_brand","embeddable":true,"href":"https:\/\/jubiler-bomar.eu\/sklep\/wp-json\/wp\/v2\/product_brand?post=2268"},{"taxonomy":"product_cat","embeddable":true,"href":"https:\/\/jubiler-bomar.eu\/sklep\/wp-json\/wp\/v2\/product_cat?post=2268"},{"taxonomy":"product_tag","embeddable":true,"href":"https:\/\/jubiler-bomar.eu\/sklep\/wp-json\/wp\/v2\/product_tag?post=2268"}],"curies":[{"name":"wp","href":"https:\/\/api.w.org\/{rel}","templated":true}]}}