{"id":2583,"date":"2023-09-12T11:06:56","date_gmt":"2023-09-12T09:06:56","guid":{"rendered":"https:\/\/jubiler-bomar.eu\/sklep\/?post_type=product&#038;p=2583"},"modified":"2026-04-08T01:18:06","modified_gmt":"2026-04-07T23:18:06","slug":"bransoletka-srebrna-z-krzemieniem-pasiastym-bs30","status":"publish","type":"product","link":"https:\/\/jubiler-bomar.eu\/sklep\/produkt\/bransoletka-srebrna-z-krzemieniem-pasiastym-bs30\/","title":{"rendered":"Bransoletka srebrna z krzemieniem pasiastym BS30"},"content":{"rendered":"","protected":false},"excerpt":{"rendered":"<p>Bransoletka zosta\u0142a wykonana r\u0119cznie w naszej pracowni.<\/p>\n<p>R\u00f3\u017cnorodne barwy s\u0105 cechami indywidualnymi naturalnego kamienia dlatego bransoleta mo\u017ce si\u0119 nieznacznie r\u00f3\u017cni\u0107 od przedstawionego wzoru, zachowuj\u0105c jego charakter, kszta\u0142t i wielko\u015b\u0107.<\/p>\n","protected":false},"featured_media":2584,"template":"","meta":{"_et_pb_use_builder":"","_et_pb_old_content":"","_et_gb_content_width":""},"product_brand":[],"product_cat":[953,607,962],"product_tag":[],"class_list":{"0":"post-2583","1":"product","2":"type-product","3":"status-publish","4":"has-post-thumbnail","6":"product_cat-bizuteria-z-krzemieniem-pasiastym","7":"product_cat-bransoletki","8":"product_cat-bransoletki-krzemien-pasiasty","9":"pa_kolor-czarny","10":"pa_material-srebro","11":"pa_proba-87","12":"pa_producent-bomar","13":"pa_rodzaj-kamienia-krzemien-pasiasty","14":"pa_rodzaj-lancuszka-sznurek","15":"pa_rodzaj-zapiecia-regulowane","16":"pa_szerokosc-124","17":"pa_termin-realizacji-1-dzien-roboczy","19":"first","20":"instock","21":"taxable","22":"shipping-taxable","23":"purchasable","24":"product-type-simple"},"yoast_head":"<!-- This site is optimized with the Yoast SEO plugin v27.4 - https:\/\/yoast.com\/product\/yoast-seo-wordpress\/ -->\n<title>Bransoletka srebrna z krzemieniem pasiastym BS30 - Jubiler Bomar<\/title>\n<meta name=\"robots\" content=\"index, follow, max-snippet:-1, max-image-preview:large, max-video-preview:-1\" \/>\n<link rel=\"canonical\" href=\"https:\/\/jubiler-bomar.eu\/sklep\/produkt\/bransoletka-srebrna-z-krzemieniem-pasiastym-bs30\/\" \/>\n<meta property=\"og:locale\" content=\"pl_PL\" \/>\n<meta property=\"og:type\" content=\"article\" \/>\n<meta property=\"og:title\" content=\"Bransoletka srebrna z krzemieniem pasiastym BS30 - Jubiler Bomar\" \/>\n<meta property=\"og:description\" content=\"Bransoletka zosta\u0142a wykonana r\u0119cznie w naszej pracowni.  R\u00f3\u017cnorodne barwy s\u0105 cechami indywidualnymi naturalnego kamienia dlatego bransoleta mo\u017ce si\u0119 nieznacznie r\u00f3\u017cni\u0107 od przedstawionego wzoru, zachowuj\u0105c jego charakter, kszta\u0142t i wielko\u015b\u0107.\" \/>\n<meta property=\"og:url\" content=\"https:\/\/jubiler-bomar.eu\/sklep\/produkt\/bransoletka-srebrna-z-krzemieniem-pasiastym-bs30\/\" \/>\n<meta property=\"og:site_name\" content=\"Jubiler Bomar\" \/>\n<meta property=\"article:publisher\" content=\"https:\/\/www.facebook.com\/BomarJewellery\" \/>\n<meta property=\"article:modified_time\" content=\"2026-04-07T23:18:06+00:00\" \/>\n<meta property=\"og:image\" content=\"https:\/\/jubiler-bomar.eu\/sklep\/wp-content\/uploads\/2023\/09\/bransoleta-sznurek-czarny-1-el-kolo-002-A.jpg\" \/>\n\t<meta property=\"og:image:width\" content=\"1200\" \/>\n\t<meta property=\"og:image:height\" content=\"1200\" \/>\n\t<meta property=\"og:image:type\" content=\"image\/jpeg\" \/>\n<meta name=\"twitter:card\" content=\"summary_large_image\" \/>\n<meta name=\"twitter:label1\" content=\"Szacowany czas czytania\" \/>\n\t<meta name=\"twitter:data1\" content=\"1 minuta\" \/>\n<script type=\"application\/ld+json\" class=\"yoast-schema-graph\">{\"@context\":\"https:\\\/\\\/schema.org\",\"@graph\":[{\"@type\":\"WebPage\",\"@id\":\"https:\\\/\\\/jubiler-bomar.eu\\\/sklep\\\/produkt\\\/bransoletka-srebrna-z-krzemieniem-pasiastym-bs30\\\/\",\"url\":\"https:\\\/\\\/jubiler-bomar.eu\\\/sklep\\\/produkt\\\/bransoletka-srebrna-z-krzemieniem-pasiastym-bs30\\\/\",\"name\":\"Bransoletka srebrna z krzemieniem pasiastym BS30 - Jubiler Bomar\",\"isPartOf\":{\"@id\":\"https:\\\/\\\/jubiler-bomar.eu\\\/sklep\\\/#website\"},\"primaryImageOfPage\":{\"@id\":\"https:\\\/\\\/jubiler-bomar.eu\\\/sklep\\\/produkt\\\/bransoletka-srebrna-z-krzemieniem-pasiastym-bs30\\\/#primaryimage\"},\"image\":{\"@id\":\"https:\\\/\\\/jubiler-bomar.eu\\\/sklep\\\/produkt\\\/bransoletka-srebrna-z-krzemieniem-pasiastym-bs30\\\/#primaryimage\"},\"thumbnailUrl\":\"https:\\\/\\\/jubiler-bomar.eu\\\/sklep\\\/wp-content\\\/uploads\\\/2023\\\/09\\\/bransoleta-sznurek-czarny-1-el-kolo-002-A.jpg\",\"datePublished\":\"2023-09-12T09:06:56+00:00\",\"dateModified\":\"2026-04-07T23:18:06+00:00\",\"breadcrumb\":{\"@id\":\"https:\\\/\\\/jubiler-bomar.eu\\\/sklep\\\/produkt\\\/bransoletka-srebrna-z-krzemieniem-pasiastym-bs30\\\/#breadcrumb\"},\"inLanguage\":\"pl-PL\",\"potentialAction\":[{\"@type\":\"ReadAction\",\"target\":[\"https:\\\/\\\/jubiler-bomar.eu\\\/sklep\\\/produkt\\\/bransoletka-srebrna-z-krzemieniem-pasiastym-bs30\\\/\"]}]},{\"@type\":\"ImageObject\",\"inLanguage\":\"pl-PL\",\"@id\":\"https:\\\/\\\/jubiler-bomar.eu\\\/sklep\\\/produkt\\\/bransoletka-srebrna-z-krzemieniem-pasiastym-bs30\\\/#primaryimage\",\"url\":\"https:\\\/\\\/jubiler-bomar.eu\\\/sklep\\\/wp-content\\\/uploads\\\/2023\\\/09\\\/bransoleta-sznurek-czarny-1-el-kolo-002-A.jpg\",\"contentUrl\":\"https:\\\/\\\/jubiler-bomar.eu\\\/sklep\\\/wp-content\\\/uploads\\\/2023\\\/09\\\/bransoleta-sznurek-czarny-1-el-kolo-002-A.jpg\",\"width\":1200,\"height\":1200},{\"@type\":\"BreadcrumbList\",\"@id\":\"https:\\\/\\\/jubiler-bomar.eu\\\/sklep\\\/produkt\\\/bransoletka-srebrna-z-krzemieniem-pasiastym-bs30\\\/#breadcrumb\",\"itemListElement\":[{\"@type\":\"ListItem\",\"position\":1,\"name\":\"Strona g\u0142\u00f3wna\",\"item\":\"https:\\\/\\\/jubiler-bomar.eu\\\/sklep\\\/\"},{\"@type\":\"ListItem\",\"position\":2,\"name\":\"Sklep\",\"item\":\"https:\\\/\\\/jubiler-bomar.eu\\\/sklep\\\/sklep\\\/\"},{\"@type\":\"ListItem\",\"position\":3,\"name\":\"Bransoletka srebrna z krzemieniem pasiastym BS30\"}]},{\"@type\":\"WebSite\",\"@id\":\"https:\\\/\\\/jubiler-bomar.eu\\\/sklep\\\/#website\",\"url\":\"https:\\\/\\\/jubiler-bomar.eu\\\/sklep\\\/\",\"name\":\"Jubiler BOMAR\",\"description\":\"\",\"publisher\":{\"@id\":\"https:\\\/\\\/jubiler-bomar.eu\\\/sklep\\\/#organization\"},\"potentialAction\":[{\"@type\":\"SearchAction\",\"target\":{\"@type\":\"EntryPoint\",\"urlTemplate\":\"https:\\\/\\\/jubiler-bomar.eu\\\/sklep\\\/?s={search_term_string}\"},\"query-input\":{\"@type\":\"PropertyValueSpecification\",\"valueRequired\":true,\"valueName\":\"search_term_string\"}}],\"inLanguage\":\"pl-PL\"},{\"@type\":\"Organization\",\"@id\":\"https:\\\/\\\/jubiler-bomar.eu\\\/sklep\\\/#organization\",\"name\":\"Jubiler Bomar\",\"url\":\"https:\\\/\\\/jubiler-bomar.eu\\\/sklep\\\/\",\"logo\":{\"@type\":\"ImageObject\",\"inLanguage\":\"pl-PL\",\"@id\":\"https:\\\/\\\/jubiler-bomar.eu\\\/sklep\\\/#\\\/schema\\\/logo\\\/image\\\/\",\"url\":\"https:\\\/\\\/jubiler-bomar.eu\\\/sklep\\\/wp-content\\\/uploads\\\/2023\\\/02\\\/bomar-jubiler-logo-1.jpg\",\"contentUrl\":\"https:\\\/\\\/jubiler-bomar.eu\\\/sklep\\\/wp-content\\\/uploads\\\/2023\\\/02\\\/bomar-jubiler-logo-1.jpg\",\"width\":500,\"height\":156,\"caption\":\"Jubiler Bomar\"},\"image\":{\"@id\":\"https:\\\/\\\/jubiler-bomar.eu\\\/sklep\\\/#\\\/schema\\\/logo\\\/image\\\/\"},\"sameAs\":[\"https:\\\/\\\/www.facebook.com\\\/BomarJewellery\"]}]}<\/script>\n<!-- \/ Yoast SEO plugin. -->","yoast_head_json":{"title":"Bransoletka srebrna z krzemieniem pasiastym BS30 - Jubiler Bomar","robots":{"index":"index","follow":"follow","max-snippet":"max-snippet:-1","max-image-preview":"max-image-preview:large","max-video-preview":"max-video-preview:-1"},"canonical":"https:\/\/jubiler-bomar.eu\/sklep\/produkt\/bransoletka-srebrna-z-krzemieniem-pasiastym-bs30\/","og_locale":"pl_PL","og_type":"article","og_title":"Bransoletka srebrna z krzemieniem pasiastym BS30 - Jubiler Bomar","og_description":"Bransoletka zosta\u0142a wykonana r\u0119cznie w naszej pracowni.  R\u00f3\u017cnorodne barwy s\u0105 cechami indywidualnymi naturalnego kamienia dlatego bransoleta mo\u017ce si\u0119 nieznacznie r\u00f3\u017cni\u0107 od przedstawionego wzoru, zachowuj\u0105c jego charakter, kszta\u0142t i wielko\u015b\u0107.","og_url":"https:\/\/jubiler-bomar.eu\/sklep\/produkt\/bransoletka-srebrna-z-krzemieniem-pasiastym-bs30\/","og_site_name":"Jubiler Bomar","article_publisher":"https:\/\/www.facebook.com\/BomarJewellery","article_modified_time":"2026-04-07T23:18:06+00:00","og_image":[{"width":1200,"height":1200,"url":"https:\/\/jubiler-bomar.eu\/sklep\/wp-content\/uploads\/2023\/09\/bransoleta-sznurek-czarny-1-el-kolo-002-A.jpg","type":"image\/jpeg"}],"twitter_card":"summary_large_image","twitter_misc":{"Szacowany czas czytania":"1 minuta"},"schema":{"@context":"https:\/\/schema.org","@graph":[{"@type":"WebPage","@id":"https:\/\/jubiler-bomar.eu\/sklep\/produkt\/bransoletka-srebrna-z-krzemieniem-pasiastym-bs30\/","url":"https:\/\/jubiler-bomar.eu\/sklep\/produkt\/bransoletka-srebrna-z-krzemieniem-pasiastym-bs30\/","name":"Bransoletka srebrna z krzemieniem pasiastym BS30 - Jubiler Bomar","isPartOf":{"@id":"https:\/\/jubiler-bomar.eu\/sklep\/#website"},"primaryImageOfPage":{"@id":"https:\/\/jubiler-bomar.eu\/sklep\/produkt\/bransoletka-srebrna-z-krzemieniem-pasiastym-bs30\/#primaryimage"},"image":{"@id":"https:\/\/jubiler-bomar.eu\/sklep\/produkt\/bransoletka-srebrna-z-krzemieniem-pasiastym-bs30\/#primaryimage"},"thumbnailUrl":"https:\/\/jubiler-bomar.eu\/sklep\/wp-content\/uploads\/2023\/09\/bransoleta-sznurek-czarny-1-el-kolo-002-A.jpg","datePublished":"2023-09-12T09:06:56+00:00","dateModified":"2026-04-07T23:18:06+00:00","breadcrumb":{"@id":"https:\/\/jubiler-bomar.eu\/sklep\/produkt\/bransoletka-srebrna-z-krzemieniem-pasiastym-bs30\/#breadcrumb"},"inLanguage":"pl-PL","potentialAction":[{"@type":"ReadAction","target":["https:\/\/jubiler-bomar.eu\/sklep\/produkt\/bransoletka-srebrna-z-krzemieniem-pasiastym-bs30\/"]}]},{"@type":"ImageObject","inLanguage":"pl-PL","@id":"https:\/\/jubiler-bomar.eu\/sklep\/produkt\/bransoletka-srebrna-z-krzemieniem-pasiastym-bs30\/#primaryimage","url":"https:\/\/jubiler-bomar.eu\/sklep\/wp-content\/uploads\/2023\/09\/bransoleta-sznurek-czarny-1-el-kolo-002-A.jpg","contentUrl":"https:\/\/jubiler-bomar.eu\/sklep\/wp-content\/uploads\/2023\/09\/bransoleta-sznurek-czarny-1-el-kolo-002-A.jpg","width":1200,"height":1200},{"@type":"BreadcrumbList","@id":"https:\/\/jubiler-bomar.eu\/sklep\/produkt\/bransoletka-srebrna-z-krzemieniem-pasiastym-bs30\/#breadcrumb","itemListElement":[{"@type":"ListItem","position":1,"name":"Strona g\u0142\u00f3wna","item":"https:\/\/jubiler-bomar.eu\/sklep\/"},{"@type":"ListItem","position":2,"name":"Sklep","item":"https:\/\/jubiler-bomar.eu\/sklep\/sklep\/"},{"@type":"ListItem","position":3,"name":"Bransoletka srebrna z krzemieniem pasiastym BS30"}]},{"@type":"WebSite","@id":"https:\/\/jubiler-bomar.eu\/sklep\/#website","url":"https:\/\/jubiler-bomar.eu\/sklep\/","name":"Jubiler BOMAR","description":"","publisher":{"@id":"https:\/\/jubiler-bomar.eu\/sklep\/#organization"},"potentialAction":[{"@type":"SearchAction","target":{"@type":"EntryPoint","urlTemplate":"https:\/\/jubiler-bomar.eu\/sklep\/?s={search_term_string}"},"query-input":{"@type":"PropertyValueSpecification","valueRequired":true,"valueName":"search_term_string"}}],"inLanguage":"pl-PL"},{"@type":"Organization","@id":"https:\/\/jubiler-bomar.eu\/sklep\/#organization","name":"Jubiler Bomar","url":"https:\/\/jubiler-bomar.eu\/sklep\/","logo":{"@type":"ImageObject","inLanguage":"pl-PL","@id":"https:\/\/jubiler-bomar.eu\/sklep\/#\/schema\/logo\/image\/","url":"https:\/\/jubiler-bomar.eu\/sklep\/wp-content\/uploads\/2023\/02\/bomar-jubiler-logo-1.jpg","contentUrl":"https:\/\/jubiler-bomar.eu\/sklep\/wp-content\/uploads\/2023\/02\/bomar-jubiler-logo-1.jpg","width":500,"height":156,"caption":"Jubiler Bomar"},"image":{"@id":"https:\/\/jubiler-bomar.eu\/sklep\/#\/schema\/logo\/image\/"},"sameAs":["https:\/\/www.facebook.com\/BomarJewellery"]}]}},"_links":{"self":[{"href":"https:\/\/jubiler-bomar.eu\/sklep\/wp-json\/wp\/v2\/product\/2583","targetHints":{"allow":["GET"]}}],"collection":[{"href":"https:\/\/jubiler-bomar.eu\/sklep\/wp-json\/wp\/v2\/product"}],"about":[{"href":"https:\/\/jubiler-bomar.eu\/sklep\/wp-json\/wp\/v2\/types\/product"}],"wp:featuredmedia":[{"embeddable":true,"href":"https:\/\/jubiler-bomar.eu\/sklep\/wp-json\/wp\/v2\/media\/2584"}],"wp:attachment":[{"href":"https:\/\/jubiler-bomar.eu\/sklep\/wp-json\/wp\/v2\/media?parent=2583"}],"wp:term":[{"taxonomy":"product_brand","embeddable":true,"href":"https:\/\/jubiler-bomar.eu\/sklep\/wp-json\/wp\/v2\/product_brand?post=2583"},{"taxonomy":"product_cat","embeddable":true,"href":"https:\/\/jubiler-bomar.eu\/sklep\/wp-json\/wp\/v2\/product_cat?post=2583"},{"taxonomy":"product_tag","embeddable":true,"href":"https:\/\/jubiler-bomar.eu\/sklep\/wp-json\/wp\/v2\/product_tag?post=2583"}],"curies":[{"name":"wp","href":"https:\/\/api.w.org\/{rel}","templated":true}]}}