{"id":2775,"date":"2023-11-24T13:32:41","date_gmt":"2023-11-24T12:32:41","guid":{"rendered":"https:\/\/jubiler-bomar.eu\/sklep\/?post_type=product&#038;p=2775"},"modified":"2024-02-13T11:26:10","modified_gmt":"2024-02-13T10:26:10","slug":"srebrny-komplet-z-nieskonczonoscia-kpl-03","status":"publish","type":"product","link":"https:\/\/jubiler-bomar.eu\/sklep\/produkt\/srebrny-komplet-z-nieskonczonoscia-kpl-03\/","title":{"rendered":"Srebrny komplet z niesko\u0144czono\u015bci\u0105 kpl 03"},"content":{"rendered":"","protected":false},"excerpt":{"rendered":"<p><b>Subtelne wydobyte pi\u0119kno z\u00a0naszyjnika i\u00a0bransoletki to\u00a0idealny prezent dla kobiety.<\/b><\/p>\n<p>Przedstawiamy zestaw zosta\u0142 wykonany z\u00a0najwy\u017cszej jako\u015bci srebra pr\u00f3by 925. Powierzchnia bi\u017cuterii jest dodatkowo srebrzona srebrem pr\u00f3by 999 przez\u00a0co\u00a0nadaje naszyjnikowi i\u00a0bransoletce pi\u0119knego blasku oraz\u00a0jest zabezpiecza przed\u00a0ciemnieniem.<\/p>\n<p><b>Prezentowany komplet<\/b> to\u00a0\u015bwietny pomys\u0142 na\u00a0prezent z\u00a0okazji <b>walentynek<\/b>, urodzin, imienin, dnia matki oraz bez okazji.<\/p>\n<\/div>\n","protected":false},"featured_media":2776,"template":"","meta":{"_et_pb_use_builder":"","_et_pb_old_content":"","_et_gb_content_width":""},"product_brand":[],"product_cat":[607],"product_tag":[],"class_list":{"0":"post-2775","1":"product","2":"type-product","3":"status-publish","4":"has-post-thumbnail","6":"product_cat-bransoletki","7":"pa_dlugosc-560","8":"pa_dlugosc-elementu","9":"pa_dlugosc-cm-556","10":"pa_dlugosc-cm-300-przedluzka","11":"pa_dlugosc-cm-109","12":"pa_kolor-srebrny","13":"pa_material-srebro","14":"pa_proba-87","15":"pa_producent-bomar","16":"pa_rodzaj-lancuszka-ankier","17":"pa_szerokosc-559","18":"pa_szerokosc-element-ozdobny","19":"pa_termin-realizacji-1-dzien-roboczy","21":"first","22":"instock","23":"taxable","24":"shipping-taxable","25":"purchasable","26":"product-type-simple"},"yoast_head":"<!-- This site is optimized with the Yoast SEO plugin v27.4 - https:\/\/yoast.com\/product\/yoast-seo-wordpress\/ -->\n<title>Srebrny komplet z niesko\u0144czono\u015bci\u0105 kpl 03 - Jubiler Bomar<\/title>\n<meta name=\"robots\" content=\"index, follow, max-snippet:-1, max-image-preview:large, max-video-preview:-1\" \/>\n<link rel=\"canonical\" href=\"https:\/\/jubiler-bomar.eu\/sklep\/produkt\/srebrny-komplet-z-nieskonczonoscia-kpl-03\/\" \/>\n<meta property=\"og:locale\" content=\"pl_PL\" \/>\n<meta property=\"og:type\" content=\"article\" \/>\n<meta property=\"og:title\" content=\"Srebrny komplet z niesko\u0144czono\u015bci\u0105 kpl 03 - Jubiler Bomar\" \/>\n<meta property=\"og:description\" content=\"Subtelne wydobyte pi\u0119kno z\u00a0naszyjnika i\u00a0bransoletki to\u00a0idealny prezent dla kobiety.  Przedstawiamy zestaw zosta\u0142 wykonany z\u00a0najwy\u017cszej jako\u015bci srebra pr\u00f3by 925. Powierzchnia bi\u017cuterii jest dodatkowo srebrzona srebrem pr\u00f3by 999 przez\u00a0co\u00a0nadaje naszyjnikowi i\u00a0bransoletce pi\u0119knego blasku oraz\u00a0jest zabezpiecza przed\u00a0ciemnieniem.  Prezentowany komplet to\u00a0\u015bwietny pomys\u0142 na\u00a0prezent z\u00a0okazji walentynek, urodzin, imienin, dnia matki oraz bez okazji.\" \/>\n<meta property=\"og:url\" content=\"https:\/\/jubiler-bomar.eu\/sklep\/produkt\/srebrny-komplet-z-nieskonczonoscia-kpl-03\/\" \/>\n<meta property=\"og:site_name\" content=\"Jubiler Bomar\" \/>\n<meta property=\"article:publisher\" content=\"https:\/\/www.facebook.com\/BomarJewellery\" \/>\n<meta property=\"article:modified_time\" content=\"2024-02-13T10:26:10+00:00\" \/>\n<meta property=\"og:image\" content=\"https:\/\/jubiler-bomar.eu\/sklep\/wp-content\/uploads\/2023\/11\/000353-s.jpg\" \/>\n\t<meta property=\"og:image:width\" content=\"1024\" \/>\n\t<meta property=\"og:image:height\" content=\"1024\" \/>\n\t<meta property=\"og:image:type\" content=\"image\/jpeg\" \/>\n<meta name=\"twitter:card\" content=\"summary_large_image\" \/>\n<meta name=\"twitter:label1\" content=\"Szacowany czas czytania\" \/>\n\t<meta name=\"twitter:data1\" content=\"1 minuta\" \/>\n<script type=\"application\/ld+json\" class=\"yoast-schema-graph\">{\"@context\":\"https:\\\/\\\/schema.org\",\"@graph\":[{\"@type\":\"WebPage\",\"@id\":\"https:\\\/\\\/jubiler-bomar.eu\\\/sklep\\\/produkt\\\/srebrny-komplet-z-nieskonczonoscia-kpl-03\\\/\",\"url\":\"https:\\\/\\\/jubiler-bomar.eu\\\/sklep\\\/produkt\\\/srebrny-komplet-z-nieskonczonoscia-kpl-03\\\/\",\"name\":\"Srebrny komplet z niesko\u0144czono\u015bci\u0105 kpl 03 - Jubiler Bomar\",\"isPartOf\":{\"@id\":\"https:\\\/\\\/jubiler-bomar.eu\\\/sklep\\\/#website\"},\"primaryImageOfPage\":{\"@id\":\"https:\\\/\\\/jubiler-bomar.eu\\\/sklep\\\/produkt\\\/srebrny-komplet-z-nieskonczonoscia-kpl-03\\\/#primaryimage\"},\"image\":{\"@id\":\"https:\\\/\\\/jubiler-bomar.eu\\\/sklep\\\/produkt\\\/srebrny-komplet-z-nieskonczonoscia-kpl-03\\\/#primaryimage\"},\"thumbnailUrl\":\"https:\\\/\\\/jubiler-bomar.eu\\\/sklep\\\/wp-content\\\/uploads\\\/2023\\\/11\\\/000353-s.jpg\",\"datePublished\":\"2023-11-24T12:32:41+00:00\",\"dateModified\":\"2024-02-13T10:26:10+00:00\",\"breadcrumb\":{\"@id\":\"https:\\\/\\\/jubiler-bomar.eu\\\/sklep\\\/produkt\\\/srebrny-komplet-z-nieskonczonoscia-kpl-03\\\/#breadcrumb\"},\"inLanguage\":\"pl-PL\",\"potentialAction\":[{\"@type\":\"ReadAction\",\"target\":[\"https:\\\/\\\/jubiler-bomar.eu\\\/sklep\\\/produkt\\\/srebrny-komplet-z-nieskonczonoscia-kpl-03\\\/\"]}]},{\"@type\":\"ImageObject\",\"inLanguage\":\"pl-PL\",\"@id\":\"https:\\\/\\\/jubiler-bomar.eu\\\/sklep\\\/produkt\\\/srebrny-komplet-z-nieskonczonoscia-kpl-03\\\/#primaryimage\",\"url\":\"https:\\\/\\\/jubiler-bomar.eu\\\/sklep\\\/wp-content\\\/uploads\\\/2023\\\/11\\\/000353-s.jpg\",\"contentUrl\":\"https:\\\/\\\/jubiler-bomar.eu\\\/sklep\\\/wp-content\\\/uploads\\\/2023\\\/11\\\/000353-s.jpg\",\"width\":1024,\"height\":1024},{\"@type\":\"BreadcrumbList\",\"@id\":\"https:\\\/\\\/jubiler-bomar.eu\\\/sklep\\\/produkt\\\/srebrny-komplet-z-nieskonczonoscia-kpl-03\\\/#breadcrumb\",\"itemListElement\":[{\"@type\":\"ListItem\",\"position\":1,\"name\":\"Strona g\u0142\u00f3wna\",\"item\":\"https:\\\/\\\/jubiler-bomar.eu\\\/sklep\\\/\"},{\"@type\":\"ListItem\",\"position\":2,\"name\":\"Sklep\",\"item\":\"https:\\\/\\\/jubiler-bomar.eu\\\/sklep\\\/sklep\\\/\"},{\"@type\":\"ListItem\",\"position\":3,\"name\":\"Srebrny komplet z niesko\u0144czono\u015bci\u0105 kpl 03\"}]},{\"@type\":\"WebSite\",\"@id\":\"https:\\\/\\\/jubiler-bomar.eu\\\/sklep\\\/#website\",\"url\":\"https:\\\/\\\/jubiler-bomar.eu\\\/sklep\\\/\",\"name\":\"Jubiler BOMAR\",\"description\":\"\",\"publisher\":{\"@id\":\"https:\\\/\\\/jubiler-bomar.eu\\\/sklep\\\/#organization\"},\"potentialAction\":[{\"@type\":\"SearchAction\",\"target\":{\"@type\":\"EntryPoint\",\"urlTemplate\":\"https:\\\/\\\/jubiler-bomar.eu\\\/sklep\\\/?s={search_term_string}\"},\"query-input\":{\"@type\":\"PropertyValueSpecification\",\"valueRequired\":true,\"valueName\":\"search_term_string\"}}],\"inLanguage\":\"pl-PL\"},{\"@type\":\"Organization\",\"@id\":\"https:\\\/\\\/jubiler-bomar.eu\\\/sklep\\\/#organization\",\"name\":\"Jubiler Bomar\",\"url\":\"https:\\\/\\\/jubiler-bomar.eu\\\/sklep\\\/\",\"logo\":{\"@type\":\"ImageObject\",\"inLanguage\":\"pl-PL\",\"@id\":\"https:\\\/\\\/jubiler-bomar.eu\\\/sklep\\\/#\\\/schema\\\/logo\\\/image\\\/\",\"url\":\"https:\\\/\\\/jubiler-bomar.eu\\\/sklep\\\/wp-content\\\/uploads\\\/2023\\\/02\\\/bomar-jubiler-logo-1.jpg\",\"contentUrl\":\"https:\\\/\\\/jubiler-bomar.eu\\\/sklep\\\/wp-content\\\/uploads\\\/2023\\\/02\\\/bomar-jubiler-logo-1.jpg\",\"width\":500,\"height\":156,\"caption\":\"Jubiler Bomar\"},\"image\":{\"@id\":\"https:\\\/\\\/jubiler-bomar.eu\\\/sklep\\\/#\\\/schema\\\/logo\\\/image\\\/\"},\"sameAs\":[\"https:\\\/\\\/www.facebook.com\\\/BomarJewellery\"]}]}<\/script>\n<!-- \/ Yoast SEO plugin. -->","yoast_head_json":{"title":"Srebrny komplet z niesko\u0144czono\u015bci\u0105 kpl 03 - Jubiler Bomar","robots":{"index":"index","follow":"follow","max-snippet":"max-snippet:-1","max-image-preview":"max-image-preview:large","max-video-preview":"max-video-preview:-1"},"canonical":"https:\/\/jubiler-bomar.eu\/sklep\/produkt\/srebrny-komplet-z-nieskonczonoscia-kpl-03\/","og_locale":"pl_PL","og_type":"article","og_title":"Srebrny komplet z niesko\u0144czono\u015bci\u0105 kpl 03 - Jubiler Bomar","og_description":"Subtelne wydobyte pi\u0119kno z\u00a0naszyjnika i\u00a0bransoletki to\u00a0idealny prezent dla kobiety.  Przedstawiamy zestaw zosta\u0142 wykonany z\u00a0najwy\u017cszej jako\u015bci srebra pr\u00f3by 925. Powierzchnia bi\u017cuterii jest dodatkowo srebrzona srebrem pr\u00f3by 999 przez\u00a0co\u00a0nadaje naszyjnikowi i\u00a0bransoletce pi\u0119knego blasku oraz\u00a0jest zabezpiecza przed\u00a0ciemnieniem.  Prezentowany komplet to\u00a0\u015bwietny pomys\u0142 na\u00a0prezent z\u00a0okazji walentynek, urodzin, imienin, dnia matki oraz bez okazji.","og_url":"https:\/\/jubiler-bomar.eu\/sklep\/produkt\/srebrny-komplet-z-nieskonczonoscia-kpl-03\/","og_site_name":"Jubiler Bomar","article_publisher":"https:\/\/www.facebook.com\/BomarJewellery","article_modified_time":"2024-02-13T10:26:10+00:00","og_image":[{"width":1024,"height":1024,"url":"https:\/\/jubiler-bomar.eu\/sklep\/wp-content\/uploads\/2023\/11\/000353-s.jpg","type":"image\/jpeg"}],"twitter_card":"summary_large_image","twitter_misc":{"Szacowany czas czytania":"1 minuta"},"schema":{"@context":"https:\/\/schema.org","@graph":[{"@type":"WebPage","@id":"https:\/\/jubiler-bomar.eu\/sklep\/produkt\/srebrny-komplet-z-nieskonczonoscia-kpl-03\/","url":"https:\/\/jubiler-bomar.eu\/sklep\/produkt\/srebrny-komplet-z-nieskonczonoscia-kpl-03\/","name":"Srebrny komplet z niesko\u0144czono\u015bci\u0105 kpl 03 - Jubiler Bomar","isPartOf":{"@id":"https:\/\/jubiler-bomar.eu\/sklep\/#website"},"primaryImageOfPage":{"@id":"https:\/\/jubiler-bomar.eu\/sklep\/produkt\/srebrny-komplet-z-nieskonczonoscia-kpl-03\/#primaryimage"},"image":{"@id":"https:\/\/jubiler-bomar.eu\/sklep\/produkt\/srebrny-komplet-z-nieskonczonoscia-kpl-03\/#primaryimage"},"thumbnailUrl":"https:\/\/jubiler-bomar.eu\/sklep\/wp-content\/uploads\/2023\/11\/000353-s.jpg","datePublished":"2023-11-24T12:32:41+00:00","dateModified":"2024-02-13T10:26:10+00:00","breadcrumb":{"@id":"https:\/\/jubiler-bomar.eu\/sklep\/produkt\/srebrny-komplet-z-nieskonczonoscia-kpl-03\/#breadcrumb"},"inLanguage":"pl-PL","potentialAction":[{"@type":"ReadAction","target":["https:\/\/jubiler-bomar.eu\/sklep\/produkt\/srebrny-komplet-z-nieskonczonoscia-kpl-03\/"]}]},{"@type":"ImageObject","inLanguage":"pl-PL","@id":"https:\/\/jubiler-bomar.eu\/sklep\/produkt\/srebrny-komplet-z-nieskonczonoscia-kpl-03\/#primaryimage","url":"https:\/\/jubiler-bomar.eu\/sklep\/wp-content\/uploads\/2023\/11\/000353-s.jpg","contentUrl":"https:\/\/jubiler-bomar.eu\/sklep\/wp-content\/uploads\/2023\/11\/000353-s.jpg","width":1024,"height":1024},{"@type":"BreadcrumbList","@id":"https:\/\/jubiler-bomar.eu\/sklep\/produkt\/srebrny-komplet-z-nieskonczonoscia-kpl-03\/#breadcrumb","itemListElement":[{"@type":"ListItem","position":1,"name":"Strona g\u0142\u00f3wna","item":"https:\/\/jubiler-bomar.eu\/sklep\/"},{"@type":"ListItem","position":2,"name":"Sklep","item":"https:\/\/jubiler-bomar.eu\/sklep\/sklep\/"},{"@type":"ListItem","position":3,"name":"Srebrny komplet z niesko\u0144czono\u015bci\u0105 kpl 03"}]},{"@type":"WebSite","@id":"https:\/\/jubiler-bomar.eu\/sklep\/#website","url":"https:\/\/jubiler-bomar.eu\/sklep\/","name":"Jubiler BOMAR","description":"","publisher":{"@id":"https:\/\/jubiler-bomar.eu\/sklep\/#organization"},"potentialAction":[{"@type":"SearchAction","target":{"@type":"EntryPoint","urlTemplate":"https:\/\/jubiler-bomar.eu\/sklep\/?s={search_term_string}"},"query-input":{"@type":"PropertyValueSpecification","valueRequired":true,"valueName":"search_term_string"}}],"inLanguage":"pl-PL"},{"@type":"Organization","@id":"https:\/\/jubiler-bomar.eu\/sklep\/#organization","name":"Jubiler Bomar","url":"https:\/\/jubiler-bomar.eu\/sklep\/","logo":{"@type":"ImageObject","inLanguage":"pl-PL","@id":"https:\/\/jubiler-bomar.eu\/sklep\/#\/schema\/logo\/image\/","url":"https:\/\/jubiler-bomar.eu\/sklep\/wp-content\/uploads\/2023\/02\/bomar-jubiler-logo-1.jpg","contentUrl":"https:\/\/jubiler-bomar.eu\/sklep\/wp-content\/uploads\/2023\/02\/bomar-jubiler-logo-1.jpg","width":500,"height":156,"caption":"Jubiler Bomar"},"image":{"@id":"https:\/\/jubiler-bomar.eu\/sklep\/#\/schema\/logo\/image\/"},"sameAs":["https:\/\/www.facebook.com\/BomarJewellery"]}]}},"_links":{"self":[{"href":"https:\/\/jubiler-bomar.eu\/sklep\/wp-json\/wp\/v2\/product\/2775","targetHints":{"allow":["GET"]}}],"collection":[{"href":"https:\/\/jubiler-bomar.eu\/sklep\/wp-json\/wp\/v2\/product"}],"about":[{"href":"https:\/\/jubiler-bomar.eu\/sklep\/wp-json\/wp\/v2\/types\/product"}],"wp:featuredmedia":[{"embeddable":true,"href":"https:\/\/jubiler-bomar.eu\/sklep\/wp-json\/wp\/v2\/media\/2776"}],"wp:attachment":[{"href":"https:\/\/jubiler-bomar.eu\/sklep\/wp-json\/wp\/v2\/media?parent=2775"}],"wp:term":[{"taxonomy":"product_brand","embeddable":true,"href":"https:\/\/jubiler-bomar.eu\/sklep\/wp-json\/wp\/v2\/product_brand?post=2775"},{"taxonomy":"product_cat","embeddable":true,"href":"https:\/\/jubiler-bomar.eu\/sklep\/wp-json\/wp\/v2\/product_cat?post=2775"},{"taxonomy":"product_tag","embeddable":true,"href":"https:\/\/jubiler-bomar.eu\/sklep\/wp-json\/wp\/v2\/product_tag?post=2775"}],"curies":[{"name":"wp","href":"https:\/\/api.w.org\/{rel}","templated":true}]}}