{"id":4098,"date":"2024-11-12T13:52:15","date_gmt":"2024-11-12T12:52:15","guid":{"rendered":"https:\/\/jubiler-bomar.eu\/sklep\/?post_type=product&#038;p=4098"},"modified":"2026-02-04T13:30:40","modified_gmt":"2026-02-04T12:30:40","slug":"zloty-naszyjnik-kwiat-zycia-talizman-proba-333-z85","status":"publish","type":"product","link":"https:\/\/jubiler-bomar.eu\/sklep\/produkt\/zloty-naszyjnik-kwiat-zycia-talizman-proba-333-z85\/","title":{"rendered":"Z\u0142oty naszyjnik Kwiat \u017bycia Talizman pr\u00f3ba 333 Z85"},"content":{"rendered":"<p>To wz\u00f3r uciele\u015bniaj\u0105cy pocz\u0105tek wszystkiego\u00a0<b>dobrego<\/b>. Przypisuje si\u0119 jemu moce wr\u0119cz <b>uzdrawiaj\u0105ce<\/b>. Od wiek\u00f3w wierzono, \u017ce pomaga wyj\u015b\u0107 z powa\u017cnych chor\u00f3b i chroni przed z\u0142\u0105 energi\u0105. Zaleca si\u0119 noszenie tego symbolu dla zabezpieczenia zdrowia i pomy\u015blno\u015bci, ale przede wszystkim w celach wspomagania w rozmaitych stanach chorobowych .<\/p>\n<p>Z\u0142oty naszyjnik <b>KWIAT \u017bYCIA<\/b> to misterna, a\u017curowa bi\u017cuteria w kt\u00f3rej zakocha si\u0119 ka\u017cda kobieta! Polecamy j\u0105 zw\u0142aszcza tym, kt\u00f3rzy potrzebuj\u0105 symbolicznego <b>wsparcia<\/b> w nowej pracy, zwi\u0105zku czy przy zmianie miejsca zamieszkania. Zaczynasz nowe? B\u0119dzie Ci asystowa\u0107 w codziennym \u017cyciu.\u00a0 KWIAT \u017bYCIA doda Ci determinacji i <b>odwagi<\/b> w osi\u0105ganiu cel\u00f3w. No\u015b ten pe\u0142en uroku naszyjnik tak\u017ce jako symbol ochrony cennego zdrowia.<\/p>\n<p><b>Warto go mie\u0107 przy sobie codziennie \ud83d\ude42<\/b><\/p>\n","protected":false},"excerpt":{"rendered":"<p>Wspania\u0142y amulet, zawieszka Kwiat \u017bycia to symbol <b>szcz\u0119\u015bcia, d\u0142ugowieczno\u015bci, <\/b>zdrowia i ochrony.<\/p>\n<p>Opakowanie z prezentowanym grawerm gratis.<\/p>\n","protected":false},"featured_media":2576,"template":"","meta":{"_et_pb_use_builder":"","_et_pb_old_content":"","_et_gb_content_width":""},"product_brand":[],"product_cat":[820,830,606,929],"product_tag":[],"class_list":{"0":"post-4098","1":"product","2":"type-product","3":"status-publish","4":"has-post-thumbnail","6":"product_cat-dzien-dziecka","7":"product_cat-dzien-mamy","8":"product_cat-naszyjniki","9":"product_cat-wisiorki-i-zawieszki","10":"pa_dlugosc-cm-392","11":"pa_dlugosc-cm-z-regulacja","12":"pa_kolor-zolty","13":"pa_material-zloto","14":"pa_proba-117","15":"pa_producent-bomar","16":"pa_rodzaj-lancuszka-ankier-diamentowany","17":"pa_szerokosc-440","18":"pa_termin-realizacji-2-dni-robocze","19":"pa_wysokosc-441","21":"first","22":"instock","23":"taxable","24":"shipping-taxable","25":"purchasable","26":"product-type-simple"},"yoast_head":"<!-- This site is optimized with the Yoast SEO plugin v27.4 - https:\/\/yoast.com\/product\/yoast-seo-wordpress\/ -->\n<title>Z\u0142oty naszyjnik Kwiat \u017bycia Talizman pr\u00f3ba 333 Z85 - Jubiler Bomar<\/title>\n<meta name=\"robots\" content=\"index, follow, max-snippet:-1, max-image-preview:large, max-video-preview:-1\" \/>\n<link rel=\"canonical\" href=\"https:\/\/jubiler-bomar.eu\/sklep\/produkt\/zloty-naszyjnik-kwiat-zycia-talizman-proba-333-z85\/\" \/>\n<meta property=\"og:locale\" content=\"pl_PL\" \/>\n<meta property=\"og:type\" content=\"article\" \/>\n<meta property=\"og:title\" content=\"Z\u0142oty naszyjnik Kwiat \u017bycia Talizman pr\u00f3ba 333 Z85 - Jubiler Bomar\" \/>\n<meta property=\"og:description\" content=\"Wspania\u0142y amulet, zawieszka Kwiat \u017bycia to symbol szcz\u0119\u015bcia, d\u0142ugowieczno\u015bci, zdrowia i ochrony.  Opakowanie z prezentowanym grawerm gratis.\" \/>\n<meta property=\"og:url\" content=\"https:\/\/jubiler-bomar.eu\/sklep\/produkt\/zloty-naszyjnik-kwiat-zycia-talizman-proba-333-z85\/\" \/>\n<meta property=\"og:site_name\" content=\"Jubiler Bomar\" \/>\n<meta property=\"article:publisher\" content=\"https:\/\/www.facebook.com\/BomarJewellery\" \/>\n<meta property=\"article:modified_time\" content=\"2026-02-04T12:30:40+00:00\" \/>\n<meta property=\"og:image\" content=\"https:\/\/jubiler-bomar.eu\/sklep\/wp-content\/uploads\/2023\/09\/kwiat-zycia-25mm.jpg\" \/>\n\t<meta property=\"og:image:width\" content=\"1200\" \/>\n\t<meta property=\"og:image:height\" content=\"1200\" \/>\n\t<meta property=\"og:image:type\" content=\"image\/jpeg\" \/>\n<meta name=\"twitter:card\" content=\"summary_large_image\" \/>\n<meta name=\"twitter:label1\" content=\"Szacowany czas czytania\" \/>\n\t<meta name=\"twitter:data1\" content=\"1 minuta\" \/>\n<script type=\"application\/ld+json\" class=\"yoast-schema-graph\">{\"@context\":\"https:\\\/\\\/schema.org\",\"@graph\":[{\"@type\":\"WebPage\",\"@id\":\"https:\\\/\\\/jubiler-bomar.eu\\\/sklep\\\/produkt\\\/zloty-naszyjnik-kwiat-zycia-talizman-proba-333-z85\\\/\",\"url\":\"https:\\\/\\\/jubiler-bomar.eu\\\/sklep\\\/produkt\\\/zloty-naszyjnik-kwiat-zycia-talizman-proba-333-z85\\\/\",\"name\":\"Z\u0142oty naszyjnik Kwiat \u017bycia Talizman pr\u00f3ba 333 Z85 - Jubiler Bomar\",\"isPartOf\":{\"@id\":\"https:\\\/\\\/jubiler-bomar.eu\\\/sklep\\\/#website\"},\"primaryImageOfPage\":{\"@id\":\"https:\\\/\\\/jubiler-bomar.eu\\\/sklep\\\/produkt\\\/zloty-naszyjnik-kwiat-zycia-talizman-proba-333-z85\\\/#primaryimage\"},\"image\":{\"@id\":\"https:\\\/\\\/jubiler-bomar.eu\\\/sklep\\\/produkt\\\/zloty-naszyjnik-kwiat-zycia-talizman-proba-333-z85\\\/#primaryimage\"},\"thumbnailUrl\":\"https:\\\/\\\/jubiler-bomar.eu\\\/sklep\\\/wp-content\\\/uploads\\\/2023\\\/09\\\/kwiat-zycia-25mm.jpg\",\"datePublished\":\"2024-11-12T12:52:15+00:00\",\"dateModified\":\"2026-02-04T12:30:40+00:00\",\"breadcrumb\":{\"@id\":\"https:\\\/\\\/jubiler-bomar.eu\\\/sklep\\\/produkt\\\/zloty-naszyjnik-kwiat-zycia-talizman-proba-333-z85\\\/#breadcrumb\"},\"inLanguage\":\"pl-PL\",\"potentialAction\":[{\"@type\":\"ReadAction\",\"target\":[\"https:\\\/\\\/jubiler-bomar.eu\\\/sklep\\\/produkt\\\/zloty-naszyjnik-kwiat-zycia-talizman-proba-333-z85\\\/\"]}]},{\"@type\":\"ImageObject\",\"inLanguage\":\"pl-PL\",\"@id\":\"https:\\\/\\\/jubiler-bomar.eu\\\/sklep\\\/produkt\\\/zloty-naszyjnik-kwiat-zycia-talizman-proba-333-z85\\\/#primaryimage\",\"url\":\"https:\\\/\\\/jubiler-bomar.eu\\\/sklep\\\/wp-content\\\/uploads\\\/2023\\\/09\\\/kwiat-zycia-25mm.jpg\",\"contentUrl\":\"https:\\\/\\\/jubiler-bomar.eu\\\/sklep\\\/wp-content\\\/uploads\\\/2023\\\/09\\\/kwiat-zycia-25mm.jpg\",\"width\":1200,\"height\":1200},{\"@type\":\"BreadcrumbList\",\"@id\":\"https:\\\/\\\/jubiler-bomar.eu\\\/sklep\\\/produkt\\\/zloty-naszyjnik-kwiat-zycia-talizman-proba-333-z85\\\/#breadcrumb\",\"itemListElement\":[{\"@type\":\"ListItem\",\"position\":1,\"name\":\"Strona g\u0142\u00f3wna\",\"item\":\"https:\\\/\\\/jubiler-bomar.eu\\\/sklep\\\/\"},{\"@type\":\"ListItem\",\"position\":2,\"name\":\"Sklep\",\"item\":\"https:\\\/\\\/jubiler-bomar.eu\\\/sklep\\\/sklep\\\/\"},{\"@type\":\"ListItem\",\"position\":3,\"name\":\"Z\u0142oty naszyjnik Kwiat \u017bycia Talizman pr\u00f3ba 333 Z85\"}]},{\"@type\":\"WebSite\",\"@id\":\"https:\\\/\\\/jubiler-bomar.eu\\\/sklep\\\/#website\",\"url\":\"https:\\\/\\\/jubiler-bomar.eu\\\/sklep\\\/\",\"name\":\"Jubiler BOMAR\",\"description\":\"\",\"publisher\":{\"@id\":\"https:\\\/\\\/jubiler-bomar.eu\\\/sklep\\\/#organization\"},\"potentialAction\":[{\"@type\":\"SearchAction\",\"target\":{\"@type\":\"EntryPoint\",\"urlTemplate\":\"https:\\\/\\\/jubiler-bomar.eu\\\/sklep\\\/?s={search_term_string}\"},\"query-input\":{\"@type\":\"PropertyValueSpecification\",\"valueRequired\":true,\"valueName\":\"search_term_string\"}}],\"inLanguage\":\"pl-PL\"},{\"@type\":\"Organization\",\"@id\":\"https:\\\/\\\/jubiler-bomar.eu\\\/sklep\\\/#organization\",\"name\":\"Jubiler Bomar\",\"url\":\"https:\\\/\\\/jubiler-bomar.eu\\\/sklep\\\/\",\"logo\":{\"@type\":\"ImageObject\",\"inLanguage\":\"pl-PL\",\"@id\":\"https:\\\/\\\/jubiler-bomar.eu\\\/sklep\\\/#\\\/schema\\\/logo\\\/image\\\/\",\"url\":\"https:\\\/\\\/jubiler-bomar.eu\\\/sklep\\\/wp-content\\\/uploads\\\/2023\\\/02\\\/bomar-jubiler-logo-1.jpg\",\"contentUrl\":\"https:\\\/\\\/jubiler-bomar.eu\\\/sklep\\\/wp-content\\\/uploads\\\/2023\\\/02\\\/bomar-jubiler-logo-1.jpg\",\"width\":500,\"height\":156,\"caption\":\"Jubiler Bomar\"},\"image\":{\"@id\":\"https:\\\/\\\/jubiler-bomar.eu\\\/sklep\\\/#\\\/schema\\\/logo\\\/image\\\/\"},\"sameAs\":[\"https:\\\/\\\/www.facebook.com\\\/BomarJewellery\"]}]}<\/script>\n<!-- \/ Yoast SEO plugin. -->","yoast_head_json":{"title":"Z\u0142oty naszyjnik Kwiat \u017bycia Talizman pr\u00f3ba 333 Z85 - Jubiler Bomar","robots":{"index":"index","follow":"follow","max-snippet":"max-snippet:-1","max-image-preview":"max-image-preview:large","max-video-preview":"max-video-preview:-1"},"canonical":"https:\/\/jubiler-bomar.eu\/sklep\/produkt\/zloty-naszyjnik-kwiat-zycia-talizman-proba-333-z85\/","og_locale":"pl_PL","og_type":"article","og_title":"Z\u0142oty naszyjnik Kwiat \u017bycia Talizman pr\u00f3ba 333 Z85 - Jubiler Bomar","og_description":"Wspania\u0142y amulet, zawieszka Kwiat \u017bycia to symbol szcz\u0119\u015bcia, d\u0142ugowieczno\u015bci, zdrowia i ochrony.  Opakowanie z prezentowanym grawerm gratis.","og_url":"https:\/\/jubiler-bomar.eu\/sklep\/produkt\/zloty-naszyjnik-kwiat-zycia-talizman-proba-333-z85\/","og_site_name":"Jubiler Bomar","article_publisher":"https:\/\/www.facebook.com\/BomarJewellery","article_modified_time":"2026-02-04T12:30:40+00:00","og_image":[{"width":1200,"height":1200,"url":"https:\/\/jubiler-bomar.eu\/sklep\/wp-content\/uploads\/2023\/09\/kwiat-zycia-25mm.jpg","type":"image\/jpeg"}],"twitter_card":"summary_large_image","twitter_misc":{"Szacowany czas czytania":"1 minuta"},"schema":{"@context":"https:\/\/schema.org","@graph":[{"@type":"WebPage","@id":"https:\/\/jubiler-bomar.eu\/sklep\/produkt\/zloty-naszyjnik-kwiat-zycia-talizman-proba-333-z85\/","url":"https:\/\/jubiler-bomar.eu\/sklep\/produkt\/zloty-naszyjnik-kwiat-zycia-talizman-proba-333-z85\/","name":"Z\u0142oty naszyjnik Kwiat \u017bycia Talizman pr\u00f3ba 333 Z85 - Jubiler Bomar","isPartOf":{"@id":"https:\/\/jubiler-bomar.eu\/sklep\/#website"},"primaryImageOfPage":{"@id":"https:\/\/jubiler-bomar.eu\/sklep\/produkt\/zloty-naszyjnik-kwiat-zycia-talizman-proba-333-z85\/#primaryimage"},"image":{"@id":"https:\/\/jubiler-bomar.eu\/sklep\/produkt\/zloty-naszyjnik-kwiat-zycia-talizman-proba-333-z85\/#primaryimage"},"thumbnailUrl":"https:\/\/jubiler-bomar.eu\/sklep\/wp-content\/uploads\/2023\/09\/kwiat-zycia-25mm.jpg","datePublished":"2024-11-12T12:52:15+00:00","dateModified":"2026-02-04T12:30:40+00:00","breadcrumb":{"@id":"https:\/\/jubiler-bomar.eu\/sklep\/produkt\/zloty-naszyjnik-kwiat-zycia-talizman-proba-333-z85\/#breadcrumb"},"inLanguage":"pl-PL","potentialAction":[{"@type":"ReadAction","target":["https:\/\/jubiler-bomar.eu\/sklep\/produkt\/zloty-naszyjnik-kwiat-zycia-talizman-proba-333-z85\/"]}]},{"@type":"ImageObject","inLanguage":"pl-PL","@id":"https:\/\/jubiler-bomar.eu\/sklep\/produkt\/zloty-naszyjnik-kwiat-zycia-talizman-proba-333-z85\/#primaryimage","url":"https:\/\/jubiler-bomar.eu\/sklep\/wp-content\/uploads\/2023\/09\/kwiat-zycia-25mm.jpg","contentUrl":"https:\/\/jubiler-bomar.eu\/sklep\/wp-content\/uploads\/2023\/09\/kwiat-zycia-25mm.jpg","width":1200,"height":1200},{"@type":"BreadcrumbList","@id":"https:\/\/jubiler-bomar.eu\/sklep\/produkt\/zloty-naszyjnik-kwiat-zycia-talizman-proba-333-z85\/#breadcrumb","itemListElement":[{"@type":"ListItem","position":1,"name":"Strona g\u0142\u00f3wna","item":"https:\/\/jubiler-bomar.eu\/sklep\/"},{"@type":"ListItem","position":2,"name":"Sklep","item":"https:\/\/jubiler-bomar.eu\/sklep\/sklep\/"},{"@type":"ListItem","position":3,"name":"Z\u0142oty naszyjnik Kwiat \u017bycia Talizman pr\u00f3ba 333 Z85"}]},{"@type":"WebSite","@id":"https:\/\/jubiler-bomar.eu\/sklep\/#website","url":"https:\/\/jubiler-bomar.eu\/sklep\/","name":"Jubiler BOMAR","description":"","publisher":{"@id":"https:\/\/jubiler-bomar.eu\/sklep\/#organization"},"potentialAction":[{"@type":"SearchAction","target":{"@type":"EntryPoint","urlTemplate":"https:\/\/jubiler-bomar.eu\/sklep\/?s={search_term_string}"},"query-input":{"@type":"PropertyValueSpecification","valueRequired":true,"valueName":"search_term_string"}}],"inLanguage":"pl-PL"},{"@type":"Organization","@id":"https:\/\/jubiler-bomar.eu\/sklep\/#organization","name":"Jubiler Bomar","url":"https:\/\/jubiler-bomar.eu\/sklep\/","logo":{"@type":"ImageObject","inLanguage":"pl-PL","@id":"https:\/\/jubiler-bomar.eu\/sklep\/#\/schema\/logo\/image\/","url":"https:\/\/jubiler-bomar.eu\/sklep\/wp-content\/uploads\/2023\/02\/bomar-jubiler-logo-1.jpg","contentUrl":"https:\/\/jubiler-bomar.eu\/sklep\/wp-content\/uploads\/2023\/02\/bomar-jubiler-logo-1.jpg","width":500,"height":156,"caption":"Jubiler Bomar"},"image":{"@id":"https:\/\/jubiler-bomar.eu\/sklep\/#\/schema\/logo\/image\/"},"sameAs":["https:\/\/www.facebook.com\/BomarJewellery"]}]}},"_links":{"self":[{"href":"https:\/\/jubiler-bomar.eu\/sklep\/wp-json\/wp\/v2\/product\/4098","targetHints":{"allow":["GET"]}}],"collection":[{"href":"https:\/\/jubiler-bomar.eu\/sklep\/wp-json\/wp\/v2\/product"}],"about":[{"href":"https:\/\/jubiler-bomar.eu\/sklep\/wp-json\/wp\/v2\/types\/product"}],"wp:featuredmedia":[{"embeddable":true,"href":"https:\/\/jubiler-bomar.eu\/sklep\/wp-json\/wp\/v2\/media\/2576"}],"wp:attachment":[{"href":"https:\/\/jubiler-bomar.eu\/sklep\/wp-json\/wp\/v2\/media?parent=4098"}],"wp:term":[{"taxonomy":"product_brand","embeddable":true,"href":"https:\/\/jubiler-bomar.eu\/sklep\/wp-json\/wp\/v2\/product_brand?post=4098"},{"taxonomy":"product_cat","embeddable":true,"href":"https:\/\/jubiler-bomar.eu\/sklep\/wp-json\/wp\/v2\/product_cat?post=4098"},{"taxonomy":"product_tag","embeddable":true,"href":"https:\/\/jubiler-bomar.eu\/sklep\/wp-json\/wp\/v2\/product_tag?post=4098"}],"curies":[{"name":"wp","href":"https:\/\/api.w.org\/{rel}","templated":true}]}}