{"id":4255,"date":"2025-01-14T08:30:26","date_gmt":"2025-01-14T07:30:26","guid":{"rendered":"https:\/\/jubiler-bomar.eu\/sklep\/?post_type=product&#038;p=4255"},"modified":"2025-02-28T14:22:37","modified_gmt":"2025-02-28T13:22:37","slug":"srebrny-pozlacany-naszyjnik-dlonie-z-serduszkiem-na-walentynki-n53","status":"publish","type":"product","link":"https:\/\/jubiler-bomar.eu\/sklep\/produkt\/srebrny-pozlacany-naszyjnik-dlonie-z-serduszkiem-na-walentynki-n53\/","title":{"rendered":"Srebrny poz\u0142acany naszyjnik d\u0142onie z serduszkiem na Walentynki N53"},"content":{"rendered":"","protected":false},"excerpt":{"rendered":"<p>Prezentowany naszyjnik w\u00a0kszta\u0142cie d\u0142oni mo\u017ce mie\u0107 r\u00f3\u017cne znaczenia. D\u0142onie s\u0105\u00a0symbolem <b>ochrony, si\u0142y, po\u0142\u0105czenia, wsparcia, pracy, tw\u00f3rczo\u015bci oraz\u00a0mi\u0142o\u015bci.<\/b><\/p>\n<p>Warto zauwa\u017cy\u0107, \u017ce\u00a0srebro samo w\u00a0sobie jest materia\u0142em, kt\u00f3ry\u00a0symbolizuje czysto\u015b\u0107, <b>delikatno\u015b\u0107<\/b>, ale\u00a0i\u00a0trwa\u0142o\u015b\u0107, wi\u0119c\u00a0po\u0142\u0105czenie tych dw\u00f3ch element\u00f3w mo\u017ce r\u00f3wnie\u017c wyra\u017ca\u0107 r\u00f3wnowag\u0119 pomi\u0119dzy subtelno\u015bci\u0105 a\u00a0si\u0142\u0105.<\/p>\n<p>To\u00a0idealny prezent dla ukochanej na\u00a0<b>Walentynki <\/b>jak r\u00f3wnie\u017c dla babci, mamy, siostry czy\u00a0przyjaci\u00f3\u0142ki bez\u00a0okazji.<\/p>\n","protected":false},"featured_media":4256,"template":"","meta":{"_et_pb_use_builder":"","_et_pb_old_content":"","_et_gb_content_width":""},"product_brand":[],"product_cat":[814,819,606],"product_tag":[],"class_list":{"0":"post-4255","1":"product","2":"type-product","3":"status-publish","4":"has-post-thumbnail","6":"product_cat-dla-babci-i-dziadka","7":"product_cat-walentynki","8":"product_cat-naszyjniki","9":"pa_dlugosc-cm-109","10":"pa_dlugosc-cm-przedluzka-300","11":"pa_kolor-zolty","12":"pa_material-srebro-pozlacane","13":"pa_proba-87","14":"pa_producent-bomar","15":"pa_rodzaj-lancuszka-ankier-diamentowany","16":"pa_szerokosc-825","17":"pa_termin-realizacji-1-dzien-roboczy","18":"pa_wysokosc-90","20":"first","21":"instock","22":"taxable","23":"shipping-taxable","24":"purchasable","25":"product-type-simple"},"yoast_head":"<!-- This site is optimized with the Yoast SEO plugin v27.4 - https:\/\/yoast.com\/product\/yoast-seo-wordpress\/ -->\n<title>Srebrny poz\u0142acany naszyjnik d\u0142onie z serduszkiem na Walentynki N53 - Jubiler Bomar<\/title>\n<meta name=\"robots\" content=\"index, follow, max-snippet:-1, max-image-preview:large, max-video-preview:-1\" \/>\n<link rel=\"canonical\" href=\"https:\/\/jubiler-bomar.eu\/sklep\/produkt\/srebrny-pozlacany-naszyjnik-dlonie-z-serduszkiem-na-walentynki-n53\/\" \/>\n<meta property=\"og:locale\" content=\"pl_PL\" \/>\n<meta property=\"og:type\" content=\"article\" \/>\n<meta property=\"og:title\" content=\"Srebrny poz\u0142acany naszyjnik d\u0142onie z serduszkiem na Walentynki N53 - Jubiler Bomar\" \/>\n<meta property=\"og:description\" content=\"Prezentowany naszyjnik w\u00a0kszta\u0142cie d\u0142oni mo\u017ce mie\u0107 r\u00f3\u017cne znaczenia. D\u0142onie s\u0105\u00a0symbolem ochrony, si\u0142y, po\u0142\u0105czenia, wsparcia, pracy, tw\u00f3rczo\u015bci oraz\u00a0mi\u0142o\u015bci.  Warto zauwa\u017cy\u0107, \u017ce\u00a0srebro samo w\u00a0sobie jest materia\u0142em, kt\u00f3ry\u00a0symbolizuje czysto\u015b\u0107, delikatno\u015b\u0107, ale\u00a0i\u00a0trwa\u0142o\u015b\u0107, wi\u0119c\u00a0po\u0142\u0105czenie tych dw\u00f3ch element\u00f3w mo\u017ce r\u00f3wnie\u017c wyra\u017ca\u0107 r\u00f3wnowag\u0119 pomi\u0119dzy subtelno\u015bci\u0105 a\u00a0si\u0142\u0105.  To\u00a0idealny prezent dla ukochanej na\u00a0Walentynki jak r\u00f3wnie\u017c dla babci, mamy, siostry czy\u00a0przyjaci\u00f3\u0142ki bez\u00a0okazji.\" \/>\n<meta property=\"og:url\" content=\"https:\/\/jubiler-bomar.eu\/sklep\/produkt\/srebrny-pozlacany-naszyjnik-dlonie-z-serduszkiem-na-walentynki-n53\/\" \/>\n<meta property=\"og:site_name\" content=\"Jubiler Bomar\" \/>\n<meta property=\"article:publisher\" content=\"https:\/\/www.facebook.com\/BomarJewellery\" \/>\n<meta property=\"article:modified_time\" content=\"2025-02-28T13:22:37+00:00\" \/>\n<meta property=\"og:image\" content=\"https:\/\/jubiler-bomar.eu\/sklep\/wp-content\/uploads\/2025\/01\/000496-s-p.jpg\" \/>\n\t<meta property=\"og:image:width\" content=\"1200\" \/>\n\t<meta property=\"og:image:height\" content=\"1200\" \/>\n\t<meta property=\"og:image:type\" content=\"image\/jpeg\" \/>\n<meta name=\"twitter:card\" content=\"summary_large_image\" \/>\n<meta name=\"twitter:label1\" content=\"Szacowany czas czytania\" \/>\n\t<meta name=\"twitter:data1\" content=\"1 minuta\" \/>\n<script type=\"application\/ld+json\" class=\"yoast-schema-graph\">{\"@context\":\"https:\\\/\\\/schema.org\",\"@graph\":[{\"@type\":\"WebPage\",\"@id\":\"https:\\\/\\\/jubiler-bomar.eu\\\/sklep\\\/produkt\\\/srebrny-pozlacany-naszyjnik-dlonie-z-serduszkiem-na-walentynki-n53\\\/\",\"url\":\"https:\\\/\\\/jubiler-bomar.eu\\\/sklep\\\/produkt\\\/srebrny-pozlacany-naszyjnik-dlonie-z-serduszkiem-na-walentynki-n53\\\/\",\"name\":\"Srebrny poz\u0142acany naszyjnik d\u0142onie z serduszkiem na Walentynki N53 - Jubiler Bomar\",\"isPartOf\":{\"@id\":\"https:\\\/\\\/jubiler-bomar.eu\\\/sklep\\\/#website\"},\"primaryImageOfPage\":{\"@id\":\"https:\\\/\\\/jubiler-bomar.eu\\\/sklep\\\/produkt\\\/srebrny-pozlacany-naszyjnik-dlonie-z-serduszkiem-na-walentynki-n53\\\/#primaryimage\"},\"image\":{\"@id\":\"https:\\\/\\\/jubiler-bomar.eu\\\/sklep\\\/produkt\\\/srebrny-pozlacany-naszyjnik-dlonie-z-serduszkiem-na-walentynki-n53\\\/#primaryimage\"},\"thumbnailUrl\":\"https:\\\/\\\/jubiler-bomar.eu\\\/sklep\\\/wp-content\\\/uploads\\\/2025\\\/01\\\/000496-s-p.jpg\",\"datePublished\":\"2025-01-14T07:30:26+00:00\",\"dateModified\":\"2025-02-28T13:22:37+00:00\",\"breadcrumb\":{\"@id\":\"https:\\\/\\\/jubiler-bomar.eu\\\/sklep\\\/produkt\\\/srebrny-pozlacany-naszyjnik-dlonie-z-serduszkiem-na-walentynki-n53\\\/#breadcrumb\"},\"inLanguage\":\"pl-PL\",\"potentialAction\":[{\"@type\":\"ReadAction\",\"target\":[\"https:\\\/\\\/jubiler-bomar.eu\\\/sklep\\\/produkt\\\/srebrny-pozlacany-naszyjnik-dlonie-z-serduszkiem-na-walentynki-n53\\\/\"]}]},{\"@type\":\"ImageObject\",\"inLanguage\":\"pl-PL\",\"@id\":\"https:\\\/\\\/jubiler-bomar.eu\\\/sklep\\\/produkt\\\/srebrny-pozlacany-naszyjnik-dlonie-z-serduszkiem-na-walentynki-n53\\\/#primaryimage\",\"url\":\"https:\\\/\\\/jubiler-bomar.eu\\\/sklep\\\/wp-content\\\/uploads\\\/2025\\\/01\\\/000496-s-p.jpg\",\"contentUrl\":\"https:\\\/\\\/jubiler-bomar.eu\\\/sklep\\\/wp-content\\\/uploads\\\/2025\\\/01\\\/000496-s-p.jpg\",\"width\":1200,\"height\":1200},{\"@type\":\"BreadcrumbList\",\"@id\":\"https:\\\/\\\/jubiler-bomar.eu\\\/sklep\\\/produkt\\\/srebrny-pozlacany-naszyjnik-dlonie-z-serduszkiem-na-walentynki-n53\\\/#breadcrumb\",\"itemListElement\":[{\"@type\":\"ListItem\",\"position\":1,\"name\":\"Strona g\u0142\u00f3wna\",\"item\":\"https:\\\/\\\/jubiler-bomar.eu\\\/sklep\\\/\"},{\"@type\":\"ListItem\",\"position\":2,\"name\":\"Sklep\",\"item\":\"https:\\\/\\\/jubiler-bomar.eu\\\/sklep\\\/sklep\\\/\"},{\"@type\":\"ListItem\",\"position\":3,\"name\":\"Srebrny poz\u0142acany naszyjnik d\u0142onie z serduszkiem na Walentynki N53\"}]},{\"@type\":\"WebSite\",\"@id\":\"https:\\\/\\\/jubiler-bomar.eu\\\/sklep\\\/#website\",\"url\":\"https:\\\/\\\/jubiler-bomar.eu\\\/sklep\\\/\",\"name\":\"Jubiler BOMAR\",\"description\":\"\",\"publisher\":{\"@id\":\"https:\\\/\\\/jubiler-bomar.eu\\\/sklep\\\/#organization\"},\"potentialAction\":[{\"@type\":\"SearchAction\",\"target\":{\"@type\":\"EntryPoint\",\"urlTemplate\":\"https:\\\/\\\/jubiler-bomar.eu\\\/sklep\\\/?s={search_term_string}\"},\"query-input\":{\"@type\":\"PropertyValueSpecification\",\"valueRequired\":true,\"valueName\":\"search_term_string\"}}],\"inLanguage\":\"pl-PL\"},{\"@type\":\"Organization\",\"@id\":\"https:\\\/\\\/jubiler-bomar.eu\\\/sklep\\\/#organization\",\"name\":\"Jubiler Bomar\",\"url\":\"https:\\\/\\\/jubiler-bomar.eu\\\/sklep\\\/\",\"logo\":{\"@type\":\"ImageObject\",\"inLanguage\":\"pl-PL\",\"@id\":\"https:\\\/\\\/jubiler-bomar.eu\\\/sklep\\\/#\\\/schema\\\/logo\\\/image\\\/\",\"url\":\"https:\\\/\\\/jubiler-bomar.eu\\\/sklep\\\/wp-content\\\/uploads\\\/2023\\\/02\\\/bomar-jubiler-logo-1.jpg\",\"contentUrl\":\"https:\\\/\\\/jubiler-bomar.eu\\\/sklep\\\/wp-content\\\/uploads\\\/2023\\\/02\\\/bomar-jubiler-logo-1.jpg\",\"width\":500,\"height\":156,\"caption\":\"Jubiler Bomar\"},\"image\":{\"@id\":\"https:\\\/\\\/jubiler-bomar.eu\\\/sklep\\\/#\\\/schema\\\/logo\\\/image\\\/\"},\"sameAs\":[\"https:\\\/\\\/www.facebook.com\\\/BomarJewellery\"]}]}<\/script>\n<!-- \/ Yoast SEO plugin. -->","yoast_head_json":{"title":"Srebrny poz\u0142acany naszyjnik d\u0142onie z serduszkiem na Walentynki N53 - Jubiler Bomar","robots":{"index":"index","follow":"follow","max-snippet":"max-snippet:-1","max-image-preview":"max-image-preview:large","max-video-preview":"max-video-preview:-1"},"canonical":"https:\/\/jubiler-bomar.eu\/sklep\/produkt\/srebrny-pozlacany-naszyjnik-dlonie-z-serduszkiem-na-walentynki-n53\/","og_locale":"pl_PL","og_type":"article","og_title":"Srebrny poz\u0142acany naszyjnik d\u0142onie z serduszkiem na Walentynki N53 - Jubiler Bomar","og_description":"Prezentowany naszyjnik w\u00a0kszta\u0142cie d\u0142oni mo\u017ce mie\u0107 r\u00f3\u017cne znaczenia. D\u0142onie s\u0105\u00a0symbolem ochrony, si\u0142y, po\u0142\u0105czenia, wsparcia, pracy, tw\u00f3rczo\u015bci oraz\u00a0mi\u0142o\u015bci.  Warto zauwa\u017cy\u0107, \u017ce\u00a0srebro samo w\u00a0sobie jest materia\u0142em, kt\u00f3ry\u00a0symbolizuje czysto\u015b\u0107, delikatno\u015b\u0107, ale\u00a0i\u00a0trwa\u0142o\u015b\u0107, wi\u0119c\u00a0po\u0142\u0105czenie tych dw\u00f3ch element\u00f3w mo\u017ce r\u00f3wnie\u017c wyra\u017ca\u0107 r\u00f3wnowag\u0119 pomi\u0119dzy subtelno\u015bci\u0105 a\u00a0si\u0142\u0105.  To\u00a0idealny prezent dla ukochanej na\u00a0Walentynki jak r\u00f3wnie\u017c dla babci, mamy, siostry czy\u00a0przyjaci\u00f3\u0142ki bez\u00a0okazji.","og_url":"https:\/\/jubiler-bomar.eu\/sklep\/produkt\/srebrny-pozlacany-naszyjnik-dlonie-z-serduszkiem-na-walentynki-n53\/","og_site_name":"Jubiler Bomar","article_publisher":"https:\/\/www.facebook.com\/BomarJewellery","article_modified_time":"2025-02-28T13:22:37+00:00","og_image":[{"width":1200,"height":1200,"url":"https:\/\/jubiler-bomar.eu\/sklep\/wp-content\/uploads\/2025\/01\/000496-s-p.jpg","type":"image\/jpeg"}],"twitter_card":"summary_large_image","twitter_misc":{"Szacowany czas czytania":"1 minuta"},"schema":{"@context":"https:\/\/schema.org","@graph":[{"@type":"WebPage","@id":"https:\/\/jubiler-bomar.eu\/sklep\/produkt\/srebrny-pozlacany-naszyjnik-dlonie-z-serduszkiem-na-walentynki-n53\/","url":"https:\/\/jubiler-bomar.eu\/sklep\/produkt\/srebrny-pozlacany-naszyjnik-dlonie-z-serduszkiem-na-walentynki-n53\/","name":"Srebrny poz\u0142acany naszyjnik d\u0142onie z serduszkiem na Walentynki N53 - Jubiler Bomar","isPartOf":{"@id":"https:\/\/jubiler-bomar.eu\/sklep\/#website"},"primaryImageOfPage":{"@id":"https:\/\/jubiler-bomar.eu\/sklep\/produkt\/srebrny-pozlacany-naszyjnik-dlonie-z-serduszkiem-na-walentynki-n53\/#primaryimage"},"image":{"@id":"https:\/\/jubiler-bomar.eu\/sklep\/produkt\/srebrny-pozlacany-naszyjnik-dlonie-z-serduszkiem-na-walentynki-n53\/#primaryimage"},"thumbnailUrl":"https:\/\/jubiler-bomar.eu\/sklep\/wp-content\/uploads\/2025\/01\/000496-s-p.jpg","datePublished":"2025-01-14T07:30:26+00:00","dateModified":"2025-02-28T13:22:37+00:00","breadcrumb":{"@id":"https:\/\/jubiler-bomar.eu\/sklep\/produkt\/srebrny-pozlacany-naszyjnik-dlonie-z-serduszkiem-na-walentynki-n53\/#breadcrumb"},"inLanguage":"pl-PL","potentialAction":[{"@type":"ReadAction","target":["https:\/\/jubiler-bomar.eu\/sklep\/produkt\/srebrny-pozlacany-naszyjnik-dlonie-z-serduszkiem-na-walentynki-n53\/"]}]},{"@type":"ImageObject","inLanguage":"pl-PL","@id":"https:\/\/jubiler-bomar.eu\/sklep\/produkt\/srebrny-pozlacany-naszyjnik-dlonie-z-serduszkiem-na-walentynki-n53\/#primaryimage","url":"https:\/\/jubiler-bomar.eu\/sklep\/wp-content\/uploads\/2025\/01\/000496-s-p.jpg","contentUrl":"https:\/\/jubiler-bomar.eu\/sklep\/wp-content\/uploads\/2025\/01\/000496-s-p.jpg","width":1200,"height":1200},{"@type":"BreadcrumbList","@id":"https:\/\/jubiler-bomar.eu\/sklep\/produkt\/srebrny-pozlacany-naszyjnik-dlonie-z-serduszkiem-na-walentynki-n53\/#breadcrumb","itemListElement":[{"@type":"ListItem","position":1,"name":"Strona g\u0142\u00f3wna","item":"https:\/\/jubiler-bomar.eu\/sklep\/"},{"@type":"ListItem","position":2,"name":"Sklep","item":"https:\/\/jubiler-bomar.eu\/sklep\/sklep\/"},{"@type":"ListItem","position":3,"name":"Srebrny poz\u0142acany naszyjnik d\u0142onie z serduszkiem na Walentynki N53"}]},{"@type":"WebSite","@id":"https:\/\/jubiler-bomar.eu\/sklep\/#website","url":"https:\/\/jubiler-bomar.eu\/sklep\/","name":"Jubiler BOMAR","description":"","publisher":{"@id":"https:\/\/jubiler-bomar.eu\/sklep\/#organization"},"potentialAction":[{"@type":"SearchAction","target":{"@type":"EntryPoint","urlTemplate":"https:\/\/jubiler-bomar.eu\/sklep\/?s={search_term_string}"},"query-input":{"@type":"PropertyValueSpecification","valueRequired":true,"valueName":"search_term_string"}}],"inLanguage":"pl-PL"},{"@type":"Organization","@id":"https:\/\/jubiler-bomar.eu\/sklep\/#organization","name":"Jubiler Bomar","url":"https:\/\/jubiler-bomar.eu\/sklep\/","logo":{"@type":"ImageObject","inLanguage":"pl-PL","@id":"https:\/\/jubiler-bomar.eu\/sklep\/#\/schema\/logo\/image\/","url":"https:\/\/jubiler-bomar.eu\/sklep\/wp-content\/uploads\/2023\/02\/bomar-jubiler-logo-1.jpg","contentUrl":"https:\/\/jubiler-bomar.eu\/sklep\/wp-content\/uploads\/2023\/02\/bomar-jubiler-logo-1.jpg","width":500,"height":156,"caption":"Jubiler Bomar"},"image":{"@id":"https:\/\/jubiler-bomar.eu\/sklep\/#\/schema\/logo\/image\/"},"sameAs":["https:\/\/www.facebook.com\/BomarJewellery"]}]}},"_links":{"self":[{"href":"https:\/\/jubiler-bomar.eu\/sklep\/wp-json\/wp\/v2\/product\/4255","targetHints":{"allow":["GET"]}}],"collection":[{"href":"https:\/\/jubiler-bomar.eu\/sklep\/wp-json\/wp\/v2\/product"}],"about":[{"href":"https:\/\/jubiler-bomar.eu\/sklep\/wp-json\/wp\/v2\/types\/product"}],"wp:featuredmedia":[{"embeddable":true,"href":"https:\/\/jubiler-bomar.eu\/sklep\/wp-json\/wp\/v2\/media\/4256"}],"wp:attachment":[{"href":"https:\/\/jubiler-bomar.eu\/sklep\/wp-json\/wp\/v2\/media?parent=4255"}],"wp:term":[{"taxonomy":"product_brand","embeddable":true,"href":"https:\/\/jubiler-bomar.eu\/sklep\/wp-json\/wp\/v2\/product_brand?post=4255"},{"taxonomy":"product_cat","embeddable":true,"href":"https:\/\/jubiler-bomar.eu\/sklep\/wp-json\/wp\/v2\/product_cat?post=4255"},{"taxonomy":"product_tag","embeddable":true,"href":"https:\/\/jubiler-bomar.eu\/sklep\/wp-json\/wp\/v2\/product_tag?post=4255"}],"curies":[{"name":"wp","href":"https:\/\/api.w.org\/{rel}","templated":true}]}}