{"id":7693,"date":"2025-10-29T12:34:02","date_gmt":"2025-10-29T11:34:02","guid":{"rendered":"https:\/\/jubiler-bomar.eu\/sklep\/?post_type=product&#038;p=7693"},"modified":"2026-04-08T01:20:20","modified_gmt":"2026-04-07T23:20:20","slug":"zawieszka-square-srebro-925-i-naturalny-krzemien-pasiasty-lancuszek-ankier-w-prezencie-w76","status":"publish","type":"product","link":"https:\/\/jubiler-bomar.eu\/sklep\/produkt\/zawieszka-square-srebro-925-i-naturalny-krzemien-pasiasty-lancuszek-ankier-w-prezencie-w76\/","title":{"rendered":"Zawieszka \u201eSquare\u201d \u2013 srebro 925 i naturalny krzemie\u0144 pasiasty. \u0141a\u0144cuszek ankier w prezencie W76"},"content":{"rendered":"<p><b>Pakowanie na prezent<\/b><\/p>\n<p>Eleganckie <b>pude\u0142ko<\/b> Jubiler BOMAR.<\/p>\n<p>Do ka\u017cdej sztuki do\u0142\u0105czamy certyfikat autentyczno\u015bci oraz kr\u00f3tk\u0105 ulotk\u0119 o krzemieniu pasiastym (polski\/angielski).<\/p>\n<p>W komplecie: <b>GRATIS<\/b> \u0142a\u0144cuszek ankier diamentowany (srebro 925)<\/p>\n","protected":false},"excerpt":{"rendered":"<div class=\"mpof_ki myre_zn myre_8v_l m389_6m_l\">\n<div class=\"mp4t_16_s mryx_16_s mr3m_1 mli2_1 mh85_56 mh85_0_l\">\n<div class=\"mg9e_8 mj7a_8 mg9e_0_s mvrt_0_s mj7a_0_s mh36_0_s mzmg_6m munh_16_l m3h2_16_l\">\n<div class=\"mp4t_0 mryx_0 munh_56 m3h2_56\">\n<div class=\"mp7g_oh\">Geometryczna forma i szlachetny rysunek <b>naturalnego kamienia<\/b>. Wisiorek \u201eSquare\u201d wykonany ze srebra pr\u00f3by 925, zabezpieczony przed ciemnieniem. Do ka\u017cdej zawieszki dodajemy <b>\u0142a\u0144cuszek<\/b> ankier diamentowany \u2013 gratis.<\/div>\n<\/div>\n<\/div>\n<\/div>\n<div class=\"mp4t_16_s mryx_16_s mr3m_1 mli2_1 mh85_56 mh85_0_l\">\n<div class=\"mgn2_16 _0d3bd_am0a-\">\n<p>&nbsp;<\/p>\n<\/div>\n<\/div>\n<\/div>\n","protected":false},"featured_media":7694,"template":"","meta":{"_et_pb_use_builder":"","_et_pb_old_content":"","_et_gb_content_width":""},"product_brand":[],"product_cat":[953,929,961],"product_tag":[],"class_list":{"0":"post-7693","1":"product","2":"type-product","3":"status-publish","4":"has-post-thumbnail","6":"product_cat-bizuteria-z-krzemieniem-pasiastym","7":"product_cat-wisiorki-i-zawieszki","8":"product_cat-zawieszki-krzemien-pasiasty","9":"pa_kolor-srebrny","10":"pa_material-srebro","11":"pa_proba-87","12":"pa_producent-bomar","13":"pa_rodzaj-kamienia-krzemien-pasiasty","14":"pa_szerokosc-228","15":"pa_termin-realizacji-1-dzien-roboczy","16":"pa_wysokosc-271","17":"pa_wysokosc-z-uchwytem","19":"first","20":"instock","21":"taxable","22":"shipping-taxable","23":"purchasable","24":"product-type-simple"},"yoast_head":"<!-- This site is optimized with the Yoast SEO plugin v27.4 - https:\/\/yoast.com\/product\/yoast-seo-wordpress\/ -->\n<title>Zawieszka \u201eSquare\u201d \u2013 srebro 925 i naturalny krzemie\u0144 pasiasty. \u0141a\u0144cuszek ankier w prezencie W76 - Jubiler Bomar<\/title>\n<meta name=\"robots\" content=\"index, follow, max-snippet:-1, max-image-preview:large, max-video-preview:-1\" \/>\n<link rel=\"canonical\" href=\"https:\/\/jubiler-bomar.eu\/sklep\/produkt\/zawieszka-square-srebro-925-i-naturalny-krzemien-pasiasty-lancuszek-ankier-w-prezencie-w76\/\" \/>\n<meta property=\"og:locale\" content=\"pl_PL\" \/>\n<meta property=\"og:type\" content=\"article\" \/>\n<meta property=\"og:title\" content=\"Zawieszka \u201eSquare\u201d \u2013 srebro 925 i naturalny krzemie\u0144 pasiasty. \u0141a\u0144cuszek ankier w prezencie W76 - Jubiler Bomar\" \/>\n<meta property=\"og:description\" content=\"Geometryczna forma i szlachetny rysunek naturalnego kamienia. Wisiorek \u201eSquare\u201d wykonany ze srebra pr\u00f3by 925, zabezpieczony przed ciemnieniem. Do ka\u017cdej zawieszki dodajemy \u0142a\u0144cuszek ankier diamentowany \u2013 gratis.       &nbsp;\" \/>\n<meta property=\"og:url\" content=\"https:\/\/jubiler-bomar.eu\/sklep\/produkt\/zawieszka-square-srebro-925-i-naturalny-krzemien-pasiasty-lancuszek-ankier-w-prezencie-w76\/\" \/>\n<meta property=\"og:site_name\" content=\"Jubiler Bomar\" \/>\n<meta property=\"article:publisher\" content=\"https:\/\/www.facebook.com\/BomarJewellery\" \/>\n<meta property=\"article:modified_time\" content=\"2026-04-07T23:20:20+00:00\" \/>\n<meta property=\"og:image\" content=\"https:\/\/jubiler-bomar.eu\/sklep\/wp-content\/uploads\/2025\/10\/f74b0c63-3b06-42da-bb26-f9f2061b546f.jpg\" \/>\n\t<meta property=\"og:image:width\" content=\"1024\" \/>\n\t<meta property=\"og:image:height\" content=\"1024\" \/>\n\t<meta property=\"og:image:type\" content=\"image\/jpeg\" \/>\n<meta name=\"twitter:card\" content=\"summary_large_image\" \/>\n<meta name=\"twitter:label1\" content=\"Szacowany czas czytania\" \/>\n\t<meta name=\"twitter:data1\" content=\"1 minuta\" \/>\n<script type=\"application\/ld+json\" class=\"yoast-schema-graph\">{\"@context\":\"https:\\\/\\\/schema.org\",\"@graph\":[{\"@type\":\"WebPage\",\"@id\":\"https:\\\/\\\/jubiler-bomar.eu\\\/sklep\\\/produkt\\\/zawieszka-square-srebro-925-i-naturalny-krzemien-pasiasty-lancuszek-ankier-w-prezencie-w76\\\/\",\"url\":\"https:\\\/\\\/jubiler-bomar.eu\\\/sklep\\\/produkt\\\/zawieszka-square-srebro-925-i-naturalny-krzemien-pasiasty-lancuszek-ankier-w-prezencie-w76\\\/\",\"name\":\"Zawieszka \u201eSquare\u201d \u2013 srebro 925 i naturalny krzemie\u0144 pasiasty. \u0141a\u0144cuszek ankier w prezencie W76 - Jubiler Bomar\",\"isPartOf\":{\"@id\":\"https:\\\/\\\/jubiler-bomar.eu\\\/sklep\\\/#website\"},\"primaryImageOfPage\":{\"@id\":\"https:\\\/\\\/jubiler-bomar.eu\\\/sklep\\\/produkt\\\/zawieszka-square-srebro-925-i-naturalny-krzemien-pasiasty-lancuszek-ankier-w-prezencie-w76\\\/#primaryimage\"},\"image\":{\"@id\":\"https:\\\/\\\/jubiler-bomar.eu\\\/sklep\\\/produkt\\\/zawieszka-square-srebro-925-i-naturalny-krzemien-pasiasty-lancuszek-ankier-w-prezencie-w76\\\/#primaryimage\"},\"thumbnailUrl\":\"https:\\\/\\\/jubiler-bomar.eu\\\/sklep\\\/wp-content\\\/uploads\\\/2025\\\/10\\\/f74b0c63-3b06-42da-bb26-f9f2061b546f.jpg\",\"datePublished\":\"2025-10-29T11:34:02+00:00\",\"dateModified\":\"2026-04-07T23:20:20+00:00\",\"breadcrumb\":{\"@id\":\"https:\\\/\\\/jubiler-bomar.eu\\\/sklep\\\/produkt\\\/zawieszka-square-srebro-925-i-naturalny-krzemien-pasiasty-lancuszek-ankier-w-prezencie-w76\\\/#breadcrumb\"},\"inLanguage\":\"pl-PL\",\"potentialAction\":[{\"@type\":\"ReadAction\",\"target\":[\"https:\\\/\\\/jubiler-bomar.eu\\\/sklep\\\/produkt\\\/zawieszka-square-srebro-925-i-naturalny-krzemien-pasiasty-lancuszek-ankier-w-prezencie-w76\\\/\"]}]},{\"@type\":\"ImageObject\",\"inLanguage\":\"pl-PL\",\"@id\":\"https:\\\/\\\/jubiler-bomar.eu\\\/sklep\\\/produkt\\\/zawieszka-square-srebro-925-i-naturalny-krzemien-pasiasty-lancuszek-ankier-w-prezencie-w76\\\/#primaryimage\",\"url\":\"https:\\\/\\\/jubiler-bomar.eu\\\/sklep\\\/wp-content\\\/uploads\\\/2025\\\/10\\\/f74b0c63-3b06-42da-bb26-f9f2061b546f.jpg\",\"contentUrl\":\"https:\\\/\\\/jubiler-bomar.eu\\\/sklep\\\/wp-content\\\/uploads\\\/2025\\\/10\\\/f74b0c63-3b06-42da-bb26-f9f2061b546f.jpg\",\"width\":1024,\"height\":1024},{\"@type\":\"BreadcrumbList\",\"@id\":\"https:\\\/\\\/jubiler-bomar.eu\\\/sklep\\\/produkt\\\/zawieszka-square-srebro-925-i-naturalny-krzemien-pasiasty-lancuszek-ankier-w-prezencie-w76\\\/#breadcrumb\",\"itemListElement\":[{\"@type\":\"ListItem\",\"position\":1,\"name\":\"Strona g\u0142\u00f3wna\",\"item\":\"https:\\\/\\\/jubiler-bomar.eu\\\/sklep\\\/\"},{\"@type\":\"ListItem\",\"position\":2,\"name\":\"Sklep\",\"item\":\"https:\\\/\\\/jubiler-bomar.eu\\\/sklep\\\/sklep\\\/\"},{\"@type\":\"ListItem\",\"position\":3,\"name\":\"Zawieszka \u201eSquare\u201d \u2013 srebro 925 i naturalny krzemie\u0144 pasiasty. \u0141a\u0144cuszek ankier w prezencie W76\"}]},{\"@type\":\"WebSite\",\"@id\":\"https:\\\/\\\/jubiler-bomar.eu\\\/sklep\\\/#website\",\"url\":\"https:\\\/\\\/jubiler-bomar.eu\\\/sklep\\\/\",\"name\":\"Jubiler BOMAR\",\"description\":\"\",\"publisher\":{\"@id\":\"https:\\\/\\\/jubiler-bomar.eu\\\/sklep\\\/#organization\"},\"potentialAction\":[{\"@type\":\"SearchAction\",\"target\":{\"@type\":\"EntryPoint\",\"urlTemplate\":\"https:\\\/\\\/jubiler-bomar.eu\\\/sklep\\\/?s={search_term_string}\"},\"query-input\":{\"@type\":\"PropertyValueSpecification\",\"valueRequired\":true,\"valueName\":\"search_term_string\"}}],\"inLanguage\":\"pl-PL\"},{\"@type\":\"Organization\",\"@id\":\"https:\\\/\\\/jubiler-bomar.eu\\\/sklep\\\/#organization\",\"name\":\"Jubiler Bomar\",\"url\":\"https:\\\/\\\/jubiler-bomar.eu\\\/sklep\\\/\",\"logo\":{\"@type\":\"ImageObject\",\"inLanguage\":\"pl-PL\",\"@id\":\"https:\\\/\\\/jubiler-bomar.eu\\\/sklep\\\/#\\\/schema\\\/logo\\\/image\\\/\",\"url\":\"https:\\\/\\\/jubiler-bomar.eu\\\/sklep\\\/wp-content\\\/uploads\\\/2023\\\/02\\\/bomar-jubiler-logo-1.jpg\",\"contentUrl\":\"https:\\\/\\\/jubiler-bomar.eu\\\/sklep\\\/wp-content\\\/uploads\\\/2023\\\/02\\\/bomar-jubiler-logo-1.jpg\",\"width\":500,\"height\":156,\"caption\":\"Jubiler Bomar\"},\"image\":{\"@id\":\"https:\\\/\\\/jubiler-bomar.eu\\\/sklep\\\/#\\\/schema\\\/logo\\\/image\\\/\"},\"sameAs\":[\"https:\\\/\\\/www.facebook.com\\\/BomarJewellery\"]}]}<\/script>\n<!-- \/ Yoast SEO plugin. -->","yoast_head_json":{"title":"Zawieszka \u201eSquare\u201d \u2013 srebro 925 i naturalny krzemie\u0144 pasiasty. \u0141a\u0144cuszek ankier w prezencie W76 - Jubiler Bomar","robots":{"index":"index","follow":"follow","max-snippet":"max-snippet:-1","max-image-preview":"max-image-preview:large","max-video-preview":"max-video-preview:-1"},"canonical":"https:\/\/jubiler-bomar.eu\/sklep\/produkt\/zawieszka-square-srebro-925-i-naturalny-krzemien-pasiasty-lancuszek-ankier-w-prezencie-w76\/","og_locale":"pl_PL","og_type":"article","og_title":"Zawieszka \u201eSquare\u201d \u2013 srebro 925 i naturalny krzemie\u0144 pasiasty. \u0141a\u0144cuszek ankier w prezencie W76 - Jubiler Bomar","og_description":"Geometryczna forma i szlachetny rysunek naturalnego kamienia. Wisiorek \u201eSquare\u201d wykonany ze srebra pr\u00f3by 925, zabezpieczony przed ciemnieniem. Do ka\u017cdej zawieszki dodajemy \u0142a\u0144cuszek ankier diamentowany \u2013 gratis.       &nbsp;","og_url":"https:\/\/jubiler-bomar.eu\/sklep\/produkt\/zawieszka-square-srebro-925-i-naturalny-krzemien-pasiasty-lancuszek-ankier-w-prezencie-w76\/","og_site_name":"Jubiler Bomar","article_publisher":"https:\/\/www.facebook.com\/BomarJewellery","article_modified_time":"2026-04-07T23:20:20+00:00","og_image":[{"width":1024,"height":1024,"url":"https:\/\/jubiler-bomar.eu\/sklep\/wp-content\/uploads\/2025\/10\/f74b0c63-3b06-42da-bb26-f9f2061b546f.jpg","type":"image\/jpeg"}],"twitter_card":"summary_large_image","twitter_misc":{"Szacowany czas czytania":"1 minuta"},"schema":{"@context":"https:\/\/schema.org","@graph":[{"@type":"WebPage","@id":"https:\/\/jubiler-bomar.eu\/sklep\/produkt\/zawieszka-square-srebro-925-i-naturalny-krzemien-pasiasty-lancuszek-ankier-w-prezencie-w76\/","url":"https:\/\/jubiler-bomar.eu\/sklep\/produkt\/zawieszka-square-srebro-925-i-naturalny-krzemien-pasiasty-lancuszek-ankier-w-prezencie-w76\/","name":"Zawieszka \u201eSquare\u201d \u2013 srebro 925 i naturalny krzemie\u0144 pasiasty. \u0141a\u0144cuszek ankier w prezencie W76 - Jubiler Bomar","isPartOf":{"@id":"https:\/\/jubiler-bomar.eu\/sklep\/#website"},"primaryImageOfPage":{"@id":"https:\/\/jubiler-bomar.eu\/sklep\/produkt\/zawieszka-square-srebro-925-i-naturalny-krzemien-pasiasty-lancuszek-ankier-w-prezencie-w76\/#primaryimage"},"image":{"@id":"https:\/\/jubiler-bomar.eu\/sklep\/produkt\/zawieszka-square-srebro-925-i-naturalny-krzemien-pasiasty-lancuszek-ankier-w-prezencie-w76\/#primaryimage"},"thumbnailUrl":"https:\/\/jubiler-bomar.eu\/sklep\/wp-content\/uploads\/2025\/10\/f74b0c63-3b06-42da-bb26-f9f2061b546f.jpg","datePublished":"2025-10-29T11:34:02+00:00","dateModified":"2026-04-07T23:20:20+00:00","breadcrumb":{"@id":"https:\/\/jubiler-bomar.eu\/sklep\/produkt\/zawieszka-square-srebro-925-i-naturalny-krzemien-pasiasty-lancuszek-ankier-w-prezencie-w76\/#breadcrumb"},"inLanguage":"pl-PL","potentialAction":[{"@type":"ReadAction","target":["https:\/\/jubiler-bomar.eu\/sklep\/produkt\/zawieszka-square-srebro-925-i-naturalny-krzemien-pasiasty-lancuszek-ankier-w-prezencie-w76\/"]}]},{"@type":"ImageObject","inLanguage":"pl-PL","@id":"https:\/\/jubiler-bomar.eu\/sklep\/produkt\/zawieszka-square-srebro-925-i-naturalny-krzemien-pasiasty-lancuszek-ankier-w-prezencie-w76\/#primaryimage","url":"https:\/\/jubiler-bomar.eu\/sklep\/wp-content\/uploads\/2025\/10\/f74b0c63-3b06-42da-bb26-f9f2061b546f.jpg","contentUrl":"https:\/\/jubiler-bomar.eu\/sklep\/wp-content\/uploads\/2025\/10\/f74b0c63-3b06-42da-bb26-f9f2061b546f.jpg","width":1024,"height":1024},{"@type":"BreadcrumbList","@id":"https:\/\/jubiler-bomar.eu\/sklep\/produkt\/zawieszka-square-srebro-925-i-naturalny-krzemien-pasiasty-lancuszek-ankier-w-prezencie-w76\/#breadcrumb","itemListElement":[{"@type":"ListItem","position":1,"name":"Strona g\u0142\u00f3wna","item":"https:\/\/jubiler-bomar.eu\/sklep\/"},{"@type":"ListItem","position":2,"name":"Sklep","item":"https:\/\/jubiler-bomar.eu\/sklep\/sklep\/"},{"@type":"ListItem","position":3,"name":"Zawieszka \u201eSquare\u201d \u2013 srebro 925 i naturalny krzemie\u0144 pasiasty. \u0141a\u0144cuszek ankier w prezencie W76"}]},{"@type":"WebSite","@id":"https:\/\/jubiler-bomar.eu\/sklep\/#website","url":"https:\/\/jubiler-bomar.eu\/sklep\/","name":"Jubiler BOMAR","description":"","publisher":{"@id":"https:\/\/jubiler-bomar.eu\/sklep\/#organization"},"potentialAction":[{"@type":"SearchAction","target":{"@type":"EntryPoint","urlTemplate":"https:\/\/jubiler-bomar.eu\/sklep\/?s={search_term_string}"},"query-input":{"@type":"PropertyValueSpecification","valueRequired":true,"valueName":"search_term_string"}}],"inLanguage":"pl-PL"},{"@type":"Organization","@id":"https:\/\/jubiler-bomar.eu\/sklep\/#organization","name":"Jubiler Bomar","url":"https:\/\/jubiler-bomar.eu\/sklep\/","logo":{"@type":"ImageObject","inLanguage":"pl-PL","@id":"https:\/\/jubiler-bomar.eu\/sklep\/#\/schema\/logo\/image\/","url":"https:\/\/jubiler-bomar.eu\/sklep\/wp-content\/uploads\/2023\/02\/bomar-jubiler-logo-1.jpg","contentUrl":"https:\/\/jubiler-bomar.eu\/sklep\/wp-content\/uploads\/2023\/02\/bomar-jubiler-logo-1.jpg","width":500,"height":156,"caption":"Jubiler Bomar"},"image":{"@id":"https:\/\/jubiler-bomar.eu\/sklep\/#\/schema\/logo\/image\/"},"sameAs":["https:\/\/www.facebook.com\/BomarJewellery"]}]}},"_links":{"self":[{"href":"https:\/\/jubiler-bomar.eu\/sklep\/wp-json\/wp\/v2\/product\/7693","targetHints":{"allow":["GET"]}}],"collection":[{"href":"https:\/\/jubiler-bomar.eu\/sklep\/wp-json\/wp\/v2\/product"}],"about":[{"href":"https:\/\/jubiler-bomar.eu\/sklep\/wp-json\/wp\/v2\/types\/product"}],"wp:featuredmedia":[{"embeddable":true,"href":"https:\/\/jubiler-bomar.eu\/sklep\/wp-json\/wp\/v2\/media\/7694"}],"wp:attachment":[{"href":"https:\/\/jubiler-bomar.eu\/sklep\/wp-json\/wp\/v2\/media?parent=7693"}],"wp:term":[{"taxonomy":"product_brand","embeddable":true,"href":"https:\/\/jubiler-bomar.eu\/sklep\/wp-json\/wp\/v2\/product_brand?post=7693"},{"taxonomy":"product_cat","embeddable":true,"href":"https:\/\/jubiler-bomar.eu\/sklep\/wp-json\/wp\/v2\/product_cat?post=7693"},{"taxonomy":"product_tag","embeddable":true,"href":"https:\/\/jubiler-bomar.eu\/sklep\/wp-json\/wp\/v2\/product_tag?post=7693"}],"curies":[{"name":"wp","href":"https:\/\/api.w.org\/{rel}","templated":true}]}}