{"id":7707,"date":"2025-10-29T13:46:30","date_gmt":"2025-10-29T12:46:30","guid":{"rendered":"https:\/\/jubiler-bomar.eu\/sklep\/?post_type=product&#038;p=7707"},"modified":"2026-04-08T01:17:18","modified_gmt":"2026-04-07T23:17:18","slug":"elegancka-bransoletka-srebrna-925-kamien-krzemien-pasiasty-regulowana-bs57","status":"publish","type":"product","link":"https:\/\/jubiler-bomar.eu\/sklep\/produkt\/elegancka-bransoletka-srebrna-925-kamien-krzemien-pasiasty-regulowana-bs57\/","title":{"rendered":"Elegancka bransoletka srebrna 925, kamie\u0144 krzemie\u0144 pasiasty, regulowana BS57"},"content":{"rendered":"<div class=\"mpof_ki myre_zn myre_8v_l m389_6m_l\">\n<div class=\"mp4t_16_s mryx_16_s mr3m_1 mli2_1 mh85_56 mh85_0_l\">\n<div class=\"mgn2_16 _0d3bd_am0a-\">\n<p><b>Certyfikat &amp; ulotka PL\/EN<\/b><\/p>\n<p>Do ka\u017cdej sztuki do\u0142\u0105czamy certyfikat autentyczno\u015bci oraz kr\u00f3tk\u0105 ulotk\u0119 o krzemieniu pasiastym w j\u0119zyku polskim i angielskim.<\/p>\n<div class=\"mp4t_16_s mryx_16_s mr3m_1 mli2_1 mh85_56 mh85_0_l\">\n<div class=\"mgn2_16 _0d3bd_am0a-\">\n<p><b>Pakowanie na prezent<\/b><\/p>\n<p>Eleganckie pude\u0142ko firmowe Jubiler BOMAR.<\/p>\n<\/div>\n<\/div>\n<p>&nbsp;<\/p>\n<\/div>\n<\/div>\n<\/div>\n","protected":false},"excerpt":{"rendered":"<p>Bransoleta ze srebra pr\u00f3by 925 z centralnym elementem i naturalnym <b>krzemieniem pasiastym<\/b>. Regulowana d\u0142ugo\u015b\u0107 18\u201321 cm zapewnia wygodne dopasowanie, a zabezpieczenie srebra przed ciemnieniem u\u0142atwia piel\u0119gnacj\u0119.<\/p>\n","protected":false},"featured_media":7708,"template":"","meta":{"_et_pb_use_builder":"","_et_pb_old_content":"","_et_gb_content_width":""},"product_brand":[],"product_cat":[953,607,962],"product_tag":[],"class_list":{"0":"post-7707","1":"product","2":"type-product","3":"status-publish","4":"has-post-thumbnail","6":"product_cat-bizuteria-z-krzemieniem-pasiastym","7":"product_cat-bransoletki","8":"product_cat-bransoletki-krzemien-pasiasty","9":"pa_dlugosc-cm-401","10":"pa_dlugosc-cm-300-przedluzka","11":"pa_kolor-srebrny","12":"pa_material-srebro","13":"pa_proba-87","14":"pa_producent-bomar","15":"pa_rodzaj-kamienia-krzemien-pasiasty","16":"pa_rodzaj-zapiecia-karabinczyk","17":"pa_szerokosc-870","18":"pa_termin-realizacji-1-dzien-roboczy","19":"pa_wysokosc-827","21":"first","22":"instock","23":"taxable","24":"shipping-taxable","25":"purchasable","26":"product-type-simple"},"yoast_head":"<!-- This site is optimized with the Yoast SEO plugin v27.4 - https:\/\/yoast.com\/product\/yoast-seo-wordpress\/ -->\n<title>Elegancka bransoletka srebrna 925, kamie\u0144 krzemie\u0144 pasiasty, regulowana BS57 - Jubiler Bomar<\/title>\n<meta name=\"robots\" content=\"index, follow, max-snippet:-1, max-image-preview:large, max-video-preview:-1\" \/>\n<link rel=\"canonical\" href=\"https:\/\/jubiler-bomar.eu\/sklep\/produkt\/elegancka-bransoletka-srebrna-925-kamien-krzemien-pasiasty-regulowana-bs57\/\" \/>\n<meta property=\"og:locale\" content=\"pl_PL\" \/>\n<meta property=\"og:type\" content=\"article\" \/>\n<meta property=\"og:title\" content=\"Elegancka bransoletka srebrna 925, kamie\u0144 krzemie\u0144 pasiasty, regulowana BS57 - Jubiler Bomar\" \/>\n<meta property=\"og:description\" content=\"Bransoleta ze srebra pr\u00f3by 925 z centralnym elementem i naturalnym krzemieniem pasiastym. Regulowana d\u0142ugo\u015b\u0107 18\u201321 cm zapewnia wygodne dopasowanie, a zabezpieczenie srebra przed ciemnieniem u\u0142atwia piel\u0119gnacj\u0119.\" \/>\n<meta property=\"og:url\" content=\"https:\/\/jubiler-bomar.eu\/sklep\/produkt\/elegancka-bransoletka-srebrna-925-kamien-krzemien-pasiasty-regulowana-bs57\/\" \/>\n<meta property=\"og:site_name\" content=\"Jubiler Bomar\" \/>\n<meta property=\"article:publisher\" content=\"https:\/\/www.facebook.com\/BomarJewellery\" \/>\n<meta property=\"article:modified_time\" content=\"2026-04-07T23:17:18+00:00\" \/>\n<meta property=\"og:image\" content=\"https:\/\/jubiler-bomar.eu\/sklep\/wp-content\/uploads\/2025\/10\/653a7df2-5b42-42e5-a984-60ebf5e0b931.jpg\" \/>\n\t<meta property=\"og:image:width\" content=\"1024\" \/>\n\t<meta property=\"og:image:height\" content=\"1024\" \/>\n\t<meta property=\"og:image:type\" content=\"image\/jpeg\" \/>\n<meta name=\"twitter:card\" content=\"summary_large_image\" \/>\n<meta name=\"twitter:label1\" content=\"Szacowany czas czytania\" \/>\n\t<meta name=\"twitter:data1\" content=\"1 minuta\" \/>\n<script type=\"application\/ld+json\" class=\"yoast-schema-graph\">{\"@context\":\"https:\\\/\\\/schema.org\",\"@graph\":[{\"@type\":\"WebPage\",\"@id\":\"https:\\\/\\\/jubiler-bomar.eu\\\/sklep\\\/produkt\\\/elegancka-bransoletka-srebrna-925-kamien-krzemien-pasiasty-regulowana-bs57\\\/\",\"url\":\"https:\\\/\\\/jubiler-bomar.eu\\\/sklep\\\/produkt\\\/elegancka-bransoletka-srebrna-925-kamien-krzemien-pasiasty-regulowana-bs57\\\/\",\"name\":\"Elegancka bransoletka srebrna 925, kamie\u0144 krzemie\u0144 pasiasty, regulowana BS57 - Jubiler Bomar\",\"isPartOf\":{\"@id\":\"https:\\\/\\\/jubiler-bomar.eu\\\/sklep\\\/#website\"},\"primaryImageOfPage\":{\"@id\":\"https:\\\/\\\/jubiler-bomar.eu\\\/sklep\\\/produkt\\\/elegancka-bransoletka-srebrna-925-kamien-krzemien-pasiasty-regulowana-bs57\\\/#primaryimage\"},\"image\":{\"@id\":\"https:\\\/\\\/jubiler-bomar.eu\\\/sklep\\\/produkt\\\/elegancka-bransoletka-srebrna-925-kamien-krzemien-pasiasty-regulowana-bs57\\\/#primaryimage\"},\"thumbnailUrl\":\"https:\\\/\\\/jubiler-bomar.eu\\\/sklep\\\/wp-content\\\/uploads\\\/2025\\\/10\\\/653a7df2-5b42-42e5-a984-60ebf5e0b931.jpg\",\"datePublished\":\"2025-10-29T12:46:30+00:00\",\"dateModified\":\"2026-04-07T23:17:18+00:00\",\"breadcrumb\":{\"@id\":\"https:\\\/\\\/jubiler-bomar.eu\\\/sklep\\\/produkt\\\/elegancka-bransoletka-srebrna-925-kamien-krzemien-pasiasty-regulowana-bs57\\\/#breadcrumb\"},\"inLanguage\":\"pl-PL\",\"potentialAction\":[{\"@type\":\"ReadAction\",\"target\":[\"https:\\\/\\\/jubiler-bomar.eu\\\/sklep\\\/produkt\\\/elegancka-bransoletka-srebrna-925-kamien-krzemien-pasiasty-regulowana-bs57\\\/\"]}]},{\"@type\":\"ImageObject\",\"inLanguage\":\"pl-PL\",\"@id\":\"https:\\\/\\\/jubiler-bomar.eu\\\/sklep\\\/produkt\\\/elegancka-bransoletka-srebrna-925-kamien-krzemien-pasiasty-regulowana-bs57\\\/#primaryimage\",\"url\":\"https:\\\/\\\/jubiler-bomar.eu\\\/sklep\\\/wp-content\\\/uploads\\\/2025\\\/10\\\/653a7df2-5b42-42e5-a984-60ebf5e0b931.jpg\",\"contentUrl\":\"https:\\\/\\\/jubiler-bomar.eu\\\/sklep\\\/wp-content\\\/uploads\\\/2025\\\/10\\\/653a7df2-5b42-42e5-a984-60ebf5e0b931.jpg\",\"width\":1024,\"height\":1024},{\"@type\":\"BreadcrumbList\",\"@id\":\"https:\\\/\\\/jubiler-bomar.eu\\\/sklep\\\/produkt\\\/elegancka-bransoletka-srebrna-925-kamien-krzemien-pasiasty-regulowana-bs57\\\/#breadcrumb\",\"itemListElement\":[{\"@type\":\"ListItem\",\"position\":1,\"name\":\"Strona g\u0142\u00f3wna\",\"item\":\"https:\\\/\\\/jubiler-bomar.eu\\\/sklep\\\/\"},{\"@type\":\"ListItem\",\"position\":2,\"name\":\"Sklep\",\"item\":\"https:\\\/\\\/jubiler-bomar.eu\\\/sklep\\\/sklep\\\/\"},{\"@type\":\"ListItem\",\"position\":3,\"name\":\"Elegancka bransoletka srebrna 925, kamie\u0144 krzemie\u0144 pasiasty, regulowana BS57\"}]},{\"@type\":\"WebSite\",\"@id\":\"https:\\\/\\\/jubiler-bomar.eu\\\/sklep\\\/#website\",\"url\":\"https:\\\/\\\/jubiler-bomar.eu\\\/sklep\\\/\",\"name\":\"Jubiler BOMAR\",\"description\":\"\",\"publisher\":{\"@id\":\"https:\\\/\\\/jubiler-bomar.eu\\\/sklep\\\/#organization\"},\"potentialAction\":[{\"@type\":\"SearchAction\",\"target\":{\"@type\":\"EntryPoint\",\"urlTemplate\":\"https:\\\/\\\/jubiler-bomar.eu\\\/sklep\\\/?s={search_term_string}\"},\"query-input\":{\"@type\":\"PropertyValueSpecification\",\"valueRequired\":true,\"valueName\":\"search_term_string\"}}],\"inLanguage\":\"pl-PL\"},{\"@type\":\"Organization\",\"@id\":\"https:\\\/\\\/jubiler-bomar.eu\\\/sklep\\\/#organization\",\"name\":\"Jubiler Bomar\",\"url\":\"https:\\\/\\\/jubiler-bomar.eu\\\/sklep\\\/\",\"logo\":{\"@type\":\"ImageObject\",\"inLanguage\":\"pl-PL\",\"@id\":\"https:\\\/\\\/jubiler-bomar.eu\\\/sklep\\\/#\\\/schema\\\/logo\\\/image\\\/\",\"url\":\"https:\\\/\\\/jubiler-bomar.eu\\\/sklep\\\/wp-content\\\/uploads\\\/2023\\\/02\\\/bomar-jubiler-logo-1.jpg\",\"contentUrl\":\"https:\\\/\\\/jubiler-bomar.eu\\\/sklep\\\/wp-content\\\/uploads\\\/2023\\\/02\\\/bomar-jubiler-logo-1.jpg\",\"width\":500,\"height\":156,\"caption\":\"Jubiler Bomar\"},\"image\":{\"@id\":\"https:\\\/\\\/jubiler-bomar.eu\\\/sklep\\\/#\\\/schema\\\/logo\\\/image\\\/\"},\"sameAs\":[\"https:\\\/\\\/www.facebook.com\\\/BomarJewellery\"]}]}<\/script>\n<!-- \/ Yoast SEO plugin. -->","yoast_head_json":{"title":"Elegancka bransoletka srebrna 925, kamie\u0144 krzemie\u0144 pasiasty, regulowana BS57 - Jubiler Bomar","robots":{"index":"index","follow":"follow","max-snippet":"max-snippet:-1","max-image-preview":"max-image-preview:large","max-video-preview":"max-video-preview:-1"},"canonical":"https:\/\/jubiler-bomar.eu\/sklep\/produkt\/elegancka-bransoletka-srebrna-925-kamien-krzemien-pasiasty-regulowana-bs57\/","og_locale":"pl_PL","og_type":"article","og_title":"Elegancka bransoletka srebrna 925, kamie\u0144 krzemie\u0144 pasiasty, regulowana BS57 - Jubiler Bomar","og_description":"Bransoleta ze srebra pr\u00f3by 925 z centralnym elementem i naturalnym krzemieniem pasiastym. Regulowana d\u0142ugo\u015b\u0107 18\u201321 cm zapewnia wygodne dopasowanie, a zabezpieczenie srebra przed ciemnieniem u\u0142atwia piel\u0119gnacj\u0119.","og_url":"https:\/\/jubiler-bomar.eu\/sklep\/produkt\/elegancka-bransoletka-srebrna-925-kamien-krzemien-pasiasty-regulowana-bs57\/","og_site_name":"Jubiler Bomar","article_publisher":"https:\/\/www.facebook.com\/BomarJewellery","article_modified_time":"2026-04-07T23:17:18+00:00","og_image":[{"width":1024,"height":1024,"url":"https:\/\/jubiler-bomar.eu\/sklep\/wp-content\/uploads\/2025\/10\/653a7df2-5b42-42e5-a984-60ebf5e0b931.jpg","type":"image\/jpeg"}],"twitter_card":"summary_large_image","twitter_misc":{"Szacowany czas czytania":"1 minuta"},"schema":{"@context":"https:\/\/schema.org","@graph":[{"@type":"WebPage","@id":"https:\/\/jubiler-bomar.eu\/sklep\/produkt\/elegancka-bransoletka-srebrna-925-kamien-krzemien-pasiasty-regulowana-bs57\/","url":"https:\/\/jubiler-bomar.eu\/sklep\/produkt\/elegancka-bransoletka-srebrna-925-kamien-krzemien-pasiasty-regulowana-bs57\/","name":"Elegancka bransoletka srebrna 925, kamie\u0144 krzemie\u0144 pasiasty, regulowana BS57 - Jubiler Bomar","isPartOf":{"@id":"https:\/\/jubiler-bomar.eu\/sklep\/#website"},"primaryImageOfPage":{"@id":"https:\/\/jubiler-bomar.eu\/sklep\/produkt\/elegancka-bransoletka-srebrna-925-kamien-krzemien-pasiasty-regulowana-bs57\/#primaryimage"},"image":{"@id":"https:\/\/jubiler-bomar.eu\/sklep\/produkt\/elegancka-bransoletka-srebrna-925-kamien-krzemien-pasiasty-regulowana-bs57\/#primaryimage"},"thumbnailUrl":"https:\/\/jubiler-bomar.eu\/sklep\/wp-content\/uploads\/2025\/10\/653a7df2-5b42-42e5-a984-60ebf5e0b931.jpg","datePublished":"2025-10-29T12:46:30+00:00","dateModified":"2026-04-07T23:17:18+00:00","breadcrumb":{"@id":"https:\/\/jubiler-bomar.eu\/sklep\/produkt\/elegancka-bransoletka-srebrna-925-kamien-krzemien-pasiasty-regulowana-bs57\/#breadcrumb"},"inLanguage":"pl-PL","potentialAction":[{"@type":"ReadAction","target":["https:\/\/jubiler-bomar.eu\/sklep\/produkt\/elegancka-bransoletka-srebrna-925-kamien-krzemien-pasiasty-regulowana-bs57\/"]}]},{"@type":"ImageObject","inLanguage":"pl-PL","@id":"https:\/\/jubiler-bomar.eu\/sklep\/produkt\/elegancka-bransoletka-srebrna-925-kamien-krzemien-pasiasty-regulowana-bs57\/#primaryimage","url":"https:\/\/jubiler-bomar.eu\/sklep\/wp-content\/uploads\/2025\/10\/653a7df2-5b42-42e5-a984-60ebf5e0b931.jpg","contentUrl":"https:\/\/jubiler-bomar.eu\/sklep\/wp-content\/uploads\/2025\/10\/653a7df2-5b42-42e5-a984-60ebf5e0b931.jpg","width":1024,"height":1024},{"@type":"BreadcrumbList","@id":"https:\/\/jubiler-bomar.eu\/sklep\/produkt\/elegancka-bransoletka-srebrna-925-kamien-krzemien-pasiasty-regulowana-bs57\/#breadcrumb","itemListElement":[{"@type":"ListItem","position":1,"name":"Strona g\u0142\u00f3wna","item":"https:\/\/jubiler-bomar.eu\/sklep\/"},{"@type":"ListItem","position":2,"name":"Sklep","item":"https:\/\/jubiler-bomar.eu\/sklep\/sklep\/"},{"@type":"ListItem","position":3,"name":"Elegancka bransoletka srebrna 925, kamie\u0144 krzemie\u0144 pasiasty, regulowana BS57"}]},{"@type":"WebSite","@id":"https:\/\/jubiler-bomar.eu\/sklep\/#website","url":"https:\/\/jubiler-bomar.eu\/sklep\/","name":"Jubiler BOMAR","description":"","publisher":{"@id":"https:\/\/jubiler-bomar.eu\/sklep\/#organization"},"potentialAction":[{"@type":"SearchAction","target":{"@type":"EntryPoint","urlTemplate":"https:\/\/jubiler-bomar.eu\/sklep\/?s={search_term_string}"},"query-input":{"@type":"PropertyValueSpecification","valueRequired":true,"valueName":"search_term_string"}}],"inLanguage":"pl-PL"},{"@type":"Organization","@id":"https:\/\/jubiler-bomar.eu\/sklep\/#organization","name":"Jubiler Bomar","url":"https:\/\/jubiler-bomar.eu\/sklep\/","logo":{"@type":"ImageObject","inLanguage":"pl-PL","@id":"https:\/\/jubiler-bomar.eu\/sklep\/#\/schema\/logo\/image\/","url":"https:\/\/jubiler-bomar.eu\/sklep\/wp-content\/uploads\/2023\/02\/bomar-jubiler-logo-1.jpg","contentUrl":"https:\/\/jubiler-bomar.eu\/sklep\/wp-content\/uploads\/2023\/02\/bomar-jubiler-logo-1.jpg","width":500,"height":156,"caption":"Jubiler Bomar"},"image":{"@id":"https:\/\/jubiler-bomar.eu\/sklep\/#\/schema\/logo\/image\/"},"sameAs":["https:\/\/www.facebook.com\/BomarJewellery"]}]}},"_links":{"self":[{"href":"https:\/\/jubiler-bomar.eu\/sklep\/wp-json\/wp\/v2\/product\/7707","targetHints":{"allow":["GET"]}}],"collection":[{"href":"https:\/\/jubiler-bomar.eu\/sklep\/wp-json\/wp\/v2\/product"}],"about":[{"href":"https:\/\/jubiler-bomar.eu\/sklep\/wp-json\/wp\/v2\/types\/product"}],"wp:featuredmedia":[{"embeddable":true,"href":"https:\/\/jubiler-bomar.eu\/sklep\/wp-json\/wp\/v2\/media\/7708"}],"wp:attachment":[{"href":"https:\/\/jubiler-bomar.eu\/sklep\/wp-json\/wp\/v2\/media?parent=7707"}],"wp:term":[{"taxonomy":"product_brand","embeddable":true,"href":"https:\/\/jubiler-bomar.eu\/sklep\/wp-json\/wp\/v2\/product_brand?post=7707"},{"taxonomy":"product_cat","embeddable":true,"href":"https:\/\/jubiler-bomar.eu\/sklep\/wp-json\/wp\/v2\/product_cat?post=7707"},{"taxonomy":"product_tag","embeddable":true,"href":"https:\/\/jubiler-bomar.eu\/sklep\/wp-json\/wp\/v2\/product_tag?post=7707"}],"curies":[{"name":"wp","href":"https:\/\/api.w.org\/{rel}","templated":true}]}}