{"id":7721,"date":"2025-10-29T14:36:50","date_gmt":"2025-10-29T13:36:50","guid":{"rendered":"https:\/\/jubiler-bomar.eu\/sklep\/?post_type=product&#038;p=7721"},"modified":"2025-10-29T14:36:50","modified_gmt":"2025-10-29T13:36:50","slug":"kolczyki-srebrne-srebro-925-z-kamieniem-naturalnym-tygrysie-oko-kp26","status":"publish","type":"product","link":"https:\/\/jubiler-bomar.eu\/sklep\/produkt\/kolczyki-srebrne-srebro-925-z-kamieniem-naturalnym-tygrysie-oko-kp26\/","title":{"rendered":"Kolczyki srebrne Srebro 925 z kamieniem naturalnym Tygrysie Oko KP26"},"content":{"rendered":"<p>Zawarto\u015b\u0107 zestawu<\/p>\n<p>Kolczyki srebro 925 z kamieniem Tygrysie Oko (para)<br \/>\nEleganckie pude\u0142ko prezentowe<br \/>\nCertyfikat jako\u015bci<\/p>\n","protected":false},"excerpt":{"rendered":"<p>Poznaj kolczyki, kt\u00f3re \u0142\u0105cz\u0105 szlachetny po\u0142ysk srebra Ag 925 z niepowtarzaln\u0105 g\u0142\u0119bi\u0105 kamienia <b>Tygrysie Oko<\/b>. Owalne kaboszony pi\u0119knie \u201eo\u017cywaj\u0105\u201d w \u015bwietle, a ch\u0142odny, look oprawy podkre\u015bla ich z\u0142ocisto-br\u0105zow\u0105, \u201e<b>kocie oko<\/b>\u201d chatoyancj\u0119. To bi\u017cuteria na co dzie\u0144 i od \u015bwi\u0119ta \u2014 <b>elegancka<\/b>, wygodna i odporna na ciemnienie.<\/p>\n","protected":false},"featured_media":7722,"template":"","meta":{"_et_pb_use_builder":"","_et_pb_old_content":"","_et_gb_content_width":""},"product_brand":[],"product_cat":[605],"product_tag":[],"class_list":{"0":"post-7721","1":"product","2":"type-product","3":"status-publish","4":"has-post-thumbnail","6":"product_cat-kolczyki","7":"pa_dlugosc-772","8":"pa_dlugosc-z-zapieciem","9":"pa_kolor-odcienie-brazu","10":"pa_kolor-srebrny","11":"pa_material-srebro","12":"pa_proba-87","13":"pa_producent-bomar","14":"pa_rodzaj-kamienia-tygrysie-oko","15":"pa_rodzaj-zapiecia-bigiel-zamkniety","16":"pa_szerokosc-871","17":"pa_termin-realizacji-1-dzien-roboczy","19":"first","20":"instock","21":"taxable","22":"shipping-taxable","23":"purchasable","24":"product-type-simple"},"yoast_head":"<!-- This site is optimized with the Yoast SEO plugin v27.4 - https:\/\/yoast.com\/product\/yoast-seo-wordpress\/ -->\n<title>Kolczyki srebrne Srebro 925 z kamieniem naturalnym Tygrysie Oko KP26 - Jubiler Bomar<\/title>\n<meta name=\"robots\" content=\"index, follow, max-snippet:-1, max-image-preview:large, max-video-preview:-1\" \/>\n<link rel=\"canonical\" href=\"https:\/\/jubiler-bomar.eu\/sklep\/produkt\/kolczyki-srebrne-srebro-925-z-kamieniem-naturalnym-tygrysie-oko-kp26\/\" \/>\n<meta property=\"og:locale\" content=\"pl_PL\" \/>\n<meta property=\"og:type\" content=\"article\" \/>\n<meta property=\"og:title\" content=\"Kolczyki srebrne Srebro 925 z kamieniem naturalnym Tygrysie Oko KP26 - Jubiler Bomar\" \/>\n<meta property=\"og:description\" content=\"Poznaj kolczyki, kt\u00f3re \u0142\u0105cz\u0105 szlachetny po\u0142ysk srebra Ag 925 z niepowtarzaln\u0105 g\u0142\u0119bi\u0105 kamienia Tygrysie Oko. Owalne kaboszony pi\u0119knie \u201eo\u017cywaj\u0105\u201d w \u015bwietle, a ch\u0142odny, look oprawy podkre\u015bla ich z\u0142ocisto-br\u0105zow\u0105, \u201ekocie oko\u201d chatoyancj\u0119. To bi\u017cuteria na co dzie\u0144 i od \u015bwi\u0119ta \u2014 elegancka, wygodna i odporna na ciemnienie.\" \/>\n<meta property=\"og:url\" content=\"https:\/\/jubiler-bomar.eu\/sklep\/produkt\/kolczyki-srebrne-srebro-925-z-kamieniem-naturalnym-tygrysie-oko-kp26\/\" \/>\n<meta property=\"og:site_name\" content=\"Jubiler Bomar\" \/>\n<meta property=\"article:publisher\" content=\"https:\/\/www.facebook.com\/BomarJewellery\" \/>\n<meta property=\"og:image\" content=\"https:\/\/jubiler-bomar.eu\/sklep\/wp-content\/uploads\/2025\/10\/f85070eb-1439-4991-a9ca-2c15aa8ba58f.png\" \/>\n\t<meta property=\"og:image:width\" content=\"1024\" \/>\n\t<meta property=\"og:image:height\" content=\"1024\" \/>\n\t<meta property=\"og:image:type\" content=\"image\/png\" \/>\n<meta name=\"twitter:card\" content=\"summary_large_image\" \/>\n<meta name=\"twitter:label1\" content=\"Szacowany czas czytania\" \/>\n\t<meta name=\"twitter:data1\" content=\"1 minuta\" \/>\n<script type=\"application\/ld+json\" class=\"yoast-schema-graph\">{\"@context\":\"https:\\\/\\\/schema.org\",\"@graph\":[{\"@type\":\"WebPage\",\"@id\":\"https:\\\/\\\/jubiler-bomar.eu\\\/sklep\\\/produkt\\\/kolczyki-srebrne-srebro-925-z-kamieniem-naturalnym-tygrysie-oko-kp26\\\/\",\"url\":\"https:\\\/\\\/jubiler-bomar.eu\\\/sklep\\\/produkt\\\/kolczyki-srebrne-srebro-925-z-kamieniem-naturalnym-tygrysie-oko-kp26\\\/\",\"name\":\"Kolczyki srebrne Srebro 925 z kamieniem naturalnym Tygrysie Oko KP26 - Jubiler Bomar\",\"isPartOf\":{\"@id\":\"https:\\\/\\\/jubiler-bomar.eu\\\/sklep\\\/#website\"},\"primaryImageOfPage\":{\"@id\":\"https:\\\/\\\/jubiler-bomar.eu\\\/sklep\\\/produkt\\\/kolczyki-srebrne-srebro-925-z-kamieniem-naturalnym-tygrysie-oko-kp26\\\/#primaryimage\"},\"image\":{\"@id\":\"https:\\\/\\\/jubiler-bomar.eu\\\/sklep\\\/produkt\\\/kolczyki-srebrne-srebro-925-z-kamieniem-naturalnym-tygrysie-oko-kp26\\\/#primaryimage\"},\"thumbnailUrl\":\"https:\\\/\\\/jubiler-bomar.eu\\\/sklep\\\/wp-content\\\/uploads\\\/2025\\\/10\\\/f85070eb-1439-4991-a9ca-2c15aa8ba58f.png\",\"datePublished\":\"2025-10-29T13:36:50+00:00\",\"breadcrumb\":{\"@id\":\"https:\\\/\\\/jubiler-bomar.eu\\\/sklep\\\/produkt\\\/kolczyki-srebrne-srebro-925-z-kamieniem-naturalnym-tygrysie-oko-kp26\\\/#breadcrumb\"},\"inLanguage\":\"pl-PL\",\"potentialAction\":[{\"@type\":\"ReadAction\",\"target\":[\"https:\\\/\\\/jubiler-bomar.eu\\\/sklep\\\/produkt\\\/kolczyki-srebrne-srebro-925-z-kamieniem-naturalnym-tygrysie-oko-kp26\\\/\"]}]},{\"@type\":\"ImageObject\",\"inLanguage\":\"pl-PL\",\"@id\":\"https:\\\/\\\/jubiler-bomar.eu\\\/sklep\\\/produkt\\\/kolczyki-srebrne-srebro-925-z-kamieniem-naturalnym-tygrysie-oko-kp26\\\/#primaryimage\",\"url\":\"https:\\\/\\\/jubiler-bomar.eu\\\/sklep\\\/wp-content\\\/uploads\\\/2025\\\/10\\\/f85070eb-1439-4991-a9ca-2c15aa8ba58f.png\",\"contentUrl\":\"https:\\\/\\\/jubiler-bomar.eu\\\/sklep\\\/wp-content\\\/uploads\\\/2025\\\/10\\\/f85070eb-1439-4991-a9ca-2c15aa8ba58f.png\",\"width\":1024,\"height\":1024},{\"@type\":\"BreadcrumbList\",\"@id\":\"https:\\\/\\\/jubiler-bomar.eu\\\/sklep\\\/produkt\\\/kolczyki-srebrne-srebro-925-z-kamieniem-naturalnym-tygrysie-oko-kp26\\\/#breadcrumb\",\"itemListElement\":[{\"@type\":\"ListItem\",\"position\":1,\"name\":\"Strona g\u0142\u00f3wna\",\"item\":\"https:\\\/\\\/jubiler-bomar.eu\\\/sklep\\\/\"},{\"@type\":\"ListItem\",\"position\":2,\"name\":\"Sklep\",\"item\":\"https:\\\/\\\/jubiler-bomar.eu\\\/sklep\\\/sklep\\\/\"},{\"@type\":\"ListItem\",\"position\":3,\"name\":\"Kolczyki srebrne Srebro 925 z kamieniem naturalnym Tygrysie Oko KP26\"}]},{\"@type\":\"WebSite\",\"@id\":\"https:\\\/\\\/jubiler-bomar.eu\\\/sklep\\\/#website\",\"url\":\"https:\\\/\\\/jubiler-bomar.eu\\\/sklep\\\/\",\"name\":\"Jubiler BOMAR\",\"description\":\"\",\"publisher\":{\"@id\":\"https:\\\/\\\/jubiler-bomar.eu\\\/sklep\\\/#organization\"},\"potentialAction\":[{\"@type\":\"SearchAction\",\"target\":{\"@type\":\"EntryPoint\",\"urlTemplate\":\"https:\\\/\\\/jubiler-bomar.eu\\\/sklep\\\/?s={search_term_string}\"},\"query-input\":{\"@type\":\"PropertyValueSpecification\",\"valueRequired\":true,\"valueName\":\"search_term_string\"}}],\"inLanguage\":\"pl-PL\"},{\"@type\":\"Organization\",\"@id\":\"https:\\\/\\\/jubiler-bomar.eu\\\/sklep\\\/#organization\",\"name\":\"Jubiler Bomar\",\"url\":\"https:\\\/\\\/jubiler-bomar.eu\\\/sklep\\\/\",\"logo\":{\"@type\":\"ImageObject\",\"inLanguage\":\"pl-PL\",\"@id\":\"https:\\\/\\\/jubiler-bomar.eu\\\/sklep\\\/#\\\/schema\\\/logo\\\/image\\\/\",\"url\":\"https:\\\/\\\/jubiler-bomar.eu\\\/sklep\\\/wp-content\\\/uploads\\\/2023\\\/02\\\/bomar-jubiler-logo-1.jpg\",\"contentUrl\":\"https:\\\/\\\/jubiler-bomar.eu\\\/sklep\\\/wp-content\\\/uploads\\\/2023\\\/02\\\/bomar-jubiler-logo-1.jpg\",\"width\":500,\"height\":156,\"caption\":\"Jubiler Bomar\"},\"image\":{\"@id\":\"https:\\\/\\\/jubiler-bomar.eu\\\/sklep\\\/#\\\/schema\\\/logo\\\/image\\\/\"},\"sameAs\":[\"https:\\\/\\\/www.facebook.com\\\/BomarJewellery\"]}]}<\/script>\n<!-- \/ Yoast SEO plugin. -->","yoast_head_json":{"title":"Kolczyki srebrne Srebro 925 z kamieniem naturalnym Tygrysie Oko KP26 - Jubiler Bomar","robots":{"index":"index","follow":"follow","max-snippet":"max-snippet:-1","max-image-preview":"max-image-preview:large","max-video-preview":"max-video-preview:-1"},"canonical":"https:\/\/jubiler-bomar.eu\/sklep\/produkt\/kolczyki-srebrne-srebro-925-z-kamieniem-naturalnym-tygrysie-oko-kp26\/","og_locale":"pl_PL","og_type":"article","og_title":"Kolczyki srebrne Srebro 925 z kamieniem naturalnym Tygrysie Oko KP26 - Jubiler Bomar","og_description":"Poznaj kolczyki, kt\u00f3re \u0142\u0105cz\u0105 szlachetny po\u0142ysk srebra Ag 925 z niepowtarzaln\u0105 g\u0142\u0119bi\u0105 kamienia Tygrysie Oko. Owalne kaboszony pi\u0119knie \u201eo\u017cywaj\u0105\u201d w \u015bwietle, a ch\u0142odny, look oprawy podkre\u015bla ich z\u0142ocisto-br\u0105zow\u0105, \u201ekocie oko\u201d chatoyancj\u0119. To bi\u017cuteria na co dzie\u0144 i od \u015bwi\u0119ta \u2014 elegancka, wygodna i odporna na ciemnienie.","og_url":"https:\/\/jubiler-bomar.eu\/sklep\/produkt\/kolczyki-srebrne-srebro-925-z-kamieniem-naturalnym-tygrysie-oko-kp26\/","og_site_name":"Jubiler Bomar","article_publisher":"https:\/\/www.facebook.com\/BomarJewellery","og_image":[{"width":1024,"height":1024,"url":"https:\/\/jubiler-bomar.eu\/sklep\/wp-content\/uploads\/2025\/10\/f85070eb-1439-4991-a9ca-2c15aa8ba58f.png","type":"image\/png"}],"twitter_card":"summary_large_image","twitter_misc":{"Szacowany czas czytania":"1 minuta"},"schema":{"@context":"https:\/\/schema.org","@graph":[{"@type":"WebPage","@id":"https:\/\/jubiler-bomar.eu\/sklep\/produkt\/kolczyki-srebrne-srebro-925-z-kamieniem-naturalnym-tygrysie-oko-kp26\/","url":"https:\/\/jubiler-bomar.eu\/sklep\/produkt\/kolczyki-srebrne-srebro-925-z-kamieniem-naturalnym-tygrysie-oko-kp26\/","name":"Kolczyki srebrne Srebro 925 z kamieniem naturalnym Tygrysie Oko KP26 - Jubiler Bomar","isPartOf":{"@id":"https:\/\/jubiler-bomar.eu\/sklep\/#website"},"primaryImageOfPage":{"@id":"https:\/\/jubiler-bomar.eu\/sklep\/produkt\/kolczyki-srebrne-srebro-925-z-kamieniem-naturalnym-tygrysie-oko-kp26\/#primaryimage"},"image":{"@id":"https:\/\/jubiler-bomar.eu\/sklep\/produkt\/kolczyki-srebrne-srebro-925-z-kamieniem-naturalnym-tygrysie-oko-kp26\/#primaryimage"},"thumbnailUrl":"https:\/\/jubiler-bomar.eu\/sklep\/wp-content\/uploads\/2025\/10\/f85070eb-1439-4991-a9ca-2c15aa8ba58f.png","datePublished":"2025-10-29T13:36:50+00:00","breadcrumb":{"@id":"https:\/\/jubiler-bomar.eu\/sklep\/produkt\/kolczyki-srebrne-srebro-925-z-kamieniem-naturalnym-tygrysie-oko-kp26\/#breadcrumb"},"inLanguage":"pl-PL","potentialAction":[{"@type":"ReadAction","target":["https:\/\/jubiler-bomar.eu\/sklep\/produkt\/kolczyki-srebrne-srebro-925-z-kamieniem-naturalnym-tygrysie-oko-kp26\/"]}]},{"@type":"ImageObject","inLanguage":"pl-PL","@id":"https:\/\/jubiler-bomar.eu\/sklep\/produkt\/kolczyki-srebrne-srebro-925-z-kamieniem-naturalnym-tygrysie-oko-kp26\/#primaryimage","url":"https:\/\/jubiler-bomar.eu\/sklep\/wp-content\/uploads\/2025\/10\/f85070eb-1439-4991-a9ca-2c15aa8ba58f.png","contentUrl":"https:\/\/jubiler-bomar.eu\/sklep\/wp-content\/uploads\/2025\/10\/f85070eb-1439-4991-a9ca-2c15aa8ba58f.png","width":1024,"height":1024},{"@type":"BreadcrumbList","@id":"https:\/\/jubiler-bomar.eu\/sklep\/produkt\/kolczyki-srebrne-srebro-925-z-kamieniem-naturalnym-tygrysie-oko-kp26\/#breadcrumb","itemListElement":[{"@type":"ListItem","position":1,"name":"Strona g\u0142\u00f3wna","item":"https:\/\/jubiler-bomar.eu\/sklep\/"},{"@type":"ListItem","position":2,"name":"Sklep","item":"https:\/\/jubiler-bomar.eu\/sklep\/sklep\/"},{"@type":"ListItem","position":3,"name":"Kolczyki srebrne Srebro 925 z kamieniem naturalnym Tygrysie Oko KP26"}]},{"@type":"WebSite","@id":"https:\/\/jubiler-bomar.eu\/sklep\/#website","url":"https:\/\/jubiler-bomar.eu\/sklep\/","name":"Jubiler BOMAR","description":"","publisher":{"@id":"https:\/\/jubiler-bomar.eu\/sklep\/#organization"},"potentialAction":[{"@type":"SearchAction","target":{"@type":"EntryPoint","urlTemplate":"https:\/\/jubiler-bomar.eu\/sklep\/?s={search_term_string}"},"query-input":{"@type":"PropertyValueSpecification","valueRequired":true,"valueName":"search_term_string"}}],"inLanguage":"pl-PL"},{"@type":"Organization","@id":"https:\/\/jubiler-bomar.eu\/sklep\/#organization","name":"Jubiler Bomar","url":"https:\/\/jubiler-bomar.eu\/sklep\/","logo":{"@type":"ImageObject","inLanguage":"pl-PL","@id":"https:\/\/jubiler-bomar.eu\/sklep\/#\/schema\/logo\/image\/","url":"https:\/\/jubiler-bomar.eu\/sklep\/wp-content\/uploads\/2023\/02\/bomar-jubiler-logo-1.jpg","contentUrl":"https:\/\/jubiler-bomar.eu\/sklep\/wp-content\/uploads\/2023\/02\/bomar-jubiler-logo-1.jpg","width":500,"height":156,"caption":"Jubiler Bomar"},"image":{"@id":"https:\/\/jubiler-bomar.eu\/sklep\/#\/schema\/logo\/image\/"},"sameAs":["https:\/\/www.facebook.com\/BomarJewellery"]}]}},"_links":{"self":[{"href":"https:\/\/jubiler-bomar.eu\/sklep\/wp-json\/wp\/v2\/product\/7721","targetHints":{"allow":["GET"]}}],"collection":[{"href":"https:\/\/jubiler-bomar.eu\/sklep\/wp-json\/wp\/v2\/product"}],"about":[{"href":"https:\/\/jubiler-bomar.eu\/sklep\/wp-json\/wp\/v2\/types\/product"}],"wp:featuredmedia":[{"embeddable":true,"href":"https:\/\/jubiler-bomar.eu\/sklep\/wp-json\/wp\/v2\/media\/7722"}],"wp:attachment":[{"href":"https:\/\/jubiler-bomar.eu\/sklep\/wp-json\/wp\/v2\/media?parent=7721"}],"wp:term":[{"taxonomy":"product_brand","embeddable":true,"href":"https:\/\/jubiler-bomar.eu\/sklep\/wp-json\/wp\/v2\/product_brand?post=7721"},{"taxonomy":"product_cat","embeddable":true,"href":"https:\/\/jubiler-bomar.eu\/sklep\/wp-json\/wp\/v2\/product_cat?post=7721"},{"taxonomy":"product_tag","embeddable":true,"href":"https:\/\/jubiler-bomar.eu\/sklep\/wp-json\/wp\/v2\/product_tag?post=7721"}],"curies":[{"name":"wp","href":"https:\/\/api.w.org\/{rel}","templated":true}]}}