{"id":7728,"date":"2025-10-29T14:51:24","date_gmt":"2025-10-29T13:51:24","guid":{"rendered":"https:\/\/jubiler-bomar.eu\/sklep\/?post_type=product&#038;p=7728"},"modified":"2026-03-18T11:48:16","modified_gmt":"2026-03-18T10:48:16","slug":"pierscionek-srebrny-925-z-tygrysim-okiem-regulowany-czekoladowy-braz-p44","status":"publish","type":"product","link":"https:\/\/jubiler-bomar.eu\/sklep\/produkt\/pierscionek-srebrny-925-z-tygrysim-okiem-regulowany-czekoladowy-braz-p44\/","title":{"rendered":"Pier\u015bcionek srebrny 925 z tygrysim okiem \u2013 regulowany, czekoladowy br\u0105z P44"},"content":{"rendered":"<p>Pakowanie na prezent<\/p>\n<p>W standardzie eleganckie opakowanie BOMAR wraz z certyfikatem.<\/p>\n","protected":false},"excerpt":{"rendered":"<p>Elegancki pier\u015bcionek ze srebra pr\u00f3by 925 z owalnym kamieniem <b>Tygrysie Oko<\/b>. Regulowana obr\u0105czka dyskretnie dopasowuje si\u0119 do palca, a czekoladowy br\u0105z kamienia pi\u0119knie \u201eo\u017cywa\u201d charakterystyczn\u0105 smug\u0105.<\/p>\n","protected":false},"featured_media":7729,"template":"","meta":{"_et_pb_use_builder":"","_et_pb_old_content":"","_et_gb_content_width":""},"product_brand":[],"product_cat":[16,942,931],"product_tag":[],"class_list":{"0":"post-7728","1":"product","2":"type-product","3":"status-publish","4":"has-post-thumbnail","6":"product_cat-bez-kategorii","7":"product_cat-pierscionki","8":"product_cat-pierscionki-srebrne","9":"pa_kolor-odcienie-brazu","10":"pa_kolor-srebrny","11":"pa_material-srebro","12":"pa_proba-87","13":"pa_producent-bomar","14":"pa_rodzaj-kamienia-tygrysie-oko","15":"pa_rodzaj-lancuszka-linka-okragla","16":"pa_szerokosc-168","17":"pa_termin-realizacji-1-dzien-roboczy","19":"first","20":"instock","21":"taxable","22":"shipping-taxable","23":"purchasable","24":"product-type-simple"},"yoast_head":"<!-- This site is optimized with the Yoast SEO plugin v27.4 - https:\/\/yoast.com\/product\/yoast-seo-wordpress\/ -->\n<title>Pier\u015bcionek srebrny 925 z tygrysim okiem \u2013 regulowany, czekoladowy br\u0105z P44 - Jubiler Bomar<\/title>\n<meta name=\"robots\" content=\"index, follow, max-snippet:-1, max-image-preview:large, max-video-preview:-1\" \/>\n<link rel=\"canonical\" href=\"https:\/\/jubiler-bomar.eu\/sklep\/produkt\/pierscionek-srebrny-925-z-tygrysim-okiem-regulowany-czekoladowy-braz-p44\/\" \/>\n<meta property=\"og:locale\" content=\"pl_PL\" \/>\n<meta property=\"og:type\" content=\"article\" \/>\n<meta property=\"og:title\" content=\"Pier\u015bcionek srebrny 925 z tygrysim okiem \u2013 regulowany, czekoladowy br\u0105z P44 - Jubiler Bomar\" \/>\n<meta property=\"og:description\" content=\"Elegancki pier\u015bcionek ze srebra pr\u00f3by 925 z owalnym kamieniem Tygrysie Oko. Regulowana obr\u0105czka dyskretnie dopasowuje si\u0119 do palca, a czekoladowy br\u0105z kamienia pi\u0119knie \u201eo\u017cywa\u201d charakterystyczn\u0105 smug\u0105.\" \/>\n<meta property=\"og:url\" content=\"https:\/\/jubiler-bomar.eu\/sklep\/produkt\/pierscionek-srebrny-925-z-tygrysim-okiem-regulowany-czekoladowy-braz-p44\/\" \/>\n<meta property=\"og:site_name\" content=\"Jubiler Bomar\" \/>\n<meta property=\"article:publisher\" content=\"https:\/\/www.facebook.com\/BomarJewellery\" \/>\n<meta property=\"article:modified_time\" content=\"2026-03-18T10:48:16+00:00\" \/>\n<meta property=\"og:image\" content=\"https:\/\/jubiler-bomar.eu\/sklep\/wp-content\/uploads\/2025\/10\/fdf1f6c6-741e-4d4d-ae87-4c72a9ff963d.jpg\" \/>\n\t<meta property=\"og:image:width\" content=\"1024\" \/>\n\t<meta property=\"og:image:height\" content=\"1024\" \/>\n\t<meta property=\"og:image:type\" content=\"image\/jpeg\" \/>\n<meta name=\"twitter:card\" content=\"summary_large_image\" \/>\n<meta name=\"twitter:label1\" content=\"Szacowany czas czytania\" \/>\n\t<meta name=\"twitter:data1\" content=\"1 minuta\" \/>\n<script type=\"application\/ld+json\" class=\"yoast-schema-graph\">{\"@context\":\"https:\\\/\\\/schema.org\",\"@graph\":[{\"@type\":\"WebPage\",\"@id\":\"https:\\\/\\\/jubiler-bomar.eu\\\/sklep\\\/produkt\\\/pierscionek-srebrny-925-z-tygrysim-okiem-regulowany-czekoladowy-braz-p44\\\/\",\"url\":\"https:\\\/\\\/jubiler-bomar.eu\\\/sklep\\\/produkt\\\/pierscionek-srebrny-925-z-tygrysim-okiem-regulowany-czekoladowy-braz-p44\\\/\",\"name\":\"Pier\u015bcionek srebrny 925 z tygrysim okiem \u2013 regulowany, czekoladowy br\u0105z P44 - Jubiler Bomar\",\"isPartOf\":{\"@id\":\"https:\\\/\\\/jubiler-bomar.eu\\\/sklep\\\/#website\"},\"primaryImageOfPage\":{\"@id\":\"https:\\\/\\\/jubiler-bomar.eu\\\/sklep\\\/produkt\\\/pierscionek-srebrny-925-z-tygrysim-okiem-regulowany-czekoladowy-braz-p44\\\/#primaryimage\"},\"image\":{\"@id\":\"https:\\\/\\\/jubiler-bomar.eu\\\/sklep\\\/produkt\\\/pierscionek-srebrny-925-z-tygrysim-okiem-regulowany-czekoladowy-braz-p44\\\/#primaryimage\"},\"thumbnailUrl\":\"https:\\\/\\\/jubiler-bomar.eu\\\/sklep\\\/wp-content\\\/uploads\\\/2025\\\/10\\\/fdf1f6c6-741e-4d4d-ae87-4c72a9ff963d.jpg\",\"datePublished\":\"2025-10-29T13:51:24+00:00\",\"dateModified\":\"2026-03-18T10:48:16+00:00\",\"breadcrumb\":{\"@id\":\"https:\\\/\\\/jubiler-bomar.eu\\\/sklep\\\/produkt\\\/pierscionek-srebrny-925-z-tygrysim-okiem-regulowany-czekoladowy-braz-p44\\\/#breadcrumb\"},\"inLanguage\":\"pl-PL\",\"potentialAction\":[{\"@type\":\"ReadAction\",\"target\":[\"https:\\\/\\\/jubiler-bomar.eu\\\/sklep\\\/produkt\\\/pierscionek-srebrny-925-z-tygrysim-okiem-regulowany-czekoladowy-braz-p44\\\/\"]}]},{\"@type\":\"ImageObject\",\"inLanguage\":\"pl-PL\",\"@id\":\"https:\\\/\\\/jubiler-bomar.eu\\\/sklep\\\/produkt\\\/pierscionek-srebrny-925-z-tygrysim-okiem-regulowany-czekoladowy-braz-p44\\\/#primaryimage\",\"url\":\"https:\\\/\\\/jubiler-bomar.eu\\\/sklep\\\/wp-content\\\/uploads\\\/2025\\\/10\\\/fdf1f6c6-741e-4d4d-ae87-4c72a9ff963d.jpg\",\"contentUrl\":\"https:\\\/\\\/jubiler-bomar.eu\\\/sklep\\\/wp-content\\\/uploads\\\/2025\\\/10\\\/fdf1f6c6-741e-4d4d-ae87-4c72a9ff963d.jpg\",\"width\":1024,\"height\":1024},{\"@type\":\"BreadcrumbList\",\"@id\":\"https:\\\/\\\/jubiler-bomar.eu\\\/sklep\\\/produkt\\\/pierscionek-srebrny-925-z-tygrysim-okiem-regulowany-czekoladowy-braz-p44\\\/#breadcrumb\",\"itemListElement\":[{\"@type\":\"ListItem\",\"position\":1,\"name\":\"Strona g\u0142\u00f3wna\",\"item\":\"https:\\\/\\\/jubiler-bomar.eu\\\/sklep\\\/\"},{\"@type\":\"ListItem\",\"position\":2,\"name\":\"Sklep\",\"item\":\"https:\\\/\\\/jubiler-bomar.eu\\\/sklep\\\/sklep\\\/\"},{\"@type\":\"ListItem\",\"position\":3,\"name\":\"Pier\u015bcionek srebrny 925 z tygrysim okiem \u2013 regulowany, czekoladowy br\u0105z P44\"}]},{\"@type\":\"WebSite\",\"@id\":\"https:\\\/\\\/jubiler-bomar.eu\\\/sklep\\\/#website\",\"url\":\"https:\\\/\\\/jubiler-bomar.eu\\\/sklep\\\/\",\"name\":\"Jubiler BOMAR\",\"description\":\"\",\"publisher\":{\"@id\":\"https:\\\/\\\/jubiler-bomar.eu\\\/sklep\\\/#organization\"},\"potentialAction\":[{\"@type\":\"SearchAction\",\"target\":{\"@type\":\"EntryPoint\",\"urlTemplate\":\"https:\\\/\\\/jubiler-bomar.eu\\\/sklep\\\/?s={search_term_string}\"},\"query-input\":{\"@type\":\"PropertyValueSpecification\",\"valueRequired\":true,\"valueName\":\"search_term_string\"}}],\"inLanguage\":\"pl-PL\"},{\"@type\":\"Organization\",\"@id\":\"https:\\\/\\\/jubiler-bomar.eu\\\/sklep\\\/#organization\",\"name\":\"Jubiler Bomar\",\"url\":\"https:\\\/\\\/jubiler-bomar.eu\\\/sklep\\\/\",\"logo\":{\"@type\":\"ImageObject\",\"inLanguage\":\"pl-PL\",\"@id\":\"https:\\\/\\\/jubiler-bomar.eu\\\/sklep\\\/#\\\/schema\\\/logo\\\/image\\\/\",\"url\":\"https:\\\/\\\/jubiler-bomar.eu\\\/sklep\\\/wp-content\\\/uploads\\\/2023\\\/02\\\/bomar-jubiler-logo-1.jpg\",\"contentUrl\":\"https:\\\/\\\/jubiler-bomar.eu\\\/sklep\\\/wp-content\\\/uploads\\\/2023\\\/02\\\/bomar-jubiler-logo-1.jpg\",\"width\":500,\"height\":156,\"caption\":\"Jubiler Bomar\"},\"image\":{\"@id\":\"https:\\\/\\\/jubiler-bomar.eu\\\/sklep\\\/#\\\/schema\\\/logo\\\/image\\\/\"},\"sameAs\":[\"https:\\\/\\\/www.facebook.com\\\/BomarJewellery\"]}]}<\/script>\n<!-- \/ Yoast SEO plugin. -->","yoast_head_json":{"title":"Pier\u015bcionek srebrny 925 z tygrysim okiem \u2013 regulowany, czekoladowy br\u0105z P44 - Jubiler Bomar","robots":{"index":"index","follow":"follow","max-snippet":"max-snippet:-1","max-image-preview":"max-image-preview:large","max-video-preview":"max-video-preview:-1"},"canonical":"https:\/\/jubiler-bomar.eu\/sklep\/produkt\/pierscionek-srebrny-925-z-tygrysim-okiem-regulowany-czekoladowy-braz-p44\/","og_locale":"pl_PL","og_type":"article","og_title":"Pier\u015bcionek srebrny 925 z tygrysim okiem \u2013 regulowany, czekoladowy br\u0105z P44 - Jubiler Bomar","og_description":"Elegancki pier\u015bcionek ze srebra pr\u00f3by 925 z owalnym kamieniem Tygrysie Oko. Regulowana obr\u0105czka dyskretnie dopasowuje si\u0119 do palca, a czekoladowy br\u0105z kamienia pi\u0119knie \u201eo\u017cywa\u201d charakterystyczn\u0105 smug\u0105.","og_url":"https:\/\/jubiler-bomar.eu\/sklep\/produkt\/pierscionek-srebrny-925-z-tygrysim-okiem-regulowany-czekoladowy-braz-p44\/","og_site_name":"Jubiler Bomar","article_publisher":"https:\/\/www.facebook.com\/BomarJewellery","article_modified_time":"2026-03-18T10:48:16+00:00","og_image":[{"width":1024,"height":1024,"url":"https:\/\/jubiler-bomar.eu\/sklep\/wp-content\/uploads\/2025\/10\/fdf1f6c6-741e-4d4d-ae87-4c72a9ff963d.jpg","type":"image\/jpeg"}],"twitter_card":"summary_large_image","twitter_misc":{"Szacowany czas czytania":"1 minuta"},"schema":{"@context":"https:\/\/schema.org","@graph":[{"@type":"WebPage","@id":"https:\/\/jubiler-bomar.eu\/sklep\/produkt\/pierscionek-srebrny-925-z-tygrysim-okiem-regulowany-czekoladowy-braz-p44\/","url":"https:\/\/jubiler-bomar.eu\/sklep\/produkt\/pierscionek-srebrny-925-z-tygrysim-okiem-regulowany-czekoladowy-braz-p44\/","name":"Pier\u015bcionek srebrny 925 z tygrysim okiem \u2013 regulowany, czekoladowy br\u0105z P44 - Jubiler Bomar","isPartOf":{"@id":"https:\/\/jubiler-bomar.eu\/sklep\/#website"},"primaryImageOfPage":{"@id":"https:\/\/jubiler-bomar.eu\/sklep\/produkt\/pierscionek-srebrny-925-z-tygrysim-okiem-regulowany-czekoladowy-braz-p44\/#primaryimage"},"image":{"@id":"https:\/\/jubiler-bomar.eu\/sklep\/produkt\/pierscionek-srebrny-925-z-tygrysim-okiem-regulowany-czekoladowy-braz-p44\/#primaryimage"},"thumbnailUrl":"https:\/\/jubiler-bomar.eu\/sklep\/wp-content\/uploads\/2025\/10\/fdf1f6c6-741e-4d4d-ae87-4c72a9ff963d.jpg","datePublished":"2025-10-29T13:51:24+00:00","dateModified":"2026-03-18T10:48:16+00:00","breadcrumb":{"@id":"https:\/\/jubiler-bomar.eu\/sklep\/produkt\/pierscionek-srebrny-925-z-tygrysim-okiem-regulowany-czekoladowy-braz-p44\/#breadcrumb"},"inLanguage":"pl-PL","potentialAction":[{"@type":"ReadAction","target":["https:\/\/jubiler-bomar.eu\/sklep\/produkt\/pierscionek-srebrny-925-z-tygrysim-okiem-regulowany-czekoladowy-braz-p44\/"]}]},{"@type":"ImageObject","inLanguage":"pl-PL","@id":"https:\/\/jubiler-bomar.eu\/sklep\/produkt\/pierscionek-srebrny-925-z-tygrysim-okiem-regulowany-czekoladowy-braz-p44\/#primaryimage","url":"https:\/\/jubiler-bomar.eu\/sklep\/wp-content\/uploads\/2025\/10\/fdf1f6c6-741e-4d4d-ae87-4c72a9ff963d.jpg","contentUrl":"https:\/\/jubiler-bomar.eu\/sklep\/wp-content\/uploads\/2025\/10\/fdf1f6c6-741e-4d4d-ae87-4c72a9ff963d.jpg","width":1024,"height":1024},{"@type":"BreadcrumbList","@id":"https:\/\/jubiler-bomar.eu\/sklep\/produkt\/pierscionek-srebrny-925-z-tygrysim-okiem-regulowany-czekoladowy-braz-p44\/#breadcrumb","itemListElement":[{"@type":"ListItem","position":1,"name":"Strona g\u0142\u00f3wna","item":"https:\/\/jubiler-bomar.eu\/sklep\/"},{"@type":"ListItem","position":2,"name":"Sklep","item":"https:\/\/jubiler-bomar.eu\/sklep\/sklep\/"},{"@type":"ListItem","position":3,"name":"Pier\u015bcionek srebrny 925 z tygrysim okiem \u2013 regulowany, czekoladowy br\u0105z P44"}]},{"@type":"WebSite","@id":"https:\/\/jubiler-bomar.eu\/sklep\/#website","url":"https:\/\/jubiler-bomar.eu\/sklep\/","name":"Jubiler BOMAR","description":"","publisher":{"@id":"https:\/\/jubiler-bomar.eu\/sklep\/#organization"},"potentialAction":[{"@type":"SearchAction","target":{"@type":"EntryPoint","urlTemplate":"https:\/\/jubiler-bomar.eu\/sklep\/?s={search_term_string}"},"query-input":{"@type":"PropertyValueSpecification","valueRequired":true,"valueName":"search_term_string"}}],"inLanguage":"pl-PL"},{"@type":"Organization","@id":"https:\/\/jubiler-bomar.eu\/sklep\/#organization","name":"Jubiler Bomar","url":"https:\/\/jubiler-bomar.eu\/sklep\/","logo":{"@type":"ImageObject","inLanguage":"pl-PL","@id":"https:\/\/jubiler-bomar.eu\/sklep\/#\/schema\/logo\/image\/","url":"https:\/\/jubiler-bomar.eu\/sklep\/wp-content\/uploads\/2023\/02\/bomar-jubiler-logo-1.jpg","contentUrl":"https:\/\/jubiler-bomar.eu\/sklep\/wp-content\/uploads\/2023\/02\/bomar-jubiler-logo-1.jpg","width":500,"height":156,"caption":"Jubiler Bomar"},"image":{"@id":"https:\/\/jubiler-bomar.eu\/sklep\/#\/schema\/logo\/image\/"},"sameAs":["https:\/\/www.facebook.com\/BomarJewellery"]}]}},"_links":{"self":[{"href":"https:\/\/jubiler-bomar.eu\/sklep\/wp-json\/wp\/v2\/product\/7728","targetHints":{"allow":["GET"]}}],"collection":[{"href":"https:\/\/jubiler-bomar.eu\/sklep\/wp-json\/wp\/v2\/product"}],"about":[{"href":"https:\/\/jubiler-bomar.eu\/sklep\/wp-json\/wp\/v2\/types\/product"}],"wp:featuredmedia":[{"embeddable":true,"href":"https:\/\/jubiler-bomar.eu\/sklep\/wp-json\/wp\/v2\/media\/7729"}],"wp:attachment":[{"href":"https:\/\/jubiler-bomar.eu\/sklep\/wp-json\/wp\/v2\/media?parent=7728"}],"wp:term":[{"taxonomy":"product_brand","embeddable":true,"href":"https:\/\/jubiler-bomar.eu\/sklep\/wp-json\/wp\/v2\/product_brand?post=7728"},{"taxonomy":"product_cat","embeddable":true,"href":"https:\/\/jubiler-bomar.eu\/sklep\/wp-json\/wp\/v2\/product_cat?post=7728"},{"taxonomy":"product_tag","embeddable":true,"href":"https:\/\/jubiler-bomar.eu\/sklep\/wp-json\/wp\/v2\/product_tag?post=7728"}],"curies":[{"name":"wp","href":"https:\/\/api.w.org\/{rel}","templated":true}]}}