{"id":7857,"date":"2025-11-27T09:53:00","date_gmt":"2025-11-27T08:53:00","guid":{"rendered":"https:\/\/jubiler-bomar.eu\/sklep\/?post_type=product&#038;p=7857"},"modified":"2026-04-08T01:15:23","modified_gmt":"2026-04-07T23:15:23","slug":"kolczyki-srebrne-925-z-krzemieniem-pasiastym-grafit-klasyka-kp26","status":"publish","type":"product","link":"https:\/\/jubiler-bomar.eu\/sklep\/produkt\/kolczyki-srebrne-925-z-krzemieniem-pasiastym-grafit-klasyka-kp26\/","title":{"rendered":"Kolczyki srebrne 925 z krzemieniem pasiastym grafit klasyka KP26"},"content":{"rendered":"<p>Atuty<\/p>\n<p>Naturalny krzemie\u0144 pasiasty (Striped Flint) \u2013 kamie\u0144 z Polski, modny, niepowtarzalny rysunek.<br \/>\nSrebro 925 o ch\u0142odnym po\u0142ysku (look rodowany) \u2013 elegancja i nowoczesno\u015b\u0107.<br \/>\nProsta, klasyczna oprawa \u2013 ponadczasowa forma.<br \/>\nWygodne zapi\u0119cie lever-back (bigiel angielski).<br \/>\nEleganckie opakowanie + certyfikat + ulotka PL\/EN w zestawie \u2013 idealne na prezent.<\/p>\n<p>Cross-sell (dobierz do kompletu)<\/p>\n<p>Wisiorek srebrny 925 z krzemieniem pasiastym (owal)<br \/>\nBransoletka srebrna 925 z owalnym striped flint<br \/>\n\u0141a\u0144cuszek ankier diamentowany 45\u201350 cm (Ag 925)<br \/>\nOpakowanie z grawerem (dedykacja)<\/p>\n","protected":false},"excerpt":{"rendered":"<p>Wyraziste, a zarazem subtelne. Naturalny krzemie\u0144 pasiasty w odcieniu grafitowej czerni z delikatnymi, bia\u0142awymi refleksami, oprawiony w srebro Ag 925. Klasyczny kszta\u0142t, wygodne zapi\u0119cie na bigiel angielski \u2013 kolczyki, kt\u00f3re pasuj\u0105 do pracy i na wiecz\u00f3r.<\/p>\n","protected":false},"featured_media":7858,"template":"","meta":{"_et_pb_use_builder":"","_et_pb_old_content":"","_et_gb_content_width":""},"product_brand":[],"product_cat":[953,605,959],"product_tag":[],"class_list":{"0":"post-7857","1":"product","2":"type-product","3":"status-publish","4":"has-post-thumbnail","6":"product_cat-bizuteria-z-krzemieniem-pasiastym","7":"product_cat-kolczyki","8":"product_cat-kolczyki-krzemien-pasiasty","9":"pa_dlugosc-621","10":"pa_dlugosc-z-uchwytem","11":"pa_kolor-grafitowy","12":"pa_kolor-srebrny","13":"pa_material-srebro","14":"pa_proba-87","15":"pa_producent-bomar","16":"pa_rodzaj-kamienia-krzemien-grafitowy","17":"pa_rodzaj-zapiecia-bigiel-zamkniety","18":"pa_szerokosc-196","19":"pa_szerokosc-kamienia-z-oprawa","20":"pa_termin-realizacji-1-dzien-roboczy","22":"first","23":"instock","24":"taxable","25":"shipping-taxable","26":"purchasable","27":"product-type-simple"},"yoast_head":"<!-- This site is optimized with the Yoast SEO plugin v27.4 - https:\/\/yoast.com\/product\/yoast-seo-wordpress\/ -->\n<title>Kolczyki srebrne 925 z krzemieniem pasiastym grafit klasyka KP26 - Jubiler Bomar<\/title>\n<meta name=\"robots\" content=\"index, follow, max-snippet:-1, max-image-preview:large, max-video-preview:-1\" \/>\n<link rel=\"canonical\" href=\"https:\/\/jubiler-bomar.eu\/sklep\/produkt\/kolczyki-srebrne-925-z-krzemieniem-pasiastym-grafit-klasyka-kp26\/\" \/>\n<meta property=\"og:locale\" content=\"pl_PL\" \/>\n<meta property=\"og:type\" content=\"article\" \/>\n<meta property=\"og:title\" content=\"Kolczyki srebrne 925 z krzemieniem pasiastym grafit klasyka KP26 - Jubiler Bomar\" \/>\n<meta property=\"og:description\" content=\"Wyraziste, a zarazem subtelne. Naturalny krzemie\u0144 pasiasty w odcieniu grafitowej czerni z delikatnymi, bia\u0142awymi refleksami, oprawiony w srebro Ag 925. Klasyczny kszta\u0142t, wygodne zapi\u0119cie na bigiel angielski \u2013 kolczyki, kt\u00f3re pasuj\u0105 do pracy i na wiecz\u00f3r.\" \/>\n<meta property=\"og:url\" content=\"https:\/\/jubiler-bomar.eu\/sklep\/produkt\/kolczyki-srebrne-925-z-krzemieniem-pasiastym-grafit-klasyka-kp26\/\" \/>\n<meta property=\"og:site_name\" content=\"Jubiler Bomar\" \/>\n<meta property=\"article:publisher\" content=\"https:\/\/www.facebook.com\/BomarJewellery\" \/>\n<meta property=\"article:modified_time\" content=\"2026-04-07T23:15:23+00:00\" \/>\n<meta property=\"og:image\" content=\"https:\/\/jubiler-bomar.eu\/sklep\/wp-content\/uploads\/2025\/11\/3a33e3ab-94e7-4ac9-9e2e-67e686425b7b.jpg\" \/>\n\t<meta property=\"og:image:width\" content=\"1024\" \/>\n\t<meta property=\"og:image:height\" content=\"1024\" \/>\n\t<meta property=\"og:image:type\" content=\"image\/jpeg\" \/>\n<meta name=\"twitter:card\" content=\"summary_large_image\" \/>\n<meta name=\"twitter:label1\" content=\"Szacowany czas czytania\" \/>\n\t<meta name=\"twitter:data1\" content=\"1 minuta\" \/>\n<script type=\"application\/ld+json\" class=\"yoast-schema-graph\">{\"@context\":\"https:\\\/\\\/schema.org\",\"@graph\":[{\"@type\":\"WebPage\",\"@id\":\"https:\\\/\\\/jubiler-bomar.eu\\\/sklep\\\/produkt\\\/kolczyki-srebrne-925-z-krzemieniem-pasiastym-grafit-klasyka-kp26\\\/\",\"url\":\"https:\\\/\\\/jubiler-bomar.eu\\\/sklep\\\/produkt\\\/kolczyki-srebrne-925-z-krzemieniem-pasiastym-grafit-klasyka-kp26\\\/\",\"name\":\"Kolczyki srebrne 925 z krzemieniem pasiastym grafit klasyka KP26 - Jubiler Bomar\",\"isPartOf\":{\"@id\":\"https:\\\/\\\/jubiler-bomar.eu\\\/sklep\\\/#website\"},\"primaryImageOfPage\":{\"@id\":\"https:\\\/\\\/jubiler-bomar.eu\\\/sklep\\\/produkt\\\/kolczyki-srebrne-925-z-krzemieniem-pasiastym-grafit-klasyka-kp26\\\/#primaryimage\"},\"image\":{\"@id\":\"https:\\\/\\\/jubiler-bomar.eu\\\/sklep\\\/produkt\\\/kolczyki-srebrne-925-z-krzemieniem-pasiastym-grafit-klasyka-kp26\\\/#primaryimage\"},\"thumbnailUrl\":\"https:\\\/\\\/jubiler-bomar.eu\\\/sklep\\\/wp-content\\\/uploads\\\/2025\\\/11\\\/3a33e3ab-94e7-4ac9-9e2e-67e686425b7b.jpg\",\"datePublished\":\"2025-11-27T08:53:00+00:00\",\"dateModified\":\"2026-04-07T23:15:23+00:00\",\"breadcrumb\":{\"@id\":\"https:\\\/\\\/jubiler-bomar.eu\\\/sklep\\\/produkt\\\/kolczyki-srebrne-925-z-krzemieniem-pasiastym-grafit-klasyka-kp26\\\/#breadcrumb\"},\"inLanguage\":\"pl-PL\",\"potentialAction\":[{\"@type\":\"ReadAction\",\"target\":[\"https:\\\/\\\/jubiler-bomar.eu\\\/sklep\\\/produkt\\\/kolczyki-srebrne-925-z-krzemieniem-pasiastym-grafit-klasyka-kp26\\\/\"]}]},{\"@type\":\"ImageObject\",\"inLanguage\":\"pl-PL\",\"@id\":\"https:\\\/\\\/jubiler-bomar.eu\\\/sklep\\\/produkt\\\/kolczyki-srebrne-925-z-krzemieniem-pasiastym-grafit-klasyka-kp26\\\/#primaryimage\",\"url\":\"https:\\\/\\\/jubiler-bomar.eu\\\/sklep\\\/wp-content\\\/uploads\\\/2025\\\/11\\\/3a33e3ab-94e7-4ac9-9e2e-67e686425b7b.jpg\",\"contentUrl\":\"https:\\\/\\\/jubiler-bomar.eu\\\/sklep\\\/wp-content\\\/uploads\\\/2025\\\/11\\\/3a33e3ab-94e7-4ac9-9e2e-67e686425b7b.jpg\",\"width\":1024,\"height\":1024},{\"@type\":\"BreadcrumbList\",\"@id\":\"https:\\\/\\\/jubiler-bomar.eu\\\/sklep\\\/produkt\\\/kolczyki-srebrne-925-z-krzemieniem-pasiastym-grafit-klasyka-kp26\\\/#breadcrumb\",\"itemListElement\":[{\"@type\":\"ListItem\",\"position\":1,\"name\":\"Strona g\u0142\u00f3wna\",\"item\":\"https:\\\/\\\/jubiler-bomar.eu\\\/sklep\\\/\"},{\"@type\":\"ListItem\",\"position\":2,\"name\":\"Sklep\",\"item\":\"https:\\\/\\\/jubiler-bomar.eu\\\/sklep\\\/sklep\\\/\"},{\"@type\":\"ListItem\",\"position\":3,\"name\":\"Kolczyki srebrne 925 z krzemieniem pasiastym grafit klasyka KP26\"}]},{\"@type\":\"WebSite\",\"@id\":\"https:\\\/\\\/jubiler-bomar.eu\\\/sklep\\\/#website\",\"url\":\"https:\\\/\\\/jubiler-bomar.eu\\\/sklep\\\/\",\"name\":\"Jubiler BOMAR\",\"description\":\"\",\"publisher\":{\"@id\":\"https:\\\/\\\/jubiler-bomar.eu\\\/sklep\\\/#organization\"},\"potentialAction\":[{\"@type\":\"SearchAction\",\"target\":{\"@type\":\"EntryPoint\",\"urlTemplate\":\"https:\\\/\\\/jubiler-bomar.eu\\\/sklep\\\/?s={search_term_string}\"},\"query-input\":{\"@type\":\"PropertyValueSpecification\",\"valueRequired\":true,\"valueName\":\"search_term_string\"}}],\"inLanguage\":\"pl-PL\"},{\"@type\":\"Organization\",\"@id\":\"https:\\\/\\\/jubiler-bomar.eu\\\/sklep\\\/#organization\",\"name\":\"Jubiler Bomar\",\"url\":\"https:\\\/\\\/jubiler-bomar.eu\\\/sklep\\\/\",\"logo\":{\"@type\":\"ImageObject\",\"inLanguage\":\"pl-PL\",\"@id\":\"https:\\\/\\\/jubiler-bomar.eu\\\/sklep\\\/#\\\/schema\\\/logo\\\/image\\\/\",\"url\":\"https:\\\/\\\/jubiler-bomar.eu\\\/sklep\\\/wp-content\\\/uploads\\\/2023\\\/02\\\/bomar-jubiler-logo-1.jpg\",\"contentUrl\":\"https:\\\/\\\/jubiler-bomar.eu\\\/sklep\\\/wp-content\\\/uploads\\\/2023\\\/02\\\/bomar-jubiler-logo-1.jpg\",\"width\":500,\"height\":156,\"caption\":\"Jubiler Bomar\"},\"image\":{\"@id\":\"https:\\\/\\\/jubiler-bomar.eu\\\/sklep\\\/#\\\/schema\\\/logo\\\/image\\\/\"},\"sameAs\":[\"https:\\\/\\\/www.facebook.com\\\/BomarJewellery\"]}]}<\/script>\n<!-- \/ Yoast SEO plugin. -->","yoast_head_json":{"title":"Kolczyki srebrne 925 z krzemieniem pasiastym grafit klasyka KP26 - Jubiler Bomar","robots":{"index":"index","follow":"follow","max-snippet":"max-snippet:-1","max-image-preview":"max-image-preview:large","max-video-preview":"max-video-preview:-1"},"canonical":"https:\/\/jubiler-bomar.eu\/sklep\/produkt\/kolczyki-srebrne-925-z-krzemieniem-pasiastym-grafit-klasyka-kp26\/","og_locale":"pl_PL","og_type":"article","og_title":"Kolczyki srebrne 925 z krzemieniem pasiastym grafit klasyka KP26 - Jubiler Bomar","og_description":"Wyraziste, a zarazem subtelne. Naturalny krzemie\u0144 pasiasty w odcieniu grafitowej czerni z delikatnymi, bia\u0142awymi refleksami, oprawiony w srebro Ag 925. Klasyczny kszta\u0142t, wygodne zapi\u0119cie na bigiel angielski \u2013 kolczyki, kt\u00f3re pasuj\u0105 do pracy i na wiecz\u00f3r.","og_url":"https:\/\/jubiler-bomar.eu\/sklep\/produkt\/kolczyki-srebrne-925-z-krzemieniem-pasiastym-grafit-klasyka-kp26\/","og_site_name":"Jubiler Bomar","article_publisher":"https:\/\/www.facebook.com\/BomarJewellery","article_modified_time":"2026-04-07T23:15:23+00:00","og_image":[{"width":1024,"height":1024,"url":"https:\/\/jubiler-bomar.eu\/sklep\/wp-content\/uploads\/2025\/11\/3a33e3ab-94e7-4ac9-9e2e-67e686425b7b.jpg","type":"image\/jpeg"}],"twitter_card":"summary_large_image","twitter_misc":{"Szacowany czas czytania":"1 minuta"},"schema":{"@context":"https:\/\/schema.org","@graph":[{"@type":"WebPage","@id":"https:\/\/jubiler-bomar.eu\/sklep\/produkt\/kolczyki-srebrne-925-z-krzemieniem-pasiastym-grafit-klasyka-kp26\/","url":"https:\/\/jubiler-bomar.eu\/sklep\/produkt\/kolczyki-srebrne-925-z-krzemieniem-pasiastym-grafit-klasyka-kp26\/","name":"Kolczyki srebrne 925 z krzemieniem pasiastym grafit klasyka KP26 - Jubiler Bomar","isPartOf":{"@id":"https:\/\/jubiler-bomar.eu\/sklep\/#website"},"primaryImageOfPage":{"@id":"https:\/\/jubiler-bomar.eu\/sklep\/produkt\/kolczyki-srebrne-925-z-krzemieniem-pasiastym-grafit-klasyka-kp26\/#primaryimage"},"image":{"@id":"https:\/\/jubiler-bomar.eu\/sklep\/produkt\/kolczyki-srebrne-925-z-krzemieniem-pasiastym-grafit-klasyka-kp26\/#primaryimage"},"thumbnailUrl":"https:\/\/jubiler-bomar.eu\/sklep\/wp-content\/uploads\/2025\/11\/3a33e3ab-94e7-4ac9-9e2e-67e686425b7b.jpg","datePublished":"2025-11-27T08:53:00+00:00","dateModified":"2026-04-07T23:15:23+00:00","breadcrumb":{"@id":"https:\/\/jubiler-bomar.eu\/sklep\/produkt\/kolczyki-srebrne-925-z-krzemieniem-pasiastym-grafit-klasyka-kp26\/#breadcrumb"},"inLanguage":"pl-PL","potentialAction":[{"@type":"ReadAction","target":["https:\/\/jubiler-bomar.eu\/sklep\/produkt\/kolczyki-srebrne-925-z-krzemieniem-pasiastym-grafit-klasyka-kp26\/"]}]},{"@type":"ImageObject","inLanguage":"pl-PL","@id":"https:\/\/jubiler-bomar.eu\/sklep\/produkt\/kolczyki-srebrne-925-z-krzemieniem-pasiastym-grafit-klasyka-kp26\/#primaryimage","url":"https:\/\/jubiler-bomar.eu\/sklep\/wp-content\/uploads\/2025\/11\/3a33e3ab-94e7-4ac9-9e2e-67e686425b7b.jpg","contentUrl":"https:\/\/jubiler-bomar.eu\/sklep\/wp-content\/uploads\/2025\/11\/3a33e3ab-94e7-4ac9-9e2e-67e686425b7b.jpg","width":1024,"height":1024},{"@type":"BreadcrumbList","@id":"https:\/\/jubiler-bomar.eu\/sklep\/produkt\/kolczyki-srebrne-925-z-krzemieniem-pasiastym-grafit-klasyka-kp26\/#breadcrumb","itemListElement":[{"@type":"ListItem","position":1,"name":"Strona g\u0142\u00f3wna","item":"https:\/\/jubiler-bomar.eu\/sklep\/"},{"@type":"ListItem","position":2,"name":"Sklep","item":"https:\/\/jubiler-bomar.eu\/sklep\/sklep\/"},{"@type":"ListItem","position":3,"name":"Kolczyki srebrne 925 z krzemieniem pasiastym grafit klasyka KP26"}]},{"@type":"WebSite","@id":"https:\/\/jubiler-bomar.eu\/sklep\/#website","url":"https:\/\/jubiler-bomar.eu\/sklep\/","name":"Jubiler BOMAR","description":"","publisher":{"@id":"https:\/\/jubiler-bomar.eu\/sklep\/#organization"},"potentialAction":[{"@type":"SearchAction","target":{"@type":"EntryPoint","urlTemplate":"https:\/\/jubiler-bomar.eu\/sklep\/?s={search_term_string}"},"query-input":{"@type":"PropertyValueSpecification","valueRequired":true,"valueName":"search_term_string"}}],"inLanguage":"pl-PL"},{"@type":"Organization","@id":"https:\/\/jubiler-bomar.eu\/sklep\/#organization","name":"Jubiler Bomar","url":"https:\/\/jubiler-bomar.eu\/sklep\/","logo":{"@type":"ImageObject","inLanguage":"pl-PL","@id":"https:\/\/jubiler-bomar.eu\/sklep\/#\/schema\/logo\/image\/","url":"https:\/\/jubiler-bomar.eu\/sklep\/wp-content\/uploads\/2023\/02\/bomar-jubiler-logo-1.jpg","contentUrl":"https:\/\/jubiler-bomar.eu\/sklep\/wp-content\/uploads\/2023\/02\/bomar-jubiler-logo-1.jpg","width":500,"height":156,"caption":"Jubiler Bomar"},"image":{"@id":"https:\/\/jubiler-bomar.eu\/sklep\/#\/schema\/logo\/image\/"},"sameAs":["https:\/\/www.facebook.com\/BomarJewellery"]}]}},"_links":{"self":[{"href":"https:\/\/jubiler-bomar.eu\/sklep\/wp-json\/wp\/v2\/product\/7857","targetHints":{"allow":["GET"]}}],"collection":[{"href":"https:\/\/jubiler-bomar.eu\/sklep\/wp-json\/wp\/v2\/product"}],"about":[{"href":"https:\/\/jubiler-bomar.eu\/sklep\/wp-json\/wp\/v2\/types\/product"}],"wp:featuredmedia":[{"embeddable":true,"href":"https:\/\/jubiler-bomar.eu\/sklep\/wp-json\/wp\/v2\/media\/7858"}],"wp:attachment":[{"href":"https:\/\/jubiler-bomar.eu\/sklep\/wp-json\/wp\/v2\/media?parent=7857"}],"wp:term":[{"taxonomy":"product_brand","embeddable":true,"href":"https:\/\/jubiler-bomar.eu\/sklep\/wp-json\/wp\/v2\/product_brand?post=7857"},{"taxonomy":"product_cat","embeddable":true,"href":"https:\/\/jubiler-bomar.eu\/sklep\/wp-json\/wp\/v2\/product_cat?post=7857"},{"taxonomy":"product_tag","embeddable":true,"href":"https:\/\/jubiler-bomar.eu\/sklep\/wp-json\/wp\/v2\/product_tag?post=7857"}],"curies":[{"name":"wp","href":"https:\/\/api.w.org\/{rel}","templated":true}]}}