{"id":7874,"date":"2025-11-27T10:49:19","date_gmt":"2025-11-27T09:49:19","guid":{"rendered":"https:\/\/jubiler-bomar.eu\/sklep\/?post_type=product&#038;p=7874"},"modified":"2026-04-08T01:17:18","modified_gmt":"2026-04-07T23:17:18","slug":"bransoletka-srebrna-925-z-krzemieniem-pasiastym-hit-sezonu-grafit-bs59","status":"publish","type":"product","link":"https:\/\/jubiler-bomar.eu\/sklep\/produkt\/bransoletka-srebrna-925-z-krzemieniem-pasiastym-hit-sezonu-grafit-bs59\/","title":{"rendered":"Bransoletka srebrna 925 z krzemieniem pasiastym hit sezonu Grafit BS59"},"content":{"rendered":"<p>Klasyczna bransoletka ze srebra pr\u00f3by 925 z naturalnym krzemieniem pasiastym (Striped Flint) w grafitowym odcieniu. Ch\u0142odny, \u201erodowany\u201d look srebra i unikalny rysunek pas\u00f3w czyni\u0105 z niej ponadczasowy, polski akcent w garderobie.<\/p>\n<p>Opcja dodatkowa:<\/p>\n<p>Stw\u00f3rz zestaw. Zawieszka srebrna 925 z krzemieniem pasiastym (grafit) \u2013 do kompletu.<br \/>\nKolczyki srebrne 925 z krzemieniem pasiastym ( grafit) (sztyfty lub wisz\u0105ce).<br \/>\nPier\u015bcionek srebrny 925 z krzemieniem pasiastym (grafit) (regulowany).<br \/>\nSrebrny \u0142a\u0144cuszek do zawieszki (ankier\/\u017cmijka, 45\u201350 cm).<\/p>\n<p>W komplecie dostajesz opakowanie prezentowe + certyfikat i ulotka PL\/EN.<\/p>\n","protected":false},"excerpt":{"rendered":"<p>Minimalistyczna, a zarazem wyrazista. Bransoletka ze srebra Ag 925 z naturalnym krzemieniem pasiastym w eleganckim, grafitowym odcieniu \u2013 kolorem wyj\u0105tkowo modnym w tym sezonie. Ch\u0142odny, \u201erodowany\u201d look srebra podkre\u015bla unikalny rysunek pas\u00f3w (ka\u017cdy kamie\u0144 jest niepowtarzalny), dzi\u0119ki czemu dodatek pasuje do r\u00f3\u017cnych stylizacji: od bia\u0142ej koszuli i jeans\u00f3w, przez garniturowy smart-casual, po ma\u0142\u0105 czarn\u0105 na wiecz\u00f3r.<\/p>\n","protected":false},"featured_media":7861,"template":"","meta":{"_et_pb_use_builder":"","_et_pb_old_content":"","_et_gb_content_width":""},"product_brand":[],"product_cat":[953,607,962],"product_tag":[],"class_list":{"0":"post-7874","1":"product","2":"type-product","3":"status-publish","4":"has-post-thumbnail","6":"product_cat-bizuteria-z-krzemieniem-pasiastym","7":"product_cat-bransoletki","8":"product_cat-bransoletki-krzemien-pasiasty","9":"pa_dlugosc-cm-401","10":"pa_kolor-grafitowy","11":"pa_kolor-srebrny","12":"pa_material-srebro","13":"pa_proba-87","14":"pa_producent-bomar","15":"pa_rodzaj-kamienia-krzemien-grafitowy","16":"pa_rodzaj-zapiecia-karabinczyk","17":"pa_szerokosc-24-30","18":"pa_szerokosc-kamienia-z-oprawa","19":"pa_termin-realizacji-1-dzien-roboczy","20":"pa_wysokosc-30-1","21":"pa_wysokosc-kamienia-z-oprawa","23":"first","24":"instock","25":"taxable","26":"shipping-taxable","27":"purchasable","28":"product-type-simple"},"yoast_head":"<!-- This site is optimized with the Yoast SEO plugin v27.4 - https:\/\/yoast.com\/product\/yoast-seo-wordpress\/ -->\n<title>Bransoletka srebrna 925 z krzemieniem pasiastym hit sezonu Grafit BS59 - Jubiler Bomar<\/title>\n<meta name=\"robots\" content=\"index, follow, max-snippet:-1, max-image-preview:large, max-video-preview:-1\" \/>\n<link rel=\"canonical\" href=\"https:\/\/jubiler-bomar.eu\/sklep\/produkt\/bransoletka-srebrna-925-z-krzemieniem-pasiastym-hit-sezonu-grafit-bs59\/\" \/>\n<meta property=\"og:locale\" content=\"pl_PL\" \/>\n<meta property=\"og:type\" content=\"article\" \/>\n<meta property=\"og:title\" content=\"Bransoletka srebrna 925 z krzemieniem pasiastym hit sezonu Grafit BS59 - Jubiler Bomar\" \/>\n<meta property=\"og:description\" content=\"Minimalistyczna, a zarazem wyrazista. Bransoletka ze srebra Ag 925 z naturalnym krzemieniem pasiastym w eleganckim, grafitowym odcieniu \u2013 kolorem wyj\u0105tkowo modnym w tym sezonie. Ch\u0142odny, \u201erodowany\u201d look srebra podkre\u015bla unikalny rysunek pas\u00f3w (ka\u017cdy kamie\u0144 jest niepowtarzalny), dzi\u0119ki czemu dodatek pasuje do r\u00f3\u017cnych stylizacji: od bia\u0142ej koszuli i jeans\u00f3w, przez garniturowy smart-casual, po ma\u0142\u0105 czarn\u0105 na wiecz\u00f3r.\" \/>\n<meta property=\"og:url\" content=\"https:\/\/jubiler-bomar.eu\/sklep\/produkt\/bransoletka-srebrna-925-z-krzemieniem-pasiastym-hit-sezonu-grafit-bs59\/\" \/>\n<meta property=\"og:site_name\" content=\"Jubiler Bomar\" \/>\n<meta property=\"article:publisher\" content=\"https:\/\/www.facebook.com\/BomarJewellery\" \/>\n<meta property=\"article:modified_time\" content=\"2026-04-07T23:17:18+00:00\" \/>\n<meta property=\"og:image\" content=\"https:\/\/jubiler-bomar.eu\/sklep\/wp-content\/uploads\/2025\/11\/55b6f427-ce7e-469d-bd09-435fa5953b23.jpg\" \/>\n\t<meta property=\"og:image:width\" content=\"1024\" \/>\n\t<meta property=\"og:image:height\" content=\"1024\" \/>\n\t<meta property=\"og:image:type\" content=\"image\/jpeg\" \/>\n<meta name=\"twitter:card\" content=\"summary_large_image\" \/>\n<meta name=\"twitter:label1\" content=\"Szacowany czas czytania\" \/>\n\t<meta name=\"twitter:data1\" content=\"1 minuta\" \/>\n<script type=\"application\/ld+json\" class=\"yoast-schema-graph\">{\"@context\":\"https:\\\/\\\/schema.org\",\"@graph\":[{\"@type\":\"WebPage\",\"@id\":\"https:\\\/\\\/jubiler-bomar.eu\\\/sklep\\\/produkt\\\/bransoletka-srebrna-925-z-krzemieniem-pasiastym-hit-sezonu-grafit-bs59\\\/\",\"url\":\"https:\\\/\\\/jubiler-bomar.eu\\\/sklep\\\/produkt\\\/bransoletka-srebrna-925-z-krzemieniem-pasiastym-hit-sezonu-grafit-bs59\\\/\",\"name\":\"Bransoletka srebrna 925 z krzemieniem pasiastym hit sezonu Grafit BS59 - Jubiler Bomar\",\"isPartOf\":{\"@id\":\"https:\\\/\\\/jubiler-bomar.eu\\\/sklep\\\/#website\"},\"primaryImageOfPage\":{\"@id\":\"https:\\\/\\\/jubiler-bomar.eu\\\/sklep\\\/produkt\\\/bransoletka-srebrna-925-z-krzemieniem-pasiastym-hit-sezonu-grafit-bs59\\\/#primaryimage\"},\"image\":{\"@id\":\"https:\\\/\\\/jubiler-bomar.eu\\\/sklep\\\/produkt\\\/bransoletka-srebrna-925-z-krzemieniem-pasiastym-hit-sezonu-grafit-bs59\\\/#primaryimage\"},\"thumbnailUrl\":\"https:\\\/\\\/jubiler-bomar.eu\\\/sklep\\\/wp-content\\\/uploads\\\/2025\\\/11\\\/55b6f427-ce7e-469d-bd09-435fa5953b23.jpg\",\"datePublished\":\"2025-11-27T09:49:19+00:00\",\"dateModified\":\"2026-04-07T23:17:18+00:00\",\"breadcrumb\":{\"@id\":\"https:\\\/\\\/jubiler-bomar.eu\\\/sklep\\\/produkt\\\/bransoletka-srebrna-925-z-krzemieniem-pasiastym-hit-sezonu-grafit-bs59\\\/#breadcrumb\"},\"inLanguage\":\"pl-PL\",\"potentialAction\":[{\"@type\":\"ReadAction\",\"target\":[\"https:\\\/\\\/jubiler-bomar.eu\\\/sklep\\\/produkt\\\/bransoletka-srebrna-925-z-krzemieniem-pasiastym-hit-sezonu-grafit-bs59\\\/\"]}]},{\"@type\":\"ImageObject\",\"inLanguage\":\"pl-PL\",\"@id\":\"https:\\\/\\\/jubiler-bomar.eu\\\/sklep\\\/produkt\\\/bransoletka-srebrna-925-z-krzemieniem-pasiastym-hit-sezonu-grafit-bs59\\\/#primaryimage\",\"url\":\"https:\\\/\\\/jubiler-bomar.eu\\\/sklep\\\/wp-content\\\/uploads\\\/2025\\\/11\\\/55b6f427-ce7e-469d-bd09-435fa5953b23.jpg\",\"contentUrl\":\"https:\\\/\\\/jubiler-bomar.eu\\\/sklep\\\/wp-content\\\/uploads\\\/2025\\\/11\\\/55b6f427-ce7e-469d-bd09-435fa5953b23.jpg\",\"width\":1024,\"height\":1024},{\"@type\":\"BreadcrumbList\",\"@id\":\"https:\\\/\\\/jubiler-bomar.eu\\\/sklep\\\/produkt\\\/bransoletka-srebrna-925-z-krzemieniem-pasiastym-hit-sezonu-grafit-bs59\\\/#breadcrumb\",\"itemListElement\":[{\"@type\":\"ListItem\",\"position\":1,\"name\":\"Strona g\u0142\u00f3wna\",\"item\":\"https:\\\/\\\/jubiler-bomar.eu\\\/sklep\\\/\"},{\"@type\":\"ListItem\",\"position\":2,\"name\":\"Sklep\",\"item\":\"https:\\\/\\\/jubiler-bomar.eu\\\/sklep\\\/sklep\\\/\"},{\"@type\":\"ListItem\",\"position\":3,\"name\":\"Bransoletka srebrna 925 z krzemieniem pasiastym hit sezonu Grafit BS59\"}]},{\"@type\":\"WebSite\",\"@id\":\"https:\\\/\\\/jubiler-bomar.eu\\\/sklep\\\/#website\",\"url\":\"https:\\\/\\\/jubiler-bomar.eu\\\/sklep\\\/\",\"name\":\"Jubiler BOMAR\",\"description\":\"\",\"publisher\":{\"@id\":\"https:\\\/\\\/jubiler-bomar.eu\\\/sklep\\\/#organization\"},\"potentialAction\":[{\"@type\":\"SearchAction\",\"target\":{\"@type\":\"EntryPoint\",\"urlTemplate\":\"https:\\\/\\\/jubiler-bomar.eu\\\/sklep\\\/?s={search_term_string}\"},\"query-input\":{\"@type\":\"PropertyValueSpecification\",\"valueRequired\":true,\"valueName\":\"search_term_string\"}}],\"inLanguage\":\"pl-PL\"},{\"@type\":\"Organization\",\"@id\":\"https:\\\/\\\/jubiler-bomar.eu\\\/sklep\\\/#organization\",\"name\":\"Jubiler Bomar\",\"url\":\"https:\\\/\\\/jubiler-bomar.eu\\\/sklep\\\/\",\"logo\":{\"@type\":\"ImageObject\",\"inLanguage\":\"pl-PL\",\"@id\":\"https:\\\/\\\/jubiler-bomar.eu\\\/sklep\\\/#\\\/schema\\\/logo\\\/image\\\/\",\"url\":\"https:\\\/\\\/jubiler-bomar.eu\\\/sklep\\\/wp-content\\\/uploads\\\/2023\\\/02\\\/bomar-jubiler-logo-1.jpg\",\"contentUrl\":\"https:\\\/\\\/jubiler-bomar.eu\\\/sklep\\\/wp-content\\\/uploads\\\/2023\\\/02\\\/bomar-jubiler-logo-1.jpg\",\"width\":500,\"height\":156,\"caption\":\"Jubiler Bomar\"},\"image\":{\"@id\":\"https:\\\/\\\/jubiler-bomar.eu\\\/sklep\\\/#\\\/schema\\\/logo\\\/image\\\/\"},\"sameAs\":[\"https:\\\/\\\/www.facebook.com\\\/BomarJewellery\"]}]}<\/script>\n<!-- \/ Yoast SEO plugin. -->","yoast_head_json":{"title":"Bransoletka srebrna 925 z krzemieniem pasiastym hit sezonu Grafit BS59 - Jubiler Bomar","robots":{"index":"index","follow":"follow","max-snippet":"max-snippet:-1","max-image-preview":"max-image-preview:large","max-video-preview":"max-video-preview:-1"},"canonical":"https:\/\/jubiler-bomar.eu\/sklep\/produkt\/bransoletka-srebrna-925-z-krzemieniem-pasiastym-hit-sezonu-grafit-bs59\/","og_locale":"pl_PL","og_type":"article","og_title":"Bransoletka srebrna 925 z krzemieniem pasiastym hit sezonu Grafit BS59 - Jubiler Bomar","og_description":"Minimalistyczna, a zarazem wyrazista. Bransoletka ze srebra Ag 925 z naturalnym krzemieniem pasiastym w eleganckim, grafitowym odcieniu \u2013 kolorem wyj\u0105tkowo modnym w tym sezonie. Ch\u0142odny, \u201erodowany\u201d look srebra podkre\u015bla unikalny rysunek pas\u00f3w (ka\u017cdy kamie\u0144 jest niepowtarzalny), dzi\u0119ki czemu dodatek pasuje do r\u00f3\u017cnych stylizacji: od bia\u0142ej koszuli i jeans\u00f3w, przez garniturowy smart-casual, po ma\u0142\u0105 czarn\u0105 na wiecz\u00f3r.","og_url":"https:\/\/jubiler-bomar.eu\/sklep\/produkt\/bransoletka-srebrna-925-z-krzemieniem-pasiastym-hit-sezonu-grafit-bs59\/","og_site_name":"Jubiler Bomar","article_publisher":"https:\/\/www.facebook.com\/BomarJewellery","article_modified_time":"2026-04-07T23:17:18+00:00","og_image":[{"width":1024,"height":1024,"url":"https:\/\/jubiler-bomar.eu\/sklep\/wp-content\/uploads\/2025\/11\/55b6f427-ce7e-469d-bd09-435fa5953b23.jpg","type":"image\/jpeg"}],"twitter_card":"summary_large_image","twitter_misc":{"Szacowany czas czytania":"1 minuta"},"schema":{"@context":"https:\/\/schema.org","@graph":[{"@type":"WebPage","@id":"https:\/\/jubiler-bomar.eu\/sklep\/produkt\/bransoletka-srebrna-925-z-krzemieniem-pasiastym-hit-sezonu-grafit-bs59\/","url":"https:\/\/jubiler-bomar.eu\/sklep\/produkt\/bransoletka-srebrna-925-z-krzemieniem-pasiastym-hit-sezonu-grafit-bs59\/","name":"Bransoletka srebrna 925 z krzemieniem pasiastym hit sezonu Grafit BS59 - Jubiler Bomar","isPartOf":{"@id":"https:\/\/jubiler-bomar.eu\/sklep\/#website"},"primaryImageOfPage":{"@id":"https:\/\/jubiler-bomar.eu\/sklep\/produkt\/bransoletka-srebrna-925-z-krzemieniem-pasiastym-hit-sezonu-grafit-bs59\/#primaryimage"},"image":{"@id":"https:\/\/jubiler-bomar.eu\/sklep\/produkt\/bransoletka-srebrna-925-z-krzemieniem-pasiastym-hit-sezonu-grafit-bs59\/#primaryimage"},"thumbnailUrl":"https:\/\/jubiler-bomar.eu\/sklep\/wp-content\/uploads\/2025\/11\/55b6f427-ce7e-469d-bd09-435fa5953b23.jpg","datePublished":"2025-11-27T09:49:19+00:00","dateModified":"2026-04-07T23:17:18+00:00","breadcrumb":{"@id":"https:\/\/jubiler-bomar.eu\/sklep\/produkt\/bransoletka-srebrna-925-z-krzemieniem-pasiastym-hit-sezonu-grafit-bs59\/#breadcrumb"},"inLanguage":"pl-PL","potentialAction":[{"@type":"ReadAction","target":["https:\/\/jubiler-bomar.eu\/sklep\/produkt\/bransoletka-srebrna-925-z-krzemieniem-pasiastym-hit-sezonu-grafit-bs59\/"]}]},{"@type":"ImageObject","inLanguage":"pl-PL","@id":"https:\/\/jubiler-bomar.eu\/sklep\/produkt\/bransoletka-srebrna-925-z-krzemieniem-pasiastym-hit-sezonu-grafit-bs59\/#primaryimage","url":"https:\/\/jubiler-bomar.eu\/sklep\/wp-content\/uploads\/2025\/11\/55b6f427-ce7e-469d-bd09-435fa5953b23.jpg","contentUrl":"https:\/\/jubiler-bomar.eu\/sklep\/wp-content\/uploads\/2025\/11\/55b6f427-ce7e-469d-bd09-435fa5953b23.jpg","width":1024,"height":1024},{"@type":"BreadcrumbList","@id":"https:\/\/jubiler-bomar.eu\/sklep\/produkt\/bransoletka-srebrna-925-z-krzemieniem-pasiastym-hit-sezonu-grafit-bs59\/#breadcrumb","itemListElement":[{"@type":"ListItem","position":1,"name":"Strona g\u0142\u00f3wna","item":"https:\/\/jubiler-bomar.eu\/sklep\/"},{"@type":"ListItem","position":2,"name":"Sklep","item":"https:\/\/jubiler-bomar.eu\/sklep\/sklep\/"},{"@type":"ListItem","position":3,"name":"Bransoletka srebrna 925 z krzemieniem pasiastym hit sezonu Grafit BS59"}]},{"@type":"WebSite","@id":"https:\/\/jubiler-bomar.eu\/sklep\/#website","url":"https:\/\/jubiler-bomar.eu\/sklep\/","name":"Jubiler BOMAR","description":"","publisher":{"@id":"https:\/\/jubiler-bomar.eu\/sklep\/#organization"},"potentialAction":[{"@type":"SearchAction","target":{"@type":"EntryPoint","urlTemplate":"https:\/\/jubiler-bomar.eu\/sklep\/?s={search_term_string}"},"query-input":{"@type":"PropertyValueSpecification","valueRequired":true,"valueName":"search_term_string"}}],"inLanguage":"pl-PL"},{"@type":"Organization","@id":"https:\/\/jubiler-bomar.eu\/sklep\/#organization","name":"Jubiler Bomar","url":"https:\/\/jubiler-bomar.eu\/sklep\/","logo":{"@type":"ImageObject","inLanguage":"pl-PL","@id":"https:\/\/jubiler-bomar.eu\/sklep\/#\/schema\/logo\/image\/","url":"https:\/\/jubiler-bomar.eu\/sklep\/wp-content\/uploads\/2023\/02\/bomar-jubiler-logo-1.jpg","contentUrl":"https:\/\/jubiler-bomar.eu\/sklep\/wp-content\/uploads\/2023\/02\/bomar-jubiler-logo-1.jpg","width":500,"height":156,"caption":"Jubiler Bomar"},"image":{"@id":"https:\/\/jubiler-bomar.eu\/sklep\/#\/schema\/logo\/image\/"},"sameAs":["https:\/\/www.facebook.com\/BomarJewellery"]}]}},"_links":{"self":[{"href":"https:\/\/jubiler-bomar.eu\/sklep\/wp-json\/wp\/v2\/product\/7874","targetHints":{"allow":["GET"]}}],"collection":[{"href":"https:\/\/jubiler-bomar.eu\/sklep\/wp-json\/wp\/v2\/product"}],"about":[{"href":"https:\/\/jubiler-bomar.eu\/sklep\/wp-json\/wp\/v2\/types\/product"}],"wp:featuredmedia":[{"embeddable":true,"href":"https:\/\/jubiler-bomar.eu\/sklep\/wp-json\/wp\/v2\/media\/7861"}],"wp:attachment":[{"href":"https:\/\/jubiler-bomar.eu\/sklep\/wp-json\/wp\/v2\/media?parent=7874"}],"wp:term":[{"taxonomy":"product_brand","embeddable":true,"href":"https:\/\/jubiler-bomar.eu\/sklep\/wp-json\/wp\/v2\/product_brand?post=7874"},{"taxonomy":"product_cat","embeddable":true,"href":"https:\/\/jubiler-bomar.eu\/sklep\/wp-json\/wp\/v2\/product_cat?post=7874"},{"taxonomy":"product_tag","embeddable":true,"href":"https:\/\/jubiler-bomar.eu\/sklep\/wp-json\/wp\/v2\/product_tag?post=7874"}],"curies":[{"name":"wp","href":"https:\/\/api.w.org\/{rel}","templated":true}]}}