{"id":8078,"date":"2025-12-30T14:48:26","date_gmt":"2025-12-30T13:48:26","guid":{"rendered":"https:\/\/jubiler-bomar.eu\/sklep\/?post_type=product&#038;p=8078"},"modified":"2026-03-17T11:21:35","modified_gmt":"2026-03-17T10:21:35","slug":"wisiorek-srebrny-z-naturalnym-bursztynem-925-certyfikat-idealny-prezent-2","status":"publish","type":"product","link":"https:\/\/jubiler-bomar.eu\/sklep\/produkt\/wisiorek-srebrny-z-naturalnym-bursztynem-925-certyfikat-idealny-prezent-2\/","title":{"rendered":"Wisiorek srebrny z naturalnym bursztynem 925 certyfikat idealny prezent Z56"},"content":{"rendered":"","protected":false},"excerpt":{"rendered":"<p><b>ZAKOCHAJ SI\u0118 W BLASKU POLSKIEGO BURSZTYNU<\/b><\/p>\n<p>Ten wisiorek to co\u015b wi\u0119cej ni\u017c bi\u017cuteria to odrobina ba\u0142tyckiego s\u0142o\u0144ca, kt\u00f3r\u0105 mo\u017cesz podarowa\u0107 ukochanej osobie albo\u2026 sobie. Naturalny polski bursztyn o g\u0142\u0119bokiej miodowo koniakowej barwie oprawili\u015bmy w srebro pr\u00f3by 925, zabezpieczone przed ciemnieniem, aby jak najd\u0142u\u017cej cieszy\u0142 blaskiem i elegancj\u0105.<\/p>\n","protected":false},"featured_media":8079,"template":"","meta":{"_et_pb_use_builder":"","_et_pb_old_content":"","_et_gb_content_width":""},"product_brand":[],"product_cat":[929],"product_tag":[],"class_list":{"0":"post-8078","1":"product","2":"type-product","3":"status-publish","4":"has-post-thumbnail","6":"product_cat-wisiorki-i-zawieszki","7":"pa_dlugosc-905","8":"pa_dlugosc-z-zapieciem","9":"pa_kolor-koniak","10":"pa_material-srebro","11":"pa_proba-87","12":"pa_producent-bomar","13":"pa_rodzaj-kamienia-bursztyn","14":"pa_szerokosc-164","15":"pa_termin-realizacji-1-dzien-roboczy","17":"first","18":"instock","19":"taxable","20":"shipping-taxable","21":"purchasable","22":"product-type-simple"},"yoast_head":"<!-- This site is optimized with the Yoast SEO plugin v27.4 - https:\/\/yoast.com\/product\/yoast-seo-wordpress\/ -->\n<title>Wisiorek srebrny z naturalnym bursztynem 925 certyfikat idealny prezent Z56 - Jubiler Bomar<\/title>\n<meta name=\"robots\" content=\"index, follow, max-snippet:-1, max-image-preview:large, max-video-preview:-1\" \/>\n<link rel=\"canonical\" href=\"https:\/\/jubiler-bomar.eu\/sklep\/produkt\/wisiorek-srebrny-z-naturalnym-bursztynem-925-certyfikat-idealny-prezent-2\/\" \/>\n<meta property=\"og:locale\" content=\"pl_PL\" \/>\n<meta property=\"og:type\" content=\"article\" \/>\n<meta property=\"og:title\" content=\"Wisiorek srebrny z naturalnym bursztynem 925 certyfikat idealny prezent Z56 - Jubiler Bomar\" \/>\n<meta property=\"og:description\" content=\"ZAKOCHAJ SI\u0118 W BLASKU POLSKIEGO BURSZTYNU  Ten wisiorek to co\u015b wi\u0119cej ni\u017c bi\u017cuteria to odrobina ba\u0142tyckiego s\u0142o\u0144ca, kt\u00f3r\u0105 mo\u017cesz podarowa\u0107 ukochanej osobie albo\u2026 sobie. Naturalny polski bursztyn o g\u0142\u0119bokiej miodowo koniakowej barwie oprawili\u015bmy w srebro pr\u00f3by 925, zabezpieczone przed ciemnieniem, aby jak najd\u0142u\u017cej cieszy\u0142 blaskiem i elegancj\u0105.\" \/>\n<meta property=\"og:url\" content=\"https:\/\/jubiler-bomar.eu\/sklep\/produkt\/wisiorek-srebrny-z-naturalnym-bursztynem-925-certyfikat-idealny-prezent-2\/\" \/>\n<meta property=\"og:site_name\" content=\"Jubiler Bomar\" \/>\n<meta property=\"article:publisher\" content=\"https:\/\/www.facebook.com\/BomarJewellery\" \/>\n<meta property=\"article:modified_time\" content=\"2026-03-17T10:21:35+00:00\" \/>\n<meta property=\"og:image\" content=\"https:\/\/jubiler-bomar.eu\/sklep\/wp-content\/uploads\/2025\/12\/Wisiorek-srebrny-z-naturalnym-bursztynem-925-certyfikat-idealny-prezent-1.jpg\" \/>\n\t<meta property=\"og:image:width\" content=\"1024\" \/>\n\t<meta property=\"og:image:height\" content=\"1024\" \/>\n\t<meta property=\"og:image:type\" content=\"image\/jpeg\" \/>\n<meta name=\"twitter:card\" content=\"summary_large_image\" \/>\n<meta name=\"twitter:label1\" content=\"Szacowany czas czytania\" \/>\n\t<meta name=\"twitter:data1\" content=\"1 minuta\" \/>\n<script type=\"application\/ld+json\" class=\"yoast-schema-graph\">{\"@context\":\"https:\\\/\\\/schema.org\",\"@graph\":[{\"@type\":\"WebPage\",\"@id\":\"https:\\\/\\\/jubiler-bomar.eu\\\/sklep\\\/produkt\\\/wisiorek-srebrny-z-naturalnym-bursztynem-925-certyfikat-idealny-prezent-2\\\/\",\"url\":\"https:\\\/\\\/jubiler-bomar.eu\\\/sklep\\\/produkt\\\/wisiorek-srebrny-z-naturalnym-bursztynem-925-certyfikat-idealny-prezent-2\\\/\",\"name\":\"Wisiorek srebrny z naturalnym bursztynem 925 certyfikat idealny prezent Z56 - Jubiler Bomar\",\"isPartOf\":{\"@id\":\"https:\\\/\\\/jubiler-bomar.eu\\\/sklep\\\/#website\"},\"primaryImageOfPage\":{\"@id\":\"https:\\\/\\\/jubiler-bomar.eu\\\/sklep\\\/produkt\\\/wisiorek-srebrny-z-naturalnym-bursztynem-925-certyfikat-idealny-prezent-2\\\/#primaryimage\"},\"image\":{\"@id\":\"https:\\\/\\\/jubiler-bomar.eu\\\/sklep\\\/produkt\\\/wisiorek-srebrny-z-naturalnym-bursztynem-925-certyfikat-idealny-prezent-2\\\/#primaryimage\"},\"thumbnailUrl\":\"https:\\\/\\\/jubiler-bomar.eu\\\/sklep\\\/wp-content\\\/uploads\\\/2025\\\/12\\\/Wisiorek-srebrny-z-naturalnym-bursztynem-925-certyfikat-idealny-prezent-1.jpg\",\"datePublished\":\"2025-12-30T13:48:26+00:00\",\"dateModified\":\"2026-03-17T10:21:35+00:00\",\"breadcrumb\":{\"@id\":\"https:\\\/\\\/jubiler-bomar.eu\\\/sklep\\\/produkt\\\/wisiorek-srebrny-z-naturalnym-bursztynem-925-certyfikat-idealny-prezent-2\\\/#breadcrumb\"},\"inLanguage\":\"pl-PL\",\"potentialAction\":[{\"@type\":\"ReadAction\",\"target\":[\"https:\\\/\\\/jubiler-bomar.eu\\\/sklep\\\/produkt\\\/wisiorek-srebrny-z-naturalnym-bursztynem-925-certyfikat-idealny-prezent-2\\\/\"]}]},{\"@type\":\"ImageObject\",\"inLanguage\":\"pl-PL\",\"@id\":\"https:\\\/\\\/jubiler-bomar.eu\\\/sklep\\\/produkt\\\/wisiorek-srebrny-z-naturalnym-bursztynem-925-certyfikat-idealny-prezent-2\\\/#primaryimage\",\"url\":\"https:\\\/\\\/jubiler-bomar.eu\\\/sklep\\\/wp-content\\\/uploads\\\/2025\\\/12\\\/Wisiorek-srebrny-z-naturalnym-bursztynem-925-certyfikat-idealny-prezent-1.jpg\",\"contentUrl\":\"https:\\\/\\\/jubiler-bomar.eu\\\/sklep\\\/wp-content\\\/uploads\\\/2025\\\/12\\\/Wisiorek-srebrny-z-naturalnym-bursztynem-925-certyfikat-idealny-prezent-1.jpg\",\"width\":1024,\"height\":1024,\"caption\":\"3ef7c62e990289957889d21df0a1aabb3050aff88ba4501eb4ded65eb041e32858f2cb62eaf74e10432d1d988cb546a25242fe14bd9a910ca3e06c341ce21afb1bd3b0544c6bfa98e4802b14f03acc4a\"},{\"@type\":\"BreadcrumbList\",\"@id\":\"https:\\\/\\\/jubiler-bomar.eu\\\/sklep\\\/produkt\\\/wisiorek-srebrny-z-naturalnym-bursztynem-925-certyfikat-idealny-prezent-2\\\/#breadcrumb\",\"itemListElement\":[{\"@type\":\"ListItem\",\"position\":1,\"name\":\"Strona g\u0142\u00f3wna\",\"item\":\"https:\\\/\\\/jubiler-bomar.eu\\\/sklep\\\/\"},{\"@type\":\"ListItem\",\"position\":2,\"name\":\"Sklep\",\"item\":\"https:\\\/\\\/jubiler-bomar.eu\\\/sklep\\\/sklep\\\/\"},{\"@type\":\"ListItem\",\"position\":3,\"name\":\"Wisiorek srebrny z naturalnym bursztynem 925 certyfikat idealny prezent Z56\"}]},{\"@type\":\"WebSite\",\"@id\":\"https:\\\/\\\/jubiler-bomar.eu\\\/sklep\\\/#website\",\"url\":\"https:\\\/\\\/jubiler-bomar.eu\\\/sklep\\\/\",\"name\":\"Jubiler BOMAR\",\"description\":\"\",\"publisher\":{\"@id\":\"https:\\\/\\\/jubiler-bomar.eu\\\/sklep\\\/#organization\"},\"potentialAction\":[{\"@type\":\"SearchAction\",\"target\":{\"@type\":\"EntryPoint\",\"urlTemplate\":\"https:\\\/\\\/jubiler-bomar.eu\\\/sklep\\\/?s={search_term_string}\"},\"query-input\":{\"@type\":\"PropertyValueSpecification\",\"valueRequired\":true,\"valueName\":\"search_term_string\"}}],\"inLanguage\":\"pl-PL\"},{\"@type\":\"Organization\",\"@id\":\"https:\\\/\\\/jubiler-bomar.eu\\\/sklep\\\/#organization\",\"name\":\"Jubiler Bomar\",\"url\":\"https:\\\/\\\/jubiler-bomar.eu\\\/sklep\\\/\",\"logo\":{\"@type\":\"ImageObject\",\"inLanguage\":\"pl-PL\",\"@id\":\"https:\\\/\\\/jubiler-bomar.eu\\\/sklep\\\/#\\\/schema\\\/logo\\\/image\\\/\",\"url\":\"https:\\\/\\\/jubiler-bomar.eu\\\/sklep\\\/wp-content\\\/uploads\\\/2023\\\/02\\\/bomar-jubiler-logo-1.jpg\",\"contentUrl\":\"https:\\\/\\\/jubiler-bomar.eu\\\/sklep\\\/wp-content\\\/uploads\\\/2023\\\/02\\\/bomar-jubiler-logo-1.jpg\",\"width\":500,\"height\":156,\"caption\":\"Jubiler Bomar\"},\"image\":{\"@id\":\"https:\\\/\\\/jubiler-bomar.eu\\\/sklep\\\/#\\\/schema\\\/logo\\\/image\\\/\"},\"sameAs\":[\"https:\\\/\\\/www.facebook.com\\\/BomarJewellery\"]}]}<\/script>\n<!-- \/ Yoast SEO plugin. -->","yoast_head_json":{"title":"Wisiorek srebrny z naturalnym bursztynem 925 certyfikat idealny prezent Z56 - Jubiler Bomar","robots":{"index":"index","follow":"follow","max-snippet":"max-snippet:-1","max-image-preview":"max-image-preview:large","max-video-preview":"max-video-preview:-1"},"canonical":"https:\/\/jubiler-bomar.eu\/sklep\/produkt\/wisiorek-srebrny-z-naturalnym-bursztynem-925-certyfikat-idealny-prezent-2\/","og_locale":"pl_PL","og_type":"article","og_title":"Wisiorek srebrny z naturalnym bursztynem 925 certyfikat idealny prezent Z56 - Jubiler Bomar","og_description":"ZAKOCHAJ SI\u0118 W BLASKU POLSKIEGO BURSZTYNU  Ten wisiorek to co\u015b wi\u0119cej ni\u017c bi\u017cuteria to odrobina ba\u0142tyckiego s\u0142o\u0144ca, kt\u00f3r\u0105 mo\u017cesz podarowa\u0107 ukochanej osobie albo\u2026 sobie. Naturalny polski bursztyn o g\u0142\u0119bokiej miodowo koniakowej barwie oprawili\u015bmy w srebro pr\u00f3by 925, zabezpieczone przed ciemnieniem, aby jak najd\u0142u\u017cej cieszy\u0142 blaskiem i elegancj\u0105.","og_url":"https:\/\/jubiler-bomar.eu\/sklep\/produkt\/wisiorek-srebrny-z-naturalnym-bursztynem-925-certyfikat-idealny-prezent-2\/","og_site_name":"Jubiler Bomar","article_publisher":"https:\/\/www.facebook.com\/BomarJewellery","article_modified_time":"2026-03-17T10:21:35+00:00","og_image":[{"width":1024,"height":1024,"url":"https:\/\/jubiler-bomar.eu\/sklep\/wp-content\/uploads\/2025\/12\/Wisiorek-srebrny-z-naturalnym-bursztynem-925-certyfikat-idealny-prezent-1.jpg","type":"image\/jpeg"}],"twitter_card":"summary_large_image","twitter_misc":{"Szacowany czas czytania":"1 minuta"},"schema":{"@context":"https:\/\/schema.org","@graph":[{"@type":"WebPage","@id":"https:\/\/jubiler-bomar.eu\/sklep\/produkt\/wisiorek-srebrny-z-naturalnym-bursztynem-925-certyfikat-idealny-prezent-2\/","url":"https:\/\/jubiler-bomar.eu\/sklep\/produkt\/wisiorek-srebrny-z-naturalnym-bursztynem-925-certyfikat-idealny-prezent-2\/","name":"Wisiorek srebrny z naturalnym bursztynem 925 certyfikat idealny prezent Z56 - Jubiler Bomar","isPartOf":{"@id":"https:\/\/jubiler-bomar.eu\/sklep\/#website"},"primaryImageOfPage":{"@id":"https:\/\/jubiler-bomar.eu\/sklep\/produkt\/wisiorek-srebrny-z-naturalnym-bursztynem-925-certyfikat-idealny-prezent-2\/#primaryimage"},"image":{"@id":"https:\/\/jubiler-bomar.eu\/sklep\/produkt\/wisiorek-srebrny-z-naturalnym-bursztynem-925-certyfikat-idealny-prezent-2\/#primaryimage"},"thumbnailUrl":"https:\/\/jubiler-bomar.eu\/sklep\/wp-content\/uploads\/2025\/12\/Wisiorek-srebrny-z-naturalnym-bursztynem-925-certyfikat-idealny-prezent-1.jpg","datePublished":"2025-12-30T13:48:26+00:00","dateModified":"2026-03-17T10:21:35+00:00","breadcrumb":{"@id":"https:\/\/jubiler-bomar.eu\/sklep\/produkt\/wisiorek-srebrny-z-naturalnym-bursztynem-925-certyfikat-idealny-prezent-2\/#breadcrumb"},"inLanguage":"pl-PL","potentialAction":[{"@type":"ReadAction","target":["https:\/\/jubiler-bomar.eu\/sklep\/produkt\/wisiorek-srebrny-z-naturalnym-bursztynem-925-certyfikat-idealny-prezent-2\/"]}]},{"@type":"ImageObject","inLanguage":"pl-PL","@id":"https:\/\/jubiler-bomar.eu\/sklep\/produkt\/wisiorek-srebrny-z-naturalnym-bursztynem-925-certyfikat-idealny-prezent-2\/#primaryimage","url":"https:\/\/jubiler-bomar.eu\/sklep\/wp-content\/uploads\/2025\/12\/Wisiorek-srebrny-z-naturalnym-bursztynem-925-certyfikat-idealny-prezent-1.jpg","contentUrl":"https:\/\/jubiler-bomar.eu\/sklep\/wp-content\/uploads\/2025\/12\/Wisiorek-srebrny-z-naturalnym-bursztynem-925-certyfikat-idealny-prezent-1.jpg","width":1024,"height":1024,"caption":"3ef7c62e990289957889d21df0a1aabb3050aff88ba4501eb4ded65eb041e32858f2cb62eaf74e10432d1d988cb546a25242fe14bd9a910ca3e06c341ce21afb1bd3b0544c6bfa98e4802b14f03acc4a"},{"@type":"BreadcrumbList","@id":"https:\/\/jubiler-bomar.eu\/sklep\/produkt\/wisiorek-srebrny-z-naturalnym-bursztynem-925-certyfikat-idealny-prezent-2\/#breadcrumb","itemListElement":[{"@type":"ListItem","position":1,"name":"Strona g\u0142\u00f3wna","item":"https:\/\/jubiler-bomar.eu\/sklep\/"},{"@type":"ListItem","position":2,"name":"Sklep","item":"https:\/\/jubiler-bomar.eu\/sklep\/sklep\/"},{"@type":"ListItem","position":3,"name":"Wisiorek srebrny z naturalnym bursztynem 925 certyfikat idealny prezent Z56"}]},{"@type":"WebSite","@id":"https:\/\/jubiler-bomar.eu\/sklep\/#website","url":"https:\/\/jubiler-bomar.eu\/sklep\/","name":"Jubiler BOMAR","description":"","publisher":{"@id":"https:\/\/jubiler-bomar.eu\/sklep\/#organization"},"potentialAction":[{"@type":"SearchAction","target":{"@type":"EntryPoint","urlTemplate":"https:\/\/jubiler-bomar.eu\/sklep\/?s={search_term_string}"},"query-input":{"@type":"PropertyValueSpecification","valueRequired":true,"valueName":"search_term_string"}}],"inLanguage":"pl-PL"},{"@type":"Organization","@id":"https:\/\/jubiler-bomar.eu\/sklep\/#organization","name":"Jubiler Bomar","url":"https:\/\/jubiler-bomar.eu\/sklep\/","logo":{"@type":"ImageObject","inLanguage":"pl-PL","@id":"https:\/\/jubiler-bomar.eu\/sklep\/#\/schema\/logo\/image\/","url":"https:\/\/jubiler-bomar.eu\/sklep\/wp-content\/uploads\/2023\/02\/bomar-jubiler-logo-1.jpg","contentUrl":"https:\/\/jubiler-bomar.eu\/sklep\/wp-content\/uploads\/2023\/02\/bomar-jubiler-logo-1.jpg","width":500,"height":156,"caption":"Jubiler Bomar"},"image":{"@id":"https:\/\/jubiler-bomar.eu\/sklep\/#\/schema\/logo\/image\/"},"sameAs":["https:\/\/www.facebook.com\/BomarJewellery"]}]}},"_links":{"self":[{"href":"https:\/\/jubiler-bomar.eu\/sklep\/wp-json\/wp\/v2\/product\/8078","targetHints":{"allow":["GET"]}}],"collection":[{"href":"https:\/\/jubiler-bomar.eu\/sklep\/wp-json\/wp\/v2\/product"}],"about":[{"href":"https:\/\/jubiler-bomar.eu\/sklep\/wp-json\/wp\/v2\/types\/product"}],"wp:featuredmedia":[{"embeddable":true,"href":"https:\/\/jubiler-bomar.eu\/sklep\/wp-json\/wp\/v2\/media\/8079"}],"wp:attachment":[{"href":"https:\/\/jubiler-bomar.eu\/sklep\/wp-json\/wp\/v2\/media?parent=8078"}],"wp:term":[{"taxonomy":"product_brand","embeddable":true,"href":"https:\/\/jubiler-bomar.eu\/sklep\/wp-json\/wp\/v2\/product_brand?post=8078"},{"taxonomy":"product_cat","embeddable":true,"href":"https:\/\/jubiler-bomar.eu\/sklep\/wp-json\/wp\/v2\/product_cat?post=8078"},{"taxonomy":"product_tag","embeddable":true,"href":"https:\/\/jubiler-bomar.eu\/sklep\/wp-json\/wp\/v2\/product_tag?post=8078"}],"curies":[{"name":"wp","href":"https:\/\/api.w.org\/{rel}","templated":true}]}}