{"id":8150,"date":"2025-12-31T09:23:35","date_gmt":"2025-12-31T08:23:35","guid":{"rendered":"https:\/\/jubiler-bomar.eu\/sklep\/?post_type=product&#038;p=8150"},"modified":"2026-03-18T11:48:16","modified_gmt":"2026-03-18T10:48:16","slug":"pierscionek-srebrny-z-bursztynem-mlecznym-925-naturalny-polski-bursztyn-p51","status":"publish","type":"product","link":"https:\/\/jubiler-bomar.eu\/sklep\/produkt\/pierscionek-srebrny-z-bursztynem-mlecznym-925-naturalny-polski-bursztyn-p51\/","title":{"rendered":"Pier\u015bcionek srebrny z bursztynem mlecznym 925 naturalny polski bursztyn P51"},"content":{"rendered":"<div class=\"mp4t_16_s mryx_16_s mr3m_1 mli2_1 mh85_56 mh85_0_l\">\n<div class=\"mgn2_16 _0d3bd_am0a-\">\n<p>\u2705Mleczny bursztyn przypomina kropl\u0119 <b>porannego \u015bwiat\u0142a<\/b> \u2013 jest subtelny, mi\u0119kko roz\u015bwietla d\u0142o\u0144 i pi\u0119knie komponuje si\u0119 zar\u00f3wno z codziennymi stylizacjami, jak i eleganck\u0105 sukienk\u0105.<\/p>\n<p>\u2705Ka\u017cdy kamie\u0144 ma sw\u00f3j w\u0142asny rysunek, dlatego Tw\u00f3j pier\u015bcionek b\u0119dzie jedyny w swoim rodzaju \u2013 tak jak osoba, kt\u00f3ra b\u0119dzie go nosi\u0107.<\/p>\n<p>\u2705To idealny prezent dla \u017cony, mamy, babci, c\u00f3rki czy przyjaci\u00f3\u0142ki \u2013 na urodziny, rocznic\u0119, Dzie\u0144 Mamy, \u015bwi\u0119ta lub po prostu \u201e<b>z mi\u0142o\u015bci\u201d<\/b>.<\/p>\n<\/div>\n<\/div>\n","protected":false},"excerpt":{"rendered":"<div class=\"mp4t_16_s mryx_16_s mr3m_1 mli2_1 mh85_56 mh85_0_l\">\n<div class=\"mg9e_8 mj7a_8 mg9e_0_s mvrt_0_s mj7a_0_s mh36_0_s mzmg_6m munh_16_l m3h2_16_l\">\n<div class=\"mp4t_0 mryx_0 munh_56 m3h2_56\">\n<div class=\"mp7g_oh\"><\/div>\n<\/div>\n<\/div>\n<\/div>\n<div class=\"mp4t_16_s mryx_16_s mr3m_1 mli2_1 mh85_56 mh85_0_l\">\n<div class=\"mgn2_16 _0d3bd_am0a-\">\n<p>\u2705Odkryj magi\u0119 naturalnego <b>polskiego bursztynu<\/b>, zamkni\u0119t\u0105 w delikatnym, ale wyrazistym pier\u015bcionku.<\/p>\n<p>\u2705Ten srebrny pier\u015bcionek z bursztynem <b>mlecznym<\/b> to bi\u017cuteria, kt\u00f3ra od pierwszego spojrzenia zachwyca ciep\u0142\u0105 barw\u0105 kamienia i klasyczn\u0105, g\u0142adk\u0105 opraw\u0105.<\/p>\n<\/div>\n<\/div>\n","protected":false},"featured_media":8155,"template":"","meta":{"_et_pb_use_builder":"","_et_pb_old_content":"","_et_gb_content_width":""},"product_brand":[],"product_cat":[16,814,830,942,931],"product_tag":[],"class_list":{"0":"post-8150","1":"product","2":"type-product","3":"status-publish","4":"has-post-thumbnail","6":"product_cat-bez-kategorii","7":"product_cat-dla-babci-i-dziadka","8":"product_cat-dzien-mamy","9":"product_cat-pierscionki","10":"product_cat-pierscionki-srebrne","11":"pa_kolor-mleczny","12":"pa_material-srebro","13":"pa_proba-87","14":"pa_producent-bomar","15":"pa_rodzaj-kamienia-bursztyn","16":"pa_rozmiar-na-wymiar","17":"pa_szerokosc-244","19":"first","20":"instock","21":"taxable","22":"shipping-taxable","23":"purchasable","24":"product-type-simple"},"yoast_head":"<!-- This site is optimized with the Yoast SEO plugin v27.4 - https:\/\/yoast.com\/product\/yoast-seo-wordpress\/ -->\n<title>Pier\u015bcionek srebrny z bursztynem mlecznym 925 naturalny polski bursztyn P51 - Jubiler Bomar<\/title>\n<meta name=\"robots\" content=\"index, follow, max-snippet:-1, max-image-preview:large, max-video-preview:-1\" \/>\n<link rel=\"canonical\" href=\"https:\/\/jubiler-bomar.eu\/sklep\/produkt\/pierscionek-srebrny-z-bursztynem-mlecznym-925-naturalny-polski-bursztyn-p51\/\" \/>\n<meta property=\"og:locale\" content=\"pl_PL\" \/>\n<meta property=\"og:type\" content=\"article\" \/>\n<meta property=\"og:title\" content=\"Pier\u015bcionek srebrny z bursztynem mlecznym 925 naturalny polski bursztyn P51 - Jubiler Bomar\" \/>\n<meta property=\"og:description\" content=\"\u2705Odkryj magi\u0119 naturalnego polskiego bursztynu, zamkni\u0119t\u0105 w delikatnym, ale wyrazistym pier\u015bcionku.  \u2705Ten srebrny pier\u015bcionek z bursztynem mlecznym to bi\u017cuteria, kt\u00f3ra od pierwszego spojrzenia zachwyca ciep\u0142\u0105 barw\u0105 kamienia i klasyczn\u0105, g\u0142adk\u0105 opraw\u0105.\" \/>\n<meta property=\"og:url\" content=\"https:\/\/jubiler-bomar.eu\/sklep\/produkt\/pierscionek-srebrny-z-bursztynem-mlecznym-925-naturalny-polski-bursztyn-p51\/\" \/>\n<meta property=\"og:site_name\" content=\"Jubiler Bomar\" \/>\n<meta property=\"article:publisher\" content=\"https:\/\/www.facebook.com\/BomarJewellery\" \/>\n<meta property=\"article:modified_time\" content=\"2026-03-18T10:48:16+00:00\" \/>\n<meta property=\"og:image\" content=\"https:\/\/jubiler-bomar.eu\/sklep\/wp-content\/uploads\/2025\/12\/pierscionek-z-mlecznym-bursztynem.jpg\" \/>\n\t<meta property=\"og:image:width\" content=\"1024\" \/>\n\t<meta property=\"og:image:height\" content=\"1024\" \/>\n\t<meta property=\"og:image:type\" content=\"image\/jpeg\" \/>\n<meta name=\"twitter:card\" content=\"summary_large_image\" \/>\n<meta name=\"twitter:label1\" content=\"Szacowany czas czytania\" \/>\n\t<meta name=\"twitter:data1\" content=\"1 minuta\" \/>\n<script type=\"application\/ld+json\" class=\"yoast-schema-graph\">{\"@context\":\"https:\\\/\\\/schema.org\",\"@graph\":[{\"@type\":\"WebPage\",\"@id\":\"https:\\\/\\\/jubiler-bomar.eu\\\/sklep\\\/produkt\\\/pierscionek-srebrny-z-bursztynem-mlecznym-925-naturalny-polski-bursztyn-p51\\\/\",\"url\":\"https:\\\/\\\/jubiler-bomar.eu\\\/sklep\\\/produkt\\\/pierscionek-srebrny-z-bursztynem-mlecznym-925-naturalny-polski-bursztyn-p51\\\/\",\"name\":\"Pier\u015bcionek srebrny z bursztynem mlecznym 925 naturalny polski bursztyn P51 - Jubiler Bomar\",\"isPartOf\":{\"@id\":\"https:\\\/\\\/jubiler-bomar.eu\\\/sklep\\\/#website\"},\"primaryImageOfPage\":{\"@id\":\"https:\\\/\\\/jubiler-bomar.eu\\\/sklep\\\/produkt\\\/pierscionek-srebrny-z-bursztynem-mlecznym-925-naturalny-polski-bursztyn-p51\\\/#primaryimage\"},\"image\":{\"@id\":\"https:\\\/\\\/jubiler-bomar.eu\\\/sklep\\\/produkt\\\/pierscionek-srebrny-z-bursztynem-mlecznym-925-naturalny-polski-bursztyn-p51\\\/#primaryimage\"},\"thumbnailUrl\":\"https:\\\/\\\/jubiler-bomar.eu\\\/sklep\\\/wp-content\\\/uploads\\\/2025\\\/12\\\/pierscionek-z-mlecznym-bursztynem.jpg\",\"datePublished\":\"2025-12-31T08:23:35+00:00\",\"dateModified\":\"2026-03-18T10:48:16+00:00\",\"breadcrumb\":{\"@id\":\"https:\\\/\\\/jubiler-bomar.eu\\\/sklep\\\/produkt\\\/pierscionek-srebrny-z-bursztynem-mlecznym-925-naturalny-polski-bursztyn-p51\\\/#breadcrumb\"},\"inLanguage\":\"pl-PL\",\"potentialAction\":[{\"@type\":\"ReadAction\",\"target\":[\"https:\\\/\\\/jubiler-bomar.eu\\\/sklep\\\/produkt\\\/pierscionek-srebrny-z-bursztynem-mlecznym-925-naturalny-polski-bursztyn-p51\\\/\"]}]},{\"@type\":\"ImageObject\",\"inLanguage\":\"pl-PL\",\"@id\":\"https:\\\/\\\/jubiler-bomar.eu\\\/sklep\\\/produkt\\\/pierscionek-srebrny-z-bursztynem-mlecznym-925-naturalny-polski-bursztyn-p51\\\/#primaryimage\",\"url\":\"https:\\\/\\\/jubiler-bomar.eu\\\/sklep\\\/wp-content\\\/uploads\\\/2025\\\/12\\\/pierscionek-z-mlecznym-bursztynem.jpg\",\"contentUrl\":\"https:\\\/\\\/jubiler-bomar.eu\\\/sklep\\\/wp-content\\\/uploads\\\/2025\\\/12\\\/pierscionek-z-mlecznym-bursztynem.jpg\",\"width\":1024,\"height\":1024},{\"@type\":\"BreadcrumbList\",\"@id\":\"https:\\\/\\\/jubiler-bomar.eu\\\/sklep\\\/produkt\\\/pierscionek-srebrny-z-bursztynem-mlecznym-925-naturalny-polski-bursztyn-p51\\\/#breadcrumb\",\"itemListElement\":[{\"@type\":\"ListItem\",\"position\":1,\"name\":\"Strona g\u0142\u00f3wna\",\"item\":\"https:\\\/\\\/jubiler-bomar.eu\\\/sklep\\\/\"},{\"@type\":\"ListItem\",\"position\":2,\"name\":\"Sklep\",\"item\":\"https:\\\/\\\/jubiler-bomar.eu\\\/sklep\\\/sklep\\\/\"},{\"@type\":\"ListItem\",\"position\":3,\"name\":\"Pier\u015bcionek srebrny z bursztynem mlecznym 925 naturalny polski bursztyn P51\"}]},{\"@type\":\"WebSite\",\"@id\":\"https:\\\/\\\/jubiler-bomar.eu\\\/sklep\\\/#website\",\"url\":\"https:\\\/\\\/jubiler-bomar.eu\\\/sklep\\\/\",\"name\":\"Jubiler BOMAR\",\"description\":\"\",\"publisher\":{\"@id\":\"https:\\\/\\\/jubiler-bomar.eu\\\/sklep\\\/#organization\"},\"potentialAction\":[{\"@type\":\"SearchAction\",\"target\":{\"@type\":\"EntryPoint\",\"urlTemplate\":\"https:\\\/\\\/jubiler-bomar.eu\\\/sklep\\\/?s={search_term_string}\"},\"query-input\":{\"@type\":\"PropertyValueSpecification\",\"valueRequired\":true,\"valueName\":\"search_term_string\"}}],\"inLanguage\":\"pl-PL\"},{\"@type\":\"Organization\",\"@id\":\"https:\\\/\\\/jubiler-bomar.eu\\\/sklep\\\/#organization\",\"name\":\"Jubiler Bomar\",\"url\":\"https:\\\/\\\/jubiler-bomar.eu\\\/sklep\\\/\",\"logo\":{\"@type\":\"ImageObject\",\"inLanguage\":\"pl-PL\",\"@id\":\"https:\\\/\\\/jubiler-bomar.eu\\\/sklep\\\/#\\\/schema\\\/logo\\\/image\\\/\",\"url\":\"https:\\\/\\\/jubiler-bomar.eu\\\/sklep\\\/wp-content\\\/uploads\\\/2023\\\/02\\\/bomar-jubiler-logo-1.jpg\",\"contentUrl\":\"https:\\\/\\\/jubiler-bomar.eu\\\/sklep\\\/wp-content\\\/uploads\\\/2023\\\/02\\\/bomar-jubiler-logo-1.jpg\",\"width\":500,\"height\":156,\"caption\":\"Jubiler Bomar\"},\"image\":{\"@id\":\"https:\\\/\\\/jubiler-bomar.eu\\\/sklep\\\/#\\\/schema\\\/logo\\\/image\\\/\"},\"sameAs\":[\"https:\\\/\\\/www.facebook.com\\\/BomarJewellery\"]}]}<\/script>\n<!-- \/ Yoast SEO plugin. -->","yoast_head_json":{"title":"Pier\u015bcionek srebrny z bursztynem mlecznym 925 naturalny polski bursztyn P51 - Jubiler Bomar","robots":{"index":"index","follow":"follow","max-snippet":"max-snippet:-1","max-image-preview":"max-image-preview:large","max-video-preview":"max-video-preview:-1"},"canonical":"https:\/\/jubiler-bomar.eu\/sklep\/produkt\/pierscionek-srebrny-z-bursztynem-mlecznym-925-naturalny-polski-bursztyn-p51\/","og_locale":"pl_PL","og_type":"article","og_title":"Pier\u015bcionek srebrny z bursztynem mlecznym 925 naturalny polski bursztyn P51 - Jubiler Bomar","og_description":"\u2705Odkryj magi\u0119 naturalnego polskiego bursztynu, zamkni\u0119t\u0105 w delikatnym, ale wyrazistym pier\u015bcionku.  \u2705Ten srebrny pier\u015bcionek z bursztynem mlecznym to bi\u017cuteria, kt\u00f3ra od pierwszego spojrzenia zachwyca ciep\u0142\u0105 barw\u0105 kamienia i klasyczn\u0105, g\u0142adk\u0105 opraw\u0105.","og_url":"https:\/\/jubiler-bomar.eu\/sklep\/produkt\/pierscionek-srebrny-z-bursztynem-mlecznym-925-naturalny-polski-bursztyn-p51\/","og_site_name":"Jubiler Bomar","article_publisher":"https:\/\/www.facebook.com\/BomarJewellery","article_modified_time":"2026-03-18T10:48:16+00:00","og_image":[{"width":1024,"height":1024,"url":"https:\/\/jubiler-bomar.eu\/sklep\/wp-content\/uploads\/2025\/12\/pierscionek-z-mlecznym-bursztynem.jpg","type":"image\/jpeg"}],"twitter_card":"summary_large_image","twitter_misc":{"Szacowany czas czytania":"1 minuta"},"schema":{"@context":"https:\/\/schema.org","@graph":[{"@type":"WebPage","@id":"https:\/\/jubiler-bomar.eu\/sklep\/produkt\/pierscionek-srebrny-z-bursztynem-mlecznym-925-naturalny-polski-bursztyn-p51\/","url":"https:\/\/jubiler-bomar.eu\/sklep\/produkt\/pierscionek-srebrny-z-bursztynem-mlecznym-925-naturalny-polski-bursztyn-p51\/","name":"Pier\u015bcionek srebrny z bursztynem mlecznym 925 naturalny polski bursztyn P51 - Jubiler Bomar","isPartOf":{"@id":"https:\/\/jubiler-bomar.eu\/sklep\/#website"},"primaryImageOfPage":{"@id":"https:\/\/jubiler-bomar.eu\/sklep\/produkt\/pierscionek-srebrny-z-bursztynem-mlecznym-925-naturalny-polski-bursztyn-p51\/#primaryimage"},"image":{"@id":"https:\/\/jubiler-bomar.eu\/sklep\/produkt\/pierscionek-srebrny-z-bursztynem-mlecznym-925-naturalny-polski-bursztyn-p51\/#primaryimage"},"thumbnailUrl":"https:\/\/jubiler-bomar.eu\/sklep\/wp-content\/uploads\/2025\/12\/pierscionek-z-mlecznym-bursztynem.jpg","datePublished":"2025-12-31T08:23:35+00:00","dateModified":"2026-03-18T10:48:16+00:00","breadcrumb":{"@id":"https:\/\/jubiler-bomar.eu\/sklep\/produkt\/pierscionek-srebrny-z-bursztynem-mlecznym-925-naturalny-polski-bursztyn-p51\/#breadcrumb"},"inLanguage":"pl-PL","potentialAction":[{"@type":"ReadAction","target":["https:\/\/jubiler-bomar.eu\/sklep\/produkt\/pierscionek-srebrny-z-bursztynem-mlecznym-925-naturalny-polski-bursztyn-p51\/"]}]},{"@type":"ImageObject","inLanguage":"pl-PL","@id":"https:\/\/jubiler-bomar.eu\/sklep\/produkt\/pierscionek-srebrny-z-bursztynem-mlecznym-925-naturalny-polski-bursztyn-p51\/#primaryimage","url":"https:\/\/jubiler-bomar.eu\/sklep\/wp-content\/uploads\/2025\/12\/pierscionek-z-mlecznym-bursztynem.jpg","contentUrl":"https:\/\/jubiler-bomar.eu\/sklep\/wp-content\/uploads\/2025\/12\/pierscionek-z-mlecznym-bursztynem.jpg","width":1024,"height":1024},{"@type":"BreadcrumbList","@id":"https:\/\/jubiler-bomar.eu\/sklep\/produkt\/pierscionek-srebrny-z-bursztynem-mlecznym-925-naturalny-polski-bursztyn-p51\/#breadcrumb","itemListElement":[{"@type":"ListItem","position":1,"name":"Strona g\u0142\u00f3wna","item":"https:\/\/jubiler-bomar.eu\/sklep\/"},{"@type":"ListItem","position":2,"name":"Sklep","item":"https:\/\/jubiler-bomar.eu\/sklep\/sklep\/"},{"@type":"ListItem","position":3,"name":"Pier\u015bcionek srebrny z bursztynem mlecznym 925 naturalny polski bursztyn P51"}]},{"@type":"WebSite","@id":"https:\/\/jubiler-bomar.eu\/sklep\/#website","url":"https:\/\/jubiler-bomar.eu\/sklep\/","name":"Jubiler BOMAR","description":"","publisher":{"@id":"https:\/\/jubiler-bomar.eu\/sklep\/#organization"},"potentialAction":[{"@type":"SearchAction","target":{"@type":"EntryPoint","urlTemplate":"https:\/\/jubiler-bomar.eu\/sklep\/?s={search_term_string}"},"query-input":{"@type":"PropertyValueSpecification","valueRequired":true,"valueName":"search_term_string"}}],"inLanguage":"pl-PL"},{"@type":"Organization","@id":"https:\/\/jubiler-bomar.eu\/sklep\/#organization","name":"Jubiler Bomar","url":"https:\/\/jubiler-bomar.eu\/sklep\/","logo":{"@type":"ImageObject","inLanguage":"pl-PL","@id":"https:\/\/jubiler-bomar.eu\/sklep\/#\/schema\/logo\/image\/","url":"https:\/\/jubiler-bomar.eu\/sklep\/wp-content\/uploads\/2023\/02\/bomar-jubiler-logo-1.jpg","contentUrl":"https:\/\/jubiler-bomar.eu\/sklep\/wp-content\/uploads\/2023\/02\/bomar-jubiler-logo-1.jpg","width":500,"height":156,"caption":"Jubiler Bomar"},"image":{"@id":"https:\/\/jubiler-bomar.eu\/sklep\/#\/schema\/logo\/image\/"},"sameAs":["https:\/\/www.facebook.com\/BomarJewellery"]}]}},"_links":{"self":[{"href":"https:\/\/jubiler-bomar.eu\/sklep\/wp-json\/wp\/v2\/product\/8150","targetHints":{"allow":["GET"]}}],"collection":[{"href":"https:\/\/jubiler-bomar.eu\/sklep\/wp-json\/wp\/v2\/product"}],"about":[{"href":"https:\/\/jubiler-bomar.eu\/sklep\/wp-json\/wp\/v2\/types\/product"}],"wp:featuredmedia":[{"embeddable":true,"href":"https:\/\/jubiler-bomar.eu\/sklep\/wp-json\/wp\/v2\/media\/8155"}],"wp:attachment":[{"href":"https:\/\/jubiler-bomar.eu\/sklep\/wp-json\/wp\/v2\/media?parent=8150"}],"wp:term":[{"taxonomy":"product_brand","embeddable":true,"href":"https:\/\/jubiler-bomar.eu\/sklep\/wp-json\/wp\/v2\/product_brand?post=8150"},{"taxonomy":"product_cat","embeddable":true,"href":"https:\/\/jubiler-bomar.eu\/sklep\/wp-json\/wp\/v2\/product_cat?post=8150"},{"taxonomy":"product_tag","embeddable":true,"href":"https:\/\/jubiler-bomar.eu\/sklep\/wp-json\/wp\/v2\/product_tag?post=8150"}],"curies":[{"name":"wp","href":"https:\/\/api.w.org\/{rel}","templated":true}]}}