{"id":8151,"date":"2025-12-31T09:07:12","date_gmt":"2025-12-31T08:07:12","guid":{"rendered":"https:\/\/jubiler-bomar.eu\/sklep\/?post_type=product&#038;p=8151"},"modified":"2026-03-18T12:03:14","modified_gmt":"2026-03-18T11:03:14","slug":"zawieszka-srebrna-z-naturalnym-bursztynem-mlecznym-925-certyfikat-z57","status":"publish","type":"product","link":"https:\/\/jubiler-bomar.eu\/sklep\/produkt\/zawieszka-srebrna-z-naturalnym-bursztynem-mlecznym-925-certyfikat-z57\/","title":{"rendered":"Zawieszka srebrna z naturalnym bursztynem mlecznym 925 certyfikat Z57"},"content":{"rendered":"","protected":false},"excerpt":{"rendered":"<p>\u2705 Pozw\u00f3l sobie na odrobin\u0119 <b>ciep\u0142a<\/b>\u00a0zamkni\u0119tego w kamieniu.<\/p>\n<p>\u2705 Ta elegancka zawieszka z <b>naturalnym<\/b>\u00a0bursztynem mlecznym to bi\u017cuteria, kt\u00f3ra od razu przyci\u0105ga wzrok \u2013 delikatna, a jednocze\u015bnie bardzo wyrazista. Kremowo-miodowy bursztyn pi\u0119knie odbija \u015bwiat\u0142o, a ch\u0142odny blask srebra\u00a0<b>podkre\u015bla<\/b>\u00a0jego szlachetny charakter.<\/p>\n","protected":false},"featured_media":8156,"template":"","meta":{"_et_pb_use_builder":"","_et_pb_old_content":"","_et_gb_content_width":""},"product_brand":[],"product_cat":[929],"product_tag":[],"class_list":{"0":"post-8151","1":"product","2":"type-product","3":"status-publish","4":"has-post-thumbnail","6":"product_cat-wisiorki-i-zawieszki","7":"pa_kolor-mleczny","8":"pa_kolor-zolty","9":"pa_material-srebro","10":"pa_proba-87","11":"pa_producent-bomar","12":"pa_rodzaj-kamienia-bursztyn","13":"pa_szerokosc-191","14":"pa_termin-realizacji-1-dzien-roboczy","16":"first","17":"instock","18":"taxable","19":"shipping-taxable","20":"purchasable","21":"product-type-simple"},"yoast_head":"<!-- This site is optimized with the Yoast SEO plugin v27.4 - https:\/\/yoast.com\/product\/yoast-seo-wordpress\/ -->\n<title>Zawieszka srebrna z naturalnym bursztynem mlecznym 925 certyfikat Z57 - Jubiler Bomar<\/title>\n<meta name=\"robots\" content=\"index, follow, max-snippet:-1, max-image-preview:large, max-video-preview:-1\" \/>\n<link rel=\"canonical\" href=\"https:\/\/jubiler-bomar.eu\/sklep\/produkt\/zawieszka-srebrna-z-naturalnym-bursztynem-mlecznym-925-certyfikat-z57\/\" \/>\n<meta property=\"og:locale\" content=\"pl_PL\" \/>\n<meta property=\"og:type\" content=\"article\" \/>\n<meta property=\"og:title\" content=\"Zawieszka srebrna z naturalnym bursztynem mlecznym 925 certyfikat Z57 - Jubiler Bomar\" \/>\n<meta property=\"og:description\" content=\"\u2705 Pozw\u00f3l sobie na odrobin\u0119 ciep\u0142a\u00a0zamkni\u0119tego w kamieniu.  \u2705 Ta elegancka zawieszka z naturalnym\u00a0bursztynem mlecznym to bi\u017cuteria, kt\u00f3ra od razu przyci\u0105ga wzrok \u2013 delikatna, a jednocze\u015bnie bardzo wyrazista. Kremowo-miodowy bursztyn pi\u0119knie odbija \u015bwiat\u0142o, a ch\u0142odny blask srebra\u00a0podkre\u015bla\u00a0jego szlachetny charakter.\" \/>\n<meta property=\"og:url\" content=\"https:\/\/jubiler-bomar.eu\/sklep\/produkt\/zawieszka-srebrna-z-naturalnym-bursztynem-mlecznym-925-certyfikat-z57\/\" \/>\n<meta property=\"og:site_name\" content=\"Jubiler Bomar\" \/>\n<meta property=\"article:publisher\" content=\"https:\/\/www.facebook.com\/BomarJewellery\" \/>\n<meta property=\"article:modified_time\" content=\"2026-03-18T11:03:14+00:00\" \/>\n<meta property=\"og:image\" content=\"https:\/\/jubiler-bomar.eu\/sklep\/wp-content\/uploads\/2025\/12\/Zawieszka-srebrna-z-naturalnym-bursztynem-mlecznym-925-certyfikat.jpg\" \/>\n\t<meta property=\"og:image:width\" content=\"1024\" \/>\n\t<meta property=\"og:image:height\" content=\"1024\" \/>\n\t<meta property=\"og:image:type\" content=\"image\/jpeg\" \/>\n<meta name=\"twitter:card\" content=\"summary_large_image\" \/>\n<meta name=\"twitter:label1\" content=\"Szacowany czas czytania\" \/>\n\t<meta name=\"twitter:data1\" content=\"1 minuta\" \/>\n<script type=\"application\/ld+json\" class=\"yoast-schema-graph\">{\"@context\":\"https:\\\/\\\/schema.org\",\"@graph\":[{\"@type\":\"WebPage\",\"@id\":\"https:\\\/\\\/jubiler-bomar.eu\\\/sklep\\\/produkt\\\/zawieszka-srebrna-z-naturalnym-bursztynem-mlecznym-925-certyfikat-z57\\\/\",\"url\":\"https:\\\/\\\/jubiler-bomar.eu\\\/sklep\\\/produkt\\\/zawieszka-srebrna-z-naturalnym-bursztynem-mlecznym-925-certyfikat-z57\\\/\",\"name\":\"Zawieszka srebrna z naturalnym bursztynem mlecznym 925 certyfikat Z57 - Jubiler Bomar\",\"isPartOf\":{\"@id\":\"https:\\\/\\\/jubiler-bomar.eu\\\/sklep\\\/#website\"},\"primaryImageOfPage\":{\"@id\":\"https:\\\/\\\/jubiler-bomar.eu\\\/sklep\\\/produkt\\\/zawieszka-srebrna-z-naturalnym-bursztynem-mlecznym-925-certyfikat-z57\\\/#primaryimage\"},\"image\":{\"@id\":\"https:\\\/\\\/jubiler-bomar.eu\\\/sklep\\\/produkt\\\/zawieszka-srebrna-z-naturalnym-bursztynem-mlecznym-925-certyfikat-z57\\\/#primaryimage\"},\"thumbnailUrl\":\"https:\\\/\\\/jubiler-bomar.eu\\\/sklep\\\/wp-content\\\/uploads\\\/2025\\\/12\\\/Zawieszka-srebrna-z-naturalnym-bursztynem-mlecznym-925-certyfikat.jpg\",\"datePublished\":\"2025-12-31T08:07:12+00:00\",\"dateModified\":\"2026-03-18T11:03:14+00:00\",\"breadcrumb\":{\"@id\":\"https:\\\/\\\/jubiler-bomar.eu\\\/sklep\\\/produkt\\\/zawieszka-srebrna-z-naturalnym-bursztynem-mlecznym-925-certyfikat-z57\\\/#breadcrumb\"},\"inLanguage\":\"pl-PL\",\"potentialAction\":[{\"@type\":\"ReadAction\",\"target\":[\"https:\\\/\\\/jubiler-bomar.eu\\\/sklep\\\/produkt\\\/zawieszka-srebrna-z-naturalnym-bursztynem-mlecznym-925-certyfikat-z57\\\/\"]}]},{\"@type\":\"ImageObject\",\"inLanguage\":\"pl-PL\",\"@id\":\"https:\\\/\\\/jubiler-bomar.eu\\\/sklep\\\/produkt\\\/zawieszka-srebrna-z-naturalnym-bursztynem-mlecznym-925-certyfikat-z57\\\/#primaryimage\",\"url\":\"https:\\\/\\\/jubiler-bomar.eu\\\/sklep\\\/wp-content\\\/uploads\\\/2025\\\/12\\\/Zawieszka-srebrna-z-naturalnym-bursztynem-mlecznym-925-certyfikat.jpg\",\"contentUrl\":\"https:\\\/\\\/jubiler-bomar.eu\\\/sklep\\\/wp-content\\\/uploads\\\/2025\\\/12\\\/Zawieszka-srebrna-z-naturalnym-bursztynem-mlecznym-925-certyfikat.jpg\",\"width\":1024,\"height\":1024,\"caption\":\"42fcb81ae0dcd42848908297ecfa50e25a5116be793f6758aa96929704b22880826c691896f8aa2b019f24ee3cb6328f59372da77afde70eac54ac1275edecba1bd3b0544c6bfa98e4802b14f03acc4a\"},{\"@type\":\"BreadcrumbList\",\"@id\":\"https:\\\/\\\/jubiler-bomar.eu\\\/sklep\\\/produkt\\\/zawieszka-srebrna-z-naturalnym-bursztynem-mlecznym-925-certyfikat-z57\\\/#breadcrumb\",\"itemListElement\":[{\"@type\":\"ListItem\",\"position\":1,\"name\":\"Strona g\u0142\u00f3wna\",\"item\":\"https:\\\/\\\/jubiler-bomar.eu\\\/sklep\\\/\"},{\"@type\":\"ListItem\",\"position\":2,\"name\":\"Sklep\",\"item\":\"https:\\\/\\\/jubiler-bomar.eu\\\/sklep\\\/sklep\\\/\"},{\"@type\":\"ListItem\",\"position\":3,\"name\":\"Zawieszka srebrna z naturalnym bursztynem mlecznym 925 certyfikat Z57\"}]},{\"@type\":\"WebSite\",\"@id\":\"https:\\\/\\\/jubiler-bomar.eu\\\/sklep\\\/#website\",\"url\":\"https:\\\/\\\/jubiler-bomar.eu\\\/sklep\\\/\",\"name\":\"Jubiler BOMAR\",\"description\":\"\",\"publisher\":{\"@id\":\"https:\\\/\\\/jubiler-bomar.eu\\\/sklep\\\/#organization\"},\"potentialAction\":[{\"@type\":\"SearchAction\",\"target\":{\"@type\":\"EntryPoint\",\"urlTemplate\":\"https:\\\/\\\/jubiler-bomar.eu\\\/sklep\\\/?s={search_term_string}\"},\"query-input\":{\"@type\":\"PropertyValueSpecification\",\"valueRequired\":true,\"valueName\":\"search_term_string\"}}],\"inLanguage\":\"pl-PL\"},{\"@type\":\"Organization\",\"@id\":\"https:\\\/\\\/jubiler-bomar.eu\\\/sklep\\\/#organization\",\"name\":\"Jubiler Bomar\",\"url\":\"https:\\\/\\\/jubiler-bomar.eu\\\/sklep\\\/\",\"logo\":{\"@type\":\"ImageObject\",\"inLanguage\":\"pl-PL\",\"@id\":\"https:\\\/\\\/jubiler-bomar.eu\\\/sklep\\\/#\\\/schema\\\/logo\\\/image\\\/\",\"url\":\"https:\\\/\\\/jubiler-bomar.eu\\\/sklep\\\/wp-content\\\/uploads\\\/2023\\\/02\\\/bomar-jubiler-logo-1.jpg\",\"contentUrl\":\"https:\\\/\\\/jubiler-bomar.eu\\\/sklep\\\/wp-content\\\/uploads\\\/2023\\\/02\\\/bomar-jubiler-logo-1.jpg\",\"width\":500,\"height\":156,\"caption\":\"Jubiler Bomar\"},\"image\":{\"@id\":\"https:\\\/\\\/jubiler-bomar.eu\\\/sklep\\\/#\\\/schema\\\/logo\\\/image\\\/\"},\"sameAs\":[\"https:\\\/\\\/www.facebook.com\\\/BomarJewellery\"]}]}<\/script>\n<!-- \/ Yoast SEO plugin. -->","yoast_head_json":{"title":"Zawieszka srebrna z naturalnym bursztynem mlecznym 925 certyfikat Z57 - Jubiler Bomar","robots":{"index":"index","follow":"follow","max-snippet":"max-snippet:-1","max-image-preview":"max-image-preview:large","max-video-preview":"max-video-preview:-1"},"canonical":"https:\/\/jubiler-bomar.eu\/sklep\/produkt\/zawieszka-srebrna-z-naturalnym-bursztynem-mlecznym-925-certyfikat-z57\/","og_locale":"pl_PL","og_type":"article","og_title":"Zawieszka srebrna z naturalnym bursztynem mlecznym 925 certyfikat Z57 - Jubiler Bomar","og_description":"\u2705 Pozw\u00f3l sobie na odrobin\u0119 ciep\u0142a\u00a0zamkni\u0119tego w kamieniu.  \u2705 Ta elegancka zawieszka z naturalnym\u00a0bursztynem mlecznym to bi\u017cuteria, kt\u00f3ra od razu przyci\u0105ga wzrok \u2013 delikatna, a jednocze\u015bnie bardzo wyrazista. Kremowo-miodowy bursztyn pi\u0119knie odbija \u015bwiat\u0142o, a ch\u0142odny blask srebra\u00a0podkre\u015bla\u00a0jego szlachetny charakter.","og_url":"https:\/\/jubiler-bomar.eu\/sklep\/produkt\/zawieszka-srebrna-z-naturalnym-bursztynem-mlecznym-925-certyfikat-z57\/","og_site_name":"Jubiler Bomar","article_publisher":"https:\/\/www.facebook.com\/BomarJewellery","article_modified_time":"2026-03-18T11:03:14+00:00","og_image":[{"width":1024,"height":1024,"url":"https:\/\/jubiler-bomar.eu\/sklep\/wp-content\/uploads\/2025\/12\/Zawieszka-srebrna-z-naturalnym-bursztynem-mlecznym-925-certyfikat.jpg","type":"image\/jpeg"}],"twitter_card":"summary_large_image","twitter_misc":{"Szacowany czas czytania":"1 minuta"},"schema":{"@context":"https:\/\/schema.org","@graph":[{"@type":"WebPage","@id":"https:\/\/jubiler-bomar.eu\/sklep\/produkt\/zawieszka-srebrna-z-naturalnym-bursztynem-mlecznym-925-certyfikat-z57\/","url":"https:\/\/jubiler-bomar.eu\/sklep\/produkt\/zawieszka-srebrna-z-naturalnym-bursztynem-mlecznym-925-certyfikat-z57\/","name":"Zawieszka srebrna z naturalnym bursztynem mlecznym 925 certyfikat Z57 - Jubiler Bomar","isPartOf":{"@id":"https:\/\/jubiler-bomar.eu\/sklep\/#website"},"primaryImageOfPage":{"@id":"https:\/\/jubiler-bomar.eu\/sklep\/produkt\/zawieszka-srebrna-z-naturalnym-bursztynem-mlecznym-925-certyfikat-z57\/#primaryimage"},"image":{"@id":"https:\/\/jubiler-bomar.eu\/sklep\/produkt\/zawieszka-srebrna-z-naturalnym-bursztynem-mlecznym-925-certyfikat-z57\/#primaryimage"},"thumbnailUrl":"https:\/\/jubiler-bomar.eu\/sklep\/wp-content\/uploads\/2025\/12\/Zawieszka-srebrna-z-naturalnym-bursztynem-mlecznym-925-certyfikat.jpg","datePublished":"2025-12-31T08:07:12+00:00","dateModified":"2026-03-18T11:03:14+00:00","breadcrumb":{"@id":"https:\/\/jubiler-bomar.eu\/sklep\/produkt\/zawieszka-srebrna-z-naturalnym-bursztynem-mlecznym-925-certyfikat-z57\/#breadcrumb"},"inLanguage":"pl-PL","potentialAction":[{"@type":"ReadAction","target":["https:\/\/jubiler-bomar.eu\/sklep\/produkt\/zawieszka-srebrna-z-naturalnym-bursztynem-mlecznym-925-certyfikat-z57\/"]}]},{"@type":"ImageObject","inLanguage":"pl-PL","@id":"https:\/\/jubiler-bomar.eu\/sklep\/produkt\/zawieszka-srebrna-z-naturalnym-bursztynem-mlecznym-925-certyfikat-z57\/#primaryimage","url":"https:\/\/jubiler-bomar.eu\/sklep\/wp-content\/uploads\/2025\/12\/Zawieszka-srebrna-z-naturalnym-bursztynem-mlecznym-925-certyfikat.jpg","contentUrl":"https:\/\/jubiler-bomar.eu\/sklep\/wp-content\/uploads\/2025\/12\/Zawieszka-srebrna-z-naturalnym-bursztynem-mlecznym-925-certyfikat.jpg","width":1024,"height":1024,"caption":"42fcb81ae0dcd42848908297ecfa50e25a5116be793f6758aa96929704b22880826c691896f8aa2b019f24ee3cb6328f59372da77afde70eac54ac1275edecba1bd3b0544c6bfa98e4802b14f03acc4a"},{"@type":"BreadcrumbList","@id":"https:\/\/jubiler-bomar.eu\/sklep\/produkt\/zawieszka-srebrna-z-naturalnym-bursztynem-mlecznym-925-certyfikat-z57\/#breadcrumb","itemListElement":[{"@type":"ListItem","position":1,"name":"Strona g\u0142\u00f3wna","item":"https:\/\/jubiler-bomar.eu\/sklep\/"},{"@type":"ListItem","position":2,"name":"Sklep","item":"https:\/\/jubiler-bomar.eu\/sklep\/sklep\/"},{"@type":"ListItem","position":3,"name":"Zawieszka srebrna z naturalnym bursztynem mlecznym 925 certyfikat Z57"}]},{"@type":"WebSite","@id":"https:\/\/jubiler-bomar.eu\/sklep\/#website","url":"https:\/\/jubiler-bomar.eu\/sklep\/","name":"Jubiler BOMAR","description":"","publisher":{"@id":"https:\/\/jubiler-bomar.eu\/sklep\/#organization"},"potentialAction":[{"@type":"SearchAction","target":{"@type":"EntryPoint","urlTemplate":"https:\/\/jubiler-bomar.eu\/sklep\/?s={search_term_string}"},"query-input":{"@type":"PropertyValueSpecification","valueRequired":true,"valueName":"search_term_string"}}],"inLanguage":"pl-PL"},{"@type":"Organization","@id":"https:\/\/jubiler-bomar.eu\/sklep\/#organization","name":"Jubiler Bomar","url":"https:\/\/jubiler-bomar.eu\/sklep\/","logo":{"@type":"ImageObject","inLanguage":"pl-PL","@id":"https:\/\/jubiler-bomar.eu\/sklep\/#\/schema\/logo\/image\/","url":"https:\/\/jubiler-bomar.eu\/sklep\/wp-content\/uploads\/2023\/02\/bomar-jubiler-logo-1.jpg","contentUrl":"https:\/\/jubiler-bomar.eu\/sklep\/wp-content\/uploads\/2023\/02\/bomar-jubiler-logo-1.jpg","width":500,"height":156,"caption":"Jubiler Bomar"},"image":{"@id":"https:\/\/jubiler-bomar.eu\/sklep\/#\/schema\/logo\/image\/"},"sameAs":["https:\/\/www.facebook.com\/BomarJewellery"]}]}},"_links":{"self":[{"href":"https:\/\/jubiler-bomar.eu\/sklep\/wp-json\/wp\/v2\/product\/8151","targetHints":{"allow":["GET"]}}],"collection":[{"href":"https:\/\/jubiler-bomar.eu\/sklep\/wp-json\/wp\/v2\/product"}],"about":[{"href":"https:\/\/jubiler-bomar.eu\/sklep\/wp-json\/wp\/v2\/types\/product"}],"wp:featuredmedia":[{"embeddable":true,"href":"https:\/\/jubiler-bomar.eu\/sklep\/wp-json\/wp\/v2\/media\/8156"}],"wp:attachment":[{"href":"https:\/\/jubiler-bomar.eu\/sklep\/wp-json\/wp\/v2\/media?parent=8151"}],"wp:term":[{"taxonomy":"product_brand","embeddable":true,"href":"https:\/\/jubiler-bomar.eu\/sklep\/wp-json\/wp\/v2\/product_brand?post=8151"},{"taxonomy":"product_cat","embeddable":true,"href":"https:\/\/jubiler-bomar.eu\/sklep\/wp-json\/wp\/v2\/product_cat?post=8151"},{"taxonomy":"product_tag","embeddable":true,"href":"https:\/\/jubiler-bomar.eu\/sklep\/wp-json\/wp\/v2\/product_tag?post=8151"}],"curies":[{"name":"wp","href":"https:\/\/api.w.org\/{rel}","templated":true}]}}