{"id":8162,"date":"2025-12-31T09:30:40","date_gmt":"2025-12-31T08:30:40","guid":{"rendered":"https:\/\/jubiler-bomar.eu\/sklep\/?post_type=product&#038;p=8162"},"modified":"2026-03-18T11:48:16","modified_gmt":"2026-03-18T10:48:16","slug":"pierscionek-srebrny-925-z-naturalnym-bursztynem-certyfikat-p52","status":"publish","type":"product","link":"https:\/\/jubiler-bomar.eu\/sklep\/produkt\/pierscionek-srebrny-925-z-naturalnym-bursztynem-certyfikat-p52\/","title":{"rendered":"Pier\u015bcionek srebrny 925 z naturalnym bursztynem certyfikat P52"},"content":{"rendered":"","protected":false},"excerpt":{"rendered":"<p>\u2705Je\u017celi szukasz bi\u017cuterii, kt\u00f3ra od razu przyci\u0105ga wzrok i jednocze\u015bnie ma w sobie nut\u0119 klasycznej elegancji \u2013 ten pier\u015bcionek jest idealnym wyborem.<\/p>\n<p>\u2705Po\u0142\u0105czenie srebra pr\u00f3by 925 i naturalnego bursztynu tworzy ponadczasowy duet, kt\u00f3ry pasuje zar\u00f3wno do codziennych stylizacji, jak i na wyj\u0105tkowe okazje.<\/p>\n","protected":false},"featured_media":8163,"template":"","meta":{"_et_pb_use_builder":"","_et_pb_old_content":"","_et_gb_content_width":""},"product_brand":[],"product_cat":[16,942,931],"product_tag":[],"class_list":{"0":"post-8162","1":"product","2":"type-product","3":"status-publish","4":"has-post-thumbnail","6":"product_cat-bez-kategorii","7":"product_cat-pierscionki","8":"product_cat-pierscionki-srebrne","9":"pa_kolor-koniak","10":"pa_material-srebro","11":"pa_proba-87","12":"pa_producent-bomar","13":"pa_rodzaj-kamienia-bursztyn","14":"pa_rozmiar-14-20","15":"pa_rozmiar-regulowany","16":"pa_szerokosc-474","17":"pa_termin-realizacji-1-dzien-roboczy","19":"first","20":"instock","21":"taxable","22":"shipping-taxable","23":"purchasable","24":"product-type-simple"},"yoast_head":"<!-- This site is optimized with the Yoast SEO plugin v27.4 - https:\/\/yoast.com\/product\/yoast-seo-wordpress\/ -->\n<title>Pier\u015bcionek srebrny 925 z naturalnym bursztynem certyfikat P52 - Jubiler Bomar<\/title>\n<meta name=\"robots\" content=\"index, follow, max-snippet:-1, max-image-preview:large, max-video-preview:-1\" \/>\n<link rel=\"canonical\" href=\"https:\/\/jubiler-bomar.eu\/sklep\/produkt\/pierscionek-srebrny-925-z-naturalnym-bursztynem-certyfikat-p52\/\" \/>\n<meta property=\"og:locale\" content=\"pl_PL\" \/>\n<meta property=\"og:type\" content=\"article\" \/>\n<meta property=\"og:title\" content=\"Pier\u015bcionek srebrny 925 z naturalnym bursztynem certyfikat P52 - Jubiler Bomar\" \/>\n<meta property=\"og:description\" content=\"\u2705Je\u017celi szukasz bi\u017cuterii, kt\u00f3ra od razu przyci\u0105ga wzrok i jednocze\u015bnie ma w sobie nut\u0119 klasycznej elegancji \u2013 ten pier\u015bcionek jest idealnym wyborem.  \u2705Po\u0142\u0105czenie srebra pr\u00f3by 925 i naturalnego bursztynu tworzy ponadczasowy duet, kt\u00f3ry pasuje zar\u00f3wno do codziennych stylizacji, jak i na wyj\u0105tkowe okazje.\" \/>\n<meta property=\"og:url\" content=\"https:\/\/jubiler-bomar.eu\/sklep\/produkt\/pierscionek-srebrny-925-z-naturalnym-bursztynem-certyfikat-p52\/\" \/>\n<meta property=\"og:site_name\" content=\"Jubiler Bomar\" \/>\n<meta property=\"article:publisher\" content=\"https:\/\/www.facebook.com\/BomarJewellery\" \/>\n<meta property=\"article:modified_time\" content=\"2026-03-18T10:48:16+00:00\" \/>\n<meta property=\"og:image\" content=\"https:\/\/jubiler-bomar.eu\/sklep\/wp-content\/uploads\/2025\/12\/Pierscionek-srebrny-925-z-naturalnym-bursztynem-certyfikat-Jubiler-Bomar-Marka-Bomar.jpg\" \/>\n\t<meta property=\"og:image:width\" content=\"1024\" \/>\n\t<meta property=\"og:image:height\" content=\"1024\" \/>\n\t<meta property=\"og:image:type\" content=\"image\/jpeg\" \/>\n<meta name=\"twitter:card\" content=\"summary_large_image\" \/>\n<meta name=\"twitter:label1\" content=\"Szacowany czas czytania\" \/>\n\t<meta name=\"twitter:data1\" content=\"1 minuta\" \/>\n<script type=\"application\/ld+json\" class=\"yoast-schema-graph\">{\"@context\":\"https:\\\/\\\/schema.org\",\"@graph\":[{\"@type\":\"WebPage\",\"@id\":\"https:\\\/\\\/jubiler-bomar.eu\\\/sklep\\\/produkt\\\/pierscionek-srebrny-925-z-naturalnym-bursztynem-certyfikat-p52\\\/\",\"url\":\"https:\\\/\\\/jubiler-bomar.eu\\\/sklep\\\/produkt\\\/pierscionek-srebrny-925-z-naturalnym-bursztynem-certyfikat-p52\\\/\",\"name\":\"Pier\u015bcionek srebrny 925 z naturalnym bursztynem certyfikat P52 - Jubiler Bomar\",\"isPartOf\":{\"@id\":\"https:\\\/\\\/jubiler-bomar.eu\\\/sklep\\\/#website\"},\"primaryImageOfPage\":{\"@id\":\"https:\\\/\\\/jubiler-bomar.eu\\\/sklep\\\/produkt\\\/pierscionek-srebrny-925-z-naturalnym-bursztynem-certyfikat-p52\\\/#primaryimage\"},\"image\":{\"@id\":\"https:\\\/\\\/jubiler-bomar.eu\\\/sklep\\\/produkt\\\/pierscionek-srebrny-925-z-naturalnym-bursztynem-certyfikat-p52\\\/#primaryimage\"},\"thumbnailUrl\":\"https:\\\/\\\/jubiler-bomar.eu\\\/sklep\\\/wp-content\\\/uploads\\\/2025\\\/12\\\/Pierscionek-srebrny-925-z-naturalnym-bursztynem-certyfikat-Jubiler-Bomar-Marka-Bomar.jpg\",\"datePublished\":\"2025-12-31T08:30:40+00:00\",\"dateModified\":\"2026-03-18T10:48:16+00:00\",\"breadcrumb\":{\"@id\":\"https:\\\/\\\/jubiler-bomar.eu\\\/sklep\\\/produkt\\\/pierscionek-srebrny-925-z-naturalnym-bursztynem-certyfikat-p52\\\/#breadcrumb\"},\"inLanguage\":\"pl-PL\",\"potentialAction\":[{\"@type\":\"ReadAction\",\"target\":[\"https:\\\/\\\/jubiler-bomar.eu\\\/sklep\\\/produkt\\\/pierscionek-srebrny-925-z-naturalnym-bursztynem-certyfikat-p52\\\/\"]}]},{\"@type\":\"ImageObject\",\"inLanguage\":\"pl-PL\",\"@id\":\"https:\\\/\\\/jubiler-bomar.eu\\\/sklep\\\/produkt\\\/pierscionek-srebrny-925-z-naturalnym-bursztynem-certyfikat-p52\\\/#primaryimage\",\"url\":\"https:\\\/\\\/jubiler-bomar.eu\\\/sklep\\\/wp-content\\\/uploads\\\/2025\\\/12\\\/Pierscionek-srebrny-925-z-naturalnym-bursztynem-certyfikat-Jubiler-Bomar-Marka-Bomar.jpg\",\"contentUrl\":\"https:\\\/\\\/jubiler-bomar.eu\\\/sklep\\\/wp-content\\\/uploads\\\/2025\\\/12\\\/Pierscionek-srebrny-925-z-naturalnym-bursztynem-certyfikat-Jubiler-Bomar-Marka-Bomar.jpg\",\"width\":1024,\"height\":1024,\"caption\":\"465543b9eb40e0e591a9f0e6fea4903144759b3b9daf0cf6f8f4fcdff18894cf6c160df80f31b202a3c06621cca74075d49a793c9d646d940a6eb43a739855e81bd3b0544c6bfa98e4802b14f03acc4a\"},{\"@type\":\"BreadcrumbList\",\"@id\":\"https:\\\/\\\/jubiler-bomar.eu\\\/sklep\\\/produkt\\\/pierscionek-srebrny-925-z-naturalnym-bursztynem-certyfikat-p52\\\/#breadcrumb\",\"itemListElement\":[{\"@type\":\"ListItem\",\"position\":1,\"name\":\"Strona g\u0142\u00f3wna\",\"item\":\"https:\\\/\\\/jubiler-bomar.eu\\\/sklep\\\/\"},{\"@type\":\"ListItem\",\"position\":2,\"name\":\"Sklep\",\"item\":\"https:\\\/\\\/jubiler-bomar.eu\\\/sklep\\\/sklep\\\/\"},{\"@type\":\"ListItem\",\"position\":3,\"name\":\"Pier\u015bcionek srebrny 925 z naturalnym bursztynem certyfikat P52\"}]},{\"@type\":\"WebSite\",\"@id\":\"https:\\\/\\\/jubiler-bomar.eu\\\/sklep\\\/#website\",\"url\":\"https:\\\/\\\/jubiler-bomar.eu\\\/sklep\\\/\",\"name\":\"Jubiler BOMAR\",\"description\":\"\",\"publisher\":{\"@id\":\"https:\\\/\\\/jubiler-bomar.eu\\\/sklep\\\/#organization\"},\"potentialAction\":[{\"@type\":\"SearchAction\",\"target\":{\"@type\":\"EntryPoint\",\"urlTemplate\":\"https:\\\/\\\/jubiler-bomar.eu\\\/sklep\\\/?s={search_term_string}\"},\"query-input\":{\"@type\":\"PropertyValueSpecification\",\"valueRequired\":true,\"valueName\":\"search_term_string\"}}],\"inLanguage\":\"pl-PL\"},{\"@type\":\"Organization\",\"@id\":\"https:\\\/\\\/jubiler-bomar.eu\\\/sklep\\\/#organization\",\"name\":\"Jubiler Bomar\",\"url\":\"https:\\\/\\\/jubiler-bomar.eu\\\/sklep\\\/\",\"logo\":{\"@type\":\"ImageObject\",\"inLanguage\":\"pl-PL\",\"@id\":\"https:\\\/\\\/jubiler-bomar.eu\\\/sklep\\\/#\\\/schema\\\/logo\\\/image\\\/\",\"url\":\"https:\\\/\\\/jubiler-bomar.eu\\\/sklep\\\/wp-content\\\/uploads\\\/2023\\\/02\\\/bomar-jubiler-logo-1.jpg\",\"contentUrl\":\"https:\\\/\\\/jubiler-bomar.eu\\\/sklep\\\/wp-content\\\/uploads\\\/2023\\\/02\\\/bomar-jubiler-logo-1.jpg\",\"width\":500,\"height\":156,\"caption\":\"Jubiler Bomar\"},\"image\":{\"@id\":\"https:\\\/\\\/jubiler-bomar.eu\\\/sklep\\\/#\\\/schema\\\/logo\\\/image\\\/\"},\"sameAs\":[\"https:\\\/\\\/www.facebook.com\\\/BomarJewellery\"]}]}<\/script>\n<!-- \/ Yoast SEO plugin. -->","yoast_head_json":{"title":"Pier\u015bcionek srebrny 925 z naturalnym bursztynem certyfikat P52 - Jubiler Bomar","robots":{"index":"index","follow":"follow","max-snippet":"max-snippet:-1","max-image-preview":"max-image-preview:large","max-video-preview":"max-video-preview:-1"},"canonical":"https:\/\/jubiler-bomar.eu\/sklep\/produkt\/pierscionek-srebrny-925-z-naturalnym-bursztynem-certyfikat-p52\/","og_locale":"pl_PL","og_type":"article","og_title":"Pier\u015bcionek srebrny 925 z naturalnym bursztynem certyfikat P52 - Jubiler Bomar","og_description":"\u2705Je\u017celi szukasz bi\u017cuterii, kt\u00f3ra od razu przyci\u0105ga wzrok i jednocze\u015bnie ma w sobie nut\u0119 klasycznej elegancji \u2013 ten pier\u015bcionek jest idealnym wyborem.  \u2705Po\u0142\u0105czenie srebra pr\u00f3by 925 i naturalnego bursztynu tworzy ponadczasowy duet, kt\u00f3ry pasuje zar\u00f3wno do codziennych stylizacji, jak i na wyj\u0105tkowe okazje.","og_url":"https:\/\/jubiler-bomar.eu\/sklep\/produkt\/pierscionek-srebrny-925-z-naturalnym-bursztynem-certyfikat-p52\/","og_site_name":"Jubiler Bomar","article_publisher":"https:\/\/www.facebook.com\/BomarJewellery","article_modified_time":"2026-03-18T10:48:16+00:00","og_image":[{"width":1024,"height":1024,"url":"https:\/\/jubiler-bomar.eu\/sklep\/wp-content\/uploads\/2025\/12\/Pierscionek-srebrny-925-z-naturalnym-bursztynem-certyfikat-Jubiler-Bomar-Marka-Bomar.jpg","type":"image\/jpeg"}],"twitter_card":"summary_large_image","twitter_misc":{"Szacowany czas czytania":"1 minuta"},"schema":{"@context":"https:\/\/schema.org","@graph":[{"@type":"WebPage","@id":"https:\/\/jubiler-bomar.eu\/sklep\/produkt\/pierscionek-srebrny-925-z-naturalnym-bursztynem-certyfikat-p52\/","url":"https:\/\/jubiler-bomar.eu\/sklep\/produkt\/pierscionek-srebrny-925-z-naturalnym-bursztynem-certyfikat-p52\/","name":"Pier\u015bcionek srebrny 925 z naturalnym bursztynem certyfikat P52 - Jubiler Bomar","isPartOf":{"@id":"https:\/\/jubiler-bomar.eu\/sklep\/#website"},"primaryImageOfPage":{"@id":"https:\/\/jubiler-bomar.eu\/sklep\/produkt\/pierscionek-srebrny-925-z-naturalnym-bursztynem-certyfikat-p52\/#primaryimage"},"image":{"@id":"https:\/\/jubiler-bomar.eu\/sklep\/produkt\/pierscionek-srebrny-925-z-naturalnym-bursztynem-certyfikat-p52\/#primaryimage"},"thumbnailUrl":"https:\/\/jubiler-bomar.eu\/sklep\/wp-content\/uploads\/2025\/12\/Pierscionek-srebrny-925-z-naturalnym-bursztynem-certyfikat-Jubiler-Bomar-Marka-Bomar.jpg","datePublished":"2025-12-31T08:30:40+00:00","dateModified":"2026-03-18T10:48:16+00:00","breadcrumb":{"@id":"https:\/\/jubiler-bomar.eu\/sklep\/produkt\/pierscionek-srebrny-925-z-naturalnym-bursztynem-certyfikat-p52\/#breadcrumb"},"inLanguage":"pl-PL","potentialAction":[{"@type":"ReadAction","target":["https:\/\/jubiler-bomar.eu\/sklep\/produkt\/pierscionek-srebrny-925-z-naturalnym-bursztynem-certyfikat-p52\/"]}]},{"@type":"ImageObject","inLanguage":"pl-PL","@id":"https:\/\/jubiler-bomar.eu\/sklep\/produkt\/pierscionek-srebrny-925-z-naturalnym-bursztynem-certyfikat-p52\/#primaryimage","url":"https:\/\/jubiler-bomar.eu\/sklep\/wp-content\/uploads\/2025\/12\/Pierscionek-srebrny-925-z-naturalnym-bursztynem-certyfikat-Jubiler-Bomar-Marka-Bomar.jpg","contentUrl":"https:\/\/jubiler-bomar.eu\/sklep\/wp-content\/uploads\/2025\/12\/Pierscionek-srebrny-925-z-naturalnym-bursztynem-certyfikat-Jubiler-Bomar-Marka-Bomar.jpg","width":1024,"height":1024,"caption":"465543b9eb40e0e591a9f0e6fea4903144759b3b9daf0cf6f8f4fcdff18894cf6c160df80f31b202a3c06621cca74075d49a793c9d646d940a6eb43a739855e81bd3b0544c6bfa98e4802b14f03acc4a"},{"@type":"BreadcrumbList","@id":"https:\/\/jubiler-bomar.eu\/sklep\/produkt\/pierscionek-srebrny-925-z-naturalnym-bursztynem-certyfikat-p52\/#breadcrumb","itemListElement":[{"@type":"ListItem","position":1,"name":"Strona g\u0142\u00f3wna","item":"https:\/\/jubiler-bomar.eu\/sklep\/"},{"@type":"ListItem","position":2,"name":"Sklep","item":"https:\/\/jubiler-bomar.eu\/sklep\/sklep\/"},{"@type":"ListItem","position":3,"name":"Pier\u015bcionek srebrny 925 z naturalnym bursztynem certyfikat P52"}]},{"@type":"WebSite","@id":"https:\/\/jubiler-bomar.eu\/sklep\/#website","url":"https:\/\/jubiler-bomar.eu\/sklep\/","name":"Jubiler BOMAR","description":"","publisher":{"@id":"https:\/\/jubiler-bomar.eu\/sklep\/#organization"},"potentialAction":[{"@type":"SearchAction","target":{"@type":"EntryPoint","urlTemplate":"https:\/\/jubiler-bomar.eu\/sklep\/?s={search_term_string}"},"query-input":{"@type":"PropertyValueSpecification","valueRequired":true,"valueName":"search_term_string"}}],"inLanguage":"pl-PL"},{"@type":"Organization","@id":"https:\/\/jubiler-bomar.eu\/sklep\/#organization","name":"Jubiler Bomar","url":"https:\/\/jubiler-bomar.eu\/sklep\/","logo":{"@type":"ImageObject","inLanguage":"pl-PL","@id":"https:\/\/jubiler-bomar.eu\/sklep\/#\/schema\/logo\/image\/","url":"https:\/\/jubiler-bomar.eu\/sklep\/wp-content\/uploads\/2023\/02\/bomar-jubiler-logo-1.jpg","contentUrl":"https:\/\/jubiler-bomar.eu\/sklep\/wp-content\/uploads\/2023\/02\/bomar-jubiler-logo-1.jpg","width":500,"height":156,"caption":"Jubiler Bomar"},"image":{"@id":"https:\/\/jubiler-bomar.eu\/sklep\/#\/schema\/logo\/image\/"},"sameAs":["https:\/\/www.facebook.com\/BomarJewellery"]}]}},"_links":{"self":[{"href":"https:\/\/jubiler-bomar.eu\/sklep\/wp-json\/wp\/v2\/product\/8162","targetHints":{"allow":["GET"]}}],"collection":[{"href":"https:\/\/jubiler-bomar.eu\/sklep\/wp-json\/wp\/v2\/product"}],"about":[{"href":"https:\/\/jubiler-bomar.eu\/sklep\/wp-json\/wp\/v2\/types\/product"}],"wp:featuredmedia":[{"embeddable":true,"href":"https:\/\/jubiler-bomar.eu\/sklep\/wp-json\/wp\/v2\/media\/8163"}],"wp:attachment":[{"href":"https:\/\/jubiler-bomar.eu\/sklep\/wp-json\/wp\/v2\/media?parent=8162"}],"wp:term":[{"taxonomy":"product_brand","embeddable":true,"href":"https:\/\/jubiler-bomar.eu\/sklep\/wp-json\/wp\/v2\/product_brand?post=8162"},{"taxonomy":"product_cat","embeddable":true,"href":"https:\/\/jubiler-bomar.eu\/sklep\/wp-json\/wp\/v2\/product_cat?post=8162"},{"taxonomy":"product_tag","embeddable":true,"href":"https:\/\/jubiler-bomar.eu\/sklep\/wp-json\/wp\/v2\/product_tag?post=8162"}],"curies":[{"name":"wp","href":"https:\/\/api.w.org\/{rel}","templated":true}]}}