{"id":8170,"date":"2025-12-31T09:41:20","date_gmt":"2025-12-31T08:41:20","guid":{"rendered":"https:\/\/jubiler-bomar.eu\/sklep\/?post_type=product&#038;p=8170"},"modified":"2026-03-16T15:53:13","modified_gmt":"2026-03-16T14:53:13","slug":"wisiorek-srebrny-z-naturalnym-bursztynem-925-certyfikat-idealny-prezent-z58","status":"publish","type":"product","link":"https:\/\/jubiler-bomar.eu\/sklep\/produkt\/wisiorek-srebrny-z-naturalnym-bursztynem-925-certyfikat-idealny-prezent-z58\/","title":{"rendered":"Wisiorek srebrny z naturalnym bursztynem 925 certyfikat idealny prezent Z58"},"content":{"rendered":"","protected":false},"excerpt":{"rendered":"<p>\u2705 Ten wisiorek to co\u015b wi\u0119cej ni\u017c bi\u017cuteria &#8211; to odrobina ba\u0142tyckiego s\u0142o\u0144ca, kt\u00f3r\u0105 mo\u017cesz podarowa\u0107 ukochanej osobie albo\u2026 Sobie.<\/p>\n<p>\u2705 Naturalny polski bursztyn o g\u0142\u0119bokiej miodowo-koniakowej barwie oprawili\u015bmy w srebro pr\u00f3by 925, zabezpieczone przed ciemnieniem, aby jak najd\u0142u\u017cej cieszy\u0142 blaskiem i elegancj\u0105.<\/p>\n","protected":false},"featured_media":8173,"template":"","meta":{"_et_pb_use_builder":"","_et_pb_old_content":"","_et_gb_content_width":""},"product_brand":[],"product_cat":[929],"product_tag":[],"class_list":{"0":"post-8170","1":"product","2":"type-product","3":"status-publish","4":"has-post-thumbnail","6":"product_cat-wisiorki-i-zawieszki","7":"pa_kolor-koniak","8":"pa_material-srebro","9":"pa_proba-87","10":"pa_producent-bomar","11":"pa_rodzaj-kamienia-bursztyn","12":"pa_szerokosc-474","13":"pa_termin-realizacji-1-dzien-roboczy","15":"first","16":"instock","17":"taxable","18":"shipping-taxable","19":"purchasable","20":"product-type-simple"},"yoast_head":"<!-- This site is optimized with the Yoast SEO plugin v27.4 - https:\/\/yoast.com\/product\/yoast-seo-wordpress\/ -->\n<title>Wisiorek srebrny z naturalnym bursztynem 925 certyfikat idealny prezent Z58 - Jubiler Bomar<\/title>\n<meta name=\"robots\" content=\"index, follow, max-snippet:-1, max-image-preview:large, max-video-preview:-1\" \/>\n<link rel=\"canonical\" href=\"https:\/\/jubiler-bomar.eu\/sklep\/produkt\/wisiorek-srebrny-z-naturalnym-bursztynem-925-certyfikat-idealny-prezent-z58\/\" \/>\n<meta property=\"og:locale\" content=\"pl_PL\" \/>\n<meta property=\"og:type\" content=\"article\" \/>\n<meta property=\"og:title\" content=\"Wisiorek srebrny z naturalnym bursztynem 925 certyfikat idealny prezent Z58 - Jubiler Bomar\" \/>\n<meta property=\"og:description\" content=\"\u2705 Ten wisiorek to co\u015b wi\u0119cej ni\u017c bi\u017cuteria - to odrobina ba\u0142tyckiego s\u0142o\u0144ca, kt\u00f3r\u0105 mo\u017cesz podarowa\u0107 ukochanej osobie albo\u2026 Sobie.  \u2705 Naturalny polski bursztyn o g\u0142\u0119bokiej miodowo-koniakowej barwie oprawili\u015bmy w srebro pr\u00f3by 925, zabezpieczone przed ciemnieniem, aby jak najd\u0142u\u017cej cieszy\u0142 blaskiem i elegancj\u0105.\" \/>\n<meta property=\"og:url\" content=\"https:\/\/jubiler-bomar.eu\/sklep\/produkt\/wisiorek-srebrny-z-naturalnym-bursztynem-925-certyfikat-idealny-prezent-z58\/\" \/>\n<meta property=\"og:site_name\" content=\"Jubiler Bomar\" \/>\n<meta property=\"article:publisher\" content=\"https:\/\/www.facebook.com\/BomarJewellery\" \/>\n<meta property=\"article:modified_time\" content=\"2026-03-16T14:53:13+00:00\" \/>\n<meta property=\"og:image\" content=\"https:\/\/jubiler-bomar.eu\/sklep\/wp-content\/uploads\/2025\/12\/Wisiorek-srebrny-z-naturalnym-bursztynem-925-certyfikat-idealny-prezent-2.jpg\" \/>\n\t<meta property=\"og:image:width\" content=\"1024\" \/>\n\t<meta property=\"og:image:height\" content=\"1024\" \/>\n\t<meta property=\"og:image:type\" content=\"image\/jpeg\" \/>\n<meta name=\"twitter:card\" content=\"summary_large_image\" \/>\n<meta name=\"twitter:label1\" content=\"Szacowany czas czytania\" \/>\n\t<meta name=\"twitter:data1\" content=\"1 minuta\" \/>\n<script type=\"application\/ld+json\" class=\"yoast-schema-graph\">{\"@context\":\"https:\\\/\\\/schema.org\",\"@graph\":[{\"@type\":\"WebPage\",\"@id\":\"https:\\\/\\\/jubiler-bomar.eu\\\/sklep\\\/produkt\\\/wisiorek-srebrny-z-naturalnym-bursztynem-925-certyfikat-idealny-prezent-z58\\\/\",\"url\":\"https:\\\/\\\/jubiler-bomar.eu\\\/sklep\\\/produkt\\\/wisiorek-srebrny-z-naturalnym-bursztynem-925-certyfikat-idealny-prezent-z58\\\/\",\"name\":\"Wisiorek srebrny z naturalnym bursztynem 925 certyfikat idealny prezent Z58 - Jubiler Bomar\",\"isPartOf\":{\"@id\":\"https:\\\/\\\/jubiler-bomar.eu\\\/sklep\\\/#website\"},\"primaryImageOfPage\":{\"@id\":\"https:\\\/\\\/jubiler-bomar.eu\\\/sklep\\\/produkt\\\/wisiorek-srebrny-z-naturalnym-bursztynem-925-certyfikat-idealny-prezent-z58\\\/#primaryimage\"},\"image\":{\"@id\":\"https:\\\/\\\/jubiler-bomar.eu\\\/sklep\\\/produkt\\\/wisiorek-srebrny-z-naturalnym-bursztynem-925-certyfikat-idealny-prezent-z58\\\/#primaryimage\"},\"thumbnailUrl\":\"https:\\\/\\\/jubiler-bomar.eu\\\/sklep\\\/wp-content\\\/uploads\\\/2025\\\/12\\\/Wisiorek-srebrny-z-naturalnym-bursztynem-925-certyfikat-idealny-prezent-2.jpg\",\"datePublished\":\"2025-12-31T08:41:20+00:00\",\"dateModified\":\"2026-03-16T14:53:13+00:00\",\"breadcrumb\":{\"@id\":\"https:\\\/\\\/jubiler-bomar.eu\\\/sklep\\\/produkt\\\/wisiorek-srebrny-z-naturalnym-bursztynem-925-certyfikat-idealny-prezent-z58\\\/#breadcrumb\"},\"inLanguage\":\"pl-PL\",\"potentialAction\":[{\"@type\":\"ReadAction\",\"target\":[\"https:\\\/\\\/jubiler-bomar.eu\\\/sklep\\\/produkt\\\/wisiorek-srebrny-z-naturalnym-bursztynem-925-certyfikat-idealny-prezent-z58\\\/\"]}]},{\"@type\":\"ImageObject\",\"inLanguage\":\"pl-PL\",\"@id\":\"https:\\\/\\\/jubiler-bomar.eu\\\/sklep\\\/produkt\\\/wisiorek-srebrny-z-naturalnym-bursztynem-925-certyfikat-idealny-prezent-z58\\\/#primaryimage\",\"url\":\"https:\\\/\\\/jubiler-bomar.eu\\\/sklep\\\/wp-content\\\/uploads\\\/2025\\\/12\\\/Wisiorek-srebrny-z-naturalnym-bursztynem-925-certyfikat-idealny-prezent-2.jpg\",\"contentUrl\":\"https:\\\/\\\/jubiler-bomar.eu\\\/sklep\\\/wp-content\\\/uploads\\\/2025\\\/12\\\/Wisiorek-srebrny-z-naturalnym-bursztynem-925-certyfikat-idealny-prezent-2.jpg\",\"width\":1024,\"height\":1024,\"caption\":\"492f126e084829b93c18540f52d6ca81bb4b04ed9540eca0ddf00dac73f2348b167a2d49a706bc7c20030fe2d4c33d91f729684ea7d8d9f314e8d42d1f5cde47328f227286661dba11389302c80dbdd4\"},{\"@type\":\"BreadcrumbList\",\"@id\":\"https:\\\/\\\/jubiler-bomar.eu\\\/sklep\\\/produkt\\\/wisiorek-srebrny-z-naturalnym-bursztynem-925-certyfikat-idealny-prezent-z58\\\/#breadcrumb\",\"itemListElement\":[{\"@type\":\"ListItem\",\"position\":1,\"name\":\"Strona g\u0142\u00f3wna\",\"item\":\"https:\\\/\\\/jubiler-bomar.eu\\\/sklep\\\/\"},{\"@type\":\"ListItem\",\"position\":2,\"name\":\"Sklep\",\"item\":\"https:\\\/\\\/jubiler-bomar.eu\\\/sklep\\\/sklep\\\/\"},{\"@type\":\"ListItem\",\"position\":3,\"name\":\"Wisiorek srebrny z naturalnym bursztynem 925 certyfikat idealny prezent Z58\"}]},{\"@type\":\"WebSite\",\"@id\":\"https:\\\/\\\/jubiler-bomar.eu\\\/sklep\\\/#website\",\"url\":\"https:\\\/\\\/jubiler-bomar.eu\\\/sklep\\\/\",\"name\":\"Jubiler BOMAR\",\"description\":\"\",\"publisher\":{\"@id\":\"https:\\\/\\\/jubiler-bomar.eu\\\/sklep\\\/#organization\"},\"potentialAction\":[{\"@type\":\"SearchAction\",\"target\":{\"@type\":\"EntryPoint\",\"urlTemplate\":\"https:\\\/\\\/jubiler-bomar.eu\\\/sklep\\\/?s={search_term_string}\"},\"query-input\":{\"@type\":\"PropertyValueSpecification\",\"valueRequired\":true,\"valueName\":\"search_term_string\"}}],\"inLanguage\":\"pl-PL\"},{\"@type\":\"Organization\",\"@id\":\"https:\\\/\\\/jubiler-bomar.eu\\\/sklep\\\/#organization\",\"name\":\"Jubiler Bomar\",\"url\":\"https:\\\/\\\/jubiler-bomar.eu\\\/sklep\\\/\",\"logo\":{\"@type\":\"ImageObject\",\"inLanguage\":\"pl-PL\",\"@id\":\"https:\\\/\\\/jubiler-bomar.eu\\\/sklep\\\/#\\\/schema\\\/logo\\\/image\\\/\",\"url\":\"https:\\\/\\\/jubiler-bomar.eu\\\/sklep\\\/wp-content\\\/uploads\\\/2023\\\/02\\\/bomar-jubiler-logo-1.jpg\",\"contentUrl\":\"https:\\\/\\\/jubiler-bomar.eu\\\/sklep\\\/wp-content\\\/uploads\\\/2023\\\/02\\\/bomar-jubiler-logo-1.jpg\",\"width\":500,\"height\":156,\"caption\":\"Jubiler Bomar\"},\"image\":{\"@id\":\"https:\\\/\\\/jubiler-bomar.eu\\\/sklep\\\/#\\\/schema\\\/logo\\\/image\\\/\"},\"sameAs\":[\"https:\\\/\\\/www.facebook.com\\\/BomarJewellery\"]}]}<\/script>\n<!-- \/ Yoast SEO plugin. -->","yoast_head_json":{"title":"Wisiorek srebrny z naturalnym bursztynem 925 certyfikat idealny prezent Z58 - Jubiler Bomar","robots":{"index":"index","follow":"follow","max-snippet":"max-snippet:-1","max-image-preview":"max-image-preview:large","max-video-preview":"max-video-preview:-1"},"canonical":"https:\/\/jubiler-bomar.eu\/sklep\/produkt\/wisiorek-srebrny-z-naturalnym-bursztynem-925-certyfikat-idealny-prezent-z58\/","og_locale":"pl_PL","og_type":"article","og_title":"Wisiorek srebrny z naturalnym bursztynem 925 certyfikat idealny prezent Z58 - Jubiler Bomar","og_description":"\u2705 Ten wisiorek to co\u015b wi\u0119cej ni\u017c bi\u017cuteria - to odrobina ba\u0142tyckiego s\u0142o\u0144ca, kt\u00f3r\u0105 mo\u017cesz podarowa\u0107 ukochanej osobie albo\u2026 Sobie.  \u2705 Naturalny polski bursztyn o g\u0142\u0119bokiej miodowo-koniakowej barwie oprawili\u015bmy w srebro pr\u00f3by 925, zabezpieczone przed ciemnieniem, aby jak najd\u0142u\u017cej cieszy\u0142 blaskiem i elegancj\u0105.","og_url":"https:\/\/jubiler-bomar.eu\/sklep\/produkt\/wisiorek-srebrny-z-naturalnym-bursztynem-925-certyfikat-idealny-prezent-z58\/","og_site_name":"Jubiler Bomar","article_publisher":"https:\/\/www.facebook.com\/BomarJewellery","article_modified_time":"2026-03-16T14:53:13+00:00","og_image":[{"width":1024,"height":1024,"url":"https:\/\/jubiler-bomar.eu\/sklep\/wp-content\/uploads\/2025\/12\/Wisiorek-srebrny-z-naturalnym-bursztynem-925-certyfikat-idealny-prezent-2.jpg","type":"image\/jpeg"}],"twitter_card":"summary_large_image","twitter_misc":{"Szacowany czas czytania":"1 minuta"},"schema":{"@context":"https:\/\/schema.org","@graph":[{"@type":"WebPage","@id":"https:\/\/jubiler-bomar.eu\/sklep\/produkt\/wisiorek-srebrny-z-naturalnym-bursztynem-925-certyfikat-idealny-prezent-z58\/","url":"https:\/\/jubiler-bomar.eu\/sklep\/produkt\/wisiorek-srebrny-z-naturalnym-bursztynem-925-certyfikat-idealny-prezent-z58\/","name":"Wisiorek srebrny z naturalnym bursztynem 925 certyfikat idealny prezent Z58 - Jubiler Bomar","isPartOf":{"@id":"https:\/\/jubiler-bomar.eu\/sklep\/#website"},"primaryImageOfPage":{"@id":"https:\/\/jubiler-bomar.eu\/sklep\/produkt\/wisiorek-srebrny-z-naturalnym-bursztynem-925-certyfikat-idealny-prezent-z58\/#primaryimage"},"image":{"@id":"https:\/\/jubiler-bomar.eu\/sklep\/produkt\/wisiorek-srebrny-z-naturalnym-bursztynem-925-certyfikat-idealny-prezent-z58\/#primaryimage"},"thumbnailUrl":"https:\/\/jubiler-bomar.eu\/sklep\/wp-content\/uploads\/2025\/12\/Wisiorek-srebrny-z-naturalnym-bursztynem-925-certyfikat-idealny-prezent-2.jpg","datePublished":"2025-12-31T08:41:20+00:00","dateModified":"2026-03-16T14:53:13+00:00","breadcrumb":{"@id":"https:\/\/jubiler-bomar.eu\/sklep\/produkt\/wisiorek-srebrny-z-naturalnym-bursztynem-925-certyfikat-idealny-prezent-z58\/#breadcrumb"},"inLanguage":"pl-PL","potentialAction":[{"@type":"ReadAction","target":["https:\/\/jubiler-bomar.eu\/sklep\/produkt\/wisiorek-srebrny-z-naturalnym-bursztynem-925-certyfikat-idealny-prezent-z58\/"]}]},{"@type":"ImageObject","inLanguage":"pl-PL","@id":"https:\/\/jubiler-bomar.eu\/sklep\/produkt\/wisiorek-srebrny-z-naturalnym-bursztynem-925-certyfikat-idealny-prezent-z58\/#primaryimage","url":"https:\/\/jubiler-bomar.eu\/sklep\/wp-content\/uploads\/2025\/12\/Wisiorek-srebrny-z-naturalnym-bursztynem-925-certyfikat-idealny-prezent-2.jpg","contentUrl":"https:\/\/jubiler-bomar.eu\/sklep\/wp-content\/uploads\/2025\/12\/Wisiorek-srebrny-z-naturalnym-bursztynem-925-certyfikat-idealny-prezent-2.jpg","width":1024,"height":1024,"caption":"492f126e084829b93c18540f52d6ca81bb4b04ed9540eca0ddf00dac73f2348b167a2d49a706bc7c20030fe2d4c33d91f729684ea7d8d9f314e8d42d1f5cde47328f227286661dba11389302c80dbdd4"},{"@type":"BreadcrumbList","@id":"https:\/\/jubiler-bomar.eu\/sklep\/produkt\/wisiorek-srebrny-z-naturalnym-bursztynem-925-certyfikat-idealny-prezent-z58\/#breadcrumb","itemListElement":[{"@type":"ListItem","position":1,"name":"Strona g\u0142\u00f3wna","item":"https:\/\/jubiler-bomar.eu\/sklep\/"},{"@type":"ListItem","position":2,"name":"Sklep","item":"https:\/\/jubiler-bomar.eu\/sklep\/sklep\/"},{"@type":"ListItem","position":3,"name":"Wisiorek srebrny z naturalnym bursztynem 925 certyfikat idealny prezent Z58"}]},{"@type":"WebSite","@id":"https:\/\/jubiler-bomar.eu\/sklep\/#website","url":"https:\/\/jubiler-bomar.eu\/sklep\/","name":"Jubiler BOMAR","description":"","publisher":{"@id":"https:\/\/jubiler-bomar.eu\/sklep\/#organization"},"potentialAction":[{"@type":"SearchAction","target":{"@type":"EntryPoint","urlTemplate":"https:\/\/jubiler-bomar.eu\/sklep\/?s={search_term_string}"},"query-input":{"@type":"PropertyValueSpecification","valueRequired":true,"valueName":"search_term_string"}}],"inLanguage":"pl-PL"},{"@type":"Organization","@id":"https:\/\/jubiler-bomar.eu\/sklep\/#organization","name":"Jubiler Bomar","url":"https:\/\/jubiler-bomar.eu\/sklep\/","logo":{"@type":"ImageObject","inLanguage":"pl-PL","@id":"https:\/\/jubiler-bomar.eu\/sklep\/#\/schema\/logo\/image\/","url":"https:\/\/jubiler-bomar.eu\/sklep\/wp-content\/uploads\/2023\/02\/bomar-jubiler-logo-1.jpg","contentUrl":"https:\/\/jubiler-bomar.eu\/sklep\/wp-content\/uploads\/2023\/02\/bomar-jubiler-logo-1.jpg","width":500,"height":156,"caption":"Jubiler Bomar"},"image":{"@id":"https:\/\/jubiler-bomar.eu\/sklep\/#\/schema\/logo\/image\/"},"sameAs":["https:\/\/www.facebook.com\/BomarJewellery"]}]}},"_links":{"self":[{"href":"https:\/\/jubiler-bomar.eu\/sklep\/wp-json\/wp\/v2\/product\/8170","targetHints":{"allow":["GET"]}}],"collection":[{"href":"https:\/\/jubiler-bomar.eu\/sklep\/wp-json\/wp\/v2\/product"}],"about":[{"href":"https:\/\/jubiler-bomar.eu\/sklep\/wp-json\/wp\/v2\/types\/product"}],"wp:featuredmedia":[{"embeddable":true,"href":"https:\/\/jubiler-bomar.eu\/sklep\/wp-json\/wp\/v2\/media\/8173"}],"wp:attachment":[{"href":"https:\/\/jubiler-bomar.eu\/sklep\/wp-json\/wp\/v2\/media?parent=8170"}],"wp:term":[{"taxonomy":"product_brand","embeddable":true,"href":"https:\/\/jubiler-bomar.eu\/sklep\/wp-json\/wp\/v2\/product_brand?post=8170"},{"taxonomy":"product_cat","embeddable":true,"href":"https:\/\/jubiler-bomar.eu\/sklep\/wp-json\/wp\/v2\/product_cat?post=8170"},{"taxonomy":"product_tag","embeddable":true,"href":"https:\/\/jubiler-bomar.eu\/sklep\/wp-json\/wp\/v2\/product_tag?post=8170"}],"curies":[{"name":"wp","href":"https:\/\/api.w.org\/{rel}","templated":true}]}}