{"id":8195,"date":"2025-12-31T10:34:18","date_gmt":"2025-12-31T09:34:18","guid":{"rendered":"https:\/\/jubiler-bomar.eu\/sklep\/?post_type=product&#038;p=8195"},"modified":"2026-03-18T12:03:14","modified_gmt":"2026-03-18T11:03:14","slug":"zawieszka-srebrna-z-bursztynem-mlecznym-925-naturalny-polski-bursztyn-w81","status":"publish","type":"product","link":"https:\/\/jubiler-bomar.eu\/sklep\/produkt\/zawieszka-srebrna-z-bursztynem-mlecznym-925-naturalny-polski-bursztyn-w81\/","title":{"rendered":"Zawieszka srebrna z bursztynem mlecznym 925 naturalny polski bursztyn W81"},"content":{"rendered":"<div class=\"mpof_ki myre_zn myre_8v_l m389_6m_l\">\n<div class=\"mp4t_16_s mryx_16_s mr3m_1 mli2_1 mh85_56 mh85_0_l\">\n<div class=\"mg9e_8 mj7a_8 mg9e_0_s mvrt_0_s mj7a_0_s mh36_0_s mzmg_6m munh_16_l m3h2_16_l\">\n<div class=\"mp4t_0 mryx_0 munh_56 m3h2_56\">\n<div class=\"mp7g_oh\"><\/div>\n<\/div>\n<\/div>\n<\/div>\n<div class=\"mp4t_16_s mryx_16_s mr3m_1 mli2_1 mh85_56 mh85_0_l\">\n<div class=\"mgn2_16 _0d3bd_am0a-\">\n<p>\u2705Delikatny, mleczny odcie\u0144 bursztynu przypomina <b>poranne \u015bwiat\u0142o<\/b> \u2013 jest subtelny, szlachetny i bardzo twarzowy. Ka\u017cdy kamie\u0144 ma sw\u00f3j indywidualny rysunek, dlatego Twoja zawieszka b\u0119dzie jedyna w swoim rodzaju \u2013 tak jak<b> osoba<\/b>, kt\u00f3ra b\u0119dzie j\u0105 nosi\u0107.<\/p>\n<p>\u0141a\u0144cuszek jest tylko zdj\u0119ciem pogl\u0105dowym.<\/p>\n<\/div>\n<\/div>\n<\/div>\n","protected":false},"excerpt":{"rendered":"<div class=\"mp4t_16_s mryx_16_s mr3m_1 mli2_1 mh85_56 mh85_0_l\">\n<div class=\"mg9e_8 mj7a_8 mg9e_0_s mvrt_0_s mj7a_0_s mh36_0_s mzmg_6m munh_16_l m3h2_16_l\">\n<div class=\"mp4t_0 mryx_0 munh_56 m3h2_56\">\n<div class=\"mp7g_oh\"><\/div>\n<\/div>\n<\/div>\n<\/div>\n<div class=\"mp4t_16_s mryx_16_s mr3m_1 mli2_1 mh85_56 mh85_0_l\">\n<div class=\"mgn2_16 _0d3bd_am0a-\">\n<p>\u2705Podaruj sobie lub <b>bliskiej<\/b> osobie odrobin\u0119 \u015bwiat\u0142a zamkni\u0119tego w kamieniu.<\/p>\n<p>\u2705Ta elegancka zawieszka ze srebra pr\u00f3by 925 z naturalnym bursztynem mlecznym to bi\u017cuteria, kt\u00f3ra \u0142\u0105czy ponadczasow\u0105 klasyk\u0119 z ciep\u0142em polskiego bursztynu.<\/p>\n<\/div>\n<\/div>\n","protected":false},"featured_media":8203,"template":"","meta":{"_et_pb_use_builder":"","_et_pb_old_content":"","_et_gb_content_width":""},"product_brand":[],"product_cat":[814,830,929],"product_tag":[],"class_list":{"0":"post-8195","1":"product","2":"type-product","3":"status-publish","4":"has-post-thumbnail","6":"product_cat-dla-babci-i-dziadka","7":"product_cat-dzien-mamy","8":"product_cat-wisiorki-i-zawieszki","9":"pa_kolor-mleczny","10":"pa_kolor-zolty","11":"pa_material-srebro","12":"pa_proba-87","13":"pa_producent-bomar","14":"pa_rodzaj-kamienia-bursztyn","15":"pa_szerokosc-244","16":"pa_wysokosc-908","18":"first","19":"instock","20":"taxable","21":"shipping-taxable","22":"purchasable","23":"product-type-simple"},"yoast_head":"<!-- This site is optimized with the Yoast SEO plugin v27.4 - https:\/\/yoast.com\/product\/yoast-seo-wordpress\/ -->\n<title>Zawieszka srebrna z bursztynem mlecznym 925 naturalny polski bursztyn W81 - Jubiler Bomar<\/title>\n<meta name=\"robots\" content=\"index, follow, max-snippet:-1, max-image-preview:large, max-video-preview:-1\" \/>\n<link rel=\"canonical\" href=\"https:\/\/jubiler-bomar.eu\/sklep\/produkt\/zawieszka-srebrna-z-bursztynem-mlecznym-925-naturalny-polski-bursztyn-w81\/\" \/>\n<meta property=\"og:locale\" content=\"pl_PL\" \/>\n<meta property=\"og:type\" content=\"article\" \/>\n<meta property=\"og:title\" content=\"Zawieszka srebrna z bursztynem mlecznym 925 naturalny polski bursztyn W81 - Jubiler Bomar\" \/>\n<meta property=\"og:description\" content=\"\u2705Podaruj sobie lub bliskiej osobie odrobin\u0119 \u015bwiat\u0142a zamkni\u0119tego w kamieniu.  \u2705Ta elegancka zawieszka ze srebra pr\u00f3by 925 z naturalnym bursztynem mlecznym to bi\u017cuteria, kt\u00f3ra \u0142\u0105czy ponadczasow\u0105 klasyk\u0119 z ciep\u0142em polskiego bursztynu.\" \/>\n<meta property=\"og:url\" content=\"https:\/\/jubiler-bomar.eu\/sklep\/produkt\/zawieszka-srebrna-z-bursztynem-mlecznym-925-naturalny-polski-bursztyn-w81\/\" \/>\n<meta property=\"og:site_name\" content=\"Jubiler Bomar\" \/>\n<meta property=\"article:publisher\" content=\"https:\/\/www.facebook.com\/BomarJewellery\" \/>\n<meta property=\"article:modified_time\" content=\"2026-03-18T11:03:14+00:00\" \/>\n<meta property=\"og:image\" content=\"https:\/\/jubiler-bomar.eu\/sklep\/wp-content\/uploads\/2025\/12\/okragly.jpg\" \/>\n\t<meta property=\"og:image:width\" content=\"1024\" \/>\n\t<meta property=\"og:image:height\" content=\"1024\" \/>\n\t<meta property=\"og:image:type\" content=\"image\/jpeg\" \/>\n<meta name=\"twitter:card\" content=\"summary_large_image\" \/>\n<meta name=\"twitter:label1\" content=\"Szacowany czas czytania\" \/>\n\t<meta name=\"twitter:data1\" content=\"1 minuta\" \/>\n<script type=\"application\/ld+json\" class=\"yoast-schema-graph\">{\"@context\":\"https:\\\/\\\/schema.org\",\"@graph\":[{\"@type\":\"WebPage\",\"@id\":\"https:\\\/\\\/jubiler-bomar.eu\\\/sklep\\\/produkt\\\/zawieszka-srebrna-z-bursztynem-mlecznym-925-naturalny-polski-bursztyn-w81\\\/\",\"url\":\"https:\\\/\\\/jubiler-bomar.eu\\\/sklep\\\/produkt\\\/zawieszka-srebrna-z-bursztynem-mlecznym-925-naturalny-polski-bursztyn-w81\\\/\",\"name\":\"Zawieszka srebrna z bursztynem mlecznym 925 naturalny polski bursztyn W81 - Jubiler Bomar\",\"isPartOf\":{\"@id\":\"https:\\\/\\\/jubiler-bomar.eu\\\/sklep\\\/#website\"},\"primaryImageOfPage\":{\"@id\":\"https:\\\/\\\/jubiler-bomar.eu\\\/sklep\\\/produkt\\\/zawieszka-srebrna-z-bursztynem-mlecznym-925-naturalny-polski-bursztyn-w81\\\/#primaryimage\"},\"image\":{\"@id\":\"https:\\\/\\\/jubiler-bomar.eu\\\/sklep\\\/produkt\\\/zawieszka-srebrna-z-bursztynem-mlecznym-925-naturalny-polski-bursztyn-w81\\\/#primaryimage\"},\"thumbnailUrl\":\"https:\\\/\\\/jubiler-bomar.eu\\\/sklep\\\/wp-content\\\/uploads\\\/2025\\\/12\\\/okragly.jpg\",\"datePublished\":\"2025-12-31T09:34:18+00:00\",\"dateModified\":\"2026-03-18T11:03:14+00:00\",\"breadcrumb\":{\"@id\":\"https:\\\/\\\/jubiler-bomar.eu\\\/sklep\\\/produkt\\\/zawieszka-srebrna-z-bursztynem-mlecznym-925-naturalny-polski-bursztyn-w81\\\/#breadcrumb\"},\"inLanguage\":\"pl-PL\",\"potentialAction\":[{\"@type\":\"ReadAction\",\"target\":[\"https:\\\/\\\/jubiler-bomar.eu\\\/sklep\\\/produkt\\\/zawieszka-srebrna-z-bursztynem-mlecznym-925-naturalny-polski-bursztyn-w81\\\/\"]}]},{\"@type\":\"ImageObject\",\"inLanguage\":\"pl-PL\",\"@id\":\"https:\\\/\\\/jubiler-bomar.eu\\\/sklep\\\/produkt\\\/zawieszka-srebrna-z-bursztynem-mlecznym-925-naturalny-polski-bursztyn-w81\\\/#primaryimage\",\"url\":\"https:\\\/\\\/jubiler-bomar.eu\\\/sklep\\\/wp-content\\\/uploads\\\/2025\\\/12\\\/okragly.jpg\",\"contentUrl\":\"https:\\\/\\\/jubiler-bomar.eu\\\/sklep\\\/wp-content\\\/uploads\\\/2025\\\/12\\\/okragly.jpg\",\"width\":1024,\"height\":1024},{\"@type\":\"BreadcrumbList\",\"@id\":\"https:\\\/\\\/jubiler-bomar.eu\\\/sklep\\\/produkt\\\/zawieszka-srebrna-z-bursztynem-mlecznym-925-naturalny-polski-bursztyn-w81\\\/#breadcrumb\",\"itemListElement\":[{\"@type\":\"ListItem\",\"position\":1,\"name\":\"Strona g\u0142\u00f3wna\",\"item\":\"https:\\\/\\\/jubiler-bomar.eu\\\/sklep\\\/\"},{\"@type\":\"ListItem\",\"position\":2,\"name\":\"Sklep\",\"item\":\"https:\\\/\\\/jubiler-bomar.eu\\\/sklep\\\/sklep\\\/\"},{\"@type\":\"ListItem\",\"position\":3,\"name\":\"Zawieszka srebrna z bursztynem mlecznym 925 naturalny polski bursztyn W81\"}]},{\"@type\":\"WebSite\",\"@id\":\"https:\\\/\\\/jubiler-bomar.eu\\\/sklep\\\/#website\",\"url\":\"https:\\\/\\\/jubiler-bomar.eu\\\/sklep\\\/\",\"name\":\"Jubiler BOMAR\",\"description\":\"\",\"publisher\":{\"@id\":\"https:\\\/\\\/jubiler-bomar.eu\\\/sklep\\\/#organization\"},\"potentialAction\":[{\"@type\":\"SearchAction\",\"target\":{\"@type\":\"EntryPoint\",\"urlTemplate\":\"https:\\\/\\\/jubiler-bomar.eu\\\/sklep\\\/?s={search_term_string}\"},\"query-input\":{\"@type\":\"PropertyValueSpecification\",\"valueRequired\":true,\"valueName\":\"search_term_string\"}}],\"inLanguage\":\"pl-PL\"},{\"@type\":\"Organization\",\"@id\":\"https:\\\/\\\/jubiler-bomar.eu\\\/sklep\\\/#organization\",\"name\":\"Jubiler Bomar\",\"url\":\"https:\\\/\\\/jubiler-bomar.eu\\\/sklep\\\/\",\"logo\":{\"@type\":\"ImageObject\",\"inLanguage\":\"pl-PL\",\"@id\":\"https:\\\/\\\/jubiler-bomar.eu\\\/sklep\\\/#\\\/schema\\\/logo\\\/image\\\/\",\"url\":\"https:\\\/\\\/jubiler-bomar.eu\\\/sklep\\\/wp-content\\\/uploads\\\/2023\\\/02\\\/bomar-jubiler-logo-1.jpg\",\"contentUrl\":\"https:\\\/\\\/jubiler-bomar.eu\\\/sklep\\\/wp-content\\\/uploads\\\/2023\\\/02\\\/bomar-jubiler-logo-1.jpg\",\"width\":500,\"height\":156,\"caption\":\"Jubiler Bomar\"},\"image\":{\"@id\":\"https:\\\/\\\/jubiler-bomar.eu\\\/sklep\\\/#\\\/schema\\\/logo\\\/image\\\/\"},\"sameAs\":[\"https:\\\/\\\/www.facebook.com\\\/BomarJewellery\"]}]}<\/script>\n<!-- \/ Yoast SEO plugin. -->","yoast_head_json":{"title":"Zawieszka srebrna z bursztynem mlecznym 925 naturalny polski bursztyn W81 - Jubiler Bomar","robots":{"index":"index","follow":"follow","max-snippet":"max-snippet:-1","max-image-preview":"max-image-preview:large","max-video-preview":"max-video-preview:-1"},"canonical":"https:\/\/jubiler-bomar.eu\/sklep\/produkt\/zawieszka-srebrna-z-bursztynem-mlecznym-925-naturalny-polski-bursztyn-w81\/","og_locale":"pl_PL","og_type":"article","og_title":"Zawieszka srebrna z bursztynem mlecznym 925 naturalny polski bursztyn W81 - Jubiler Bomar","og_description":"\u2705Podaruj sobie lub bliskiej osobie odrobin\u0119 \u015bwiat\u0142a zamkni\u0119tego w kamieniu.  \u2705Ta elegancka zawieszka ze srebra pr\u00f3by 925 z naturalnym bursztynem mlecznym to bi\u017cuteria, kt\u00f3ra \u0142\u0105czy ponadczasow\u0105 klasyk\u0119 z ciep\u0142em polskiego bursztynu.","og_url":"https:\/\/jubiler-bomar.eu\/sklep\/produkt\/zawieszka-srebrna-z-bursztynem-mlecznym-925-naturalny-polski-bursztyn-w81\/","og_site_name":"Jubiler Bomar","article_publisher":"https:\/\/www.facebook.com\/BomarJewellery","article_modified_time":"2026-03-18T11:03:14+00:00","og_image":[{"width":1024,"height":1024,"url":"https:\/\/jubiler-bomar.eu\/sklep\/wp-content\/uploads\/2025\/12\/okragly.jpg","type":"image\/jpeg"}],"twitter_card":"summary_large_image","twitter_misc":{"Szacowany czas czytania":"1 minuta"},"schema":{"@context":"https:\/\/schema.org","@graph":[{"@type":"WebPage","@id":"https:\/\/jubiler-bomar.eu\/sklep\/produkt\/zawieszka-srebrna-z-bursztynem-mlecznym-925-naturalny-polski-bursztyn-w81\/","url":"https:\/\/jubiler-bomar.eu\/sklep\/produkt\/zawieszka-srebrna-z-bursztynem-mlecznym-925-naturalny-polski-bursztyn-w81\/","name":"Zawieszka srebrna z bursztynem mlecznym 925 naturalny polski bursztyn W81 - Jubiler Bomar","isPartOf":{"@id":"https:\/\/jubiler-bomar.eu\/sklep\/#website"},"primaryImageOfPage":{"@id":"https:\/\/jubiler-bomar.eu\/sklep\/produkt\/zawieszka-srebrna-z-bursztynem-mlecznym-925-naturalny-polski-bursztyn-w81\/#primaryimage"},"image":{"@id":"https:\/\/jubiler-bomar.eu\/sklep\/produkt\/zawieszka-srebrna-z-bursztynem-mlecznym-925-naturalny-polski-bursztyn-w81\/#primaryimage"},"thumbnailUrl":"https:\/\/jubiler-bomar.eu\/sklep\/wp-content\/uploads\/2025\/12\/okragly.jpg","datePublished":"2025-12-31T09:34:18+00:00","dateModified":"2026-03-18T11:03:14+00:00","breadcrumb":{"@id":"https:\/\/jubiler-bomar.eu\/sklep\/produkt\/zawieszka-srebrna-z-bursztynem-mlecznym-925-naturalny-polski-bursztyn-w81\/#breadcrumb"},"inLanguage":"pl-PL","potentialAction":[{"@type":"ReadAction","target":["https:\/\/jubiler-bomar.eu\/sklep\/produkt\/zawieszka-srebrna-z-bursztynem-mlecznym-925-naturalny-polski-bursztyn-w81\/"]}]},{"@type":"ImageObject","inLanguage":"pl-PL","@id":"https:\/\/jubiler-bomar.eu\/sklep\/produkt\/zawieszka-srebrna-z-bursztynem-mlecznym-925-naturalny-polski-bursztyn-w81\/#primaryimage","url":"https:\/\/jubiler-bomar.eu\/sklep\/wp-content\/uploads\/2025\/12\/okragly.jpg","contentUrl":"https:\/\/jubiler-bomar.eu\/sklep\/wp-content\/uploads\/2025\/12\/okragly.jpg","width":1024,"height":1024},{"@type":"BreadcrumbList","@id":"https:\/\/jubiler-bomar.eu\/sklep\/produkt\/zawieszka-srebrna-z-bursztynem-mlecznym-925-naturalny-polski-bursztyn-w81\/#breadcrumb","itemListElement":[{"@type":"ListItem","position":1,"name":"Strona g\u0142\u00f3wna","item":"https:\/\/jubiler-bomar.eu\/sklep\/"},{"@type":"ListItem","position":2,"name":"Sklep","item":"https:\/\/jubiler-bomar.eu\/sklep\/sklep\/"},{"@type":"ListItem","position":3,"name":"Zawieszka srebrna z bursztynem mlecznym 925 naturalny polski bursztyn W81"}]},{"@type":"WebSite","@id":"https:\/\/jubiler-bomar.eu\/sklep\/#website","url":"https:\/\/jubiler-bomar.eu\/sklep\/","name":"Jubiler BOMAR","description":"","publisher":{"@id":"https:\/\/jubiler-bomar.eu\/sklep\/#organization"},"potentialAction":[{"@type":"SearchAction","target":{"@type":"EntryPoint","urlTemplate":"https:\/\/jubiler-bomar.eu\/sklep\/?s={search_term_string}"},"query-input":{"@type":"PropertyValueSpecification","valueRequired":true,"valueName":"search_term_string"}}],"inLanguage":"pl-PL"},{"@type":"Organization","@id":"https:\/\/jubiler-bomar.eu\/sklep\/#organization","name":"Jubiler Bomar","url":"https:\/\/jubiler-bomar.eu\/sklep\/","logo":{"@type":"ImageObject","inLanguage":"pl-PL","@id":"https:\/\/jubiler-bomar.eu\/sklep\/#\/schema\/logo\/image\/","url":"https:\/\/jubiler-bomar.eu\/sklep\/wp-content\/uploads\/2023\/02\/bomar-jubiler-logo-1.jpg","contentUrl":"https:\/\/jubiler-bomar.eu\/sklep\/wp-content\/uploads\/2023\/02\/bomar-jubiler-logo-1.jpg","width":500,"height":156,"caption":"Jubiler Bomar"},"image":{"@id":"https:\/\/jubiler-bomar.eu\/sklep\/#\/schema\/logo\/image\/"},"sameAs":["https:\/\/www.facebook.com\/BomarJewellery"]}]}},"_links":{"self":[{"href":"https:\/\/jubiler-bomar.eu\/sklep\/wp-json\/wp\/v2\/product\/8195","targetHints":{"allow":["GET"]}}],"collection":[{"href":"https:\/\/jubiler-bomar.eu\/sklep\/wp-json\/wp\/v2\/product"}],"about":[{"href":"https:\/\/jubiler-bomar.eu\/sklep\/wp-json\/wp\/v2\/types\/product"}],"wp:featuredmedia":[{"embeddable":true,"href":"https:\/\/jubiler-bomar.eu\/sklep\/wp-json\/wp\/v2\/media\/8203"}],"wp:attachment":[{"href":"https:\/\/jubiler-bomar.eu\/sklep\/wp-json\/wp\/v2\/media?parent=8195"}],"wp:term":[{"taxonomy":"product_brand","embeddable":true,"href":"https:\/\/jubiler-bomar.eu\/sklep\/wp-json\/wp\/v2\/product_brand?post=8195"},{"taxonomy":"product_cat","embeddable":true,"href":"https:\/\/jubiler-bomar.eu\/sklep\/wp-json\/wp\/v2\/product_cat?post=8195"},{"taxonomy":"product_tag","embeddable":true,"href":"https:\/\/jubiler-bomar.eu\/sklep\/wp-json\/wp\/v2\/product_tag?post=8195"}],"curies":[{"name":"wp","href":"https:\/\/api.w.org\/{rel}","templated":true}]}}