{"id":8261,"date":"2026-01-02T08:00:38","date_gmt":"2026-01-02T07:00:38","guid":{"rendered":"https:\/\/jubiler-bomar.eu\/sklep\/?post_type=product&#038;p=8261"},"modified":"2026-03-18T12:03:14","modified_gmt":"2026-03-18T11:03:14","slug":"zawieszka-srebrna-925-pozlacana-24k-zlotem-serce-bizuteria-meska-damska","status":"publish","type":"product","link":"https:\/\/jubiler-bomar.eu\/sklep\/produkt\/zawieszka-srebrna-925-pozlacana-24k-zlotem-serce-bizuteria-meska-damska\/","title":{"rendered":"Zawieszka srebrna 925 poz\u0142acana 24k z\u0142otem serce bizuteria m\u0119ska-damska Z60"},"content":{"rendered":"","protected":false},"excerpt":{"rendered":"<p>Pi\u0119kna zawieszka wykonana z najwy\u017cszej jako\u015bci srebra pr\u00f3by 925, poz\u0142acana 24 karatowym z\u0142otem. B\u0142yszcz\u0105ca powierzchnia z\u00a0<b>matowym sercem<\/b>\u00a0w centrum nadaje jej wyj\u0105tkowego\u00a0<b>uroku<\/b>. Idealna jako prezent na\u00a0<b>Dzie\u0144 Ch\u0142opaka<\/b>, r<b>ocznic\u0119 \u015blubu, Walentynki, urodziny<\/b>\u00a0czy inne wa\u017cne okazje.<\/p>\n<p>Grawer: gratis (ty\u0142 zawieszki).<br \/>\nW galerii zdj\u0119\u0107 wzory pisma do wyboru.<\/p>\n","protected":false},"featured_media":8263,"template":"","meta":{"_et_pb_use_builder":"","_et_pb_old_content":"","_et_gb_content_width":""},"product_brand":[],"product_cat":[929],"product_tag":[],"class_list":{"0":"post-8261","1":"product","2":"type-product","3":"status-publish","4":"has-post-thumbnail","6":"product_cat-wisiorki-i-zawieszki","7":"pa_dlugosc-905","8":"pa_dlugosc-z-uchwytem","9":"pa_kolor-zolty","10":"pa_material-srebro-pozlacane","11":"pa_proba-87","12":"pa_producent-bomar","13":"pa_szerokosc-78","14":"pa_termin-realizacji-2-dni-robocze","16":"first","17":"instock","18":"taxable","19":"shipping-taxable","20":"purchasable","21":"product-type-simple"},"yoast_head":"<!-- This site is optimized with the Yoast SEO plugin v27.4 - https:\/\/yoast.com\/product\/yoast-seo-wordpress\/ -->\n<title>Zawieszka srebrna 925 poz\u0142acana 24k z\u0142otem serce bizuteria m\u0119ska-damska Z60 - Jubiler Bomar<\/title>\n<meta name=\"robots\" content=\"index, follow, max-snippet:-1, max-image-preview:large, max-video-preview:-1\" \/>\n<link rel=\"canonical\" href=\"https:\/\/jubiler-bomar.eu\/sklep\/produkt\/zawieszka-srebrna-925-pozlacana-24k-zlotem-serce-bizuteria-meska-damska\/\" \/>\n<meta property=\"og:locale\" content=\"pl_PL\" \/>\n<meta property=\"og:type\" content=\"article\" \/>\n<meta property=\"og:title\" content=\"Zawieszka srebrna 925 poz\u0142acana 24k z\u0142otem serce bizuteria m\u0119ska-damska Z60 - Jubiler Bomar\" \/>\n<meta property=\"og:description\" content=\"Pi\u0119kna zawieszka wykonana z najwy\u017cszej jako\u015bci srebra pr\u00f3by 925, poz\u0142acana 24 karatowym z\u0142otem. B\u0142yszcz\u0105ca powierzchnia z\u00a0matowym sercem\u00a0w centrum nadaje jej wyj\u0105tkowego\u00a0uroku. Idealna jako prezent na\u00a0Dzie\u0144 Ch\u0142opaka, rocznic\u0119 \u015blubu, Walentynki, urodziny\u00a0czy inne wa\u017cne okazje.  Grawer: gratis (ty\u0142 zawieszki). W galerii zdj\u0119\u0107 wzory pisma do wyboru.\" \/>\n<meta property=\"og:url\" content=\"https:\/\/jubiler-bomar.eu\/sklep\/produkt\/zawieszka-srebrna-925-pozlacana-24k-zlotem-serce-bizuteria-meska-damska\/\" \/>\n<meta property=\"og:site_name\" content=\"Jubiler Bomar\" \/>\n<meta property=\"article:publisher\" content=\"https:\/\/www.facebook.com\/BomarJewellery\" \/>\n<meta property=\"article:modified_time\" content=\"2026-03-18T11:03:14+00:00\" \/>\n<meta property=\"og:image\" content=\"https:\/\/jubiler-bomar.eu\/sklep\/wp-content\/uploads\/2026\/01\/Zawieszka-srebrna-925-pozlacana-24k-zlotem-serce-bizuteria-meska-damska.jpg\" \/>\n\t<meta property=\"og:image:width\" content=\"1024\" \/>\n\t<meta property=\"og:image:height\" content=\"1024\" \/>\n\t<meta property=\"og:image:type\" content=\"image\/jpeg\" \/>\n<meta name=\"twitter:card\" content=\"summary_large_image\" \/>\n<meta name=\"twitter:label1\" content=\"Szacowany czas czytania\" \/>\n\t<meta name=\"twitter:data1\" content=\"1 minuta\" \/>\n<script type=\"application\/ld+json\" class=\"yoast-schema-graph\">{\"@context\":\"https:\\\/\\\/schema.org\",\"@graph\":[{\"@type\":\"WebPage\",\"@id\":\"https:\\\/\\\/jubiler-bomar.eu\\\/sklep\\\/produkt\\\/zawieszka-srebrna-925-pozlacana-24k-zlotem-serce-bizuteria-meska-damska\\\/\",\"url\":\"https:\\\/\\\/jubiler-bomar.eu\\\/sklep\\\/produkt\\\/zawieszka-srebrna-925-pozlacana-24k-zlotem-serce-bizuteria-meska-damska\\\/\",\"name\":\"Zawieszka srebrna 925 poz\u0142acana 24k z\u0142otem serce bizuteria m\u0119ska-damska Z60 - Jubiler Bomar\",\"isPartOf\":{\"@id\":\"https:\\\/\\\/jubiler-bomar.eu\\\/sklep\\\/#website\"},\"primaryImageOfPage\":{\"@id\":\"https:\\\/\\\/jubiler-bomar.eu\\\/sklep\\\/produkt\\\/zawieszka-srebrna-925-pozlacana-24k-zlotem-serce-bizuteria-meska-damska\\\/#primaryimage\"},\"image\":{\"@id\":\"https:\\\/\\\/jubiler-bomar.eu\\\/sklep\\\/produkt\\\/zawieszka-srebrna-925-pozlacana-24k-zlotem-serce-bizuteria-meska-damska\\\/#primaryimage\"},\"thumbnailUrl\":\"https:\\\/\\\/jubiler-bomar.eu\\\/sklep\\\/wp-content\\\/uploads\\\/2026\\\/01\\\/Zawieszka-srebrna-925-pozlacana-24k-zlotem-serce-bizuteria-meska-damska.jpg\",\"datePublished\":\"2026-01-02T07:00:38+00:00\",\"dateModified\":\"2026-03-18T11:03:14+00:00\",\"breadcrumb\":{\"@id\":\"https:\\\/\\\/jubiler-bomar.eu\\\/sklep\\\/produkt\\\/zawieszka-srebrna-925-pozlacana-24k-zlotem-serce-bizuteria-meska-damska\\\/#breadcrumb\"},\"inLanguage\":\"pl-PL\",\"potentialAction\":[{\"@type\":\"ReadAction\",\"target\":[\"https:\\\/\\\/jubiler-bomar.eu\\\/sklep\\\/produkt\\\/zawieszka-srebrna-925-pozlacana-24k-zlotem-serce-bizuteria-meska-damska\\\/\"]}]},{\"@type\":\"ImageObject\",\"inLanguage\":\"pl-PL\",\"@id\":\"https:\\\/\\\/jubiler-bomar.eu\\\/sklep\\\/produkt\\\/zawieszka-srebrna-925-pozlacana-24k-zlotem-serce-bizuteria-meska-damska\\\/#primaryimage\",\"url\":\"https:\\\/\\\/jubiler-bomar.eu\\\/sklep\\\/wp-content\\\/uploads\\\/2026\\\/01\\\/Zawieszka-srebrna-925-pozlacana-24k-zlotem-serce-bizuteria-meska-damska.jpg\",\"contentUrl\":\"https:\\\/\\\/jubiler-bomar.eu\\\/sklep\\\/wp-content\\\/uploads\\\/2026\\\/01\\\/Zawieszka-srebrna-925-pozlacana-24k-zlotem-serce-bizuteria-meska-damska.jpg\",\"width\":1024,\"height\":1024,\"caption\":\"aa29a7fc85f05dfcfc944ff37e66f24552331520bc2dd37f8191c91cdb001ffe51dadf0b41cb2b57205440b32ff9b992fa3e2b1ab562d1fd03d13e81b1ac80571bd3b0544c6bfa98e4802b14f03acc4a\"},{\"@type\":\"BreadcrumbList\",\"@id\":\"https:\\\/\\\/jubiler-bomar.eu\\\/sklep\\\/produkt\\\/zawieszka-srebrna-925-pozlacana-24k-zlotem-serce-bizuteria-meska-damska\\\/#breadcrumb\",\"itemListElement\":[{\"@type\":\"ListItem\",\"position\":1,\"name\":\"Strona g\u0142\u00f3wna\",\"item\":\"https:\\\/\\\/jubiler-bomar.eu\\\/sklep\\\/\"},{\"@type\":\"ListItem\",\"position\":2,\"name\":\"Sklep\",\"item\":\"https:\\\/\\\/jubiler-bomar.eu\\\/sklep\\\/sklep\\\/\"},{\"@type\":\"ListItem\",\"position\":3,\"name\":\"Zawieszka srebrna 925 poz\u0142acana 24k z\u0142otem serce bizuteria m\u0119ska-damska Z60\"}]},{\"@type\":\"WebSite\",\"@id\":\"https:\\\/\\\/jubiler-bomar.eu\\\/sklep\\\/#website\",\"url\":\"https:\\\/\\\/jubiler-bomar.eu\\\/sklep\\\/\",\"name\":\"Jubiler BOMAR\",\"description\":\"\",\"publisher\":{\"@id\":\"https:\\\/\\\/jubiler-bomar.eu\\\/sklep\\\/#organization\"},\"potentialAction\":[{\"@type\":\"SearchAction\",\"target\":{\"@type\":\"EntryPoint\",\"urlTemplate\":\"https:\\\/\\\/jubiler-bomar.eu\\\/sklep\\\/?s={search_term_string}\"},\"query-input\":{\"@type\":\"PropertyValueSpecification\",\"valueRequired\":true,\"valueName\":\"search_term_string\"}}],\"inLanguage\":\"pl-PL\"},{\"@type\":\"Organization\",\"@id\":\"https:\\\/\\\/jubiler-bomar.eu\\\/sklep\\\/#organization\",\"name\":\"Jubiler Bomar\",\"url\":\"https:\\\/\\\/jubiler-bomar.eu\\\/sklep\\\/\",\"logo\":{\"@type\":\"ImageObject\",\"inLanguage\":\"pl-PL\",\"@id\":\"https:\\\/\\\/jubiler-bomar.eu\\\/sklep\\\/#\\\/schema\\\/logo\\\/image\\\/\",\"url\":\"https:\\\/\\\/jubiler-bomar.eu\\\/sklep\\\/wp-content\\\/uploads\\\/2023\\\/02\\\/bomar-jubiler-logo-1.jpg\",\"contentUrl\":\"https:\\\/\\\/jubiler-bomar.eu\\\/sklep\\\/wp-content\\\/uploads\\\/2023\\\/02\\\/bomar-jubiler-logo-1.jpg\",\"width\":500,\"height\":156,\"caption\":\"Jubiler Bomar\"},\"image\":{\"@id\":\"https:\\\/\\\/jubiler-bomar.eu\\\/sklep\\\/#\\\/schema\\\/logo\\\/image\\\/\"},\"sameAs\":[\"https:\\\/\\\/www.facebook.com\\\/BomarJewellery\"]}]}<\/script>\n<!-- \/ Yoast SEO plugin. -->","yoast_head_json":{"title":"Zawieszka srebrna 925 poz\u0142acana 24k z\u0142otem serce bizuteria m\u0119ska-damska Z60 - Jubiler Bomar","robots":{"index":"index","follow":"follow","max-snippet":"max-snippet:-1","max-image-preview":"max-image-preview:large","max-video-preview":"max-video-preview:-1"},"canonical":"https:\/\/jubiler-bomar.eu\/sklep\/produkt\/zawieszka-srebrna-925-pozlacana-24k-zlotem-serce-bizuteria-meska-damska\/","og_locale":"pl_PL","og_type":"article","og_title":"Zawieszka srebrna 925 poz\u0142acana 24k z\u0142otem serce bizuteria m\u0119ska-damska Z60 - Jubiler Bomar","og_description":"Pi\u0119kna zawieszka wykonana z najwy\u017cszej jako\u015bci srebra pr\u00f3by 925, poz\u0142acana 24 karatowym z\u0142otem. B\u0142yszcz\u0105ca powierzchnia z\u00a0matowym sercem\u00a0w centrum nadaje jej wyj\u0105tkowego\u00a0uroku. Idealna jako prezent na\u00a0Dzie\u0144 Ch\u0142opaka, rocznic\u0119 \u015blubu, Walentynki, urodziny\u00a0czy inne wa\u017cne okazje.  Grawer: gratis (ty\u0142 zawieszki). W galerii zdj\u0119\u0107 wzory pisma do wyboru.","og_url":"https:\/\/jubiler-bomar.eu\/sklep\/produkt\/zawieszka-srebrna-925-pozlacana-24k-zlotem-serce-bizuteria-meska-damska\/","og_site_name":"Jubiler Bomar","article_publisher":"https:\/\/www.facebook.com\/BomarJewellery","article_modified_time":"2026-03-18T11:03:14+00:00","og_image":[{"width":1024,"height":1024,"url":"https:\/\/jubiler-bomar.eu\/sklep\/wp-content\/uploads\/2026\/01\/Zawieszka-srebrna-925-pozlacana-24k-zlotem-serce-bizuteria-meska-damska.jpg","type":"image\/jpeg"}],"twitter_card":"summary_large_image","twitter_misc":{"Szacowany czas czytania":"1 minuta"},"schema":{"@context":"https:\/\/schema.org","@graph":[{"@type":"WebPage","@id":"https:\/\/jubiler-bomar.eu\/sklep\/produkt\/zawieszka-srebrna-925-pozlacana-24k-zlotem-serce-bizuteria-meska-damska\/","url":"https:\/\/jubiler-bomar.eu\/sklep\/produkt\/zawieszka-srebrna-925-pozlacana-24k-zlotem-serce-bizuteria-meska-damska\/","name":"Zawieszka srebrna 925 poz\u0142acana 24k z\u0142otem serce bizuteria m\u0119ska-damska Z60 - Jubiler Bomar","isPartOf":{"@id":"https:\/\/jubiler-bomar.eu\/sklep\/#website"},"primaryImageOfPage":{"@id":"https:\/\/jubiler-bomar.eu\/sklep\/produkt\/zawieszka-srebrna-925-pozlacana-24k-zlotem-serce-bizuteria-meska-damska\/#primaryimage"},"image":{"@id":"https:\/\/jubiler-bomar.eu\/sklep\/produkt\/zawieszka-srebrna-925-pozlacana-24k-zlotem-serce-bizuteria-meska-damska\/#primaryimage"},"thumbnailUrl":"https:\/\/jubiler-bomar.eu\/sklep\/wp-content\/uploads\/2026\/01\/Zawieszka-srebrna-925-pozlacana-24k-zlotem-serce-bizuteria-meska-damska.jpg","datePublished":"2026-01-02T07:00:38+00:00","dateModified":"2026-03-18T11:03:14+00:00","breadcrumb":{"@id":"https:\/\/jubiler-bomar.eu\/sklep\/produkt\/zawieszka-srebrna-925-pozlacana-24k-zlotem-serce-bizuteria-meska-damska\/#breadcrumb"},"inLanguage":"pl-PL","potentialAction":[{"@type":"ReadAction","target":["https:\/\/jubiler-bomar.eu\/sklep\/produkt\/zawieszka-srebrna-925-pozlacana-24k-zlotem-serce-bizuteria-meska-damska\/"]}]},{"@type":"ImageObject","inLanguage":"pl-PL","@id":"https:\/\/jubiler-bomar.eu\/sklep\/produkt\/zawieszka-srebrna-925-pozlacana-24k-zlotem-serce-bizuteria-meska-damska\/#primaryimage","url":"https:\/\/jubiler-bomar.eu\/sklep\/wp-content\/uploads\/2026\/01\/Zawieszka-srebrna-925-pozlacana-24k-zlotem-serce-bizuteria-meska-damska.jpg","contentUrl":"https:\/\/jubiler-bomar.eu\/sklep\/wp-content\/uploads\/2026\/01\/Zawieszka-srebrna-925-pozlacana-24k-zlotem-serce-bizuteria-meska-damska.jpg","width":1024,"height":1024,"caption":"aa29a7fc85f05dfcfc944ff37e66f24552331520bc2dd37f8191c91cdb001ffe51dadf0b41cb2b57205440b32ff9b992fa3e2b1ab562d1fd03d13e81b1ac80571bd3b0544c6bfa98e4802b14f03acc4a"},{"@type":"BreadcrumbList","@id":"https:\/\/jubiler-bomar.eu\/sklep\/produkt\/zawieszka-srebrna-925-pozlacana-24k-zlotem-serce-bizuteria-meska-damska\/#breadcrumb","itemListElement":[{"@type":"ListItem","position":1,"name":"Strona g\u0142\u00f3wna","item":"https:\/\/jubiler-bomar.eu\/sklep\/"},{"@type":"ListItem","position":2,"name":"Sklep","item":"https:\/\/jubiler-bomar.eu\/sklep\/sklep\/"},{"@type":"ListItem","position":3,"name":"Zawieszka srebrna 925 poz\u0142acana 24k z\u0142otem serce bizuteria m\u0119ska-damska Z60"}]},{"@type":"WebSite","@id":"https:\/\/jubiler-bomar.eu\/sklep\/#website","url":"https:\/\/jubiler-bomar.eu\/sklep\/","name":"Jubiler BOMAR","description":"","publisher":{"@id":"https:\/\/jubiler-bomar.eu\/sklep\/#organization"},"potentialAction":[{"@type":"SearchAction","target":{"@type":"EntryPoint","urlTemplate":"https:\/\/jubiler-bomar.eu\/sklep\/?s={search_term_string}"},"query-input":{"@type":"PropertyValueSpecification","valueRequired":true,"valueName":"search_term_string"}}],"inLanguage":"pl-PL"},{"@type":"Organization","@id":"https:\/\/jubiler-bomar.eu\/sklep\/#organization","name":"Jubiler Bomar","url":"https:\/\/jubiler-bomar.eu\/sklep\/","logo":{"@type":"ImageObject","inLanguage":"pl-PL","@id":"https:\/\/jubiler-bomar.eu\/sklep\/#\/schema\/logo\/image\/","url":"https:\/\/jubiler-bomar.eu\/sklep\/wp-content\/uploads\/2023\/02\/bomar-jubiler-logo-1.jpg","contentUrl":"https:\/\/jubiler-bomar.eu\/sklep\/wp-content\/uploads\/2023\/02\/bomar-jubiler-logo-1.jpg","width":500,"height":156,"caption":"Jubiler Bomar"},"image":{"@id":"https:\/\/jubiler-bomar.eu\/sklep\/#\/schema\/logo\/image\/"},"sameAs":["https:\/\/www.facebook.com\/BomarJewellery"]}]}},"_links":{"self":[{"href":"https:\/\/jubiler-bomar.eu\/sklep\/wp-json\/wp\/v2\/product\/8261","targetHints":{"allow":["GET"]}}],"collection":[{"href":"https:\/\/jubiler-bomar.eu\/sklep\/wp-json\/wp\/v2\/product"}],"about":[{"href":"https:\/\/jubiler-bomar.eu\/sklep\/wp-json\/wp\/v2\/types\/product"}],"wp:featuredmedia":[{"embeddable":true,"href":"https:\/\/jubiler-bomar.eu\/sklep\/wp-json\/wp\/v2\/media\/8263"}],"wp:attachment":[{"href":"https:\/\/jubiler-bomar.eu\/sklep\/wp-json\/wp\/v2\/media?parent=8261"}],"wp:term":[{"taxonomy":"product_brand","embeddable":true,"href":"https:\/\/jubiler-bomar.eu\/sklep\/wp-json\/wp\/v2\/product_brand?post=8261"},{"taxonomy":"product_cat","embeddable":true,"href":"https:\/\/jubiler-bomar.eu\/sklep\/wp-json\/wp\/v2\/product_cat?post=8261"},{"taxonomy":"product_tag","embeddable":true,"href":"https:\/\/jubiler-bomar.eu\/sklep\/wp-json\/wp\/v2\/product_tag?post=8261"}],"curies":[{"name":"wp","href":"https:\/\/api.w.org\/{rel}","templated":true}]}}