{"id":8303,"date":"2026-01-09T08:33:28","date_gmt":"2026-01-09T07:33:28","guid":{"rendered":"https:\/\/jubiler-bomar.eu\/sklep\/?post_type=product&#038;p=8303"},"modified":"2026-01-09T08:33:28","modified_gmt":"2026-01-09T07:33:28","slug":"bransoletka-dzien-babci-srebro-925-czerwony-sznurek-supelki-serce-grawer-b24","status":"publish","type":"product","link":"https:\/\/jubiler-bomar.eu\/sklep\/produkt\/bransoletka-dzien-babci-srebro-925-czerwony-sznurek-supelki-serce-grawer-b24\/","title":{"rendered":"Bransoletka Dzie\u0144 Babci Srebro 925 Czerwony Sznurek Supe\u0142ki Serce Grawer B24"},"content":{"rendered":"<div class=\"mpof_ki myre_zn myre_8v_l m389_6m_l\">\n<div class=\"mp4t_16_s mryx_16_s mr3m_1 mli2_1 mh85_56 mh85_0_l\">\n<div class=\"mg9e_8 mj7a_8 mg9e_0_s mvrt_0_s mj7a_0_s mh36_0_s mzmg_6m munh_16_l m3h2_16_l\">\n<div class=\"mp4t_0 mryx_0 munh_56 m3h2_56\">\n<div class=\"mp7g_oh\"><\/div>\n<\/div>\n<\/div>\n<\/div>\n<div class=\"mp4t_16_s mryx_16_s mr3m_1 mli2_1 mh85_56 mh85_0_l\">\n<div class=\"mgn2_16 _0d3bd_am0a-\">\n<p><b>Co wyj\u0105tkowego ma czerwony sznurek i supe\u0142ki?<\/b><\/p>\n<p>Czerwony sznurek od lat uznawany jest za symbol: \u2764\ufe0f<\/p>\n<ul>\n<li><b>mi\u0142o\u015bci<\/b> i wi\u0119zi, kt\u00f3ra nie s\u0142abnie mimo czasu,<\/li>\n<li><b>ochrony<\/b> i dobrych my\u015bli wysy\u0142anych drugiej osobie,<\/li>\n<li><b>szcz\u0119\u015bcia<\/b> i \u201etalizmanu\u201d na ka\u017cdy dzie\u0144.<\/li>\n<\/ul>\n<p>Supe\u0142ki to pi\u0119kna metafora: ka\u017cdy z nich mo\u017ce oznacza\u0107 jedn\u0105 intencj\u0119 dla Babci \u2014<b> zdrowie, spok\u00f3j, rado\u015b\u0107, u\u015bmiech, si\u0142\u0119, mi\u0142o\u015b\u0107 i obecno\u015b\u0107 bliskich<\/b>. Babcia nosi je na nadgarstku jak ciep\u0142e \u201e<b>jestem z Tob\u0105\u201d<\/b> od wnucz\u0105t.<\/p>\n<\/div>\n<\/div>\n<\/div>\n","protected":false},"excerpt":{"rendered":"<div class=\"mp4t_16_s mryx_16_s mr3m_1 mli2_1 mh85_56 mh85_0_l\">\n<div class=\"mg9e_8 mj7a_8 mg9e_0_s mvrt_0_s mj7a_0_s mh36_0_s mzmg_6m munh_16_l m3h2_16_l\">\n<div class=\"mp4t_0 mryx_0 munh_56 m3h2_56\">\n<div class=\"mp7g_oh\"><\/div>\n<\/div>\n<\/div>\n<\/div>\n<div class=\"mp4t_16_s mryx_16_s mr3m_1 mli2_1 mh85_56 mh85_0_l\">\n<div class=\"mgn2_16 _0d3bd_am0a-\">\n<p><b>Bransoletka na Dzie\u0144 Babci, kt\u00f3ra m\u00f3wi: \u201eKocham Ci\u0119, Babciu\u201d<\/b><\/p>\n<p>\u2764\ufe0f S\u0105 prezenty, kt\u00f3re ciesz\u0105\u2026 i s\u0105 takie, kt\u00f3re zostaj\u0105 w sercu na zawsze. Ta bransoletka to symbol blisko\u015bci, mi\u0142o\u015bci i wdzi\u0119czno\u015bci \u2014 idealna na Dzie\u0144 Babci 2026.<\/p>\n<\/div>\n<\/div>\n","protected":false},"featured_media":8310,"template":"","meta":{"_et_pb_use_builder":"","_et_pb_old_content":"","_et_gb_content_width":""},"product_brand":[],"product_cat":[814,607],"product_tag":[],"class_list":{"0":"post-8303","1":"product","2":"type-product","3":"status-publish","4":"has-post-thumbnail","6":"product_cat-dla-babci-i-dziadka","7":"product_cat-bransoletki","8":"pa_dlugosc-cm-17cm3cm","9":"pa_kolor-czerwony","10":"pa_material-srebro","11":"pa_proba-87","12":"pa_producent-bomar","13":"pa_rodzaj-lancuszka-sznurek","14":"pa_rodzaj-zapiecia-karabinczyk","16":"first","17":"instock","18":"taxable","19":"shipping-taxable","20":"purchasable","21":"product-type-simple"},"yoast_head":"<!-- This site is optimized with the Yoast SEO plugin v27.4 - https:\/\/yoast.com\/product\/yoast-seo-wordpress\/ -->\n<title>Bransoletka Dzie\u0144 Babci Srebro 925 Czerwony Sznurek Supe\u0142ki Serce Grawer B24 - Jubiler Bomar<\/title>\n<meta name=\"robots\" content=\"index, follow, max-snippet:-1, max-image-preview:large, max-video-preview:-1\" \/>\n<link rel=\"canonical\" href=\"https:\/\/jubiler-bomar.eu\/sklep\/produkt\/bransoletka-dzien-babci-srebro-925-czerwony-sznurek-supelki-serce-grawer-b24\/\" \/>\n<meta property=\"og:locale\" content=\"pl_PL\" \/>\n<meta property=\"og:type\" content=\"article\" \/>\n<meta property=\"og:title\" content=\"Bransoletka Dzie\u0144 Babci Srebro 925 Czerwony Sznurek Supe\u0142ki Serce Grawer B24 - Jubiler Bomar\" \/>\n<meta property=\"og:description\" content=\"Bransoletka na Dzie\u0144 Babci, kt\u00f3ra m\u00f3wi: \u201eKocham Ci\u0119, Babciu\u201d  \u2764\ufe0f S\u0105 prezenty, kt\u00f3re ciesz\u0105\u2026 i s\u0105 takie, kt\u00f3re zostaj\u0105 w sercu na zawsze. Ta bransoletka to symbol blisko\u015bci, mi\u0142o\u015bci i wdzi\u0119czno\u015bci \u2014 idealna na Dzie\u0144 Babci 2026.\" \/>\n<meta property=\"og:url\" content=\"https:\/\/jubiler-bomar.eu\/sklep\/produkt\/bransoletka-dzien-babci-srebro-925-czerwony-sznurek-supelki-serce-grawer-b24\/\" \/>\n<meta property=\"og:site_name\" content=\"Jubiler Bomar\" \/>\n<meta property=\"article:publisher\" content=\"https:\/\/www.facebook.com\/BomarJewellery\" \/>\n<meta property=\"og:image\" content=\"https:\/\/jubiler-bomar.eu\/sklep\/wp-content\/uploads\/2026\/01\/Bez-nazwy-6.jpg\" \/>\n\t<meta property=\"og:image:width\" content=\"800\" \/>\n\t<meta property=\"og:image:height\" content=\"800\" \/>\n\t<meta property=\"og:image:type\" content=\"image\/jpeg\" \/>\n<meta name=\"twitter:card\" content=\"summary_large_image\" \/>\n<meta name=\"twitter:label1\" content=\"Szacowany czas czytania\" \/>\n\t<meta name=\"twitter:data1\" content=\"1 minuta\" \/>\n<script type=\"application\/ld+json\" class=\"yoast-schema-graph\">{\"@context\":\"https:\\\/\\\/schema.org\",\"@graph\":[{\"@type\":\"WebPage\",\"@id\":\"https:\\\/\\\/jubiler-bomar.eu\\\/sklep\\\/produkt\\\/bransoletka-dzien-babci-srebro-925-czerwony-sznurek-supelki-serce-grawer-b24\\\/\",\"url\":\"https:\\\/\\\/jubiler-bomar.eu\\\/sklep\\\/produkt\\\/bransoletka-dzien-babci-srebro-925-czerwony-sznurek-supelki-serce-grawer-b24\\\/\",\"name\":\"Bransoletka Dzie\u0144 Babci Srebro 925 Czerwony Sznurek Supe\u0142ki Serce Grawer B24 - Jubiler Bomar\",\"isPartOf\":{\"@id\":\"https:\\\/\\\/jubiler-bomar.eu\\\/sklep\\\/#website\"},\"primaryImageOfPage\":{\"@id\":\"https:\\\/\\\/jubiler-bomar.eu\\\/sklep\\\/produkt\\\/bransoletka-dzien-babci-srebro-925-czerwony-sznurek-supelki-serce-grawer-b24\\\/#primaryimage\"},\"image\":{\"@id\":\"https:\\\/\\\/jubiler-bomar.eu\\\/sklep\\\/produkt\\\/bransoletka-dzien-babci-srebro-925-czerwony-sznurek-supelki-serce-grawer-b24\\\/#primaryimage\"},\"thumbnailUrl\":\"https:\\\/\\\/jubiler-bomar.eu\\\/sklep\\\/wp-content\\\/uploads\\\/2026\\\/01\\\/Bez-nazwy-6.jpg\",\"datePublished\":\"2026-01-09T07:33:28+00:00\",\"breadcrumb\":{\"@id\":\"https:\\\/\\\/jubiler-bomar.eu\\\/sklep\\\/produkt\\\/bransoletka-dzien-babci-srebro-925-czerwony-sznurek-supelki-serce-grawer-b24\\\/#breadcrumb\"},\"inLanguage\":\"pl-PL\",\"potentialAction\":[{\"@type\":\"ReadAction\",\"target\":[\"https:\\\/\\\/jubiler-bomar.eu\\\/sklep\\\/produkt\\\/bransoletka-dzien-babci-srebro-925-czerwony-sznurek-supelki-serce-grawer-b24\\\/\"]}]},{\"@type\":\"ImageObject\",\"inLanguage\":\"pl-PL\",\"@id\":\"https:\\\/\\\/jubiler-bomar.eu\\\/sklep\\\/produkt\\\/bransoletka-dzien-babci-srebro-925-czerwony-sznurek-supelki-serce-grawer-b24\\\/#primaryimage\",\"url\":\"https:\\\/\\\/jubiler-bomar.eu\\\/sklep\\\/wp-content\\\/uploads\\\/2026\\\/01\\\/Bez-nazwy-6.jpg\",\"contentUrl\":\"https:\\\/\\\/jubiler-bomar.eu\\\/sklep\\\/wp-content\\\/uploads\\\/2026\\\/01\\\/Bez-nazwy-6.jpg\",\"width\":800,\"height\":800,\"caption\":\"5267a252e1b07bd0c21f694cce2be0ad240e586b17495e8ed11ef293dbddbe9bfd2595c9aceadba9b5e9951a63a1bccdbf9af5627d429c37bcfbc7a252fda7e11bd3b0544c6bfa98e4802b14f03acc4a\"},{\"@type\":\"BreadcrumbList\",\"@id\":\"https:\\\/\\\/jubiler-bomar.eu\\\/sklep\\\/produkt\\\/bransoletka-dzien-babci-srebro-925-czerwony-sznurek-supelki-serce-grawer-b24\\\/#breadcrumb\",\"itemListElement\":[{\"@type\":\"ListItem\",\"position\":1,\"name\":\"Strona g\u0142\u00f3wna\",\"item\":\"https:\\\/\\\/jubiler-bomar.eu\\\/sklep\\\/\"},{\"@type\":\"ListItem\",\"position\":2,\"name\":\"Sklep\",\"item\":\"https:\\\/\\\/jubiler-bomar.eu\\\/sklep\\\/sklep\\\/\"},{\"@type\":\"ListItem\",\"position\":3,\"name\":\"Bransoletka Dzie\u0144 Babci Srebro 925 Czerwony Sznurek Supe\u0142ki Serce Grawer B24\"}]},{\"@type\":\"WebSite\",\"@id\":\"https:\\\/\\\/jubiler-bomar.eu\\\/sklep\\\/#website\",\"url\":\"https:\\\/\\\/jubiler-bomar.eu\\\/sklep\\\/\",\"name\":\"Jubiler BOMAR\",\"description\":\"\",\"publisher\":{\"@id\":\"https:\\\/\\\/jubiler-bomar.eu\\\/sklep\\\/#organization\"},\"potentialAction\":[{\"@type\":\"SearchAction\",\"target\":{\"@type\":\"EntryPoint\",\"urlTemplate\":\"https:\\\/\\\/jubiler-bomar.eu\\\/sklep\\\/?s={search_term_string}\"},\"query-input\":{\"@type\":\"PropertyValueSpecification\",\"valueRequired\":true,\"valueName\":\"search_term_string\"}}],\"inLanguage\":\"pl-PL\"},{\"@type\":\"Organization\",\"@id\":\"https:\\\/\\\/jubiler-bomar.eu\\\/sklep\\\/#organization\",\"name\":\"Jubiler Bomar\",\"url\":\"https:\\\/\\\/jubiler-bomar.eu\\\/sklep\\\/\",\"logo\":{\"@type\":\"ImageObject\",\"inLanguage\":\"pl-PL\",\"@id\":\"https:\\\/\\\/jubiler-bomar.eu\\\/sklep\\\/#\\\/schema\\\/logo\\\/image\\\/\",\"url\":\"https:\\\/\\\/jubiler-bomar.eu\\\/sklep\\\/wp-content\\\/uploads\\\/2023\\\/02\\\/bomar-jubiler-logo-1.jpg\",\"contentUrl\":\"https:\\\/\\\/jubiler-bomar.eu\\\/sklep\\\/wp-content\\\/uploads\\\/2023\\\/02\\\/bomar-jubiler-logo-1.jpg\",\"width\":500,\"height\":156,\"caption\":\"Jubiler Bomar\"},\"image\":{\"@id\":\"https:\\\/\\\/jubiler-bomar.eu\\\/sklep\\\/#\\\/schema\\\/logo\\\/image\\\/\"},\"sameAs\":[\"https:\\\/\\\/www.facebook.com\\\/BomarJewellery\"]}]}<\/script>\n<!-- \/ Yoast SEO plugin. -->","yoast_head_json":{"title":"Bransoletka Dzie\u0144 Babci Srebro 925 Czerwony Sznurek Supe\u0142ki Serce Grawer B24 - Jubiler Bomar","robots":{"index":"index","follow":"follow","max-snippet":"max-snippet:-1","max-image-preview":"max-image-preview:large","max-video-preview":"max-video-preview:-1"},"canonical":"https:\/\/jubiler-bomar.eu\/sklep\/produkt\/bransoletka-dzien-babci-srebro-925-czerwony-sznurek-supelki-serce-grawer-b24\/","og_locale":"pl_PL","og_type":"article","og_title":"Bransoletka Dzie\u0144 Babci Srebro 925 Czerwony Sznurek Supe\u0142ki Serce Grawer B24 - Jubiler Bomar","og_description":"Bransoletka na Dzie\u0144 Babci, kt\u00f3ra m\u00f3wi: \u201eKocham Ci\u0119, Babciu\u201d  \u2764\ufe0f S\u0105 prezenty, kt\u00f3re ciesz\u0105\u2026 i s\u0105 takie, kt\u00f3re zostaj\u0105 w sercu na zawsze. Ta bransoletka to symbol blisko\u015bci, mi\u0142o\u015bci i wdzi\u0119czno\u015bci \u2014 idealna na Dzie\u0144 Babci 2026.","og_url":"https:\/\/jubiler-bomar.eu\/sklep\/produkt\/bransoletka-dzien-babci-srebro-925-czerwony-sznurek-supelki-serce-grawer-b24\/","og_site_name":"Jubiler Bomar","article_publisher":"https:\/\/www.facebook.com\/BomarJewellery","og_image":[{"width":800,"height":800,"url":"https:\/\/jubiler-bomar.eu\/sklep\/wp-content\/uploads\/2026\/01\/Bez-nazwy-6.jpg","type":"image\/jpeg"}],"twitter_card":"summary_large_image","twitter_misc":{"Szacowany czas czytania":"1 minuta"},"schema":{"@context":"https:\/\/schema.org","@graph":[{"@type":"WebPage","@id":"https:\/\/jubiler-bomar.eu\/sklep\/produkt\/bransoletka-dzien-babci-srebro-925-czerwony-sznurek-supelki-serce-grawer-b24\/","url":"https:\/\/jubiler-bomar.eu\/sklep\/produkt\/bransoletka-dzien-babci-srebro-925-czerwony-sznurek-supelki-serce-grawer-b24\/","name":"Bransoletka Dzie\u0144 Babci Srebro 925 Czerwony Sznurek Supe\u0142ki Serce Grawer B24 - Jubiler Bomar","isPartOf":{"@id":"https:\/\/jubiler-bomar.eu\/sklep\/#website"},"primaryImageOfPage":{"@id":"https:\/\/jubiler-bomar.eu\/sklep\/produkt\/bransoletka-dzien-babci-srebro-925-czerwony-sznurek-supelki-serce-grawer-b24\/#primaryimage"},"image":{"@id":"https:\/\/jubiler-bomar.eu\/sklep\/produkt\/bransoletka-dzien-babci-srebro-925-czerwony-sznurek-supelki-serce-grawer-b24\/#primaryimage"},"thumbnailUrl":"https:\/\/jubiler-bomar.eu\/sklep\/wp-content\/uploads\/2026\/01\/Bez-nazwy-6.jpg","datePublished":"2026-01-09T07:33:28+00:00","breadcrumb":{"@id":"https:\/\/jubiler-bomar.eu\/sklep\/produkt\/bransoletka-dzien-babci-srebro-925-czerwony-sznurek-supelki-serce-grawer-b24\/#breadcrumb"},"inLanguage":"pl-PL","potentialAction":[{"@type":"ReadAction","target":["https:\/\/jubiler-bomar.eu\/sklep\/produkt\/bransoletka-dzien-babci-srebro-925-czerwony-sznurek-supelki-serce-grawer-b24\/"]}]},{"@type":"ImageObject","inLanguage":"pl-PL","@id":"https:\/\/jubiler-bomar.eu\/sklep\/produkt\/bransoletka-dzien-babci-srebro-925-czerwony-sznurek-supelki-serce-grawer-b24\/#primaryimage","url":"https:\/\/jubiler-bomar.eu\/sklep\/wp-content\/uploads\/2026\/01\/Bez-nazwy-6.jpg","contentUrl":"https:\/\/jubiler-bomar.eu\/sklep\/wp-content\/uploads\/2026\/01\/Bez-nazwy-6.jpg","width":800,"height":800,"caption":"5267a252e1b07bd0c21f694cce2be0ad240e586b17495e8ed11ef293dbddbe9bfd2595c9aceadba9b5e9951a63a1bccdbf9af5627d429c37bcfbc7a252fda7e11bd3b0544c6bfa98e4802b14f03acc4a"},{"@type":"BreadcrumbList","@id":"https:\/\/jubiler-bomar.eu\/sklep\/produkt\/bransoletka-dzien-babci-srebro-925-czerwony-sznurek-supelki-serce-grawer-b24\/#breadcrumb","itemListElement":[{"@type":"ListItem","position":1,"name":"Strona g\u0142\u00f3wna","item":"https:\/\/jubiler-bomar.eu\/sklep\/"},{"@type":"ListItem","position":2,"name":"Sklep","item":"https:\/\/jubiler-bomar.eu\/sklep\/sklep\/"},{"@type":"ListItem","position":3,"name":"Bransoletka Dzie\u0144 Babci Srebro 925 Czerwony Sznurek Supe\u0142ki Serce Grawer B24"}]},{"@type":"WebSite","@id":"https:\/\/jubiler-bomar.eu\/sklep\/#website","url":"https:\/\/jubiler-bomar.eu\/sklep\/","name":"Jubiler BOMAR","description":"","publisher":{"@id":"https:\/\/jubiler-bomar.eu\/sklep\/#organization"},"potentialAction":[{"@type":"SearchAction","target":{"@type":"EntryPoint","urlTemplate":"https:\/\/jubiler-bomar.eu\/sklep\/?s={search_term_string}"},"query-input":{"@type":"PropertyValueSpecification","valueRequired":true,"valueName":"search_term_string"}}],"inLanguage":"pl-PL"},{"@type":"Organization","@id":"https:\/\/jubiler-bomar.eu\/sklep\/#organization","name":"Jubiler Bomar","url":"https:\/\/jubiler-bomar.eu\/sklep\/","logo":{"@type":"ImageObject","inLanguage":"pl-PL","@id":"https:\/\/jubiler-bomar.eu\/sklep\/#\/schema\/logo\/image\/","url":"https:\/\/jubiler-bomar.eu\/sklep\/wp-content\/uploads\/2023\/02\/bomar-jubiler-logo-1.jpg","contentUrl":"https:\/\/jubiler-bomar.eu\/sklep\/wp-content\/uploads\/2023\/02\/bomar-jubiler-logo-1.jpg","width":500,"height":156,"caption":"Jubiler Bomar"},"image":{"@id":"https:\/\/jubiler-bomar.eu\/sklep\/#\/schema\/logo\/image\/"},"sameAs":["https:\/\/www.facebook.com\/BomarJewellery"]}]}},"_links":{"self":[{"href":"https:\/\/jubiler-bomar.eu\/sklep\/wp-json\/wp\/v2\/product\/8303","targetHints":{"allow":["GET"]}}],"collection":[{"href":"https:\/\/jubiler-bomar.eu\/sklep\/wp-json\/wp\/v2\/product"}],"about":[{"href":"https:\/\/jubiler-bomar.eu\/sklep\/wp-json\/wp\/v2\/types\/product"}],"wp:featuredmedia":[{"embeddable":true,"href":"https:\/\/jubiler-bomar.eu\/sklep\/wp-json\/wp\/v2\/media\/8310"}],"wp:attachment":[{"href":"https:\/\/jubiler-bomar.eu\/sklep\/wp-json\/wp\/v2\/media?parent=8303"}],"wp:term":[{"taxonomy":"product_brand","embeddable":true,"href":"https:\/\/jubiler-bomar.eu\/sklep\/wp-json\/wp\/v2\/product_brand?post=8303"},{"taxonomy":"product_cat","embeddable":true,"href":"https:\/\/jubiler-bomar.eu\/sklep\/wp-json\/wp\/v2\/product_cat?post=8303"},{"taxonomy":"product_tag","embeddable":true,"href":"https:\/\/jubiler-bomar.eu\/sklep\/wp-json\/wp\/v2\/product_tag?post=8303"}],"curies":[{"name":"wp","href":"https:\/\/api.w.org\/{rel}","templated":true}]}}