{"id":8312,"date":"2026-01-09T09:16:11","date_gmt":"2026-01-09T08:16:11","guid":{"rendered":"https:\/\/jubiler-bomar.eu\/sklep\/?post_type=product&#038;p=8312"},"modified":"2026-01-09T09:16:11","modified_gmt":"2026-01-09T08:16:11","slug":"bransoletka-srebrna-925-na-czerwonym-sznurku-dla-babci-grawer-b25","status":"publish","type":"product","link":"https:\/\/jubiler-bomar.eu\/sklep\/produkt\/bransoletka-srebrna-925-na-czerwonym-sznurku-dla-babci-grawer-b25\/","title":{"rendered":"Bransoletka srebrna 925 na czerwonym sznurku dla Babci grawer B25"},"content":{"rendered":"<div class=\"mp4t_16_s mryx_16_s mr3m_1 mli2_1 mh85_56 mh85_0_l\">\n<div class=\"mg9e_8 mj7a_8 mg9e_0_s mvrt_0_s mj7a_0_s mh36_0_s mzmg_6m munh_16_l m3h2_16_l\">\n<div class=\"mp4t_0 mryx_0 munh_56 m3h2_56\">\n<div class=\"mp7g_oh\"><\/div>\n<\/div>\n<\/div>\n<\/div>\n<div class=\"mp4t_16_s mryx_16_s mr3m_1 mli2_1 mh85_56 mh85_0_l\">\n<div class=\"mgn2_16 _0d3bd_am0a-\">\n<p><b>Dlaczego Babcia j\u0105 pokocha?<\/b><\/p>\n<ul>\n<li><b>Wzruszaj\u0105cy grawer<\/b> \u2013 \u201cKochanej Babci\u2026\u201d z podpisem od wnuk\u00f3w (jak na zdj\u0119ciu)<\/li>\n<li><b>Symbol niesko\u0144czono\u015bci <\/b>\u2013 mi\u0142o\u015b\u0107 bez ko\u0144ca<\/li>\n<li><b>Czerwony sznurek<\/b> \u2013 delikatny, wygodny, ponadczasowy i modny<\/li>\n<li><b>Regulacja<\/b> \u2013 dopasujesz do nadgarstka w kilka sekund (w\u0119ze\u0142 przesuwny)<\/li>\n<li><b>Lekka i komfortowa<\/b> \u2013 idealna na co dzie\u0144, nie przeszkadza w noszeniu<\/li>\n<\/ul>\n<\/div>\n<\/div>\n","protected":false},"excerpt":{"rendered":"<div class=\"mp4t_16_s mryx_16_s mr3m_1 mli2_1 mh85_56 mh85_0_l\">\n<div class=\"mg9e_8 mj7a_8 mg9e_0_s mvrt_0_s mj7a_0_s mh36_0_s mzmg_6m munh_16_l m3h2_16_l\">\n<div class=\"mp4t_0 mryx_0 munh_56 m3h2_56\">\n<div class=\"mp7g_oh\"><\/div>\n<\/div>\n<\/div>\n<\/div>\n<div class=\"mp4t_16_s mryx_16_s mr3m_1 mli2_1 mh85_56 mh85_0_l\">\n<div class=\"mgn2_16 _0d3bd_am0a-\">\n<p><b>S\u0105 prezenty, kt\u00f3re m\u00f3wi\u0105 wi\u0119cej ni\u017c tysi\u0105c s\u0142\u00f3w \u2764\ufe0f\u2764\ufe0f\u2764\ufe0f<\/b><\/p>\n<p>Ta bransoletka to symbol <b>mi\u0142o\u015bci<\/b>, wdzi\u0119czno\u015bci i wi\u0119zi, kt\u00f3ra nie ma ko\u0144ca \u2013 jak znak <b>niesko\u0144czono\u015bci<\/b>. Czerwony sznurek dodaje jej wyj\u0105tkowego znaczenia (talizman, <b>dobra energia<\/b>, ochrona), a serduszko z grawerem <b>\u201eKochanej Babci\u2026\u201d<\/b> sprawia, \u017ce prezent staje si\u0119 naprawd\u0119 <b>osobisty<\/b>.<\/p>\n<\/div>\n<\/div>\n","protected":false},"featured_media":8317,"template":"","meta":{"_et_pb_use_builder":"","_et_pb_old_content":"","_et_gb_content_width":""},"product_brand":[],"product_cat":[814,607],"product_tag":[],"class_list":{"0":"post-8312","1":"product","2":"type-product","3":"status-publish","4":"has-post-thumbnail","6":"product_cat-dla-babci-i-dziadka","7":"product_cat-bransoletki","8":"pa_kolor-czerwony","9":"pa_material-srebro","10":"pa_proba-87","11":"pa_producent-bomar","12":"pa_rodzaj-lancuszka-sznurek","14":"first","15":"instock","16":"taxable","17":"shipping-taxable","18":"purchasable","19":"product-type-simple"},"yoast_head":"<!-- This site is optimized with the Yoast SEO plugin v27.4 - https:\/\/yoast.com\/product\/yoast-seo-wordpress\/ -->\n<title>Bransoletka srebrna 925 na czerwonym sznurku dla Babci grawer B25 - Jubiler Bomar<\/title>\n<meta name=\"robots\" content=\"index, follow, max-snippet:-1, max-image-preview:large, max-video-preview:-1\" \/>\n<link rel=\"canonical\" href=\"https:\/\/jubiler-bomar.eu\/sklep\/produkt\/bransoletka-srebrna-925-na-czerwonym-sznurku-dla-babci-grawer-b25\/\" \/>\n<meta property=\"og:locale\" content=\"pl_PL\" \/>\n<meta property=\"og:type\" content=\"article\" \/>\n<meta property=\"og:title\" content=\"Bransoletka srebrna 925 na czerwonym sznurku dla Babci grawer B25 - Jubiler Bomar\" \/>\n<meta property=\"og:description\" content=\"S\u0105 prezenty, kt\u00f3re m\u00f3wi\u0105 wi\u0119cej ni\u017c tysi\u0105c s\u0142\u00f3w \u2764\ufe0f\u2764\ufe0f\u2764\ufe0f  Ta bransoletka to symbol mi\u0142o\u015bci, wdzi\u0119czno\u015bci i wi\u0119zi, kt\u00f3ra nie ma ko\u0144ca \u2013 jak znak niesko\u0144czono\u015bci. Czerwony sznurek dodaje jej wyj\u0105tkowego znaczenia (talizman, dobra energia, ochrona), a serduszko z grawerem \u201eKochanej Babci\u2026\u201d sprawia, \u017ce prezent staje si\u0119 naprawd\u0119 osobisty.\" \/>\n<meta property=\"og:url\" content=\"https:\/\/jubiler-bomar.eu\/sklep\/produkt\/bransoletka-srebrna-925-na-czerwonym-sznurku-dla-babci-grawer-b25\/\" \/>\n<meta property=\"og:site_name\" content=\"Jubiler Bomar\" \/>\n<meta property=\"article:publisher\" content=\"https:\/\/www.facebook.com\/BomarJewellery\" \/>\n<meta property=\"og:image\" content=\"https:\/\/jubiler-bomar.eu\/sklep\/wp-content\/uploads\/2026\/01\/Bez-nazwy-11.jpg\" \/>\n\t<meta property=\"og:image:width\" content=\"512\" \/>\n\t<meta property=\"og:image:height\" content=\"512\" \/>\n\t<meta property=\"og:image:type\" content=\"image\/jpeg\" \/>\n<meta name=\"twitter:card\" content=\"summary_large_image\" \/>\n<meta name=\"twitter:label1\" content=\"Szacowany czas czytania\" \/>\n\t<meta name=\"twitter:data1\" content=\"1 minuta\" \/>\n<script type=\"application\/ld+json\" class=\"yoast-schema-graph\">{\"@context\":\"https:\\\/\\\/schema.org\",\"@graph\":[{\"@type\":\"WebPage\",\"@id\":\"https:\\\/\\\/jubiler-bomar.eu\\\/sklep\\\/produkt\\\/bransoletka-srebrna-925-na-czerwonym-sznurku-dla-babci-grawer-b25\\\/\",\"url\":\"https:\\\/\\\/jubiler-bomar.eu\\\/sklep\\\/produkt\\\/bransoletka-srebrna-925-na-czerwonym-sznurku-dla-babci-grawer-b25\\\/\",\"name\":\"Bransoletka srebrna 925 na czerwonym sznurku dla Babci grawer B25 - Jubiler Bomar\",\"isPartOf\":{\"@id\":\"https:\\\/\\\/jubiler-bomar.eu\\\/sklep\\\/#website\"},\"primaryImageOfPage\":{\"@id\":\"https:\\\/\\\/jubiler-bomar.eu\\\/sklep\\\/produkt\\\/bransoletka-srebrna-925-na-czerwonym-sznurku-dla-babci-grawer-b25\\\/#primaryimage\"},\"image\":{\"@id\":\"https:\\\/\\\/jubiler-bomar.eu\\\/sklep\\\/produkt\\\/bransoletka-srebrna-925-na-czerwonym-sznurku-dla-babci-grawer-b25\\\/#primaryimage\"},\"thumbnailUrl\":\"https:\\\/\\\/jubiler-bomar.eu\\\/sklep\\\/wp-content\\\/uploads\\\/2026\\\/01\\\/Bez-nazwy-11.jpg\",\"datePublished\":\"2026-01-09T08:16:11+00:00\",\"breadcrumb\":{\"@id\":\"https:\\\/\\\/jubiler-bomar.eu\\\/sklep\\\/produkt\\\/bransoletka-srebrna-925-na-czerwonym-sznurku-dla-babci-grawer-b25\\\/#breadcrumb\"},\"inLanguage\":\"pl-PL\",\"potentialAction\":[{\"@type\":\"ReadAction\",\"target\":[\"https:\\\/\\\/jubiler-bomar.eu\\\/sklep\\\/produkt\\\/bransoletka-srebrna-925-na-czerwonym-sznurku-dla-babci-grawer-b25\\\/\"]}]},{\"@type\":\"ImageObject\",\"inLanguage\":\"pl-PL\",\"@id\":\"https:\\\/\\\/jubiler-bomar.eu\\\/sklep\\\/produkt\\\/bransoletka-srebrna-925-na-czerwonym-sznurku-dla-babci-grawer-b25\\\/#primaryimage\",\"url\":\"https:\\\/\\\/jubiler-bomar.eu\\\/sklep\\\/wp-content\\\/uploads\\\/2026\\\/01\\\/Bez-nazwy-11.jpg\",\"contentUrl\":\"https:\\\/\\\/jubiler-bomar.eu\\\/sklep\\\/wp-content\\\/uploads\\\/2026\\\/01\\\/Bez-nazwy-11.jpg\",\"width\":512,\"height\":512,\"caption\":\"6a4691766f450943a97bd0d26123f659373c050e4829264c4b17559fd0d3d913b31a24d9c307b84fdcce2d32aee92b3917d5b90fdcc31e34821e225598bb0edf1bd3b0544c6bfa98e4802b14f03acc4a\"},{\"@type\":\"BreadcrumbList\",\"@id\":\"https:\\\/\\\/jubiler-bomar.eu\\\/sklep\\\/produkt\\\/bransoletka-srebrna-925-na-czerwonym-sznurku-dla-babci-grawer-b25\\\/#breadcrumb\",\"itemListElement\":[{\"@type\":\"ListItem\",\"position\":1,\"name\":\"Strona g\u0142\u00f3wna\",\"item\":\"https:\\\/\\\/jubiler-bomar.eu\\\/sklep\\\/\"},{\"@type\":\"ListItem\",\"position\":2,\"name\":\"Sklep\",\"item\":\"https:\\\/\\\/jubiler-bomar.eu\\\/sklep\\\/sklep\\\/\"},{\"@type\":\"ListItem\",\"position\":3,\"name\":\"Bransoletka srebrna 925 na czerwonym sznurku dla Babci grawer B25\"}]},{\"@type\":\"WebSite\",\"@id\":\"https:\\\/\\\/jubiler-bomar.eu\\\/sklep\\\/#website\",\"url\":\"https:\\\/\\\/jubiler-bomar.eu\\\/sklep\\\/\",\"name\":\"Jubiler BOMAR\",\"description\":\"\",\"publisher\":{\"@id\":\"https:\\\/\\\/jubiler-bomar.eu\\\/sklep\\\/#organization\"},\"potentialAction\":[{\"@type\":\"SearchAction\",\"target\":{\"@type\":\"EntryPoint\",\"urlTemplate\":\"https:\\\/\\\/jubiler-bomar.eu\\\/sklep\\\/?s={search_term_string}\"},\"query-input\":{\"@type\":\"PropertyValueSpecification\",\"valueRequired\":true,\"valueName\":\"search_term_string\"}}],\"inLanguage\":\"pl-PL\"},{\"@type\":\"Organization\",\"@id\":\"https:\\\/\\\/jubiler-bomar.eu\\\/sklep\\\/#organization\",\"name\":\"Jubiler Bomar\",\"url\":\"https:\\\/\\\/jubiler-bomar.eu\\\/sklep\\\/\",\"logo\":{\"@type\":\"ImageObject\",\"inLanguage\":\"pl-PL\",\"@id\":\"https:\\\/\\\/jubiler-bomar.eu\\\/sklep\\\/#\\\/schema\\\/logo\\\/image\\\/\",\"url\":\"https:\\\/\\\/jubiler-bomar.eu\\\/sklep\\\/wp-content\\\/uploads\\\/2023\\\/02\\\/bomar-jubiler-logo-1.jpg\",\"contentUrl\":\"https:\\\/\\\/jubiler-bomar.eu\\\/sklep\\\/wp-content\\\/uploads\\\/2023\\\/02\\\/bomar-jubiler-logo-1.jpg\",\"width\":500,\"height\":156,\"caption\":\"Jubiler Bomar\"},\"image\":{\"@id\":\"https:\\\/\\\/jubiler-bomar.eu\\\/sklep\\\/#\\\/schema\\\/logo\\\/image\\\/\"},\"sameAs\":[\"https:\\\/\\\/www.facebook.com\\\/BomarJewellery\"]}]}<\/script>\n<!-- \/ Yoast SEO plugin. -->","yoast_head_json":{"title":"Bransoletka srebrna 925 na czerwonym sznurku dla Babci grawer B25 - Jubiler Bomar","robots":{"index":"index","follow":"follow","max-snippet":"max-snippet:-1","max-image-preview":"max-image-preview:large","max-video-preview":"max-video-preview:-1"},"canonical":"https:\/\/jubiler-bomar.eu\/sklep\/produkt\/bransoletka-srebrna-925-na-czerwonym-sznurku-dla-babci-grawer-b25\/","og_locale":"pl_PL","og_type":"article","og_title":"Bransoletka srebrna 925 na czerwonym sznurku dla Babci grawer B25 - Jubiler Bomar","og_description":"S\u0105 prezenty, kt\u00f3re m\u00f3wi\u0105 wi\u0119cej ni\u017c tysi\u0105c s\u0142\u00f3w \u2764\ufe0f\u2764\ufe0f\u2764\ufe0f  Ta bransoletka to symbol mi\u0142o\u015bci, wdzi\u0119czno\u015bci i wi\u0119zi, kt\u00f3ra nie ma ko\u0144ca \u2013 jak znak niesko\u0144czono\u015bci. Czerwony sznurek dodaje jej wyj\u0105tkowego znaczenia (talizman, dobra energia, ochrona), a serduszko z grawerem \u201eKochanej Babci\u2026\u201d sprawia, \u017ce prezent staje si\u0119 naprawd\u0119 osobisty.","og_url":"https:\/\/jubiler-bomar.eu\/sklep\/produkt\/bransoletka-srebrna-925-na-czerwonym-sznurku-dla-babci-grawer-b25\/","og_site_name":"Jubiler Bomar","article_publisher":"https:\/\/www.facebook.com\/BomarJewellery","og_image":[{"width":512,"height":512,"url":"https:\/\/jubiler-bomar.eu\/sklep\/wp-content\/uploads\/2026\/01\/Bez-nazwy-11.jpg","type":"image\/jpeg"}],"twitter_card":"summary_large_image","twitter_misc":{"Szacowany czas czytania":"1 minuta"},"schema":{"@context":"https:\/\/schema.org","@graph":[{"@type":"WebPage","@id":"https:\/\/jubiler-bomar.eu\/sklep\/produkt\/bransoletka-srebrna-925-na-czerwonym-sznurku-dla-babci-grawer-b25\/","url":"https:\/\/jubiler-bomar.eu\/sklep\/produkt\/bransoletka-srebrna-925-na-czerwonym-sznurku-dla-babci-grawer-b25\/","name":"Bransoletka srebrna 925 na czerwonym sznurku dla Babci grawer B25 - Jubiler Bomar","isPartOf":{"@id":"https:\/\/jubiler-bomar.eu\/sklep\/#website"},"primaryImageOfPage":{"@id":"https:\/\/jubiler-bomar.eu\/sklep\/produkt\/bransoletka-srebrna-925-na-czerwonym-sznurku-dla-babci-grawer-b25\/#primaryimage"},"image":{"@id":"https:\/\/jubiler-bomar.eu\/sklep\/produkt\/bransoletka-srebrna-925-na-czerwonym-sznurku-dla-babci-grawer-b25\/#primaryimage"},"thumbnailUrl":"https:\/\/jubiler-bomar.eu\/sklep\/wp-content\/uploads\/2026\/01\/Bez-nazwy-11.jpg","datePublished":"2026-01-09T08:16:11+00:00","breadcrumb":{"@id":"https:\/\/jubiler-bomar.eu\/sklep\/produkt\/bransoletka-srebrna-925-na-czerwonym-sznurku-dla-babci-grawer-b25\/#breadcrumb"},"inLanguage":"pl-PL","potentialAction":[{"@type":"ReadAction","target":["https:\/\/jubiler-bomar.eu\/sklep\/produkt\/bransoletka-srebrna-925-na-czerwonym-sznurku-dla-babci-grawer-b25\/"]}]},{"@type":"ImageObject","inLanguage":"pl-PL","@id":"https:\/\/jubiler-bomar.eu\/sklep\/produkt\/bransoletka-srebrna-925-na-czerwonym-sznurku-dla-babci-grawer-b25\/#primaryimage","url":"https:\/\/jubiler-bomar.eu\/sklep\/wp-content\/uploads\/2026\/01\/Bez-nazwy-11.jpg","contentUrl":"https:\/\/jubiler-bomar.eu\/sklep\/wp-content\/uploads\/2026\/01\/Bez-nazwy-11.jpg","width":512,"height":512,"caption":"6a4691766f450943a97bd0d26123f659373c050e4829264c4b17559fd0d3d913b31a24d9c307b84fdcce2d32aee92b3917d5b90fdcc31e34821e225598bb0edf1bd3b0544c6bfa98e4802b14f03acc4a"},{"@type":"BreadcrumbList","@id":"https:\/\/jubiler-bomar.eu\/sklep\/produkt\/bransoletka-srebrna-925-na-czerwonym-sznurku-dla-babci-grawer-b25\/#breadcrumb","itemListElement":[{"@type":"ListItem","position":1,"name":"Strona g\u0142\u00f3wna","item":"https:\/\/jubiler-bomar.eu\/sklep\/"},{"@type":"ListItem","position":2,"name":"Sklep","item":"https:\/\/jubiler-bomar.eu\/sklep\/sklep\/"},{"@type":"ListItem","position":3,"name":"Bransoletka srebrna 925 na czerwonym sznurku dla Babci grawer B25"}]},{"@type":"WebSite","@id":"https:\/\/jubiler-bomar.eu\/sklep\/#website","url":"https:\/\/jubiler-bomar.eu\/sklep\/","name":"Jubiler BOMAR","description":"","publisher":{"@id":"https:\/\/jubiler-bomar.eu\/sklep\/#organization"},"potentialAction":[{"@type":"SearchAction","target":{"@type":"EntryPoint","urlTemplate":"https:\/\/jubiler-bomar.eu\/sklep\/?s={search_term_string}"},"query-input":{"@type":"PropertyValueSpecification","valueRequired":true,"valueName":"search_term_string"}}],"inLanguage":"pl-PL"},{"@type":"Organization","@id":"https:\/\/jubiler-bomar.eu\/sklep\/#organization","name":"Jubiler Bomar","url":"https:\/\/jubiler-bomar.eu\/sklep\/","logo":{"@type":"ImageObject","inLanguage":"pl-PL","@id":"https:\/\/jubiler-bomar.eu\/sklep\/#\/schema\/logo\/image\/","url":"https:\/\/jubiler-bomar.eu\/sklep\/wp-content\/uploads\/2023\/02\/bomar-jubiler-logo-1.jpg","contentUrl":"https:\/\/jubiler-bomar.eu\/sklep\/wp-content\/uploads\/2023\/02\/bomar-jubiler-logo-1.jpg","width":500,"height":156,"caption":"Jubiler Bomar"},"image":{"@id":"https:\/\/jubiler-bomar.eu\/sklep\/#\/schema\/logo\/image\/"},"sameAs":["https:\/\/www.facebook.com\/BomarJewellery"]}]}},"_links":{"self":[{"href":"https:\/\/jubiler-bomar.eu\/sklep\/wp-json\/wp\/v2\/product\/8312","targetHints":{"allow":["GET"]}}],"collection":[{"href":"https:\/\/jubiler-bomar.eu\/sklep\/wp-json\/wp\/v2\/product"}],"about":[{"href":"https:\/\/jubiler-bomar.eu\/sklep\/wp-json\/wp\/v2\/types\/product"}],"wp:featuredmedia":[{"embeddable":true,"href":"https:\/\/jubiler-bomar.eu\/sklep\/wp-json\/wp\/v2\/media\/8317"}],"wp:attachment":[{"href":"https:\/\/jubiler-bomar.eu\/sklep\/wp-json\/wp\/v2\/media?parent=8312"}],"wp:term":[{"taxonomy":"product_brand","embeddable":true,"href":"https:\/\/jubiler-bomar.eu\/sklep\/wp-json\/wp\/v2\/product_brand?post=8312"},{"taxonomy":"product_cat","embeddable":true,"href":"https:\/\/jubiler-bomar.eu\/sklep\/wp-json\/wp\/v2\/product_cat?post=8312"},{"taxonomy":"product_tag","embeddable":true,"href":"https:\/\/jubiler-bomar.eu\/sklep\/wp-json\/wp\/v2\/product_tag?post=8312"}],"curies":[{"name":"wp","href":"https:\/\/api.w.org\/{rel}","templated":true}]}}