{"id":8346,"date":"2026-01-09T13:59:18","date_gmt":"2026-01-09T12:59:18","guid":{"rendered":"https:\/\/jubiler-bomar.eu\/sklep\/?post_type=product&#038;p=8346"},"modified":"2026-01-09T13:59:18","modified_gmt":"2026-01-09T12:59:18","slug":"bransoletka-srebrna-925-pozlacana-azur-dwukolorowa-na-rurce-b27","status":"publish","type":"product","link":"https:\/\/jubiler-bomar.eu\/sklep\/produkt\/bransoletka-srebrna-925-pozlacana-azur-dwukolorowa-na-rurce-b27\/","title":{"rendered":"Bransoletka srebrna 925 poz\u0142acana a\u017cur dwukolorowa na rurce B27"},"content":{"rendered":"<div class=\"mpof_ki myre_zn myre_8v_l m389_6m_l\">\n<div class=\"mp4t_16_s mryx_16_s mr3m_1 mli2_1 mh85_56 mh85_0_l\">\n<div class=\"mg9e_8 mj7a_8 mg9e_0_s mvrt_0_s mj7a_0_s mh36_0_s mzmg_6m munh_16_l m3h2_16_l\">\n<div class=\"mp4t_0 mryx_0 munh_56 m3h2_56\">\n<div class=\"mp7g_oh\"><\/div>\n<\/div>\n<\/div>\n<\/div>\n<div class=\"mp4t_16_s mryx_16_s mr3m_1 mli2_1 mh85_56 mh85_0_l\">\n<div class=\"mgn2_16 _0d3bd_am0a-\">\n<p>\u2705P\u00f3\u0142sztywna forma z rurki sprawia, \u017ce bransoletka wygl\u0105da wyj\u0105tkowo szykownie na nadgarstku, a klasyczne zapi\u0119cie karabi\u0144czyk daje wygod\u0119 i pewno\u015b\u0107 noszenia. Idealna zar\u00f3wno na co dzie\u0144, jak i na wyj\u0105tkowe okazje.<\/p>\n<\/div>\n<\/div>\n<\/div>\n<div class=\"mpof_ki myre_zn myre_8v_l m389_6m_l\">\n<div class=\"mp4t_16_s mryx_16_s mr3m_1 mli2_1 mh85_56 mh85_0_l\">\n<div class=\"mg9e_8 mj7a_8 mg9e_0_s mvrt_0_s mj7a_0_s mh36_0_s mzmg_6m munh_16_l m3h2_16_l\">\n<div class=\"mp4t_0 mryx_0 munh_56 m3h2_56\">\n<div class=\"mp7g_oh\"><\/div>\n<\/div>\n<\/div>\n<\/div>\n<\/div>\n<div class=\"mp4t_16_s mryx_16_s mr3m_1 mli2_1 mh85_56 mh85_0_l\">\n<div class=\"mgn2_16 _0d3bd_am0a-\">\n<p><b>Idealna na prezent \u2705<\/b><\/p>\n<p>Dla dziewczyny, \u017cony, c\u00f3rki, przyjaci\u00f3\u0142ki, babci \u2013 szczeg\u00f3lnie na Dzie\u0144 Babci, urodziny, rocznic\u0119, \u015bwi\u0119ta lub jako pi\u0119kny gest \u201ebez okazji\u201d.<\/p>\n<p><b>Dlaczego warto j\u0105 wybra\u0107?<\/b><\/p>\n<ul>\n<li><b>Srebro pr\u00f3by 925 <\/b>\u2013 klasyka i trwa\u0142o\u015b\u0107<\/li>\n<li><b>A\u017curowy filigran<\/b> \u2013 subtelny detal, kt\u00f3ry przyci\u0105ga wzrok<\/li>\n<li><b>P\u00f3\u0142sztywna bransoletka z rurki <\/b>\u2013 elegancki wygl\u0105d i pi\u0119kne u\u0142o\u017cenie na d\u0142oni<\/li>\n<li><b>Gotowa na prezent<\/b> \u2013 otrzymujesz firmowe opakowanie jubilerskie i certyfikat autentyczno\u015bci<\/li>\n<\/ul>\n<\/div>\n<\/div>\n","protected":false},"excerpt":{"rendered":"<div class=\"mp4t_16_s mryx_16_s mr3m_1 mli2_1 mh85_56 mh85_0_l\">\n<div class=\"mg9e_8 mj7a_8 mg9e_0_s mvrt_0_s mj7a_0_s mh36_0_s mzmg_6m munh_16_l m3h2_16_l\">\n<div class=\"mp4t_0 mryx_0 munh_56 m3h2_56\">\n<div class=\"mp7g_oh\"><\/div>\n<\/div>\n<\/div>\n<\/div>\n<div class=\"mp4t_16_s mryx_16_s mr3m_1 mli2_1 mh85_56 mh85_0_l\">\n<div class=\"mgn2_16 _0d3bd_am0a-\">\n<p>\u2705 Szukasz dodatku, kt\u00f3ry wygl\u0105da\u00a0<b>luksusowo<\/b>, ale jest subtelny i pasuje do wszystkiego? Ta bransoletka to po\u0142\u0105czenie dw\u00f3ch \u015bwiat\u00f3w: ch\u0142odnego blasku srebra pr\u00f3by 925 i ciep\u0142ego <b>z\u0142ota<\/b> w a\u017curowym \u015brodku. Efekt jest wyj\u0105tkowy \u2013 delikatny, kobiecy i bardzo nowoczesny.<\/p>\n<p>Parametry:<\/p>\n<ul>\n<li><b>Materia\u0142: <\/b>srebro pr\u00f3by 925 (zabezpieczone przed ciemnieniem)<\/li>\n<li><b>Element ozdobny: <\/b>srebro pr\u00f3ba 925 poz\u0142acany 24 karatowym z\u0142otem<\/li>\n<\/ul>\n<\/div>\n<\/div>\n","protected":false},"featured_media":8362,"template":"","meta":{"_et_pb_use_builder":"","_et_pb_old_content":"","_et_gb_content_width":""},"product_brand":[],"product_cat":[934,830,607],"product_tag":[],"class_list":{"0":"post-8346","1":"product","2":"type-product","3":"status-publish","4":"has-post-thumbnail","6":"product_cat-bizuteria-na-dzien-kobiet","7":"product_cat-dzien-mamy","8":"product_cat-bransoletki","9":"pa_dlugosc-cm-18-19","10":"pa_material-srebro-pozlacane","11":"pa_proba-87","12":"pa_producent-bomar","13":"pa_rodzaj-lancuszka-rurka","14":"pa_rodzaj-zapiecia-karabinczyk","16":"first","17":"instock","18":"taxable","19":"shipping-taxable","20":"purchasable","21":"product-type-simple"},"yoast_head":"<!-- This site is optimized with the Yoast SEO plugin v27.4 - https:\/\/yoast.com\/product\/yoast-seo-wordpress\/ -->\n<title>Bransoletka srebrna 925 poz\u0142acana a\u017cur dwukolorowa na rurce B27 - Jubiler Bomar<\/title>\n<meta name=\"robots\" content=\"index, follow, max-snippet:-1, max-image-preview:large, max-video-preview:-1\" \/>\n<link rel=\"canonical\" href=\"https:\/\/jubiler-bomar.eu\/sklep\/produkt\/bransoletka-srebrna-925-pozlacana-azur-dwukolorowa-na-rurce-b27\/\" \/>\n<meta property=\"og:locale\" content=\"pl_PL\" \/>\n<meta property=\"og:type\" content=\"article\" \/>\n<meta property=\"og:title\" content=\"Bransoletka srebrna 925 poz\u0142acana a\u017cur dwukolorowa na rurce B27 - Jubiler Bomar\" \/>\n<meta property=\"og:description\" content=\"\u2705 Szukasz dodatku, kt\u00f3ry wygl\u0105da\u00a0luksusowo, ale jest subtelny i pasuje do wszystkiego? Ta bransoletka to po\u0142\u0105czenie dw\u00f3ch \u015bwiat\u00f3w: ch\u0142odnego blasku srebra pr\u00f3by 925 i ciep\u0142ego z\u0142ota w a\u017curowym \u015brodku. Efekt jest wyj\u0105tkowy \u2013 delikatny, kobiecy i bardzo nowoczesny.  Parametry:   Materia\u0142: srebro pr\u00f3by 925 (zabezpieczone przed ciemnieniem)  Element ozdobny: srebro pr\u00f3ba 925 poz\u0142acany 24 karatowym z\u0142otem\" \/>\n<meta property=\"og:url\" content=\"https:\/\/jubiler-bomar.eu\/sklep\/produkt\/bransoletka-srebrna-925-pozlacana-azur-dwukolorowa-na-rurce-b27\/\" \/>\n<meta property=\"og:site_name\" content=\"Jubiler Bomar\" \/>\n<meta property=\"article:publisher\" content=\"https:\/\/www.facebook.com\/BomarJewellery\" \/>\n<meta property=\"og:image\" content=\"https:\/\/jubiler-bomar.eu\/sklep\/wp-content\/uploads\/2026\/01\/Bez-nazwy-22.jpg\" \/>\n\t<meta property=\"og:image:width\" content=\"720\" \/>\n\t<meta property=\"og:image:height\" content=\"720\" \/>\n\t<meta property=\"og:image:type\" content=\"image\/jpeg\" \/>\n<meta name=\"twitter:card\" content=\"summary_large_image\" \/>\n<meta name=\"twitter:label1\" content=\"Szacowany czas czytania\" \/>\n\t<meta name=\"twitter:data1\" content=\"1 minuta\" \/>\n<script type=\"application\/ld+json\" class=\"yoast-schema-graph\">{\"@context\":\"https:\\\/\\\/schema.org\",\"@graph\":[{\"@type\":\"WebPage\",\"@id\":\"https:\\\/\\\/jubiler-bomar.eu\\\/sklep\\\/produkt\\\/bransoletka-srebrna-925-pozlacana-azur-dwukolorowa-na-rurce-b27\\\/\",\"url\":\"https:\\\/\\\/jubiler-bomar.eu\\\/sklep\\\/produkt\\\/bransoletka-srebrna-925-pozlacana-azur-dwukolorowa-na-rurce-b27\\\/\",\"name\":\"Bransoletka srebrna 925 poz\u0142acana a\u017cur dwukolorowa na rurce B27 - Jubiler Bomar\",\"isPartOf\":{\"@id\":\"https:\\\/\\\/jubiler-bomar.eu\\\/sklep\\\/#website\"},\"primaryImageOfPage\":{\"@id\":\"https:\\\/\\\/jubiler-bomar.eu\\\/sklep\\\/produkt\\\/bransoletka-srebrna-925-pozlacana-azur-dwukolorowa-na-rurce-b27\\\/#primaryimage\"},\"image\":{\"@id\":\"https:\\\/\\\/jubiler-bomar.eu\\\/sklep\\\/produkt\\\/bransoletka-srebrna-925-pozlacana-azur-dwukolorowa-na-rurce-b27\\\/#primaryimage\"},\"thumbnailUrl\":\"https:\\\/\\\/jubiler-bomar.eu\\\/sklep\\\/wp-content\\\/uploads\\\/2026\\\/01\\\/Bez-nazwy-22.jpg\",\"datePublished\":\"2026-01-09T12:59:18+00:00\",\"breadcrumb\":{\"@id\":\"https:\\\/\\\/jubiler-bomar.eu\\\/sklep\\\/produkt\\\/bransoletka-srebrna-925-pozlacana-azur-dwukolorowa-na-rurce-b27\\\/#breadcrumb\"},\"inLanguage\":\"pl-PL\",\"potentialAction\":[{\"@type\":\"ReadAction\",\"target\":[\"https:\\\/\\\/jubiler-bomar.eu\\\/sklep\\\/produkt\\\/bransoletka-srebrna-925-pozlacana-azur-dwukolorowa-na-rurce-b27\\\/\"]}]},{\"@type\":\"ImageObject\",\"inLanguage\":\"pl-PL\",\"@id\":\"https:\\\/\\\/jubiler-bomar.eu\\\/sklep\\\/produkt\\\/bransoletka-srebrna-925-pozlacana-azur-dwukolorowa-na-rurce-b27\\\/#primaryimage\",\"url\":\"https:\\\/\\\/jubiler-bomar.eu\\\/sklep\\\/wp-content\\\/uploads\\\/2026\\\/01\\\/Bez-nazwy-22.jpg\",\"contentUrl\":\"https:\\\/\\\/jubiler-bomar.eu\\\/sklep\\\/wp-content\\\/uploads\\\/2026\\\/01\\\/Bez-nazwy-22.jpg\",\"width\":720,\"height\":720,\"caption\":\"e8f5e5ff92eb2a0329874f9b617107e40ca5dace5c0af46398999cc3a82288d585db82c5233887f153ba1d01b2773bac0d0df2a77bc8aa20c65b31f1e49468a41bd3b0544c6bfa98e4802b14f03acc4a\"},{\"@type\":\"BreadcrumbList\",\"@id\":\"https:\\\/\\\/jubiler-bomar.eu\\\/sklep\\\/produkt\\\/bransoletka-srebrna-925-pozlacana-azur-dwukolorowa-na-rurce-b27\\\/#breadcrumb\",\"itemListElement\":[{\"@type\":\"ListItem\",\"position\":1,\"name\":\"Strona g\u0142\u00f3wna\",\"item\":\"https:\\\/\\\/jubiler-bomar.eu\\\/sklep\\\/\"},{\"@type\":\"ListItem\",\"position\":2,\"name\":\"Sklep\",\"item\":\"https:\\\/\\\/jubiler-bomar.eu\\\/sklep\\\/sklep\\\/\"},{\"@type\":\"ListItem\",\"position\":3,\"name\":\"Bransoletka srebrna 925 poz\u0142acana a\u017cur dwukolorowa na rurce B27\"}]},{\"@type\":\"WebSite\",\"@id\":\"https:\\\/\\\/jubiler-bomar.eu\\\/sklep\\\/#website\",\"url\":\"https:\\\/\\\/jubiler-bomar.eu\\\/sklep\\\/\",\"name\":\"Jubiler BOMAR\",\"description\":\"\",\"publisher\":{\"@id\":\"https:\\\/\\\/jubiler-bomar.eu\\\/sklep\\\/#organization\"},\"potentialAction\":[{\"@type\":\"SearchAction\",\"target\":{\"@type\":\"EntryPoint\",\"urlTemplate\":\"https:\\\/\\\/jubiler-bomar.eu\\\/sklep\\\/?s={search_term_string}\"},\"query-input\":{\"@type\":\"PropertyValueSpecification\",\"valueRequired\":true,\"valueName\":\"search_term_string\"}}],\"inLanguage\":\"pl-PL\"},{\"@type\":\"Organization\",\"@id\":\"https:\\\/\\\/jubiler-bomar.eu\\\/sklep\\\/#organization\",\"name\":\"Jubiler Bomar\",\"url\":\"https:\\\/\\\/jubiler-bomar.eu\\\/sklep\\\/\",\"logo\":{\"@type\":\"ImageObject\",\"inLanguage\":\"pl-PL\",\"@id\":\"https:\\\/\\\/jubiler-bomar.eu\\\/sklep\\\/#\\\/schema\\\/logo\\\/image\\\/\",\"url\":\"https:\\\/\\\/jubiler-bomar.eu\\\/sklep\\\/wp-content\\\/uploads\\\/2023\\\/02\\\/bomar-jubiler-logo-1.jpg\",\"contentUrl\":\"https:\\\/\\\/jubiler-bomar.eu\\\/sklep\\\/wp-content\\\/uploads\\\/2023\\\/02\\\/bomar-jubiler-logo-1.jpg\",\"width\":500,\"height\":156,\"caption\":\"Jubiler Bomar\"},\"image\":{\"@id\":\"https:\\\/\\\/jubiler-bomar.eu\\\/sklep\\\/#\\\/schema\\\/logo\\\/image\\\/\"},\"sameAs\":[\"https:\\\/\\\/www.facebook.com\\\/BomarJewellery\"]}]}<\/script>\n<!-- \/ Yoast SEO plugin. -->","yoast_head_json":{"title":"Bransoletka srebrna 925 poz\u0142acana a\u017cur dwukolorowa na rurce B27 - Jubiler Bomar","robots":{"index":"index","follow":"follow","max-snippet":"max-snippet:-1","max-image-preview":"max-image-preview:large","max-video-preview":"max-video-preview:-1"},"canonical":"https:\/\/jubiler-bomar.eu\/sklep\/produkt\/bransoletka-srebrna-925-pozlacana-azur-dwukolorowa-na-rurce-b27\/","og_locale":"pl_PL","og_type":"article","og_title":"Bransoletka srebrna 925 poz\u0142acana a\u017cur dwukolorowa na rurce B27 - Jubiler Bomar","og_description":"\u2705 Szukasz dodatku, kt\u00f3ry wygl\u0105da\u00a0luksusowo, ale jest subtelny i pasuje do wszystkiego? Ta bransoletka to po\u0142\u0105czenie dw\u00f3ch \u015bwiat\u00f3w: ch\u0142odnego blasku srebra pr\u00f3by 925 i ciep\u0142ego z\u0142ota w a\u017curowym \u015brodku. Efekt jest wyj\u0105tkowy \u2013 delikatny, kobiecy i bardzo nowoczesny.  Parametry:   Materia\u0142: srebro pr\u00f3by 925 (zabezpieczone przed ciemnieniem)  Element ozdobny: srebro pr\u00f3ba 925 poz\u0142acany 24 karatowym z\u0142otem","og_url":"https:\/\/jubiler-bomar.eu\/sklep\/produkt\/bransoletka-srebrna-925-pozlacana-azur-dwukolorowa-na-rurce-b27\/","og_site_name":"Jubiler Bomar","article_publisher":"https:\/\/www.facebook.com\/BomarJewellery","og_image":[{"width":720,"height":720,"url":"https:\/\/jubiler-bomar.eu\/sklep\/wp-content\/uploads\/2026\/01\/Bez-nazwy-22.jpg","type":"image\/jpeg"}],"twitter_card":"summary_large_image","twitter_misc":{"Szacowany czas czytania":"1 minuta"},"schema":{"@context":"https:\/\/schema.org","@graph":[{"@type":"WebPage","@id":"https:\/\/jubiler-bomar.eu\/sklep\/produkt\/bransoletka-srebrna-925-pozlacana-azur-dwukolorowa-na-rurce-b27\/","url":"https:\/\/jubiler-bomar.eu\/sklep\/produkt\/bransoletka-srebrna-925-pozlacana-azur-dwukolorowa-na-rurce-b27\/","name":"Bransoletka srebrna 925 poz\u0142acana a\u017cur dwukolorowa na rurce B27 - Jubiler Bomar","isPartOf":{"@id":"https:\/\/jubiler-bomar.eu\/sklep\/#website"},"primaryImageOfPage":{"@id":"https:\/\/jubiler-bomar.eu\/sklep\/produkt\/bransoletka-srebrna-925-pozlacana-azur-dwukolorowa-na-rurce-b27\/#primaryimage"},"image":{"@id":"https:\/\/jubiler-bomar.eu\/sklep\/produkt\/bransoletka-srebrna-925-pozlacana-azur-dwukolorowa-na-rurce-b27\/#primaryimage"},"thumbnailUrl":"https:\/\/jubiler-bomar.eu\/sklep\/wp-content\/uploads\/2026\/01\/Bez-nazwy-22.jpg","datePublished":"2026-01-09T12:59:18+00:00","breadcrumb":{"@id":"https:\/\/jubiler-bomar.eu\/sklep\/produkt\/bransoletka-srebrna-925-pozlacana-azur-dwukolorowa-na-rurce-b27\/#breadcrumb"},"inLanguage":"pl-PL","potentialAction":[{"@type":"ReadAction","target":["https:\/\/jubiler-bomar.eu\/sklep\/produkt\/bransoletka-srebrna-925-pozlacana-azur-dwukolorowa-na-rurce-b27\/"]}]},{"@type":"ImageObject","inLanguage":"pl-PL","@id":"https:\/\/jubiler-bomar.eu\/sklep\/produkt\/bransoletka-srebrna-925-pozlacana-azur-dwukolorowa-na-rurce-b27\/#primaryimage","url":"https:\/\/jubiler-bomar.eu\/sklep\/wp-content\/uploads\/2026\/01\/Bez-nazwy-22.jpg","contentUrl":"https:\/\/jubiler-bomar.eu\/sklep\/wp-content\/uploads\/2026\/01\/Bez-nazwy-22.jpg","width":720,"height":720,"caption":"e8f5e5ff92eb2a0329874f9b617107e40ca5dace5c0af46398999cc3a82288d585db82c5233887f153ba1d01b2773bac0d0df2a77bc8aa20c65b31f1e49468a41bd3b0544c6bfa98e4802b14f03acc4a"},{"@type":"BreadcrumbList","@id":"https:\/\/jubiler-bomar.eu\/sklep\/produkt\/bransoletka-srebrna-925-pozlacana-azur-dwukolorowa-na-rurce-b27\/#breadcrumb","itemListElement":[{"@type":"ListItem","position":1,"name":"Strona g\u0142\u00f3wna","item":"https:\/\/jubiler-bomar.eu\/sklep\/"},{"@type":"ListItem","position":2,"name":"Sklep","item":"https:\/\/jubiler-bomar.eu\/sklep\/sklep\/"},{"@type":"ListItem","position":3,"name":"Bransoletka srebrna 925 poz\u0142acana a\u017cur dwukolorowa na rurce B27"}]},{"@type":"WebSite","@id":"https:\/\/jubiler-bomar.eu\/sklep\/#website","url":"https:\/\/jubiler-bomar.eu\/sklep\/","name":"Jubiler BOMAR","description":"","publisher":{"@id":"https:\/\/jubiler-bomar.eu\/sklep\/#organization"},"potentialAction":[{"@type":"SearchAction","target":{"@type":"EntryPoint","urlTemplate":"https:\/\/jubiler-bomar.eu\/sklep\/?s={search_term_string}"},"query-input":{"@type":"PropertyValueSpecification","valueRequired":true,"valueName":"search_term_string"}}],"inLanguage":"pl-PL"},{"@type":"Organization","@id":"https:\/\/jubiler-bomar.eu\/sklep\/#organization","name":"Jubiler Bomar","url":"https:\/\/jubiler-bomar.eu\/sklep\/","logo":{"@type":"ImageObject","inLanguage":"pl-PL","@id":"https:\/\/jubiler-bomar.eu\/sklep\/#\/schema\/logo\/image\/","url":"https:\/\/jubiler-bomar.eu\/sklep\/wp-content\/uploads\/2023\/02\/bomar-jubiler-logo-1.jpg","contentUrl":"https:\/\/jubiler-bomar.eu\/sklep\/wp-content\/uploads\/2023\/02\/bomar-jubiler-logo-1.jpg","width":500,"height":156,"caption":"Jubiler Bomar"},"image":{"@id":"https:\/\/jubiler-bomar.eu\/sklep\/#\/schema\/logo\/image\/"},"sameAs":["https:\/\/www.facebook.com\/BomarJewellery"]}]}},"_links":{"self":[{"href":"https:\/\/jubiler-bomar.eu\/sklep\/wp-json\/wp\/v2\/product\/8346","targetHints":{"allow":["GET"]}}],"collection":[{"href":"https:\/\/jubiler-bomar.eu\/sklep\/wp-json\/wp\/v2\/product"}],"about":[{"href":"https:\/\/jubiler-bomar.eu\/sklep\/wp-json\/wp\/v2\/types\/product"}],"wp:featuredmedia":[{"embeddable":true,"href":"https:\/\/jubiler-bomar.eu\/sklep\/wp-json\/wp\/v2\/media\/8362"}],"wp:attachment":[{"href":"https:\/\/jubiler-bomar.eu\/sklep\/wp-json\/wp\/v2\/media?parent=8346"}],"wp:term":[{"taxonomy":"product_brand","embeddable":true,"href":"https:\/\/jubiler-bomar.eu\/sklep\/wp-json\/wp\/v2\/product_brand?post=8346"},{"taxonomy":"product_cat","embeddable":true,"href":"https:\/\/jubiler-bomar.eu\/sklep\/wp-json\/wp\/v2\/product_cat?post=8346"},{"taxonomy":"product_tag","embeddable":true,"href":"https:\/\/jubiler-bomar.eu\/sklep\/wp-json\/wp\/v2\/product_tag?post=8346"}],"curies":[{"name":"wp","href":"https:\/\/api.w.org\/{rel}","templated":true}]}}