{"id":8539,"date":"2026-01-30T12:35:08","date_gmt":"2026-01-30T11:35:08","guid":{"rendered":"https:\/\/jubiler-bomar.eu\/sklep\/?post_type=product&#038;p=8539"},"modified":"2026-01-30T12:37:09","modified_gmt":"2026-01-30T11:37:09","slug":"bransoletka-srebro-925-serce-nieskonczonosc-grawer-walentynki-prezent-b64","status":"publish","type":"product","link":"https:\/\/jubiler-bomar.eu\/sklep\/produkt\/bransoletka-srebro-925-serce-nieskonczonosc-grawer-walentynki-prezent-b64\/","title":{"rendered":"Bransoletka Srebro 925 Serce Niesko\u0144czono\u015b\u0107 Grawer Walentynki prezent B64"},"content":{"rendered":"<div class=\"mpof_ki myre_zn myre_8v_l m389_6m_l\">\n<div class=\"mp4t_16_s mryx_16_s mr3m_1 mli2_1 mh85_56 mh85_0_l\">\n<div class=\"mg9e_8 mj7a_8 mg9e_0_s mvrt_0_s mj7a_0_s mh36_0_s mzmg_6m munh_16_l m3h2_16_l\">\n<div class=\"mp4t_0 mryx_0 munh_56 m3h2_56\">\n<div class=\"mp7g_oh\"><\/div>\n<\/div>\n<\/div>\n<\/div>\n<div class=\"mp4t_16_s mryx_16_s mr3m_1 mli2_1 mh85_56 mh85_0_l\">\n<div class=\"mgn2_16 _0d3bd_am0a-\">\n<p><b>Personalizacja \u2013 Tw\u00f3j grawer<\/b><\/p>\n<p>Na serduszku \u2764\ufe0f wykonamy <b>Tw\u00f3j indywidualny<\/b> napis (inicja\u0142y, imi\u0119, data,). Dzi\u0119ki temu bransoletka nabiera <b>osobistego<\/b> znaczenia i zostaje pami\u0105tk\u0105 na lata.<\/p>\n<\/div>\n<\/div>\n<\/div>\n","protected":false},"excerpt":{"rendered":"<div class=\"mp4t_16_s mryx_16_s mr3m_1 mli2_1 mh85_56 mh85_0_l\">\n<div class=\"mg9e_8 mj7a_8 mg9e_0_s mvrt_0_s mj7a_0_s mh36_0_s mzmg_6m munh_16_l m3h2_16_l\">\n<div class=\"mp4t_0 mryx_0 munh_56 m3h2_56\">\n<div class=\"mp7g_oh\"><\/div>\n<\/div>\n<\/div>\n<\/div>\n<div class=\"mp4t_16_s mryx_16_s mr3m_1 mli2_1 mh85_56 mh85_0_l\">\n<div class=\"mgn2_16 _0d3bd_am0a-\">\n<p>S\u0105 prezenty, kt\u00f3re m\u00f3wi\u0105 wi\u0119cej ni\u017c tysi\u0105c s\u0142\u00f3w. Ta bransoletka to symbol <b>blisko\u015bci<\/b>, wierno\u015bci i <b>uczucia<\/b>, kt\u00f3re ma trwa\u0107 <b>na zawsze<\/b> \u2013 a dzi\u0119ki grawerowi staje si\u0119 dok\u0142adnie <b>Wasza<\/b>. \u2764\ufe0f<\/p>\n<\/div>\n<\/div>\n","protected":false},"featured_media":8540,"template":"","meta":{"_et_pb_use_builder":"","_et_pb_old_content":"","_et_gb_content_width":""},"product_brand":[],"product_cat":[819,607],"product_tag":[],"class_list":{"0":"post-8539","1":"product","2":"type-product","3":"status-publish","4":"has-post-thumbnail","6":"product_cat-walentynki","7":"product_cat-bransoletki","8":"pa_dlugosc-cm-regulowana","9":"pa_kolor-srebrny","10":"pa_material-srebro","11":"pa_proba-87","12":"pa_producent-bomar","13":"pa_rodzaj-lancuszka-sznurek","14":"pa_szerokosc-129","15":"pa_szerokosc-serce","16":"pa_termin-realizacji-1-dzien-roboczy","17":"pa_wysokosc-141","18":"pa_wysokosc-znak","20":"first","21":"instock","22":"taxable","23":"shipping-taxable","24":"purchasable","25":"product-type-simple"},"yoast_head":"<!-- This site is optimized with the Yoast SEO plugin v27.4 - https:\/\/yoast.com\/product\/yoast-seo-wordpress\/ -->\n<title>Bransoletka Srebro 925 Serce Niesko\u0144czono\u015b\u0107 Grawer Walentynki prezent B64 - Jubiler Bomar<\/title>\n<meta name=\"robots\" content=\"index, follow, max-snippet:-1, max-image-preview:large, max-video-preview:-1\" \/>\n<link rel=\"canonical\" href=\"https:\/\/jubiler-bomar.eu\/sklep\/produkt\/bransoletka-srebro-925-serce-nieskonczonosc-grawer-walentynki-prezent-b64\/\" \/>\n<meta property=\"og:locale\" content=\"pl_PL\" \/>\n<meta property=\"og:type\" content=\"article\" \/>\n<meta property=\"og:title\" content=\"Bransoletka Srebro 925 Serce Niesko\u0144czono\u015b\u0107 Grawer Walentynki prezent B64 - Jubiler Bomar\" \/>\n<meta property=\"og:description\" content=\"S\u0105 prezenty, kt\u00f3re m\u00f3wi\u0105 wi\u0119cej ni\u017c tysi\u0105c s\u0142\u00f3w. Ta bransoletka to symbol blisko\u015bci, wierno\u015bci i uczucia, kt\u00f3re ma trwa\u0107 na zawsze \u2013 a dzi\u0119ki grawerowi staje si\u0119 dok\u0142adnie Wasza. \u2764\ufe0f\" \/>\n<meta property=\"og:url\" content=\"https:\/\/jubiler-bomar.eu\/sklep\/produkt\/bransoletka-srebro-925-serce-nieskonczonosc-grawer-walentynki-prezent-b64\/\" \/>\n<meta property=\"og:site_name\" content=\"Jubiler Bomar\" \/>\n<meta property=\"article:publisher\" content=\"https:\/\/www.facebook.com\/BomarJewellery\" \/>\n<meta property=\"article:modified_time\" content=\"2026-01-30T11:37:09+00:00\" \/>\n<meta property=\"og:image\" content=\"https:\/\/jubiler-bomar.eu\/sklep\/wp-content\/uploads\/2026\/01\/bransoletka-z-nieskonczonoscia-na-czerwonym-sznurku.jpg\" \/>\n\t<meta property=\"og:image:width\" content=\"1024\" \/>\n\t<meta property=\"og:image:height\" content=\"1024\" \/>\n\t<meta property=\"og:image:type\" content=\"image\/jpeg\" \/>\n<meta name=\"twitter:card\" content=\"summary_large_image\" \/>\n<meta name=\"twitter:label1\" content=\"Szacowany czas czytania\" \/>\n\t<meta name=\"twitter:data1\" content=\"1 minuta\" \/>\n<script type=\"application\/ld+json\" class=\"yoast-schema-graph\">{\"@context\":\"https:\\\/\\\/schema.org\",\"@graph\":[{\"@type\":\"WebPage\",\"@id\":\"https:\\\/\\\/jubiler-bomar.eu\\\/sklep\\\/produkt\\\/bransoletka-srebro-925-serce-nieskonczonosc-grawer-walentynki-prezent-b64\\\/\",\"url\":\"https:\\\/\\\/jubiler-bomar.eu\\\/sklep\\\/produkt\\\/bransoletka-srebro-925-serce-nieskonczonosc-grawer-walentynki-prezent-b64\\\/\",\"name\":\"Bransoletka Srebro 925 Serce Niesko\u0144czono\u015b\u0107 Grawer Walentynki prezent B64 - Jubiler Bomar\",\"isPartOf\":{\"@id\":\"https:\\\/\\\/jubiler-bomar.eu\\\/sklep\\\/#website\"},\"primaryImageOfPage\":{\"@id\":\"https:\\\/\\\/jubiler-bomar.eu\\\/sklep\\\/produkt\\\/bransoletka-srebro-925-serce-nieskonczonosc-grawer-walentynki-prezent-b64\\\/#primaryimage\"},\"image\":{\"@id\":\"https:\\\/\\\/jubiler-bomar.eu\\\/sklep\\\/produkt\\\/bransoletka-srebro-925-serce-nieskonczonosc-grawer-walentynki-prezent-b64\\\/#primaryimage\"},\"thumbnailUrl\":\"https:\\\/\\\/jubiler-bomar.eu\\\/sklep\\\/wp-content\\\/uploads\\\/2026\\\/01\\\/bransoletka-z-nieskonczonoscia-na-czerwonym-sznurku.jpg\",\"datePublished\":\"2026-01-30T11:35:08+00:00\",\"dateModified\":\"2026-01-30T11:37:09+00:00\",\"breadcrumb\":{\"@id\":\"https:\\\/\\\/jubiler-bomar.eu\\\/sklep\\\/produkt\\\/bransoletka-srebro-925-serce-nieskonczonosc-grawer-walentynki-prezent-b64\\\/#breadcrumb\"},\"inLanguage\":\"pl-PL\",\"potentialAction\":[{\"@type\":\"ReadAction\",\"target\":[\"https:\\\/\\\/jubiler-bomar.eu\\\/sklep\\\/produkt\\\/bransoletka-srebro-925-serce-nieskonczonosc-grawer-walentynki-prezent-b64\\\/\"]}]},{\"@type\":\"ImageObject\",\"inLanguage\":\"pl-PL\",\"@id\":\"https:\\\/\\\/jubiler-bomar.eu\\\/sklep\\\/produkt\\\/bransoletka-srebro-925-serce-nieskonczonosc-grawer-walentynki-prezent-b64\\\/#primaryimage\",\"url\":\"https:\\\/\\\/jubiler-bomar.eu\\\/sklep\\\/wp-content\\\/uploads\\\/2026\\\/01\\\/bransoletka-z-nieskonczonoscia-na-czerwonym-sznurku.jpg\",\"contentUrl\":\"https:\\\/\\\/jubiler-bomar.eu\\\/sklep\\\/wp-content\\\/uploads\\\/2026\\\/01\\\/bransoletka-z-nieskonczonoscia-na-czerwonym-sznurku.jpg\",\"width\":1024,\"height\":1024},{\"@type\":\"BreadcrumbList\",\"@id\":\"https:\\\/\\\/jubiler-bomar.eu\\\/sklep\\\/produkt\\\/bransoletka-srebro-925-serce-nieskonczonosc-grawer-walentynki-prezent-b64\\\/#breadcrumb\",\"itemListElement\":[{\"@type\":\"ListItem\",\"position\":1,\"name\":\"Strona g\u0142\u00f3wna\",\"item\":\"https:\\\/\\\/jubiler-bomar.eu\\\/sklep\\\/\"},{\"@type\":\"ListItem\",\"position\":2,\"name\":\"Sklep\",\"item\":\"https:\\\/\\\/jubiler-bomar.eu\\\/sklep\\\/sklep\\\/\"},{\"@type\":\"ListItem\",\"position\":3,\"name\":\"Bransoletka Srebro 925 Serce Niesko\u0144czono\u015b\u0107 Grawer Walentynki prezent B64\"}]},{\"@type\":\"WebSite\",\"@id\":\"https:\\\/\\\/jubiler-bomar.eu\\\/sklep\\\/#website\",\"url\":\"https:\\\/\\\/jubiler-bomar.eu\\\/sklep\\\/\",\"name\":\"Jubiler BOMAR\",\"description\":\"\",\"publisher\":{\"@id\":\"https:\\\/\\\/jubiler-bomar.eu\\\/sklep\\\/#organization\"},\"potentialAction\":[{\"@type\":\"SearchAction\",\"target\":{\"@type\":\"EntryPoint\",\"urlTemplate\":\"https:\\\/\\\/jubiler-bomar.eu\\\/sklep\\\/?s={search_term_string}\"},\"query-input\":{\"@type\":\"PropertyValueSpecification\",\"valueRequired\":true,\"valueName\":\"search_term_string\"}}],\"inLanguage\":\"pl-PL\"},{\"@type\":\"Organization\",\"@id\":\"https:\\\/\\\/jubiler-bomar.eu\\\/sklep\\\/#organization\",\"name\":\"Jubiler Bomar\",\"url\":\"https:\\\/\\\/jubiler-bomar.eu\\\/sklep\\\/\",\"logo\":{\"@type\":\"ImageObject\",\"inLanguage\":\"pl-PL\",\"@id\":\"https:\\\/\\\/jubiler-bomar.eu\\\/sklep\\\/#\\\/schema\\\/logo\\\/image\\\/\",\"url\":\"https:\\\/\\\/jubiler-bomar.eu\\\/sklep\\\/wp-content\\\/uploads\\\/2023\\\/02\\\/bomar-jubiler-logo-1.jpg\",\"contentUrl\":\"https:\\\/\\\/jubiler-bomar.eu\\\/sklep\\\/wp-content\\\/uploads\\\/2023\\\/02\\\/bomar-jubiler-logo-1.jpg\",\"width\":500,\"height\":156,\"caption\":\"Jubiler Bomar\"},\"image\":{\"@id\":\"https:\\\/\\\/jubiler-bomar.eu\\\/sklep\\\/#\\\/schema\\\/logo\\\/image\\\/\"},\"sameAs\":[\"https:\\\/\\\/www.facebook.com\\\/BomarJewellery\"]}]}<\/script>\n<!-- \/ Yoast SEO plugin. -->","yoast_head_json":{"title":"Bransoletka Srebro 925 Serce Niesko\u0144czono\u015b\u0107 Grawer Walentynki prezent B64 - Jubiler Bomar","robots":{"index":"index","follow":"follow","max-snippet":"max-snippet:-1","max-image-preview":"max-image-preview:large","max-video-preview":"max-video-preview:-1"},"canonical":"https:\/\/jubiler-bomar.eu\/sklep\/produkt\/bransoletka-srebro-925-serce-nieskonczonosc-grawer-walentynki-prezent-b64\/","og_locale":"pl_PL","og_type":"article","og_title":"Bransoletka Srebro 925 Serce Niesko\u0144czono\u015b\u0107 Grawer Walentynki prezent B64 - Jubiler Bomar","og_description":"S\u0105 prezenty, kt\u00f3re m\u00f3wi\u0105 wi\u0119cej ni\u017c tysi\u0105c s\u0142\u00f3w. Ta bransoletka to symbol blisko\u015bci, wierno\u015bci i uczucia, kt\u00f3re ma trwa\u0107 na zawsze \u2013 a dzi\u0119ki grawerowi staje si\u0119 dok\u0142adnie Wasza. \u2764\ufe0f","og_url":"https:\/\/jubiler-bomar.eu\/sklep\/produkt\/bransoletka-srebro-925-serce-nieskonczonosc-grawer-walentynki-prezent-b64\/","og_site_name":"Jubiler Bomar","article_publisher":"https:\/\/www.facebook.com\/BomarJewellery","article_modified_time":"2026-01-30T11:37:09+00:00","og_image":[{"width":1024,"height":1024,"url":"https:\/\/jubiler-bomar.eu\/sklep\/wp-content\/uploads\/2026\/01\/bransoletka-z-nieskonczonoscia-na-czerwonym-sznurku.jpg","type":"image\/jpeg"}],"twitter_card":"summary_large_image","twitter_misc":{"Szacowany czas czytania":"1 minuta"},"schema":{"@context":"https:\/\/schema.org","@graph":[{"@type":"WebPage","@id":"https:\/\/jubiler-bomar.eu\/sklep\/produkt\/bransoletka-srebro-925-serce-nieskonczonosc-grawer-walentynki-prezent-b64\/","url":"https:\/\/jubiler-bomar.eu\/sklep\/produkt\/bransoletka-srebro-925-serce-nieskonczonosc-grawer-walentynki-prezent-b64\/","name":"Bransoletka Srebro 925 Serce Niesko\u0144czono\u015b\u0107 Grawer Walentynki prezent B64 - Jubiler Bomar","isPartOf":{"@id":"https:\/\/jubiler-bomar.eu\/sklep\/#website"},"primaryImageOfPage":{"@id":"https:\/\/jubiler-bomar.eu\/sklep\/produkt\/bransoletka-srebro-925-serce-nieskonczonosc-grawer-walentynki-prezent-b64\/#primaryimage"},"image":{"@id":"https:\/\/jubiler-bomar.eu\/sklep\/produkt\/bransoletka-srebro-925-serce-nieskonczonosc-grawer-walentynki-prezent-b64\/#primaryimage"},"thumbnailUrl":"https:\/\/jubiler-bomar.eu\/sklep\/wp-content\/uploads\/2026\/01\/bransoletka-z-nieskonczonoscia-na-czerwonym-sznurku.jpg","datePublished":"2026-01-30T11:35:08+00:00","dateModified":"2026-01-30T11:37:09+00:00","breadcrumb":{"@id":"https:\/\/jubiler-bomar.eu\/sklep\/produkt\/bransoletka-srebro-925-serce-nieskonczonosc-grawer-walentynki-prezent-b64\/#breadcrumb"},"inLanguage":"pl-PL","potentialAction":[{"@type":"ReadAction","target":["https:\/\/jubiler-bomar.eu\/sklep\/produkt\/bransoletka-srebro-925-serce-nieskonczonosc-grawer-walentynki-prezent-b64\/"]}]},{"@type":"ImageObject","inLanguage":"pl-PL","@id":"https:\/\/jubiler-bomar.eu\/sklep\/produkt\/bransoletka-srebro-925-serce-nieskonczonosc-grawer-walentynki-prezent-b64\/#primaryimage","url":"https:\/\/jubiler-bomar.eu\/sklep\/wp-content\/uploads\/2026\/01\/bransoletka-z-nieskonczonoscia-na-czerwonym-sznurku.jpg","contentUrl":"https:\/\/jubiler-bomar.eu\/sklep\/wp-content\/uploads\/2026\/01\/bransoletka-z-nieskonczonoscia-na-czerwonym-sznurku.jpg","width":1024,"height":1024},{"@type":"BreadcrumbList","@id":"https:\/\/jubiler-bomar.eu\/sklep\/produkt\/bransoletka-srebro-925-serce-nieskonczonosc-grawer-walentynki-prezent-b64\/#breadcrumb","itemListElement":[{"@type":"ListItem","position":1,"name":"Strona g\u0142\u00f3wna","item":"https:\/\/jubiler-bomar.eu\/sklep\/"},{"@type":"ListItem","position":2,"name":"Sklep","item":"https:\/\/jubiler-bomar.eu\/sklep\/sklep\/"},{"@type":"ListItem","position":3,"name":"Bransoletka Srebro 925 Serce Niesko\u0144czono\u015b\u0107 Grawer Walentynki prezent B64"}]},{"@type":"WebSite","@id":"https:\/\/jubiler-bomar.eu\/sklep\/#website","url":"https:\/\/jubiler-bomar.eu\/sklep\/","name":"Jubiler BOMAR","description":"","publisher":{"@id":"https:\/\/jubiler-bomar.eu\/sklep\/#organization"},"potentialAction":[{"@type":"SearchAction","target":{"@type":"EntryPoint","urlTemplate":"https:\/\/jubiler-bomar.eu\/sklep\/?s={search_term_string}"},"query-input":{"@type":"PropertyValueSpecification","valueRequired":true,"valueName":"search_term_string"}}],"inLanguage":"pl-PL"},{"@type":"Organization","@id":"https:\/\/jubiler-bomar.eu\/sklep\/#organization","name":"Jubiler Bomar","url":"https:\/\/jubiler-bomar.eu\/sklep\/","logo":{"@type":"ImageObject","inLanguage":"pl-PL","@id":"https:\/\/jubiler-bomar.eu\/sklep\/#\/schema\/logo\/image\/","url":"https:\/\/jubiler-bomar.eu\/sklep\/wp-content\/uploads\/2023\/02\/bomar-jubiler-logo-1.jpg","contentUrl":"https:\/\/jubiler-bomar.eu\/sklep\/wp-content\/uploads\/2023\/02\/bomar-jubiler-logo-1.jpg","width":500,"height":156,"caption":"Jubiler Bomar"},"image":{"@id":"https:\/\/jubiler-bomar.eu\/sklep\/#\/schema\/logo\/image\/"},"sameAs":["https:\/\/www.facebook.com\/BomarJewellery"]}]}},"_links":{"self":[{"href":"https:\/\/jubiler-bomar.eu\/sklep\/wp-json\/wp\/v2\/product\/8539","targetHints":{"allow":["GET"]}}],"collection":[{"href":"https:\/\/jubiler-bomar.eu\/sklep\/wp-json\/wp\/v2\/product"}],"about":[{"href":"https:\/\/jubiler-bomar.eu\/sklep\/wp-json\/wp\/v2\/types\/product"}],"wp:featuredmedia":[{"embeddable":true,"href":"https:\/\/jubiler-bomar.eu\/sklep\/wp-json\/wp\/v2\/media\/8540"}],"wp:attachment":[{"href":"https:\/\/jubiler-bomar.eu\/sklep\/wp-json\/wp\/v2\/media?parent=8539"}],"wp:term":[{"taxonomy":"product_brand","embeddable":true,"href":"https:\/\/jubiler-bomar.eu\/sklep\/wp-json\/wp\/v2\/product_brand?post=8539"},{"taxonomy":"product_cat","embeddable":true,"href":"https:\/\/jubiler-bomar.eu\/sklep\/wp-json\/wp\/v2\/product_cat?post=8539"},{"taxonomy":"product_tag","embeddable":true,"href":"https:\/\/jubiler-bomar.eu\/sklep\/wp-json\/wp\/v2\/product_tag?post=8539"}],"curies":[{"name":"wp","href":"https:\/\/api.w.org\/{rel}","templated":true}]}}