{"id":8794,"date":"2026-02-06T11:26:47","date_gmt":"2026-02-06T10:26:47","guid":{"rendered":"https:\/\/jubiler-bomar.eu\/sklep\/?post_type=product&#038;p=8794"},"modified":"2026-02-06T11:26:47","modified_gmt":"2026-02-06T10:26:47","slug":"naszyjnik-srebrny-925-pozlacany-24k-serce-kocham-cie-ankier-walentynki-n78","status":"publish","type":"product","link":"https:\/\/jubiler-bomar.eu\/sklep\/produkt\/naszyjnik-srebrny-925-pozlacany-24k-serce-kocham-cie-ankier-walentynki-n78\/","title":{"rendered":"Naszyjnik Srebrny 925 poz\u0142acany 24k Serce \u201eKocham Ci\u0119\u201d Ankier Walentynki N78"},"content":{"rendered":"<p>Serce zosta\u0142o wykonane ze srebra pr\u00f3by 925 i osadzone na pi\u0119knym \u0142a\u0144cuszku ankier diamentowanym, kt\u00f3ry mieni si\u0119 w blasku \u015bwiat\u0142a i wygl\u0105da wyj\u0105tkowo elegancko na szyi. To bi\u017cuteria, kt\u00f3ra przyci\u0105ga spojrzenia, ale nadal pozostaje delikatna i kobieca<\/p>\n","protected":false},"excerpt":{"rendered":"<p>Naszyjnik serce \u201eKocham Ci\u0119\u201d srebro 925 poz\u0142acane 24 karatowym z\u0142otem opakowanie Walentynki prezent dla niej<\/p>\n<p>S\u0105 prezenty, kt\u00f3re m\u00f3wi\u0105 wi\u0119cej ni\u017c tysi\u0105c s\u0142\u00f3w. Ten naszyjnik w kszta\u0142cie serca \u2764\ufe0f z napisem \u201eKocham Ci\u0119\u201d to subtelny symbol blisko\u015bci \u2013 idealny na Walentynki, rocznic\u0119, urodziny albo po prostu\u2026 bez okazji.<\/p>\n","protected":false},"featured_media":8800,"template":"","meta":{"_et_pb_use_builder":"","_et_pb_old_content":"","_et_gb_content_width":""},"product_brand":[],"product_cat":[819,606,929],"product_tag":[],"class_list":{"0":"post-8794","1":"product","2":"type-product","3":"status-publish","4":"has-post-thumbnail","6":"product_cat-walentynki","7":"product_cat-naszyjniki","8":"product_cat-wisiorki-i-zawieszki","9":"pa_dlugosc-cm-42cm3cm","10":"pa_material-srebro-pozlacane","11":"pa_proba-87","12":"pa_producent-bomar","13":"pa_rodzaj-lancuszka-ankier-diamentowany","15":"first","16":"instock","17":"taxable","18":"shipping-taxable","19":"purchasable","20":"product-type-simple"},"yoast_head":"<!-- This site is optimized with the Yoast SEO plugin v27.4 - https:\/\/yoast.com\/product\/yoast-seo-wordpress\/ -->\n<title>Naszyjnik Srebrny 925 poz\u0142acany 24k Serce \u201eKocham Ci\u0119\u201d Ankier Walentynki N78 - Jubiler Bomar<\/title>\n<meta name=\"robots\" content=\"index, follow, max-snippet:-1, max-image-preview:large, max-video-preview:-1\" \/>\n<link rel=\"canonical\" href=\"https:\/\/jubiler-bomar.eu\/sklep\/produkt\/naszyjnik-srebrny-925-pozlacany-24k-serce-kocham-cie-ankier-walentynki-n78\/\" \/>\n<meta property=\"og:locale\" content=\"pl_PL\" \/>\n<meta property=\"og:type\" content=\"article\" \/>\n<meta property=\"og:title\" content=\"Naszyjnik Srebrny 925 poz\u0142acany 24k Serce \u201eKocham Ci\u0119\u201d Ankier Walentynki N78 - Jubiler Bomar\" \/>\n<meta property=\"og:description\" content=\"Naszyjnik serce \u201eKocham Ci\u0119\u201d srebro 925 poz\u0142acane 24 karatowym z\u0142otem opakowanie Walentynki prezent dla niej  S\u0105 prezenty, kt\u00f3re m\u00f3wi\u0105 wi\u0119cej ni\u017c tysi\u0105c s\u0142\u00f3w. Ten naszyjnik w kszta\u0142cie serca \u2764\ufe0f z napisem \u201eKocham Ci\u0119\u201d to subtelny symbol blisko\u015bci \u2013 idealny na Walentynki, rocznic\u0119, urodziny albo po prostu\u2026 bez okazji.\" \/>\n<meta property=\"og:url\" content=\"https:\/\/jubiler-bomar.eu\/sklep\/produkt\/naszyjnik-srebrny-925-pozlacany-24k-serce-kocham-cie-ankier-walentynki-n78\/\" \/>\n<meta property=\"og:site_name\" content=\"Jubiler Bomar\" \/>\n<meta property=\"article:publisher\" content=\"https:\/\/www.facebook.com\/BomarJewellery\" \/>\n<meta property=\"og:image\" content=\"https:\/\/jubiler-bomar.eu\/sklep\/wp-content\/uploads\/2026\/02\/Bez-nazwy-34.jpg\" \/>\n\t<meta property=\"og:image:width\" content=\"800\" \/>\n\t<meta property=\"og:image:height\" content=\"800\" \/>\n\t<meta property=\"og:image:type\" content=\"image\/jpeg\" \/>\n<meta name=\"twitter:card\" content=\"summary_large_image\" \/>\n<meta name=\"twitter:label1\" content=\"Szacowany czas czytania\" \/>\n\t<meta name=\"twitter:data1\" content=\"1 minuta\" \/>\n<script type=\"application\/ld+json\" class=\"yoast-schema-graph\">{\"@context\":\"https:\\\/\\\/schema.org\",\"@graph\":[{\"@type\":\"WebPage\",\"@id\":\"https:\\\/\\\/jubiler-bomar.eu\\\/sklep\\\/produkt\\\/naszyjnik-srebrny-925-pozlacany-24k-serce-kocham-cie-ankier-walentynki-n78\\\/\",\"url\":\"https:\\\/\\\/jubiler-bomar.eu\\\/sklep\\\/produkt\\\/naszyjnik-srebrny-925-pozlacany-24k-serce-kocham-cie-ankier-walentynki-n78\\\/\",\"name\":\"Naszyjnik Srebrny 925 poz\u0142acany 24k Serce \u201eKocham Ci\u0119\u201d Ankier Walentynki N78 - Jubiler Bomar\",\"isPartOf\":{\"@id\":\"https:\\\/\\\/jubiler-bomar.eu\\\/sklep\\\/#website\"},\"primaryImageOfPage\":{\"@id\":\"https:\\\/\\\/jubiler-bomar.eu\\\/sklep\\\/produkt\\\/naszyjnik-srebrny-925-pozlacany-24k-serce-kocham-cie-ankier-walentynki-n78\\\/#primaryimage\"},\"image\":{\"@id\":\"https:\\\/\\\/jubiler-bomar.eu\\\/sklep\\\/produkt\\\/naszyjnik-srebrny-925-pozlacany-24k-serce-kocham-cie-ankier-walentynki-n78\\\/#primaryimage\"},\"thumbnailUrl\":\"https:\\\/\\\/jubiler-bomar.eu\\\/sklep\\\/wp-content\\\/uploads\\\/2026\\\/02\\\/Bez-nazwy-34.jpg\",\"datePublished\":\"2026-02-06T10:26:47+00:00\",\"breadcrumb\":{\"@id\":\"https:\\\/\\\/jubiler-bomar.eu\\\/sklep\\\/produkt\\\/naszyjnik-srebrny-925-pozlacany-24k-serce-kocham-cie-ankier-walentynki-n78\\\/#breadcrumb\"},\"inLanguage\":\"pl-PL\",\"potentialAction\":[{\"@type\":\"ReadAction\",\"target\":[\"https:\\\/\\\/jubiler-bomar.eu\\\/sklep\\\/produkt\\\/naszyjnik-srebrny-925-pozlacany-24k-serce-kocham-cie-ankier-walentynki-n78\\\/\"]}]},{\"@type\":\"ImageObject\",\"inLanguage\":\"pl-PL\",\"@id\":\"https:\\\/\\\/jubiler-bomar.eu\\\/sklep\\\/produkt\\\/naszyjnik-srebrny-925-pozlacany-24k-serce-kocham-cie-ankier-walentynki-n78\\\/#primaryimage\",\"url\":\"https:\\\/\\\/jubiler-bomar.eu\\\/sklep\\\/wp-content\\\/uploads\\\/2026\\\/02\\\/Bez-nazwy-34.jpg\",\"contentUrl\":\"https:\\\/\\\/jubiler-bomar.eu\\\/sklep\\\/wp-content\\\/uploads\\\/2026\\\/02\\\/Bez-nazwy-34.jpg\",\"width\":800,\"height\":800,\"caption\":\"98d2b98bef0c83567cb9a60d5233edd8e51c882db80ae9b3d7593579d78326cf01cba21a171561b4bf51d5b28d6d2ec4b02331cdba16c9b3ff583905ee9167ab1bd3b0544c6bfa98e4802b14f03acc4a\"},{\"@type\":\"BreadcrumbList\",\"@id\":\"https:\\\/\\\/jubiler-bomar.eu\\\/sklep\\\/produkt\\\/naszyjnik-srebrny-925-pozlacany-24k-serce-kocham-cie-ankier-walentynki-n78\\\/#breadcrumb\",\"itemListElement\":[{\"@type\":\"ListItem\",\"position\":1,\"name\":\"Strona g\u0142\u00f3wna\",\"item\":\"https:\\\/\\\/jubiler-bomar.eu\\\/sklep\\\/\"},{\"@type\":\"ListItem\",\"position\":2,\"name\":\"Sklep\",\"item\":\"https:\\\/\\\/jubiler-bomar.eu\\\/sklep\\\/sklep\\\/\"},{\"@type\":\"ListItem\",\"position\":3,\"name\":\"Naszyjnik Srebrny 925 poz\u0142acany 24k Serce \u201eKocham Ci\u0119\u201d Ankier Walentynki N78\"}]},{\"@type\":\"WebSite\",\"@id\":\"https:\\\/\\\/jubiler-bomar.eu\\\/sklep\\\/#website\",\"url\":\"https:\\\/\\\/jubiler-bomar.eu\\\/sklep\\\/\",\"name\":\"Jubiler BOMAR\",\"description\":\"\",\"publisher\":{\"@id\":\"https:\\\/\\\/jubiler-bomar.eu\\\/sklep\\\/#organization\"},\"potentialAction\":[{\"@type\":\"SearchAction\",\"target\":{\"@type\":\"EntryPoint\",\"urlTemplate\":\"https:\\\/\\\/jubiler-bomar.eu\\\/sklep\\\/?s={search_term_string}\"},\"query-input\":{\"@type\":\"PropertyValueSpecification\",\"valueRequired\":true,\"valueName\":\"search_term_string\"}}],\"inLanguage\":\"pl-PL\"},{\"@type\":\"Organization\",\"@id\":\"https:\\\/\\\/jubiler-bomar.eu\\\/sklep\\\/#organization\",\"name\":\"Jubiler Bomar\",\"url\":\"https:\\\/\\\/jubiler-bomar.eu\\\/sklep\\\/\",\"logo\":{\"@type\":\"ImageObject\",\"inLanguage\":\"pl-PL\",\"@id\":\"https:\\\/\\\/jubiler-bomar.eu\\\/sklep\\\/#\\\/schema\\\/logo\\\/image\\\/\",\"url\":\"https:\\\/\\\/jubiler-bomar.eu\\\/sklep\\\/wp-content\\\/uploads\\\/2023\\\/02\\\/bomar-jubiler-logo-1.jpg\",\"contentUrl\":\"https:\\\/\\\/jubiler-bomar.eu\\\/sklep\\\/wp-content\\\/uploads\\\/2023\\\/02\\\/bomar-jubiler-logo-1.jpg\",\"width\":500,\"height\":156,\"caption\":\"Jubiler Bomar\"},\"image\":{\"@id\":\"https:\\\/\\\/jubiler-bomar.eu\\\/sklep\\\/#\\\/schema\\\/logo\\\/image\\\/\"},\"sameAs\":[\"https:\\\/\\\/www.facebook.com\\\/BomarJewellery\"]}]}<\/script>\n<!-- \/ Yoast SEO plugin. -->","yoast_head_json":{"title":"Naszyjnik Srebrny 925 poz\u0142acany 24k Serce \u201eKocham Ci\u0119\u201d Ankier Walentynki N78 - Jubiler Bomar","robots":{"index":"index","follow":"follow","max-snippet":"max-snippet:-1","max-image-preview":"max-image-preview:large","max-video-preview":"max-video-preview:-1"},"canonical":"https:\/\/jubiler-bomar.eu\/sklep\/produkt\/naszyjnik-srebrny-925-pozlacany-24k-serce-kocham-cie-ankier-walentynki-n78\/","og_locale":"pl_PL","og_type":"article","og_title":"Naszyjnik Srebrny 925 poz\u0142acany 24k Serce \u201eKocham Ci\u0119\u201d Ankier Walentynki N78 - Jubiler Bomar","og_description":"Naszyjnik serce \u201eKocham Ci\u0119\u201d srebro 925 poz\u0142acane 24 karatowym z\u0142otem opakowanie Walentynki prezent dla niej  S\u0105 prezenty, kt\u00f3re m\u00f3wi\u0105 wi\u0119cej ni\u017c tysi\u0105c s\u0142\u00f3w. Ten naszyjnik w kszta\u0142cie serca \u2764\ufe0f z napisem \u201eKocham Ci\u0119\u201d to subtelny symbol blisko\u015bci \u2013 idealny na Walentynki, rocznic\u0119, urodziny albo po prostu\u2026 bez okazji.","og_url":"https:\/\/jubiler-bomar.eu\/sklep\/produkt\/naszyjnik-srebrny-925-pozlacany-24k-serce-kocham-cie-ankier-walentynki-n78\/","og_site_name":"Jubiler Bomar","article_publisher":"https:\/\/www.facebook.com\/BomarJewellery","og_image":[{"width":800,"height":800,"url":"https:\/\/jubiler-bomar.eu\/sklep\/wp-content\/uploads\/2026\/02\/Bez-nazwy-34.jpg","type":"image\/jpeg"}],"twitter_card":"summary_large_image","twitter_misc":{"Szacowany czas czytania":"1 minuta"},"schema":{"@context":"https:\/\/schema.org","@graph":[{"@type":"WebPage","@id":"https:\/\/jubiler-bomar.eu\/sklep\/produkt\/naszyjnik-srebrny-925-pozlacany-24k-serce-kocham-cie-ankier-walentynki-n78\/","url":"https:\/\/jubiler-bomar.eu\/sklep\/produkt\/naszyjnik-srebrny-925-pozlacany-24k-serce-kocham-cie-ankier-walentynki-n78\/","name":"Naszyjnik Srebrny 925 poz\u0142acany 24k Serce \u201eKocham Ci\u0119\u201d Ankier Walentynki N78 - Jubiler Bomar","isPartOf":{"@id":"https:\/\/jubiler-bomar.eu\/sklep\/#website"},"primaryImageOfPage":{"@id":"https:\/\/jubiler-bomar.eu\/sklep\/produkt\/naszyjnik-srebrny-925-pozlacany-24k-serce-kocham-cie-ankier-walentynki-n78\/#primaryimage"},"image":{"@id":"https:\/\/jubiler-bomar.eu\/sklep\/produkt\/naszyjnik-srebrny-925-pozlacany-24k-serce-kocham-cie-ankier-walentynki-n78\/#primaryimage"},"thumbnailUrl":"https:\/\/jubiler-bomar.eu\/sklep\/wp-content\/uploads\/2026\/02\/Bez-nazwy-34.jpg","datePublished":"2026-02-06T10:26:47+00:00","breadcrumb":{"@id":"https:\/\/jubiler-bomar.eu\/sklep\/produkt\/naszyjnik-srebrny-925-pozlacany-24k-serce-kocham-cie-ankier-walentynki-n78\/#breadcrumb"},"inLanguage":"pl-PL","potentialAction":[{"@type":"ReadAction","target":["https:\/\/jubiler-bomar.eu\/sklep\/produkt\/naszyjnik-srebrny-925-pozlacany-24k-serce-kocham-cie-ankier-walentynki-n78\/"]}]},{"@type":"ImageObject","inLanguage":"pl-PL","@id":"https:\/\/jubiler-bomar.eu\/sklep\/produkt\/naszyjnik-srebrny-925-pozlacany-24k-serce-kocham-cie-ankier-walentynki-n78\/#primaryimage","url":"https:\/\/jubiler-bomar.eu\/sklep\/wp-content\/uploads\/2026\/02\/Bez-nazwy-34.jpg","contentUrl":"https:\/\/jubiler-bomar.eu\/sklep\/wp-content\/uploads\/2026\/02\/Bez-nazwy-34.jpg","width":800,"height":800,"caption":"98d2b98bef0c83567cb9a60d5233edd8e51c882db80ae9b3d7593579d78326cf01cba21a171561b4bf51d5b28d6d2ec4b02331cdba16c9b3ff583905ee9167ab1bd3b0544c6bfa98e4802b14f03acc4a"},{"@type":"BreadcrumbList","@id":"https:\/\/jubiler-bomar.eu\/sklep\/produkt\/naszyjnik-srebrny-925-pozlacany-24k-serce-kocham-cie-ankier-walentynki-n78\/#breadcrumb","itemListElement":[{"@type":"ListItem","position":1,"name":"Strona g\u0142\u00f3wna","item":"https:\/\/jubiler-bomar.eu\/sklep\/"},{"@type":"ListItem","position":2,"name":"Sklep","item":"https:\/\/jubiler-bomar.eu\/sklep\/sklep\/"},{"@type":"ListItem","position":3,"name":"Naszyjnik Srebrny 925 poz\u0142acany 24k Serce \u201eKocham Ci\u0119\u201d Ankier Walentynki N78"}]},{"@type":"WebSite","@id":"https:\/\/jubiler-bomar.eu\/sklep\/#website","url":"https:\/\/jubiler-bomar.eu\/sklep\/","name":"Jubiler BOMAR","description":"","publisher":{"@id":"https:\/\/jubiler-bomar.eu\/sklep\/#organization"},"potentialAction":[{"@type":"SearchAction","target":{"@type":"EntryPoint","urlTemplate":"https:\/\/jubiler-bomar.eu\/sklep\/?s={search_term_string}"},"query-input":{"@type":"PropertyValueSpecification","valueRequired":true,"valueName":"search_term_string"}}],"inLanguage":"pl-PL"},{"@type":"Organization","@id":"https:\/\/jubiler-bomar.eu\/sklep\/#organization","name":"Jubiler Bomar","url":"https:\/\/jubiler-bomar.eu\/sklep\/","logo":{"@type":"ImageObject","inLanguage":"pl-PL","@id":"https:\/\/jubiler-bomar.eu\/sklep\/#\/schema\/logo\/image\/","url":"https:\/\/jubiler-bomar.eu\/sklep\/wp-content\/uploads\/2023\/02\/bomar-jubiler-logo-1.jpg","contentUrl":"https:\/\/jubiler-bomar.eu\/sklep\/wp-content\/uploads\/2023\/02\/bomar-jubiler-logo-1.jpg","width":500,"height":156,"caption":"Jubiler Bomar"},"image":{"@id":"https:\/\/jubiler-bomar.eu\/sklep\/#\/schema\/logo\/image\/"},"sameAs":["https:\/\/www.facebook.com\/BomarJewellery"]}]}},"_links":{"self":[{"href":"https:\/\/jubiler-bomar.eu\/sklep\/wp-json\/wp\/v2\/product\/8794","targetHints":{"allow":["GET"]}}],"collection":[{"href":"https:\/\/jubiler-bomar.eu\/sklep\/wp-json\/wp\/v2\/product"}],"about":[{"href":"https:\/\/jubiler-bomar.eu\/sklep\/wp-json\/wp\/v2\/types\/product"}],"wp:featuredmedia":[{"embeddable":true,"href":"https:\/\/jubiler-bomar.eu\/sklep\/wp-json\/wp\/v2\/media\/8800"}],"wp:attachment":[{"href":"https:\/\/jubiler-bomar.eu\/sklep\/wp-json\/wp\/v2\/media?parent=8794"}],"wp:term":[{"taxonomy":"product_brand","embeddable":true,"href":"https:\/\/jubiler-bomar.eu\/sklep\/wp-json\/wp\/v2\/product_brand?post=8794"},{"taxonomy":"product_cat","embeddable":true,"href":"https:\/\/jubiler-bomar.eu\/sklep\/wp-json\/wp\/v2\/product_cat?post=8794"},{"taxonomy":"product_tag","embeddable":true,"href":"https:\/\/jubiler-bomar.eu\/sklep\/wp-json\/wp\/v2\/product_tag?post=8794"}],"curies":[{"name":"wp","href":"https:\/\/api.w.org\/{rel}","templated":true}]}}