{"id":8879,"date":"2026-02-12T08:46:14","date_gmt":"2026-02-12T07:46:14","guid":{"rendered":"https:\/\/jubiler-bomar.eu\/sklep\/?post_type=product&#038;p=8879"},"modified":"2026-02-12T08:46:14","modified_gmt":"2026-02-12T07:46:14","slug":"bransoletka-serce-sznurek-czerwony-srebro-925-prezent-dla-przyjaciolki-b70","status":"publish","type":"product","link":"https:\/\/jubiler-bomar.eu\/sklep\/produkt\/bransoletka-serce-sznurek-czerwony-srebro-925-prezent-dla-przyjaciolki-b70\/","title":{"rendered":"Bransoletka Serce Sznurek Czerwony Srebro 925 Prezent Dla Przyjaci\u00f3\u0142ki B70"},"content":{"rendered":"<div class=\"mpof_ki myre_zn myre_8v_l m389_6m_l\">\n<div class=\"mp4t_16_s mryx_16_s mr3m_1 mli2_1 mh85_56 mh85_0_l\">\n<div class=\"mgn2_16 _0d3bd_am0a-\">\n<p>To idealny prezent dla: \u2764\ufe0f\u2764\ufe0f<\/p>\n<p><b>przyjaci\u00f3\u0142ki, druhny, siostry, kole\u017canki z pracy lub osoby, kt\u00f3rej chcesz powiedzie\u0107:<\/b><\/p>\n<p>\u201eDzi\u0119kuj\u0119, \u017ce jeste\u015b.\u201d<\/p>\n<\/div>\n<\/div>\n<\/div>\n<div class=\"mpof_ki myre_zn myre_8v_l m389_6m_l\">\n<div class=\"mp4t_16_s mryx_16_s mr3m_1 mli2_1 mh85_56 mh85_0_l\">\n<div class=\"mg9e_8 mj7a_8 mg9e_0_s mvrt_0_s mj7a_0_s mh36_0_s mzmg_6m munh_16_l m3h2_16_l\">\n<div class=\"mp4t_0 mryx_0 munh_56 m3h2_56\">\n<div class=\"mp7g_oh\"><\/div>\n<\/div>\n<\/div>\n<\/div>\n<div class=\"mp4t_16_s mryx_16_s mr3m_1 mli2_1 mh85_56 mh85_0_l\">\n<div class=\"mgn2_16 _0d3bd_am0a-\">\n<p><b>Symbolika<\/b><\/p>\n<ul>\n<li><b>Serce \u2764\ufe0f <\/b>\u2013 blisko\u015b\u0107, wdzi\u0119czno\u015b\u0107, prawdziwa wi\u0119\u017a<\/li>\n<li><b>Czerwony sznurek<\/b> \u2013 tradycyjny symbol ochrony i szcz\u0119\u015bcia, ale te\u017c \u201eniewidzialnej nici\u201d, kt\u00f3ra \u0142\u0105czy ludzi<\/li>\n<\/ul>\n<\/div>\n<\/div>\n<\/div>\n","protected":false},"excerpt":{"rendered":"<div class=\"mp4t_16_s mryx_16_s mr3m_1 mli2_1 mh85_56 mh85_0_l\">\n<div class=\"mg9e_8 mj7a_8 mg9e_0_s mvrt_0_s mj7a_0_s mh36_0_s mzmg_6m munh_16_l m3h2_16_l\">\n<div class=\"mp4t_0 mryx_0 munh_56 m3h2_56\">\n<div class=\"mp7g_oh\"><\/div>\n<\/div>\n<\/div>\n<\/div>\n<div class=\"mp4t_16_s mryx_16_s mr3m_1 mli2_1 mh85_56 mh85_0_l\">\n<div class=\"mgn2_16 _0d3bd_am0a-\">\n<p>S\u0105 osoby, kt\u00f3re nie musz\u0105 nic m\u00f3wi\u0107 \u2764\ufe0f wystarczy, \u017ce s\u0105.<\/p>\n<p>Ta bransoletka to znak <b>przyja\u017ani<\/b>, kt\u00f3ry nosi si\u0119 blisko <b>serca<\/b>. Delikatne srebrne serduszko i czerwony jubilerski sznurek przypominaj\u0105 o relacji, kt\u00f3ra daje si\u0142\u0119: o wsparciu, lojalno\u015bci i <b>wsp\u00f3lnych chwilach<\/b>.<\/p>\n<\/div>\n<\/div>\n","protected":false},"featured_media":8880,"template":"","meta":{"_et_pb_use_builder":"","_et_pb_old_content":"","_et_gb_content_width":""},"product_brand":[],"product_cat":[934,819,607],"product_tag":[],"class_list":{"0":"post-8879","1":"product","2":"type-product","3":"status-publish","4":"has-post-thumbnail","6":"product_cat-bizuteria-na-dzien-kobiet","7":"product_cat-walentynki","8":"product_cat-bransoletki","9":"pa_dlugosc-cm-20cm","10":"pa_kolor-czerwony","11":"pa_material-srebro","12":"pa_proba-87","13":"pa_producent-bomar","14":"pa_rodzaj-lancuszka-sznurek","15":"pa_rozmiar-regulowany","17":"first","18":"instock","19":"taxable","20":"shipping-taxable","21":"purchasable","22":"product-type-simple"},"yoast_head":"<!-- This site is optimized with the Yoast SEO plugin v27.4 - https:\/\/yoast.com\/product\/yoast-seo-wordpress\/ -->\n<title>Bransoletka Serce Sznurek Czerwony Srebro 925 Prezent Dla Przyjaci\u00f3\u0142ki B70 - Jubiler Bomar<\/title>\n<meta name=\"robots\" content=\"index, follow, max-snippet:-1, max-image-preview:large, max-video-preview:-1\" \/>\n<link rel=\"canonical\" href=\"https:\/\/jubiler-bomar.eu\/sklep\/produkt\/bransoletka-serce-sznurek-czerwony-srebro-925-prezent-dla-przyjaciolki-b70\/\" \/>\n<meta property=\"og:locale\" content=\"pl_PL\" \/>\n<meta property=\"og:type\" content=\"article\" \/>\n<meta property=\"og:title\" content=\"Bransoletka Serce Sznurek Czerwony Srebro 925 Prezent Dla Przyjaci\u00f3\u0142ki B70 - Jubiler Bomar\" \/>\n<meta property=\"og:description\" content=\"S\u0105 osoby, kt\u00f3re nie musz\u0105 nic m\u00f3wi\u0107 \u2764\ufe0f wystarczy, \u017ce s\u0105.  Ta bransoletka to znak przyja\u017ani, kt\u00f3ry nosi si\u0119 blisko serca. Delikatne srebrne serduszko i czerwony jubilerski sznurek przypominaj\u0105 o relacji, kt\u00f3ra daje si\u0142\u0119: o wsparciu, lojalno\u015bci i wsp\u00f3lnych chwilach.\" \/>\n<meta property=\"og:url\" content=\"https:\/\/jubiler-bomar.eu\/sklep\/produkt\/bransoletka-serce-sznurek-czerwony-srebro-925-prezent-dla-przyjaciolki-b70\/\" \/>\n<meta property=\"og:site_name\" content=\"Jubiler Bomar\" \/>\n<meta property=\"article:publisher\" content=\"https:\/\/www.facebook.com\/BomarJewellery\" \/>\n<meta property=\"og:image\" content=\"https:\/\/jubiler-bomar.eu\/sklep\/wp-content\/uploads\/2026\/02\/Bez-nazwy-65.jpg\" \/>\n\t<meta property=\"og:image:width\" content=\"1024\" \/>\n\t<meta property=\"og:image:height\" content=\"1024\" \/>\n\t<meta property=\"og:image:type\" content=\"image\/jpeg\" \/>\n<meta name=\"twitter:card\" content=\"summary_large_image\" \/>\n<meta name=\"twitter:label1\" content=\"Szacowany czas czytania\" \/>\n\t<meta name=\"twitter:data1\" content=\"1 minuta\" \/>\n<script type=\"application\/ld+json\" class=\"yoast-schema-graph\">{\"@context\":\"https:\\\/\\\/schema.org\",\"@graph\":[{\"@type\":\"WebPage\",\"@id\":\"https:\\\/\\\/jubiler-bomar.eu\\\/sklep\\\/produkt\\\/bransoletka-serce-sznurek-czerwony-srebro-925-prezent-dla-przyjaciolki-b70\\\/\",\"url\":\"https:\\\/\\\/jubiler-bomar.eu\\\/sklep\\\/produkt\\\/bransoletka-serce-sznurek-czerwony-srebro-925-prezent-dla-przyjaciolki-b70\\\/\",\"name\":\"Bransoletka Serce Sznurek Czerwony Srebro 925 Prezent Dla Przyjaci\u00f3\u0142ki B70 - Jubiler Bomar\",\"isPartOf\":{\"@id\":\"https:\\\/\\\/jubiler-bomar.eu\\\/sklep\\\/#website\"},\"primaryImageOfPage\":{\"@id\":\"https:\\\/\\\/jubiler-bomar.eu\\\/sklep\\\/produkt\\\/bransoletka-serce-sznurek-czerwony-srebro-925-prezent-dla-przyjaciolki-b70\\\/#primaryimage\"},\"image\":{\"@id\":\"https:\\\/\\\/jubiler-bomar.eu\\\/sklep\\\/produkt\\\/bransoletka-serce-sznurek-czerwony-srebro-925-prezent-dla-przyjaciolki-b70\\\/#primaryimage\"},\"thumbnailUrl\":\"https:\\\/\\\/jubiler-bomar.eu\\\/sklep\\\/wp-content\\\/uploads\\\/2026\\\/02\\\/Bez-nazwy-65.jpg\",\"datePublished\":\"2026-02-12T07:46:14+00:00\",\"breadcrumb\":{\"@id\":\"https:\\\/\\\/jubiler-bomar.eu\\\/sklep\\\/produkt\\\/bransoletka-serce-sznurek-czerwony-srebro-925-prezent-dla-przyjaciolki-b70\\\/#breadcrumb\"},\"inLanguage\":\"pl-PL\",\"potentialAction\":[{\"@type\":\"ReadAction\",\"target\":[\"https:\\\/\\\/jubiler-bomar.eu\\\/sklep\\\/produkt\\\/bransoletka-serce-sznurek-czerwony-srebro-925-prezent-dla-przyjaciolki-b70\\\/\"]}]},{\"@type\":\"ImageObject\",\"inLanguage\":\"pl-PL\",\"@id\":\"https:\\\/\\\/jubiler-bomar.eu\\\/sklep\\\/produkt\\\/bransoletka-serce-sznurek-czerwony-srebro-925-prezent-dla-przyjaciolki-b70\\\/#primaryimage\",\"url\":\"https:\\\/\\\/jubiler-bomar.eu\\\/sklep\\\/wp-content\\\/uploads\\\/2026\\\/02\\\/Bez-nazwy-65.jpg\",\"contentUrl\":\"https:\\\/\\\/jubiler-bomar.eu\\\/sklep\\\/wp-content\\\/uploads\\\/2026\\\/02\\\/Bez-nazwy-65.jpg\",\"width\":1024,\"height\":1024,\"caption\":\"6e3b4925e2bec5dfafc212fe1b876cbc0e7bcb8a2c0e77b81ec64b2a73b2fe496c21ff9c428ac852e243f0fb502d746281c3e8a1cab4ebef8318d9b3a56e6efb1bd3b0544c6bfa98e4802b14f03acc4a\"},{\"@type\":\"BreadcrumbList\",\"@id\":\"https:\\\/\\\/jubiler-bomar.eu\\\/sklep\\\/produkt\\\/bransoletka-serce-sznurek-czerwony-srebro-925-prezent-dla-przyjaciolki-b70\\\/#breadcrumb\",\"itemListElement\":[{\"@type\":\"ListItem\",\"position\":1,\"name\":\"Strona g\u0142\u00f3wna\",\"item\":\"https:\\\/\\\/jubiler-bomar.eu\\\/sklep\\\/\"},{\"@type\":\"ListItem\",\"position\":2,\"name\":\"Sklep\",\"item\":\"https:\\\/\\\/jubiler-bomar.eu\\\/sklep\\\/sklep\\\/\"},{\"@type\":\"ListItem\",\"position\":3,\"name\":\"Bransoletka Serce Sznurek Czerwony Srebro 925 Prezent Dla Przyjaci\u00f3\u0142ki B70\"}]},{\"@type\":\"WebSite\",\"@id\":\"https:\\\/\\\/jubiler-bomar.eu\\\/sklep\\\/#website\",\"url\":\"https:\\\/\\\/jubiler-bomar.eu\\\/sklep\\\/\",\"name\":\"Jubiler BOMAR\",\"description\":\"\",\"publisher\":{\"@id\":\"https:\\\/\\\/jubiler-bomar.eu\\\/sklep\\\/#organization\"},\"potentialAction\":[{\"@type\":\"SearchAction\",\"target\":{\"@type\":\"EntryPoint\",\"urlTemplate\":\"https:\\\/\\\/jubiler-bomar.eu\\\/sklep\\\/?s={search_term_string}\"},\"query-input\":{\"@type\":\"PropertyValueSpecification\",\"valueRequired\":true,\"valueName\":\"search_term_string\"}}],\"inLanguage\":\"pl-PL\"},{\"@type\":\"Organization\",\"@id\":\"https:\\\/\\\/jubiler-bomar.eu\\\/sklep\\\/#organization\",\"name\":\"Jubiler Bomar\",\"url\":\"https:\\\/\\\/jubiler-bomar.eu\\\/sklep\\\/\",\"logo\":{\"@type\":\"ImageObject\",\"inLanguage\":\"pl-PL\",\"@id\":\"https:\\\/\\\/jubiler-bomar.eu\\\/sklep\\\/#\\\/schema\\\/logo\\\/image\\\/\",\"url\":\"https:\\\/\\\/jubiler-bomar.eu\\\/sklep\\\/wp-content\\\/uploads\\\/2023\\\/02\\\/bomar-jubiler-logo-1.jpg\",\"contentUrl\":\"https:\\\/\\\/jubiler-bomar.eu\\\/sklep\\\/wp-content\\\/uploads\\\/2023\\\/02\\\/bomar-jubiler-logo-1.jpg\",\"width\":500,\"height\":156,\"caption\":\"Jubiler Bomar\"},\"image\":{\"@id\":\"https:\\\/\\\/jubiler-bomar.eu\\\/sklep\\\/#\\\/schema\\\/logo\\\/image\\\/\"},\"sameAs\":[\"https:\\\/\\\/www.facebook.com\\\/BomarJewellery\"]}]}<\/script>\n<!-- \/ Yoast SEO plugin. -->","yoast_head_json":{"title":"Bransoletka Serce Sznurek Czerwony Srebro 925 Prezent Dla Przyjaci\u00f3\u0142ki B70 - Jubiler Bomar","robots":{"index":"index","follow":"follow","max-snippet":"max-snippet:-1","max-image-preview":"max-image-preview:large","max-video-preview":"max-video-preview:-1"},"canonical":"https:\/\/jubiler-bomar.eu\/sklep\/produkt\/bransoletka-serce-sznurek-czerwony-srebro-925-prezent-dla-przyjaciolki-b70\/","og_locale":"pl_PL","og_type":"article","og_title":"Bransoletka Serce Sznurek Czerwony Srebro 925 Prezent Dla Przyjaci\u00f3\u0142ki B70 - Jubiler Bomar","og_description":"S\u0105 osoby, kt\u00f3re nie musz\u0105 nic m\u00f3wi\u0107 \u2764\ufe0f wystarczy, \u017ce s\u0105.  Ta bransoletka to znak przyja\u017ani, kt\u00f3ry nosi si\u0119 blisko serca. Delikatne srebrne serduszko i czerwony jubilerski sznurek przypominaj\u0105 o relacji, kt\u00f3ra daje si\u0142\u0119: o wsparciu, lojalno\u015bci i wsp\u00f3lnych chwilach.","og_url":"https:\/\/jubiler-bomar.eu\/sklep\/produkt\/bransoletka-serce-sznurek-czerwony-srebro-925-prezent-dla-przyjaciolki-b70\/","og_site_name":"Jubiler Bomar","article_publisher":"https:\/\/www.facebook.com\/BomarJewellery","og_image":[{"width":1024,"height":1024,"url":"https:\/\/jubiler-bomar.eu\/sklep\/wp-content\/uploads\/2026\/02\/Bez-nazwy-65.jpg","type":"image\/jpeg"}],"twitter_card":"summary_large_image","twitter_misc":{"Szacowany czas czytania":"1 minuta"},"schema":{"@context":"https:\/\/schema.org","@graph":[{"@type":"WebPage","@id":"https:\/\/jubiler-bomar.eu\/sklep\/produkt\/bransoletka-serce-sznurek-czerwony-srebro-925-prezent-dla-przyjaciolki-b70\/","url":"https:\/\/jubiler-bomar.eu\/sklep\/produkt\/bransoletka-serce-sznurek-czerwony-srebro-925-prezent-dla-przyjaciolki-b70\/","name":"Bransoletka Serce Sznurek Czerwony Srebro 925 Prezent Dla Przyjaci\u00f3\u0142ki B70 - Jubiler Bomar","isPartOf":{"@id":"https:\/\/jubiler-bomar.eu\/sklep\/#website"},"primaryImageOfPage":{"@id":"https:\/\/jubiler-bomar.eu\/sklep\/produkt\/bransoletka-serce-sznurek-czerwony-srebro-925-prezent-dla-przyjaciolki-b70\/#primaryimage"},"image":{"@id":"https:\/\/jubiler-bomar.eu\/sklep\/produkt\/bransoletka-serce-sznurek-czerwony-srebro-925-prezent-dla-przyjaciolki-b70\/#primaryimage"},"thumbnailUrl":"https:\/\/jubiler-bomar.eu\/sklep\/wp-content\/uploads\/2026\/02\/Bez-nazwy-65.jpg","datePublished":"2026-02-12T07:46:14+00:00","breadcrumb":{"@id":"https:\/\/jubiler-bomar.eu\/sklep\/produkt\/bransoletka-serce-sznurek-czerwony-srebro-925-prezent-dla-przyjaciolki-b70\/#breadcrumb"},"inLanguage":"pl-PL","potentialAction":[{"@type":"ReadAction","target":["https:\/\/jubiler-bomar.eu\/sklep\/produkt\/bransoletka-serce-sznurek-czerwony-srebro-925-prezent-dla-przyjaciolki-b70\/"]}]},{"@type":"ImageObject","inLanguage":"pl-PL","@id":"https:\/\/jubiler-bomar.eu\/sklep\/produkt\/bransoletka-serce-sznurek-czerwony-srebro-925-prezent-dla-przyjaciolki-b70\/#primaryimage","url":"https:\/\/jubiler-bomar.eu\/sklep\/wp-content\/uploads\/2026\/02\/Bez-nazwy-65.jpg","contentUrl":"https:\/\/jubiler-bomar.eu\/sklep\/wp-content\/uploads\/2026\/02\/Bez-nazwy-65.jpg","width":1024,"height":1024,"caption":"6e3b4925e2bec5dfafc212fe1b876cbc0e7bcb8a2c0e77b81ec64b2a73b2fe496c21ff9c428ac852e243f0fb502d746281c3e8a1cab4ebef8318d9b3a56e6efb1bd3b0544c6bfa98e4802b14f03acc4a"},{"@type":"BreadcrumbList","@id":"https:\/\/jubiler-bomar.eu\/sklep\/produkt\/bransoletka-serce-sznurek-czerwony-srebro-925-prezent-dla-przyjaciolki-b70\/#breadcrumb","itemListElement":[{"@type":"ListItem","position":1,"name":"Strona g\u0142\u00f3wna","item":"https:\/\/jubiler-bomar.eu\/sklep\/"},{"@type":"ListItem","position":2,"name":"Sklep","item":"https:\/\/jubiler-bomar.eu\/sklep\/sklep\/"},{"@type":"ListItem","position":3,"name":"Bransoletka Serce Sznurek Czerwony Srebro 925 Prezent Dla Przyjaci\u00f3\u0142ki B70"}]},{"@type":"WebSite","@id":"https:\/\/jubiler-bomar.eu\/sklep\/#website","url":"https:\/\/jubiler-bomar.eu\/sklep\/","name":"Jubiler BOMAR","description":"","publisher":{"@id":"https:\/\/jubiler-bomar.eu\/sklep\/#organization"},"potentialAction":[{"@type":"SearchAction","target":{"@type":"EntryPoint","urlTemplate":"https:\/\/jubiler-bomar.eu\/sklep\/?s={search_term_string}"},"query-input":{"@type":"PropertyValueSpecification","valueRequired":true,"valueName":"search_term_string"}}],"inLanguage":"pl-PL"},{"@type":"Organization","@id":"https:\/\/jubiler-bomar.eu\/sklep\/#organization","name":"Jubiler Bomar","url":"https:\/\/jubiler-bomar.eu\/sklep\/","logo":{"@type":"ImageObject","inLanguage":"pl-PL","@id":"https:\/\/jubiler-bomar.eu\/sklep\/#\/schema\/logo\/image\/","url":"https:\/\/jubiler-bomar.eu\/sklep\/wp-content\/uploads\/2023\/02\/bomar-jubiler-logo-1.jpg","contentUrl":"https:\/\/jubiler-bomar.eu\/sklep\/wp-content\/uploads\/2023\/02\/bomar-jubiler-logo-1.jpg","width":500,"height":156,"caption":"Jubiler Bomar"},"image":{"@id":"https:\/\/jubiler-bomar.eu\/sklep\/#\/schema\/logo\/image\/"},"sameAs":["https:\/\/www.facebook.com\/BomarJewellery"]}]}},"_links":{"self":[{"href":"https:\/\/jubiler-bomar.eu\/sklep\/wp-json\/wp\/v2\/product\/8879","targetHints":{"allow":["GET"]}}],"collection":[{"href":"https:\/\/jubiler-bomar.eu\/sklep\/wp-json\/wp\/v2\/product"}],"about":[{"href":"https:\/\/jubiler-bomar.eu\/sklep\/wp-json\/wp\/v2\/types\/product"}],"wp:featuredmedia":[{"embeddable":true,"href":"https:\/\/jubiler-bomar.eu\/sklep\/wp-json\/wp\/v2\/media\/8880"}],"wp:attachment":[{"href":"https:\/\/jubiler-bomar.eu\/sklep\/wp-json\/wp\/v2\/media?parent=8879"}],"wp:term":[{"taxonomy":"product_brand","embeddable":true,"href":"https:\/\/jubiler-bomar.eu\/sklep\/wp-json\/wp\/v2\/product_brand?post=8879"},{"taxonomy":"product_cat","embeddable":true,"href":"https:\/\/jubiler-bomar.eu\/sklep\/wp-json\/wp\/v2\/product_cat?post=8879"},{"taxonomy":"product_tag","embeddable":true,"href":"https:\/\/jubiler-bomar.eu\/sklep\/wp-json\/wp\/v2\/product_tag?post=8879"}],"curies":[{"name":"wp","href":"https:\/\/api.w.org\/{rel}","templated":true}]}}