{"id":9710,"date":"2026-03-25T09:05:15","date_gmt":"2026-03-25T08:05:15","guid":{"rendered":"https:\/\/jubiler-bomar.eu\/sklep\/?post_type=product&#038;p=9710"},"modified":"2026-03-25T11:44:13","modified_gmt":"2026-03-25T10:44:13","slug":"broszka-srebrna-z-naturalnym-bursztynem-elegancki-prezent-z-klasa-br5","status":"publish","type":"product","link":"https:\/\/jubiler-bomar.eu\/sklep\/produkt\/broszka-srebrna-z-naturalnym-bursztynem-elegancki-prezent-z-klasa-br5\/","title":{"rendered":"Broszka srebrna z naturalnym mlecznym bursztynem \u2013 elegancki prezent z klas\u0105 BR5"},"content":{"rendered":"<p data-start=\"2420\" data-end=\"2586\"><strong data-start=\"2420\" data-end=\"2453\">Pi\u0119kne opakowanie w komplecie<\/strong><br data-start=\"2453\" data-end=\"2456\" \/>Broszka zostanie zapakowana w eleganckie, firmowe opakowanie, dzi\u0119ki czemu od razu jest gotowa do wr\u0119czenia. W zestawie otrzymasz:<\/p>\n<ul data-start=\"2587\" data-end=\"2737\">\n<li data-section-id=\"1a8wov3\" data-start=\"2587\" data-end=\"2616\">\n<p data-start=\"2589\" data-end=\"2616\">firmowe etui jubilerskie,<\/p>\n<\/li>\n<li data-section-id=\"1ccmyar\" data-start=\"2617\" data-end=\"2647\">\n<p data-start=\"2619\" data-end=\"2647\">certyfikat autentyczno\u015bci,<\/p>\n<\/li>\n<li data-section-id=\"si96ck\" data-start=\"2648\" data-end=\"2692\">\n<p data-start=\"2650\" data-end=\"2692\">pi\u0119kne etui z grawerem <strong data-start=\"2673\" data-end=\"2689\">\u201eDla Ciebie\u201d<\/strong>,<\/p>\n<\/li>\n<li data-section-id=\"1j65vw6\" data-start=\"2693\" data-end=\"2737\">\n<p data-start=\"2695\" data-end=\"2737\">dobrany kolorystycznie woreczek z organzy.<\/p>\n<\/li>\n<\/ul>\n<p data-start=\"2739\" data-end=\"2811\">Na \u017cyczenie wykonamy tak\u017ce <strong data-start=\"2766\" data-end=\"2810\">dowoln\u0105 dedykacj\u0119 na opakowaniu \u2013 gratis<\/strong>.<\/p>\n","protected":false},"excerpt":{"rendered":"<p data-start=\"2420\" data-end=\"2586\">Broszka doskonale sprawdzi si\u0119 jako upominek na\u00a0<strong data-start=\"2282\" data-end=\"2349\">urodziny, imieniny, rocznic\u0119, Dzie\u0144 Kobiet, Dzie\u0144 Matki, \u015bwi\u0119ta<\/strong> albo\u00a0jako elegancki prezent <strong data-start=\"2378\" data-end=\"2392\">bez\u00a0okazji<\/strong> \u2013 po\u00a0prostu \u201eDla Ciebie\u201d.<\/p>\n<p data-start=\"2420\" data-end=\"2586\">\n<p data-start=\"2739\" data-end=\"2811\">\n","protected":false},"featured_media":9711,"template":"","meta":{"_et_pb_use_builder":"","_et_pb_old_content":"","_et_gb_content_width":""},"product_brand":[],"product_cat":[830,929],"product_tag":[],"class_list":{"0":"post-9710","1":"product","2":"type-product","3":"status-publish","4":"has-post-thumbnail","6":"product_cat-dzien-mamy","7":"product_cat-wisiorki-i-zawieszki","8":"pa_kolor-mleczny","9":"pa_material-srebro","10":"pa_proba-87","11":"pa_producent-bomar","12":"pa_rodzaj-kamienia-bursztyn","13":"pa_rozmiar-951","14":"pa_termin-realizacji-1-dzien-roboczy","16":"first","17":"instock","18":"taxable","19":"shipping-taxable","20":"purchasable","21":"product-type-simple"},"yoast_head":"<!-- This site is optimized with the Yoast SEO plugin v27.4 - https:\/\/yoast.com\/product\/yoast-seo-wordpress\/ -->\n<title>Broszka srebrna z naturalnym mlecznym bursztynem \u2013 elegancki prezent z klas\u0105 BR5 - Jubiler Bomar<\/title>\n<meta name=\"robots\" content=\"index, follow, max-snippet:-1, max-image-preview:large, max-video-preview:-1\" \/>\n<link rel=\"canonical\" href=\"https:\/\/jubiler-bomar.eu\/sklep\/produkt\/broszka-srebrna-z-naturalnym-bursztynem-elegancki-prezent-z-klasa-br5\/\" \/>\n<meta property=\"og:locale\" content=\"pl_PL\" \/>\n<meta property=\"og:type\" content=\"article\" \/>\n<meta property=\"og:title\" content=\"Broszka srebrna z naturalnym mlecznym bursztynem \u2013 elegancki prezent z klas\u0105 BR5 - Jubiler Bomar\" \/>\n<meta property=\"og:description\" content=\"Broszka doskonale sprawdzi si\u0119 jako upominek na\u00a0urodziny, imieniny, rocznic\u0119, Dzie\u0144 Kobiet, Dzie\u0144 Matki, \u015bwi\u0119ta albo\u00a0jako elegancki prezent bez\u00a0okazji \u2013 po\u00a0prostu \u201eDla Ciebie\u201d.\" \/>\n<meta property=\"og:url\" content=\"https:\/\/jubiler-bomar.eu\/sklep\/produkt\/broszka-srebrna-z-naturalnym-bursztynem-elegancki-prezent-z-klasa-br5\/\" \/>\n<meta property=\"og:site_name\" content=\"Jubiler Bomar\" \/>\n<meta property=\"article:publisher\" content=\"https:\/\/www.facebook.com\/BomarJewellery\" \/>\n<meta property=\"article:modified_time\" content=\"2026-03-25T10:44:13+00:00\" \/>\n<meta property=\"og:image\" content=\"https:\/\/jubiler-bomar.eu\/sklep\/wp-content\/uploads\/2026\/03\/brosza-okragla-bursztyn-mleczny.jpg\" \/>\n\t<meta property=\"og:image:width\" content=\"1024\" \/>\n\t<meta property=\"og:image:height\" content=\"1024\" \/>\n\t<meta property=\"og:image:type\" content=\"image\/jpeg\" \/>\n<meta name=\"twitter:card\" content=\"summary_large_image\" \/>\n<meta name=\"twitter:label1\" content=\"Szacowany czas czytania\" \/>\n\t<meta name=\"twitter:data1\" content=\"1 minuta\" \/>\n<script type=\"application\/ld+json\" class=\"yoast-schema-graph\">{\"@context\":\"https:\\\/\\\/schema.org\",\"@graph\":[{\"@type\":\"WebPage\",\"@id\":\"https:\\\/\\\/jubiler-bomar.eu\\\/sklep\\\/produkt\\\/broszka-srebrna-z-naturalnym-bursztynem-elegancki-prezent-z-klasa-br5\\\/\",\"url\":\"https:\\\/\\\/jubiler-bomar.eu\\\/sklep\\\/produkt\\\/broszka-srebrna-z-naturalnym-bursztynem-elegancki-prezent-z-klasa-br5\\\/\",\"name\":\"Broszka srebrna z naturalnym mlecznym bursztynem \u2013 elegancki prezent z klas\u0105 BR5 - Jubiler Bomar\",\"isPartOf\":{\"@id\":\"https:\\\/\\\/jubiler-bomar.eu\\\/sklep\\\/#website\"},\"primaryImageOfPage\":{\"@id\":\"https:\\\/\\\/jubiler-bomar.eu\\\/sklep\\\/produkt\\\/broszka-srebrna-z-naturalnym-bursztynem-elegancki-prezent-z-klasa-br5\\\/#primaryimage\"},\"image\":{\"@id\":\"https:\\\/\\\/jubiler-bomar.eu\\\/sklep\\\/produkt\\\/broszka-srebrna-z-naturalnym-bursztynem-elegancki-prezent-z-klasa-br5\\\/#primaryimage\"},\"thumbnailUrl\":\"https:\\\/\\\/jubiler-bomar.eu\\\/sklep\\\/wp-content\\\/uploads\\\/2026\\\/03\\\/brosza-okragla-bursztyn-mleczny.jpg\",\"datePublished\":\"2026-03-25T08:05:15+00:00\",\"dateModified\":\"2026-03-25T10:44:13+00:00\",\"breadcrumb\":{\"@id\":\"https:\\\/\\\/jubiler-bomar.eu\\\/sklep\\\/produkt\\\/broszka-srebrna-z-naturalnym-bursztynem-elegancki-prezent-z-klasa-br5\\\/#breadcrumb\"},\"inLanguage\":\"pl-PL\",\"potentialAction\":[{\"@type\":\"ReadAction\",\"target\":[\"https:\\\/\\\/jubiler-bomar.eu\\\/sklep\\\/produkt\\\/broszka-srebrna-z-naturalnym-bursztynem-elegancki-prezent-z-klasa-br5\\\/\"]}]},{\"@type\":\"ImageObject\",\"inLanguage\":\"pl-PL\",\"@id\":\"https:\\\/\\\/jubiler-bomar.eu\\\/sklep\\\/produkt\\\/broszka-srebrna-z-naturalnym-bursztynem-elegancki-prezent-z-klasa-br5\\\/#primaryimage\",\"url\":\"https:\\\/\\\/jubiler-bomar.eu\\\/sklep\\\/wp-content\\\/uploads\\\/2026\\\/03\\\/brosza-okragla-bursztyn-mleczny.jpg\",\"contentUrl\":\"https:\\\/\\\/jubiler-bomar.eu\\\/sklep\\\/wp-content\\\/uploads\\\/2026\\\/03\\\/brosza-okragla-bursztyn-mleczny.jpg\",\"width\":1024,\"height\":1024},{\"@type\":\"BreadcrumbList\",\"@id\":\"https:\\\/\\\/jubiler-bomar.eu\\\/sklep\\\/produkt\\\/broszka-srebrna-z-naturalnym-bursztynem-elegancki-prezent-z-klasa-br5\\\/#breadcrumb\",\"itemListElement\":[{\"@type\":\"ListItem\",\"position\":1,\"name\":\"Strona g\u0142\u00f3wna\",\"item\":\"https:\\\/\\\/jubiler-bomar.eu\\\/sklep\\\/\"},{\"@type\":\"ListItem\",\"position\":2,\"name\":\"Sklep\",\"item\":\"https:\\\/\\\/jubiler-bomar.eu\\\/sklep\\\/sklep\\\/\"},{\"@type\":\"ListItem\",\"position\":3,\"name\":\"Broszka srebrna z naturalnym mlecznym bursztynem \u2013 elegancki prezent z klas\u0105 BR5\"}]},{\"@type\":\"WebSite\",\"@id\":\"https:\\\/\\\/jubiler-bomar.eu\\\/sklep\\\/#website\",\"url\":\"https:\\\/\\\/jubiler-bomar.eu\\\/sklep\\\/\",\"name\":\"Jubiler BOMAR\",\"description\":\"\",\"publisher\":{\"@id\":\"https:\\\/\\\/jubiler-bomar.eu\\\/sklep\\\/#organization\"},\"potentialAction\":[{\"@type\":\"SearchAction\",\"target\":{\"@type\":\"EntryPoint\",\"urlTemplate\":\"https:\\\/\\\/jubiler-bomar.eu\\\/sklep\\\/?s={search_term_string}\"},\"query-input\":{\"@type\":\"PropertyValueSpecification\",\"valueRequired\":true,\"valueName\":\"search_term_string\"}}],\"inLanguage\":\"pl-PL\"},{\"@type\":\"Organization\",\"@id\":\"https:\\\/\\\/jubiler-bomar.eu\\\/sklep\\\/#organization\",\"name\":\"Jubiler Bomar\",\"url\":\"https:\\\/\\\/jubiler-bomar.eu\\\/sklep\\\/\",\"logo\":{\"@type\":\"ImageObject\",\"inLanguage\":\"pl-PL\",\"@id\":\"https:\\\/\\\/jubiler-bomar.eu\\\/sklep\\\/#\\\/schema\\\/logo\\\/image\\\/\",\"url\":\"https:\\\/\\\/jubiler-bomar.eu\\\/sklep\\\/wp-content\\\/uploads\\\/2023\\\/02\\\/bomar-jubiler-logo-1.jpg\",\"contentUrl\":\"https:\\\/\\\/jubiler-bomar.eu\\\/sklep\\\/wp-content\\\/uploads\\\/2023\\\/02\\\/bomar-jubiler-logo-1.jpg\",\"width\":500,\"height\":156,\"caption\":\"Jubiler Bomar\"},\"image\":{\"@id\":\"https:\\\/\\\/jubiler-bomar.eu\\\/sklep\\\/#\\\/schema\\\/logo\\\/image\\\/\"},\"sameAs\":[\"https:\\\/\\\/www.facebook.com\\\/BomarJewellery\"]}]}<\/script>\n<!-- \/ Yoast SEO plugin. -->","yoast_head_json":{"title":"Broszka srebrna z naturalnym mlecznym bursztynem \u2013 elegancki prezent z klas\u0105 BR5 - Jubiler Bomar","robots":{"index":"index","follow":"follow","max-snippet":"max-snippet:-1","max-image-preview":"max-image-preview:large","max-video-preview":"max-video-preview:-1"},"canonical":"https:\/\/jubiler-bomar.eu\/sklep\/produkt\/broszka-srebrna-z-naturalnym-bursztynem-elegancki-prezent-z-klasa-br5\/","og_locale":"pl_PL","og_type":"article","og_title":"Broszka srebrna z naturalnym mlecznym bursztynem \u2013 elegancki prezent z klas\u0105 BR5 - Jubiler Bomar","og_description":"Broszka doskonale sprawdzi si\u0119 jako upominek na\u00a0urodziny, imieniny, rocznic\u0119, Dzie\u0144 Kobiet, Dzie\u0144 Matki, \u015bwi\u0119ta albo\u00a0jako elegancki prezent bez\u00a0okazji \u2013 po\u00a0prostu \u201eDla Ciebie\u201d.","og_url":"https:\/\/jubiler-bomar.eu\/sklep\/produkt\/broszka-srebrna-z-naturalnym-bursztynem-elegancki-prezent-z-klasa-br5\/","og_site_name":"Jubiler Bomar","article_publisher":"https:\/\/www.facebook.com\/BomarJewellery","article_modified_time":"2026-03-25T10:44:13+00:00","og_image":[{"width":1024,"height":1024,"url":"https:\/\/jubiler-bomar.eu\/sklep\/wp-content\/uploads\/2026\/03\/brosza-okragla-bursztyn-mleczny.jpg","type":"image\/jpeg"}],"twitter_card":"summary_large_image","twitter_misc":{"Szacowany czas czytania":"1 minuta"},"schema":{"@context":"https:\/\/schema.org","@graph":[{"@type":"WebPage","@id":"https:\/\/jubiler-bomar.eu\/sklep\/produkt\/broszka-srebrna-z-naturalnym-bursztynem-elegancki-prezent-z-klasa-br5\/","url":"https:\/\/jubiler-bomar.eu\/sklep\/produkt\/broszka-srebrna-z-naturalnym-bursztynem-elegancki-prezent-z-klasa-br5\/","name":"Broszka srebrna z naturalnym mlecznym bursztynem \u2013 elegancki prezent z klas\u0105 BR5 - Jubiler Bomar","isPartOf":{"@id":"https:\/\/jubiler-bomar.eu\/sklep\/#website"},"primaryImageOfPage":{"@id":"https:\/\/jubiler-bomar.eu\/sklep\/produkt\/broszka-srebrna-z-naturalnym-bursztynem-elegancki-prezent-z-klasa-br5\/#primaryimage"},"image":{"@id":"https:\/\/jubiler-bomar.eu\/sklep\/produkt\/broszka-srebrna-z-naturalnym-bursztynem-elegancki-prezent-z-klasa-br5\/#primaryimage"},"thumbnailUrl":"https:\/\/jubiler-bomar.eu\/sklep\/wp-content\/uploads\/2026\/03\/brosza-okragla-bursztyn-mleczny.jpg","datePublished":"2026-03-25T08:05:15+00:00","dateModified":"2026-03-25T10:44:13+00:00","breadcrumb":{"@id":"https:\/\/jubiler-bomar.eu\/sklep\/produkt\/broszka-srebrna-z-naturalnym-bursztynem-elegancki-prezent-z-klasa-br5\/#breadcrumb"},"inLanguage":"pl-PL","potentialAction":[{"@type":"ReadAction","target":["https:\/\/jubiler-bomar.eu\/sklep\/produkt\/broszka-srebrna-z-naturalnym-bursztynem-elegancki-prezent-z-klasa-br5\/"]}]},{"@type":"ImageObject","inLanguage":"pl-PL","@id":"https:\/\/jubiler-bomar.eu\/sklep\/produkt\/broszka-srebrna-z-naturalnym-bursztynem-elegancki-prezent-z-klasa-br5\/#primaryimage","url":"https:\/\/jubiler-bomar.eu\/sklep\/wp-content\/uploads\/2026\/03\/brosza-okragla-bursztyn-mleczny.jpg","contentUrl":"https:\/\/jubiler-bomar.eu\/sklep\/wp-content\/uploads\/2026\/03\/brosza-okragla-bursztyn-mleczny.jpg","width":1024,"height":1024},{"@type":"BreadcrumbList","@id":"https:\/\/jubiler-bomar.eu\/sklep\/produkt\/broszka-srebrna-z-naturalnym-bursztynem-elegancki-prezent-z-klasa-br5\/#breadcrumb","itemListElement":[{"@type":"ListItem","position":1,"name":"Strona g\u0142\u00f3wna","item":"https:\/\/jubiler-bomar.eu\/sklep\/"},{"@type":"ListItem","position":2,"name":"Sklep","item":"https:\/\/jubiler-bomar.eu\/sklep\/sklep\/"},{"@type":"ListItem","position":3,"name":"Broszka srebrna z naturalnym mlecznym bursztynem \u2013 elegancki prezent z klas\u0105 BR5"}]},{"@type":"WebSite","@id":"https:\/\/jubiler-bomar.eu\/sklep\/#website","url":"https:\/\/jubiler-bomar.eu\/sklep\/","name":"Jubiler BOMAR","description":"","publisher":{"@id":"https:\/\/jubiler-bomar.eu\/sklep\/#organization"},"potentialAction":[{"@type":"SearchAction","target":{"@type":"EntryPoint","urlTemplate":"https:\/\/jubiler-bomar.eu\/sklep\/?s={search_term_string}"},"query-input":{"@type":"PropertyValueSpecification","valueRequired":true,"valueName":"search_term_string"}}],"inLanguage":"pl-PL"},{"@type":"Organization","@id":"https:\/\/jubiler-bomar.eu\/sklep\/#organization","name":"Jubiler Bomar","url":"https:\/\/jubiler-bomar.eu\/sklep\/","logo":{"@type":"ImageObject","inLanguage":"pl-PL","@id":"https:\/\/jubiler-bomar.eu\/sklep\/#\/schema\/logo\/image\/","url":"https:\/\/jubiler-bomar.eu\/sklep\/wp-content\/uploads\/2023\/02\/bomar-jubiler-logo-1.jpg","contentUrl":"https:\/\/jubiler-bomar.eu\/sklep\/wp-content\/uploads\/2023\/02\/bomar-jubiler-logo-1.jpg","width":500,"height":156,"caption":"Jubiler Bomar"},"image":{"@id":"https:\/\/jubiler-bomar.eu\/sklep\/#\/schema\/logo\/image\/"},"sameAs":["https:\/\/www.facebook.com\/BomarJewellery"]}]}},"_links":{"self":[{"href":"https:\/\/jubiler-bomar.eu\/sklep\/wp-json\/wp\/v2\/product\/9710","targetHints":{"allow":["GET"]}}],"collection":[{"href":"https:\/\/jubiler-bomar.eu\/sklep\/wp-json\/wp\/v2\/product"}],"about":[{"href":"https:\/\/jubiler-bomar.eu\/sklep\/wp-json\/wp\/v2\/types\/product"}],"wp:featuredmedia":[{"embeddable":true,"href":"https:\/\/jubiler-bomar.eu\/sklep\/wp-json\/wp\/v2\/media\/9711"}],"wp:attachment":[{"href":"https:\/\/jubiler-bomar.eu\/sklep\/wp-json\/wp\/v2\/media?parent=9710"}],"wp:term":[{"taxonomy":"product_brand","embeddable":true,"href":"https:\/\/jubiler-bomar.eu\/sklep\/wp-json\/wp\/v2\/product_brand?post=9710"},{"taxonomy":"product_cat","embeddable":true,"href":"https:\/\/jubiler-bomar.eu\/sklep\/wp-json\/wp\/v2\/product_cat?post=9710"},{"taxonomy":"product_tag","embeddable":true,"href":"https:\/\/jubiler-bomar.eu\/sklep\/wp-json\/wp\/v2\/product_tag?post=9710"}],"curies":[{"name":"wp","href":"https:\/\/api.w.org\/{rel}","templated":true}]}}