{"id":9748,"date":"2026-03-26T08:16:20","date_gmt":"2026-03-26T07:16:20","guid":{"rendered":"https:\/\/jubiler-bomar.eu\/sklep\/?post_type=product&#038;p=9748"},"modified":"2026-04-08T01:20:20","modified_gmt":"2026-04-07T23:20:20","slug":"zawieszka-srebrna-proba-925-naturalny-krzemien-pasiasty-wisiorek-ww3","status":"publish","type":"product","link":"https:\/\/jubiler-bomar.eu\/sklep\/produkt\/zawieszka-srebrna-proba-925-naturalny-krzemien-pasiasty-wisiorek-ww3\/","title":{"rendered":"Zawieszka srebrna pr\u00f3ba 925 naturalny krzemie\u0144 pasiasty wisiorek WW3"},"content":{"rendered":"<p><b>W zestawie otrzymujesz<\/b><\/p>\n<ul>\n<li>opakowanie firmowe<\/li>\n<li>certyfikat zapakowany w pi\u0119kne, eleganckie etui na kt\u00f3rym istnieje mo\u017cliwo\u015b\u0107 dodatkowego graweru<\/li>\n<li>woreczek z organzy<\/li>\n<li>Ulotka o Krzemieniu Pasiastym<\/li>\n<\/ul>\n<p>Dzi\u0119ki temu bi\u017cuteria jest gotowa do wr\u0119czenia.<\/p>\n","protected":false},"excerpt":{"rendered":"<p>Srebrna zawieszka z\u00a0naturalnym <b>krzemieniem pasiastym<\/b> \u2013 wyj\u0105tkowy prezent z\u00a0dusz\u0105.<\/p>\n<p>Ta\u00a0srebrna zawieszka pr\u00f3by 925 z\u00a0naturalnym krzemieniem pasiastym to\u00a0bi\u017cuteria, kt\u00f3ra\u00a0<b>zachwyca<\/b> nie\u00a0tylko\u00a0wygl\u0105dem, ale\u00a0te\u017c znaczeniem.<\/p>\n","protected":false},"featured_media":9759,"template":"","meta":{"_et_pb_use_builder":"","_et_pb_old_content":"","_et_gb_content_width":""},"product_brand":[],"product_cat":[830,929,961],"product_tag":[],"class_list":{"0":"post-9748","1":"product","2":"type-product","3":"status-publish","4":"has-post-thumbnail","6":"product_cat-dzien-mamy","7":"product_cat-wisiorki-i-zawieszki","8":"product_cat-zawieszki-krzemien-pasiasty","9":"pa_kolor-srebrny","10":"pa_material-srebro","11":"pa_proba-87","12":"pa_producent-bomar","13":"pa_rodzaj-kamienia-krzemien-pasiasty","14":"pa_szerokosc-148","15":"pa_termin-realizacji-1-dzien-roboczy","16":"pa_wysokosc-952","17":"pa_wysokosc-z-uchwytem","19":"first","20":"instock","21":"taxable","22":"shipping-taxable","23":"purchasable","24":"product-type-simple"},"yoast_head":"<!-- This site is optimized with the Yoast SEO plugin v27.4 - https:\/\/yoast.com\/product\/yoast-seo-wordpress\/ -->\n<title>Zawieszka srebrna pr\u00f3ba 925 naturalny krzemie\u0144 pasiasty wisiorek WW3 - Jubiler Bomar<\/title>\n<meta name=\"robots\" content=\"index, follow, max-snippet:-1, max-image-preview:large, max-video-preview:-1\" \/>\n<link rel=\"canonical\" href=\"https:\/\/jubiler-bomar.eu\/sklep\/produkt\/zawieszka-srebrna-proba-925-naturalny-krzemien-pasiasty-wisiorek-ww3\/\" \/>\n<meta property=\"og:locale\" content=\"pl_PL\" \/>\n<meta property=\"og:type\" content=\"article\" \/>\n<meta property=\"og:title\" content=\"Zawieszka srebrna pr\u00f3ba 925 naturalny krzemie\u0144 pasiasty wisiorek WW3 - Jubiler Bomar\" \/>\n<meta property=\"og:description\" content=\"Srebrna zawieszka z\u00a0naturalnym krzemieniem pasiastym \u2013 wyj\u0105tkowy prezent z\u00a0dusz\u0105.  Ta\u00a0srebrna zawieszka pr\u00f3by 925 z\u00a0naturalnym krzemieniem pasiastym to\u00a0bi\u017cuteria, kt\u00f3ra\u00a0zachwyca nie\u00a0tylko\u00a0wygl\u0105dem, ale\u00a0te\u017c znaczeniem.\" \/>\n<meta property=\"og:url\" content=\"https:\/\/jubiler-bomar.eu\/sklep\/produkt\/zawieszka-srebrna-proba-925-naturalny-krzemien-pasiasty-wisiorek-ww3\/\" \/>\n<meta property=\"og:site_name\" content=\"Jubiler Bomar\" \/>\n<meta property=\"article:publisher\" content=\"https:\/\/www.facebook.com\/BomarJewellery\" \/>\n<meta property=\"article:modified_time\" content=\"2026-04-07T23:20:20+00:00\" \/>\n<meta property=\"og:image\" content=\"https:\/\/jubiler-bomar.eu\/sklep\/wp-content\/uploads\/2026\/03\/zawieszka-krzemien-okragla-2.jpg\" \/>\n\t<meta property=\"og:image:width\" content=\"1024\" \/>\n\t<meta property=\"og:image:height\" content=\"1024\" \/>\n\t<meta property=\"og:image:type\" content=\"image\/jpeg\" \/>\n<meta name=\"twitter:card\" content=\"summary_large_image\" \/>\n<meta name=\"twitter:label1\" content=\"Szacowany czas czytania\" \/>\n\t<meta name=\"twitter:data1\" content=\"1 minuta\" \/>\n<script type=\"application\/ld+json\" class=\"yoast-schema-graph\">{\"@context\":\"https:\\\/\\\/schema.org\",\"@graph\":[{\"@type\":\"WebPage\",\"@id\":\"https:\\\/\\\/jubiler-bomar.eu\\\/sklep\\\/produkt\\\/zawieszka-srebrna-proba-925-naturalny-krzemien-pasiasty-wisiorek-ww3\\\/\",\"url\":\"https:\\\/\\\/jubiler-bomar.eu\\\/sklep\\\/produkt\\\/zawieszka-srebrna-proba-925-naturalny-krzemien-pasiasty-wisiorek-ww3\\\/\",\"name\":\"Zawieszka srebrna pr\u00f3ba 925 naturalny krzemie\u0144 pasiasty wisiorek WW3 - Jubiler Bomar\",\"isPartOf\":{\"@id\":\"https:\\\/\\\/jubiler-bomar.eu\\\/sklep\\\/#website\"},\"primaryImageOfPage\":{\"@id\":\"https:\\\/\\\/jubiler-bomar.eu\\\/sklep\\\/produkt\\\/zawieszka-srebrna-proba-925-naturalny-krzemien-pasiasty-wisiorek-ww3\\\/#primaryimage\"},\"image\":{\"@id\":\"https:\\\/\\\/jubiler-bomar.eu\\\/sklep\\\/produkt\\\/zawieszka-srebrna-proba-925-naturalny-krzemien-pasiasty-wisiorek-ww3\\\/#primaryimage\"},\"thumbnailUrl\":\"https:\\\/\\\/jubiler-bomar.eu\\\/sklep\\\/wp-content\\\/uploads\\\/2026\\\/03\\\/zawieszka-krzemien-okragla-2.jpg\",\"datePublished\":\"2026-03-26T07:16:20+00:00\",\"dateModified\":\"2026-04-07T23:20:20+00:00\",\"breadcrumb\":{\"@id\":\"https:\\\/\\\/jubiler-bomar.eu\\\/sklep\\\/produkt\\\/zawieszka-srebrna-proba-925-naturalny-krzemien-pasiasty-wisiorek-ww3\\\/#breadcrumb\"},\"inLanguage\":\"pl-PL\",\"potentialAction\":[{\"@type\":\"ReadAction\",\"target\":[\"https:\\\/\\\/jubiler-bomar.eu\\\/sklep\\\/produkt\\\/zawieszka-srebrna-proba-925-naturalny-krzemien-pasiasty-wisiorek-ww3\\\/\"]}]},{\"@type\":\"ImageObject\",\"inLanguage\":\"pl-PL\",\"@id\":\"https:\\\/\\\/jubiler-bomar.eu\\\/sklep\\\/produkt\\\/zawieszka-srebrna-proba-925-naturalny-krzemien-pasiasty-wisiorek-ww3\\\/#primaryimage\",\"url\":\"https:\\\/\\\/jubiler-bomar.eu\\\/sklep\\\/wp-content\\\/uploads\\\/2026\\\/03\\\/zawieszka-krzemien-okragla-2.jpg\",\"contentUrl\":\"https:\\\/\\\/jubiler-bomar.eu\\\/sklep\\\/wp-content\\\/uploads\\\/2026\\\/03\\\/zawieszka-krzemien-okragla-2.jpg\",\"width\":1024,\"height\":1024},{\"@type\":\"BreadcrumbList\",\"@id\":\"https:\\\/\\\/jubiler-bomar.eu\\\/sklep\\\/produkt\\\/zawieszka-srebrna-proba-925-naturalny-krzemien-pasiasty-wisiorek-ww3\\\/#breadcrumb\",\"itemListElement\":[{\"@type\":\"ListItem\",\"position\":1,\"name\":\"Strona g\u0142\u00f3wna\",\"item\":\"https:\\\/\\\/jubiler-bomar.eu\\\/sklep\\\/\"},{\"@type\":\"ListItem\",\"position\":2,\"name\":\"Sklep\",\"item\":\"https:\\\/\\\/jubiler-bomar.eu\\\/sklep\\\/sklep\\\/\"},{\"@type\":\"ListItem\",\"position\":3,\"name\":\"Zawieszka srebrna pr\u00f3ba 925 naturalny krzemie\u0144 pasiasty wisiorek WW3\"}]},{\"@type\":\"WebSite\",\"@id\":\"https:\\\/\\\/jubiler-bomar.eu\\\/sklep\\\/#website\",\"url\":\"https:\\\/\\\/jubiler-bomar.eu\\\/sklep\\\/\",\"name\":\"Jubiler BOMAR\",\"description\":\"\",\"publisher\":{\"@id\":\"https:\\\/\\\/jubiler-bomar.eu\\\/sklep\\\/#organization\"},\"potentialAction\":[{\"@type\":\"SearchAction\",\"target\":{\"@type\":\"EntryPoint\",\"urlTemplate\":\"https:\\\/\\\/jubiler-bomar.eu\\\/sklep\\\/?s={search_term_string}\"},\"query-input\":{\"@type\":\"PropertyValueSpecification\",\"valueRequired\":true,\"valueName\":\"search_term_string\"}}],\"inLanguage\":\"pl-PL\"},{\"@type\":\"Organization\",\"@id\":\"https:\\\/\\\/jubiler-bomar.eu\\\/sklep\\\/#organization\",\"name\":\"Jubiler Bomar\",\"url\":\"https:\\\/\\\/jubiler-bomar.eu\\\/sklep\\\/\",\"logo\":{\"@type\":\"ImageObject\",\"inLanguage\":\"pl-PL\",\"@id\":\"https:\\\/\\\/jubiler-bomar.eu\\\/sklep\\\/#\\\/schema\\\/logo\\\/image\\\/\",\"url\":\"https:\\\/\\\/jubiler-bomar.eu\\\/sklep\\\/wp-content\\\/uploads\\\/2023\\\/02\\\/bomar-jubiler-logo-1.jpg\",\"contentUrl\":\"https:\\\/\\\/jubiler-bomar.eu\\\/sklep\\\/wp-content\\\/uploads\\\/2023\\\/02\\\/bomar-jubiler-logo-1.jpg\",\"width\":500,\"height\":156,\"caption\":\"Jubiler Bomar\"},\"image\":{\"@id\":\"https:\\\/\\\/jubiler-bomar.eu\\\/sklep\\\/#\\\/schema\\\/logo\\\/image\\\/\"},\"sameAs\":[\"https:\\\/\\\/www.facebook.com\\\/BomarJewellery\"]}]}<\/script>\n<!-- \/ Yoast SEO plugin. -->","yoast_head_json":{"title":"Zawieszka srebrna pr\u00f3ba 925 naturalny krzemie\u0144 pasiasty wisiorek WW3 - Jubiler Bomar","robots":{"index":"index","follow":"follow","max-snippet":"max-snippet:-1","max-image-preview":"max-image-preview:large","max-video-preview":"max-video-preview:-1"},"canonical":"https:\/\/jubiler-bomar.eu\/sklep\/produkt\/zawieszka-srebrna-proba-925-naturalny-krzemien-pasiasty-wisiorek-ww3\/","og_locale":"pl_PL","og_type":"article","og_title":"Zawieszka srebrna pr\u00f3ba 925 naturalny krzemie\u0144 pasiasty wisiorek WW3 - Jubiler Bomar","og_description":"Srebrna zawieszka z\u00a0naturalnym krzemieniem pasiastym \u2013 wyj\u0105tkowy prezent z\u00a0dusz\u0105.  Ta\u00a0srebrna zawieszka pr\u00f3by 925 z\u00a0naturalnym krzemieniem pasiastym to\u00a0bi\u017cuteria, kt\u00f3ra\u00a0zachwyca nie\u00a0tylko\u00a0wygl\u0105dem, ale\u00a0te\u017c znaczeniem.","og_url":"https:\/\/jubiler-bomar.eu\/sklep\/produkt\/zawieszka-srebrna-proba-925-naturalny-krzemien-pasiasty-wisiorek-ww3\/","og_site_name":"Jubiler Bomar","article_publisher":"https:\/\/www.facebook.com\/BomarJewellery","article_modified_time":"2026-04-07T23:20:20+00:00","og_image":[{"width":1024,"height":1024,"url":"https:\/\/jubiler-bomar.eu\/sklep\/wp-content\/uploads\/2026\/03\/zawieszka-krzemien-okragla-2.jpg","type":"image\/jpeg"}],"twitter_card":"summary_large_image","twitter_misc":{"Szacowany czas czytania":"1 minuta"},"schema":{"@context":"https:\/\/schema.org","@graph":[{"@type":"WebPage","@id":"https:\/\/jubiler-bomar.eu\/sklep\/produkt\/zawieszka-srebrna-proba-925-naturalny-krzemien-pasiasty-wisiorek-ww3\/","url":"https:\/\/jubiler-bomar.eu\/sklep\/produkt\/zawieszka-srebrna-proba-925-naturalny-krzemien-pasiasty-wisiorek-ww3\/","name":"Zawieszka srebrna pr\u00f3ba 925 naturalny krzemie\u0144 pasiasty wisiorek WW3 - Jubiler Bomar","isPartOf":{"@id":"https:\/\/jubiler-bomar.eu\/sklep\/#website"},"primaryImageOfPage":{"@id":"https:\/\/jubiler-bomar.eu\/sklep\/produkt\/zawieszka-srebrna-proba-925-naturalny-krzemien-pasiasty-wisiorek-ww3\/#primaryimage"},"image":{"@id":"https:\/\/jubiler-bomar.eu\/sklep\/produkt\/zawieszka-srebrna-proba-925-naturalny-krzemien-pasiasty-wisiorek-ww3\/#primaryimage"},"thumbnailUrl":"https:\/\/jubiler-bomar.eu\/sklep\/wp-content\/uploads\/2026\/03\/zawieszka-krzemien-okragla-2.jpg","datePublished":"2026-03-26T07:16:20+00:00","dateModified":"2026-04-07T23:20:20+00:00","breadcrumb":{"@id":"https:\/\/jubiler-bomar.eu\/sklep\/produkt\/zawieszka-srebrna-proba-925-naturalny-krzemien-pasiasty-wisiorek-ww3\/#breadcrumb"},"inLanguage":"pl-PL","potentialAction":[{"@type":"ReadAction","target":["https:\/\/jubiler-bomar.eu\/sklep\/produkt\/zawieszka-srebrna-proba-925-naturalny-krzemien-pasiasty-wisiorek-ww3\/"]}]},{"@type":"ImageObject","inLanguage":"pl-PL","@id":"https:\/\/jubiler-bomar.eu\/sklep\/produkt\/zawieszka-srebrna-proba-925-naturalny-krzemien-pasiasty-wisiorek-ww3\/#primaryimage","url":"https:\/\/jubiler-bomar.eu\/sklep\/wp-content\/uploads\/2026\/03\/zawieszka-krzemien-okragla-2.jpg","contentUrl":"https:\/\/jubiler-bomar.eu\/sklep\/wp-content\/uploads\/2026\/03\/zawieszka-krzemien-okragla-2.jpg","width":1024,"height":1024},{"@type":"BreadcrumbList","@id":"https:\/\/jubiler-bomar.eu\/sklep\/produkt\/zawieszka-srebrna-proba-925-naturalny-krzemien-pasiasty-wisiorek-ww3\/#breadcrumb","itemListElement":[{"@type":"ListItem","position":1,"name":"Strona g\u0142\u00f3wna","item":"https:\/\/jubiler-bomar.eu\/sklep\/"},{"@type":"ListItem","position":2,"name":"Sklep","item":"https:\/\/jubiler-bomar.eu\/sklep\/sklep\/"},{"@type":"ListItem","position":3,"name":"Zawieszka srebrna pr\u00f3ba 925 naturalny krzemie\u0144 pasiasty wisiorek WW3"}]},{"@type":"WebSite","@id":"https:\/\/jubiler-bomar.eu\/sklep\/#website","url":"https:\/\/jubiler-bomar.eu\/sklep\/","name":"Jubiler BOMAR","description":"","publisher":{"@id":"https:\/\/jubiler-bomar.eu\/sklep\/#organization"},"potentialAction":[{"@type":"SearchAction","target":{"@type":"EntryPoint","urlTemplate":"https:\/\/jubiler-bomar.eu\/sklep\/?s={search_term_string}"},"query-input":{"@type":"PropertyValueSpecification","valueRequired":true,"valueName":"search_term_string"}}],"inLanguage":"pl-PL"},{"@type":"Organization","@id":"https:\/\/jubiler-bomar.eu\/sklep\/#organization","name":"Jubiler Bomar","url":"https:\/\/jubiler-bomar.eu\/sklep\/","logo":{"@type":"ImageObject","inLanguage":"pl-PL","@id":"https:\/\/jubiler-bomar.eu\/sklep\/#\/schema\/logo\/image\/","url":"https:\/\/jubiler-bomar.eu\/sklep\/wp-content\/uploads\/2023\/02\/bomar-jubiler-logo-1.jpg","contentUrl":"https:\/\/jubiler-bomar.eu\/sklep\/wp-content\/uploads\/2023\/02\/bomar-jubiler-logo-1.jpg","width":500,"height":156,"caption":"Jubiler Bomar"},"image":{"@id":"https:\/\/jubiler-bomar.eu\/sklep\/#\/schema\/logo\/image\/"},"sameAs":["https:\/\/www.facebook.com\/BomarJewellery"]}]}},"_links":{"self":[{"href":"https:\/\/jubiler-bomar.eu\/sklep\/wp-json\/wp\/v2\/product\/9748","targetHints":{"allow":["GET"]}}],"collection":[{"href":"https:\/\/jubiler-bomar.eu\/sklep\/wp-json\/wp\/v2\/product"}],"about":[{"href":"https:\/\/jubiler-bomar.eu\/sklep\/wp-json\/wp\/v2\/types\/product"}],"wp:featuredmedia":[{"embeddable":true,"href":"https:\/\/jubiler-bomar.eu\/sklep\/wp-json\/wp\/v2\/media\/9759"}],"wp:attachment":[{"href":"https:\/\/jubiler-bomar.eu\/sklep\/wp-json\/wp\/v2\/media?parent=9748"}],"wp:term":[{"taxonomy":"product_brand","embeddable":true,"href":"https:\/\/jubiler-bomar.eu\/sklep\/wp-json\/wp\/v2\/product_brand?post=9748"},{"taxonomy":"product_cat","embeddable":true,"href":"https:\/\/jubiler-bomar.eu\/sklep\/wp-json\/wp\/v2\/product_cat?post=9748"},{"taxonomy":"product_tag","embeddable":true,"href":"https:\/\/jubiler-bomar.eu\/sklep\/wp-json\/wp\/v2\/product_tag?post=9748"}],"curies":[{"name":"wp","href":"https:\/\/api.w.org\/{rel}","templated":true}]}}